{"id":53631,"date":"2025-05-23T16:57:16","date_gmt":"2025-05-23T16:57:16","guid":{"rendered":"https:\/\/snus-malmo.se\/?post_type=product&#038;p=53631"},"modified":"2025-08-05T00:05:32","modified_gmt":"2025-08-05T00:05:32","slug":"nick-and-johnny-crushed-ice-xtra-strong-white-portionssnus","status":"publish","type":"product","link":"https:\/\/snus-malmo.se\/sv\/produkt\/nick-and-johnny-crushed-ice-xtra-strong-white-portionssnus\/","title":{"rendered":"Nick and Johnny Crushed Ice Xtra Strong White Portionssnus"},"content":{"rendered":"<article class=\"product-text\">Ett mintigt och lite s\u00f6tt snus, i vita portioner, fr\u00e5n Nick and Johnny-serien.<\/article>\n<article class=\"product-text\">Nick and Johnny Crushed Ice White Xtra Stark \u00e4r white-varianten av den popul\u00e4ra produkten Crushed Ice, som vi tidigare bara erbjudit som &#8220;vanlig&#8221; portion. Snuset har en tydlig smak av mint och en viss s\u00f6tma. Med 12mg nikotin \u00e4r snuset ocks\u00e5 starkare \u00e4n genomsnittet.<\/p>\n<p>Obs! Produkten har bytt utseende.<\/p>\n<table class=\"product-specs\">\n<thead>\n<tr>\n<th>Fakta om produkten<\/th>\n<th class=\"text-right\"><\/th>\n<\/tr>\n<\/thead>\n<tbody>\n<tr>\n<td class=\"spec-key\">Varum\u00e4rke<\/td>\n<td class=\"spec-value text-right\">Nick and Johnny<\/td>\n<\/tr>\n<tr>\n<td class=\"spec-key\">Produkttyp<\/td>\n<td class=\"spec -value text-right\">white portion<\/td>\n<\/tr>\n<tr>\n<td class=\"spec-key\">Nikotinstyrka<\/td>\n<td class=\"spec -value text-right\">Extra Stark<\/td>\n<\/tr>\n<tr>\n<td class=\"spec-key\">Nikotinhalt<\/td>\n<td class=\"spec -value text-right\">12 mg\/g<\/td>\n<\/tr>\n<tr>\n<td class=\"spec-key\">Smak<\/td>\n<td class=\"spec -value text-right\">mint<\/td>\n<\/tr>\n<tr>\n<td class=\"spec-key\">Inneh\u00e5ll\/f\u00f6rpackning<\/td>\n<td class=\"spec -value text-right\">22 g<\/td>\n<\/tr>\n<tr>\n<td class=\"spec-key\">Snustyp<\/td>\n<td class=\"spec -value text-right\">Snus, Portion<\/td>\n<\/tr>\n<tr>\n<td class=\"spec-key\">Format<\/td>\n<td class=\"spec -value text-right\">Normal<\/td>\n<\/tr>\n<tr>\n<td class=\"spec-key\">Producent<\/td>\n<td class=\"spec-value text-right\">Swedish Match<\/td>\n<\/tr>\n<\/tbody>\n<\/table>\n<\/article>","protected":false},"excerpt":{"rendered":"<article class=\"product-text\">Ett mintigt och lite s\u00f6tt snus, i vita portioner, fr\u00e5n Nick and Johnny-serien.<\/article>\n<article class=\"product-text\">Nick and Johnny Crushed Ice White Xtra Stark \u00e4r white-varianten av den popul\u00e4ra produkten Crushed Ice, som vi tidigare bara erbjudit som &#8220;vanlig&#8221; portion. Snuset har en tydlig smak av mint och en viss s\u00f6tma. Med 12mg nikotin \u00e4r snuset ocks\u00e5 starkare \u00e4n genomsnittet.<\/p>\n<p>Obs! Produkten har bytt utseende.<\/p>\n<\/article>","protected":false},"featured_media":17766,"comment_status":"open","ping_status":"closed","template":"","meta":[],"product_brand":[363],"product_cat":[73,368,354,135],"product_tag":[],"class_list":{"0":"post-53631","1":"product","2":"type-product","3":"status-publish","4":"has-post-thumbnail","6":"product_brand-nick-johnny","7":"product_cat-portionssnus","8":"product_cat-snus-tobakssnus-traditionellt-snus","9":"product_cat-strongstark","10":"product_cat-white-portion","12":"first","13":"instock","14":"taxable","15":"shipping-taxable","16":"purchasable","17":"product-type-variable"},"_links":{"self":[{"href":"https:\/\/snus-malmo.se\/sv\/wp-json\/wp\/v2\/product\/53631","targetHints":{"allow":["GET"]}}],"collection":[{"href":"https:\/\/snus-malmo.se\/sv\/wp-json\/wp\/v2\/product"}],"about":[{"href":"https:\/\/snus-malmo.se\/sv\/wp-json\/wp\/v2\/types\/product"}],"replies":[{"embeddable":true,"href":"https:\/\/snus-malmo.se\/sv\/wp-json\/wp\/v2\/comments?post=53631"}],"version-history":[{"count":0,"href":"https:\/\/snus-malmo.se\/sv\/wp-json\/wp\/v2\/product\/53631\/revisions"}],"wp:featuredmedia":[{"embeddable":true,"href":"https:\/\/snus-malmo.se\/sv\/wp-json\/wp\/v2\/media\/17766"}],"wp:attachment":[{"href":"https:\/\/snus-malmo.se\/sv\/wp-json\/wp\/v2\/media?parent=53631"}],"wp:term":[{"taxonomy":"product_brand","embeddable":true,"href":"https:\/\/snus-malmo.se\/sv\/wp-json\/wp\/v2\/product_brand?post=53631"},{"taxonomy":"product_cat","embeddable":true,"href":"https:\/\/snus-malmo.se\/sv\/wp-json\/wp\/v2\/product_cat?post=53631"},{"taxonomy":"product_tag","embeddable":true,"href":"https:\/\/snus-malmo.se\/sv\/wp-json\/wp\/v2\/product_tag?post=53631"}],"curies":[{"name":"wp","href":"https:\/\/api.w.org\/{rel}","templated":true}]}}