{"id":53647,"date":"2025-05-23T16:57:16","date_gmt":"2025-05-23T16:57:16","guid":{"rendered":"https:\/\/snus-malmo.se\/?post_type=product&#038;p=53647"},"modified":"2025-07-27T19:00:36","modified_gmt":"2025-07-27T19:00:36","slug":"lundgrens-kvallsbris","status":"publish","type":"product","link":"https:\/\/snus-malmo.se\/sv\/produkt\/lundgrens-kvallsbris\/","title":{"rendered":"Lundgrens Kv\u00e4llsbris"},"content":{"rendered":"<h1 data-start=\"320\" data-end=\"410\"><strong data-start=\"322\" data-end=\"410\">Lundgrens Kv\u00e4llsbris All White<\/strong><\/h1>\n<h2 data-start=\"320\" data-end=\"410\"><strong data-start=\"322\" data-end=\"410\">Lundgrens Kv\u00e4llsbris All White \u2013 Friskt och tobaksfritt snus med mild \u00f6rtig karakt\u00e4r<\/strong><\/h2>\n<p data-start=\"412\" data-end=\"696\"><strong data-start=\"412\" data-end=\"446\">Lundgrens Kv\u00e4llsbris All White<\/strong> \u00e4r ett tobaksfritt snus med en l\u00e4tt och frisk smakprofil, inspirerad av svenska sommarkv\u00e4llar. Med toner av \u00f6rter och en balanserad nikotinstyrka ger Kv\u00e4llsbris en behaglig och diskret snusupplevelse i ett modernt All White-format \u2013 helt utan tobak.<\/p>\n<p data-start=\"698\" data-end=\"869\">Det h\u00e4r \u00e4r snuset f\u00f6r dig som vill ha ett fr\u00e4scht, smakfullt och milt starkt nikotinsnus \u2013 perfekt f\u00f6r dagligt bruk eller som ett mjukare alternativ till tyngre varianter.<\/p>\n<h3 data-start=\"871\" data-end=\"922\">\ud83c\udf3f <strong data-start=\"874\" data-end=\"922\">Varf\u00f6r v\u00e4lja Lundgrens Kv\u00e4llsbris All White?<\/strong><\/h3>\n<ul data-start=\"924\" data-end=\"1236\">\n<li data-start=\"924\" data-end=\"965\">\n<p data-start=\"926\" data-end=\"965\">Tobaksfritt snus med mild, frisk smak<\/p>\n<\/li>\n<li data-start=\"966\" data-end=\"1026\">\n<p data-start=\"968\" data-end=\"1026\">All White-format \u2013 vitt f\u00f6re, under och efter anv\u00e4ndning<\/p>\n<\/li>\n<li data-start=\"1027\" data-end=\"1083\">\n<p data-start=\"1029\" data-end=\"1083\">Balanserad nikotinhalt f\u00f6r en lagom stark upplevelse<\/p>\n<\/li>\n<li data-start=\"1084\" data-end=\"1129\">\n<p data-start=\"1086\" data-end=\"1129\">Prillor i normalstorlek med l\u00e5g rinnighet<\/p>\n<\/li>\n<li data-start=\"1130\" data-end=\"1185\">\n<p data-start=\"1132\" data-end=\"1185\">V\u00e4xtfiberbaserat portionsmaterial f\u00f6r b\u00e4sta komfort<\/p>\n<\/li>\n<li data-start=\"1186\" data-end=\"1236\">\n<p data-start=\"1188\" data-end=\"1236\">Tillverkad av <strong data-start=\"1202\" data-end=\"1236\">British American Tobacco (BAT)<\/strong><\/p>\n<\/li>\n<\/ul>\n<h3 data-start=\"1238\" data-end=\"1295\">\ud83d\udce6 <strong data-start=\"1241\" data-end=\"1295\">Produktinformation: Lundgrens Kv\u00e4llsbris All White<\/strong><\/h3>\n<ul data-start=\"1297\" data-end=\"1620\">\n<li data-start=\"1297\" data-end=\"1325\">\n<p data-start=\"1299\" data-end=\"1325\"><strong data-start=\"1299\" data-end=\"1313\">Varum\u00e4rke:<\/strong> Lundgrens<\/p>\n<\/li>\n<li data-start=\"1326\" data-end=\"1367\">\n<p data-start=\"1328\" data-end=\"1367\"><strong data-start=\"1328\" data-end=\"1343\">Produkttyp:<\/strong> All White (tobaksfri)<\/p>\n<\/li>\n<li data-start=\"1368\" data-end=\"1390\">\n<p data-start=\"1370\" data-end=\"1390\"><strong data-start=\"1370\" data-end=\"1381\">Format:<\/strong> Normal<\/p>\n<\/li>\n<li data-start=\"1391\" data-end=\"1432\">\n<p data-start=\"1393\" data-end=\"1432\"><strong data-start=\"1393\" data-end=\"1408\">Smakprofil:<\/strong> \u00d6rter, frisk och l\u00e4tt<\/p>\n<\/li>\n<li data-start=\"1433\" data-end=\"1464\">\n<p data-start=\"1435\" data-end=\"1464\"><strong data-start=\"1435\" data-end=\"1451\">Nikotinhalt:<\/strong> ca 10 mg\/g<\/p>\n<\/li>\n<li data-start=\"1465\" data-end=\"1500\">\n<p data-start=\"1467\" data-end=\"1500\"><strong data-start=\"1467\" data-end=\"1485\">Nikotinstyrka:<\/strong> Medium (2\/4)<\/p>\n<\/li>\n<li data-start=\"1501\" data-end=\"1537\">\n<p data-start=\"1503\" data-end=\"1537\"><strong data-start=\"1503\" data-end=\"1532\">Antal portioner per dosa:<\/strong> 21<\/p>\n<\/li>\n<li data-start=\"1538\" data-end=\"1576\">\n<p data-start=\"1540\" data-end=\"1576\"><strong data-start=\"1540\" data-end=\"1564\">Total vikt per dosa:<\/strong> 16,8 gram<\/p>\n<\/li>\n<li data-start=\"1577\" data-end=\"1620\">\n<p data-start=\"1579\" data-end=\"1620\"><strong data-start=\"1579\" data-end=\"1595\">Tillverkare:<\/strong> British American Tobacco<\/p>\n<\/li>\n<\/ul>\n<p data-start=\"1622\" data-end=\"1699\">\ud83c\udfaf <strong data-start=\"1625\" data-end=\"1699\">Lundgrens Kv\u00e4llsbris \u2013 Ett friskt tobaksfritt snus f\u00f6r alla tillf\u00e4llen<\/strong><\/p>\n<p data-start=\"1701\" data-end=\"1970\">Kv\u00e4llsbris \u00e4r en del av Lundgrens popul\u00e4ra All White-serie och passar perfekt f\u00f6r dig som vill ha en fr\u00e4sch och l\u00e4tt smak utan tobak. Med sin naturliga smakprofil och bekv\u00e4ma prillor \u00e4r det ett snus som fungerar lika bra under arbetsdagen som till kv\u00e4llens avslappning.<\/p>\n<p data-start=\"1972\" data-end=\"2038\">\ud83d\udca8 <strong data-start=\"1975\" data-end=\"2038\">Upplev frisk nikotin i ett modernt format \u2013 helt utan tobak<\/strong><\/p>\n<p data-start=\"2040\" data-end=\"2272\">Vill du ha ett diskret och tobaksfritt snus med en mild smak? <strong data-start=\"2102\" data-end=\"2136\">Lundgrens Kv\u00e4llsbris All White<\/strong> \u00e4r ett perfekt val f\u00f6r dig som s\u00f6ker en lagom stark nikotinupplevelse med fr\u00e4scha toner och l\u00e5g rinnighet \u2013 i klassiskt svenskt format.<\/p>\n<p data-start=\"2274\" data-end=\"2336\">\ud83d\uded2 <strong data-start=\"2277\" data-end=\"2336\">K\u00f6p Lundgrens Kv\u00e4llsbris All White online hos Veloop.se<\/strong><\/p>\n<p data-start=\"2338\" data-end=\"2500\">Best\u00e4ll <strong data-start=\"2346\" data-end=\"2370\">Lundgrens Kv\u00e4llsbris<\/strong> snabbt och enkelt hos <strong data-start=\"2393\" data-end=\"2406\">Veloop.se<\/strong>. Vi erbjuder alltid f\u00e4rskt lager, trygga betalningar och snabb leverans direkt till din d\u00f6rr.<\/p>\n<p data-start=\"2502\" data-end=\"2597\">\ud83d\udc49 <strong data-start=\"2505\" data-end=\"2597\">Best\u00e4ll Lundgrens Kv\u00e4llsbris All White idag \u2013 f\u00f6r en friskare snusupplevelse utan tobak.<\/strong><\/p>\n<p data-start=\"2599\" data-end=\"2715\">\ud83d\udc49 <strong data-start=\"2602\" data-end=\"2654\">Utforska hela sortimentet av Lundgrens snus h\u00e4r:<\/strong> <a class=\"\" href=\"https:\/\/snus-malmo.se\/sv\/lundgrens\/\" target=\"_new\" rel=\"noopener\" data-start=\"2655\" data-end=\"2715\">https:\/\/snus-malmo.se\/lundgrens\/<\/a><\/p>","protected":false},"excerpt":{"rendered":"<h1 data-start=\"320\" data-end=\"410\"><strong data-start=\"322\" data-end=\"410\">Lundgrens Kv\u00e4llsbris<\/strong><\/h1>\n<p><strong data-start=\"184\" data-end=\"218\">Lundgrens Kv\u00e4llsbris All White<\/strong> \u00e4r ett tobaksfritt snus med en mild och frisk smak av \u00f6rter. Med normal nikotinstyrka och v\u00e4xtfiberbaserade prillor passar det perfekt f\u00f6r dig som vill ha en fr\u00e4sch och diskret nikotinupplevelse \u2013 helt utan tobak.<\/p>\n<p>&nbsp;<\/p>\n<p>\ud83d\udc49 <strong data-start=\"2602\" data-end=\"2654\">Utforska hela sortimentet av Lundgrens snus h\u00e4r:<\/strong> <a class=\"\" href=\"https:\/\/snus-malmo.se\/sv\/lundgrens\/\" target=\"_new\" rel=\"noopener\" data-start=\"2655\" data-end=\"2715\">https:\/\/snus-malmo.se\/lundgrens\/<\/a><\/p>","protected":false},"featured_media":60381,"comment_status":"open","ping_status":"closed","template":"","meta":[],"product_brand":[358],"product_cat":[136,104],"product_tag":[],"class_list":{"0":"post-53647","1":"product","2":"type-product","3":"status-publish","4":"has-post-thumbnail","6":"product_brand-lundgrens","7":"product_cat-all-whites","8":"product_cat-lundgrens","10":"first","11":"instock","12":"taxable","13":"shipping-taxable","14":"purchasable","15":"product-type-variable"},"_links":{"self":[{"href":"https:\/\/snus-malmo.se\/sv\/wp-json\/wp\/v2\/product\/53647","targetHints":{"allow":["GET"]}}],"collection":[{"href":"https:\/\/snus-malmo.se\/sv\/wp-json\/wp\/v2\/product"}],"about":[{"href":"https:\/\/snus-malmo.se\/sv\/wp-json\/wp\/v2\/types\/product"}],"replies":[{"embeddable":true,"href":"https:\/\/snus-malmo.se\/sv\/wp-json\/wp\/v2\/comments?post=53647"}],"version-history":[{"count":0,"href":"https:\/\/snus-malmo.se\/sv\/wp-json\/wp\/v2\/product\/53647\/revisions"}],"wp:featuredmedia":[{"embeddable":true,"href":"https:\/\/snus-malmo.se\/sv\/wp-json\/wp\/v2\/media\/60381"}],"wp:attachment":[{"href":"https:\/\/snus-malmo.se\/sv\/wp-json\/wp\/v2\/media?parent=53647"}],"wp:term":[{"taxonomy":"product_brand","embeddable":true,"href":"https:\/\/snus-malmo.se\/sv\/wp-json\/wp\/v2\/product_brand?post=53647"},{"taxonomy":"product_cat","embeddable":true,"href":"https:\/\/snus-malmo.se\/sv\/wp-json\/wp\/v2\/product_cat?post=53647"},{"taxonomy":"product_tag","embeddable":true,"href":"https:\/\/snus-malmo.se\/sv\/wp-json\/wp\/v2\/product_tag?post=53647"}],"curies":[{"name":"wp","href":"https:\/\/api.w.org\/{rel}","templated":true}]}}