{"id":53650,"date":"2025-05-23T16:57:16","date_gmt":"2025-05-23T16:57:16","guid":{"rendered":"https:\/\/snus-malmo.se\/?post_type=product&#038;p=53650"},"modified":"2025-07-27T19:00:36","modified_gmt":"2025-07-27T19:00:36","slug":"lundgrens-becksvart","status":"publish","type":"product","link":"https:\/\/snus-malmo.se\/sv\/produkt\/lundgrens-becksvart\/","title":{"rendered":"Lundgrens Becksvart"},"content":{"rendered":"<h1 data-start=\"333\" data-end=\"419\"><strong data-start=\"335\" data-end=\"419\">Lundgrens Becksvart All White \u2013 Starkt tobaksfritt snus med m\u00f6rk och fyllig smak<\/strong><\/h1>\n<p data-start=\"421\" data-end=\"780\"><strong data-start=\"421\" data-end=\"454\">Lundgrens Becksvart All White<\/strong> \u00e4r ett starkt tobaksfritt snus som erbjuder en djup och kraftfull smakupplevelse. Den unika smaken \u00e4r inspirerad av m\u00f6rk tobak och jordn\u00e4ra toner, men helt utan faktisk tobak. Det h\u00e4r \u00e4r ett All White snus med h\u00f6g nikotinhalt \u2013 perfekt f\u00f6r dig som s\u00f6ker ett intensivt och l\u00e5ngvarigt nikotinkick i ett fr\u00e4scht, modernt format.<\/p>\n<p data-start=\"782\" data-end=\"832\">\ud83d\udda4 <strong data-start=\"785\" data-end=\"832\">Varf\u00f6r v\u00e4lja Lundgrens Becksvart All White?<\/strong><\/p>\n<ul data-start=\"834\" data-end=\"1113\">\n<li data-start=\"834\" data-end=\"885\">\n<p data-start=\"836\" data-end=\"885\"><strong data-start=\"836\" data-end=\"858\">Starkt nikotinsnus<\/strong> med hela 20 mg\/g nikotin<\/p>\n<\/li>\n<li data-start=\"886\" data-end=\"939\">\n<p data-start=\"888\" data-end=\"939\"><strong data-start=\"888\" data-end=\"908\">Tobaksfritt snus<\/strong> \u2013 men med smak av m\u00f6rk tobak<\/p>\n<\/li>\n<li data-start=\"940\" data-end=\"996\">\n<p data-start=\"942\" data-end=\"996\">All White-format med l\u00e5g rinnighet och fr\u00e4sch k\u00e4nsla<\/p>\n<\/li>\n<li data-start=\"997\" data-end=\"1051\">\n<p data-start=\"999\" data-end=\"1051\">Normalstora prillor av v\u00e4xtfiber \u2013 bekv\u00e4m passform<\/p>\n<\/li>\n<li data-start=\"1052\" data-end=\"1113\">\n<p data-start=\"1054\" data-end=\"1113\">Producerat av v\u00e4lk\u00e4nda <strong data-start=\"1077\" data-end=\"1111\">British American Tobacco (BAT)<\/strong><\/p>\n<\/li>\n<\/ul>\n<p data-start=\"1115\" data-end=\"1171\">\ud83d\udce6 <strong data-start=\"1118\" data-end=\"1171\">Produktinformation: Lundgrens Becksvart All White<\/strong><\/p>\n<ul data-start=\"1173\" data-end=\"1514\">\n<li data-start=\"1173\" data-end=\"1201\">\n<p data-start=\"1175\" data-end=\"1201\"><strong data-start=\"1175\" data-end=\"1189\">Varum\u00e4rke:<\/strong> Lundgrens<\/p>\n<\/li>\n<li data-start=\"1202\" data-end=\"1242\">\n<p data-start=\"1204\" data-end=\"1242\"><strong data-start=\"1204\" data-end=\"1219\">Produkttyp:<\/strong> All White, tobaksfri<\/p>\n<\/li>\n<li data-start=\"1243\" data-end=\"1265\">\n<p data-start=\"1245\" data-end=\"1265\"><strong data-start=\"1245\" data-end=\"1256\">Format:<\/strong> Normal<\/p>\n<\/li>\n<li data-start=\"1266\" data-end=\"1309\">\n<p data-start=\"1268\" data-end=\"1309\"><strong data-start=\"1268\" data-end=\"1283\">Smakprofil:<\/strong> M\u00f6rk tobak, jord, \u00f6rter<\/p>\n<\/li>\n<li data-start=\"1310\" data-end=\"1357\">\n<p data-start=\"1312\" data-end=\"1357\"><strong data-start=\"1312\" data-end=\"1328\">Nikotinhalt:<\/strong> 20 mg\/g (ca 16 mg\/portion)<\/p>\n<\/li>\n<li data-start=\"1358\" data-end=\"1392\">\n<p data-start=\"1360\" data-end=\"1392\"><strong data-start=\"1360\" data-end=\"1378\">Nikotinstyrka:<\/strong> Stark (4\/4)<\/p>\n<\/li>\n<li data-start=\"1393\" data-end=\"1429\">\n<p data-start=\"1395\" data-end=\"1429\"><strong data-start=\"1395\" data-end=\"1424\">Antal portioner per dosa:<\/strong> 21<\/p>\n<\/li>\n<li data-start=\"1430\" data-end=\"1468\">\n<p data-start=\"1432\" data-end=\"1468\"><strong data-start=\"1432\" data-end=\"1456\">Total vikt per dosa:<\/strong> 16,8 gram<\/p>\n<\/li>\n<li data-start=\"1469\" data-end=\"1514\">\n<p data-start=\"1471\" data-end=\"1514\"><strong data-start=\"1471\" data-end=\"1487\">Tillverkare:<\/strong> British American Tobacco<\/p>\n<\/li>\n<\/ul>\n<p data-start=\"1516\" data-end=\"1608\">\ud83c\udfaf <strong data-start=\"1519\" data-end=\"1608\">Lundgrens Becksvart \u2013 Ett All White snus f\u00f6r dig som vill ha det m\u00f6rkt och kraftfullt<\/strong><\/p>\n<p data-start=\"1610\" data-end=\"1867\">Becksvart \u00e4r en del av <strong data-start=\"1633\" data-end=\"1662\">Lundgrens All White-serie<\/strong> \u2013 framtagen f\u00f6r dig som f\u00f6redrar tobaksfria alternativ utan att tumma p\u00e5 smak och styrka. Med tydliga toner av m\u00f6rk tobak och en r\u00f6kig, jordn\u00e4ra karakt\u00e4r levererar Becksvart en smak som st\u00e5r ut i m\u00e4ngden.<\/p>\n<p data-start=\"1869\" data-end=\"1927\">\ud83d\udca8 <strong data-start=\"1872\" data-end=\"1927\">Upplev stark nikotin i ett fr\u00e4scht tobaksfritt snus<\/strong><\/p>\n<p data-start=\"1929\" data-end=\"2179\">Letar du efter ett <strong data-start=\"1948\" data-end=\"1980\">starkt All White snus online<\/strong>? Lundgrens Becksvart \u00e4r ett utm\u00e4rkt val f\u00f6r erfarna snusare som vill ha en djup smak och intensiv nikotinupplevelse \u2013 helt utan tobak. Den vita prillan ger dessutom en diskret och fr\u00e4sch anv\u00e4ndning.<\/p>\n<p data-start=\"2181\" data-end=\"2242\">\ud83d\uded2 <strong data-start=\"2184\" data-end=\"2242\">K\u00f6p Lundgrens Becksvart All White online hos Veloop.se<\/strong><\/p>\n<p data-start=\"2244\" data-end=\"2447\">Hos <strong data-start=\"2248\" data-end=\"2261\">Veloop.se<\/strong> kan du enkelt <strong data-start=\"2276\" data-end=\"2308\">k\u00f6pa tobaksfritt snus online<\/strong> med snabb leverans direkt till d\u00f6rren. Vi har alltid f\u00e4rskt lager, smidiga betalningsalternativ och ett brett utbud av <strong data-start=\"2428\" data-end=\"2446\">Lundgrens snus<\/strong>.<\/p>\n<p data-start=\"2449\" data-end=\"2552\">\ud83d\udc49 <strong data-start=\"2452\" data-end=\"2552\">Best\u00e4ll Lundgrens Becksvart All White idag \u2013 f\u00f6r en m\u00f6rkare, starkare snusupplevelse utan tobak.<\/strong><\/p>\n<p data-start=\"2449\" data-end=\"2552\">\ud83d\udc49 <strong data-start=\"385\" data-end=\"439\">Klicka h\u00e4r f\u00f6r att uppt\u00e4cka hela Lundgrens-serien:<\/strong> <a class=\"\" href=\"https:\/\/snus-malmo.se\/sv\/lundgrens\/\" target=\"_new\" rel=\"noopener\" data-start=\"440\" data-end=\"500\" data-is-only-node=\"\">https:\/\/snus-malmo.se\/lundgrens\/<\/a><\/p>","protected":false},"excerpt":{"rendered":"<h1 data-start=\"333\" data-end=\"419\"><strong data-start=\"335\" data-end=\"419\">Lundgrens Becksvart All White<\/strong><\/h1>\n<p data-start=\"283\" data-end=\"351\"><strong data-start=\"283\" data-end=\"351\">Lundgrens Becksvart All White \u2013 Starkt tobaksfritt snus | Veloop<\/strong><\/p>\n<p data-start=\"411\" data-end=\"552\">K\u00f6p Lundgrens Becksvart All White \u2013 ett starkt tobaksfritt snus med djup smak av m\u00f6rk tobak. H\u00f6g nikotinhalt &amp; snabb leverans fr\u00e5n Veloop.se.<\/p>\n<p data-start=\"411\" data-end=\"552\">\ud83d\udc49 <strong data-start=\"385\" data-end=\"439\">Klicka h\u00e4r f\u00f6r att uppt\u00e4cka hela Lundgrens-serien:<\/strong> <a class=\"\" href=\"https:\/\/snus-malmo.se\/sv\/lundgrens\/\" target=\"_new\" rel=\"noopener\" data-start=\"440\" data-end=\"500\" data-is-only-node=\"\">https:\/\/snus-malmo.se\/lundgrens\/<\/a><\/p>","protected":false},"featured_media":60379,"comment_status":"open","ping_status":"closed","template":"","meta":[],"product_brand":[358],"product_cat":[104,73],"product_tag":[],"class_list":{"0":"post-53650","1":"product","2":"type-product","3":"status-publish","4":"has-post-thumbnail","6":"product_brand-lundgrens","7":"product_cat-lundgrens","8":"product_cat-portionssnus","10":"first","11":"instock","12":"taxable","13":"shipping-taxable","14":"purchasable","15":"product-type-variable"},"_links":{"self":[{"href":"https:\/\/snus-malmo.se\/sv\/wp-json\/wp\/v2\/product\/53650","targetHints":{"allow":["GET"]}}],"collection":[{"href":"https:\/\/snus-malmo.se\/sv\/wp-json\/wp\/v2\/product"}],"about":[{"href":"https:\/\/snus-malmo.se\/sv\/wp-json\/wp\/v2\/types\/product"}],"replies":[{"embeddable":true,"href":"https:\/\/snus-malmo.se\/sv\/wp-json\/wp\/v2\/comments?post=53650"}],"version-history":[{"count":0,"href":"https:\/\/snus-malmo.se\/sv\/wp-json\/wp\/v2\/product\/53650\/revisions"}],"wp:featuredmedia":[{"embeddable":true,"href":"https:\/\/snus-malmo.se\/sv\/wp-json\/wp\/v2\/media\/60379"}],"wp:attachment":[{"href":"https:\/\/snus-malmo.se\/sv\/wp-json\/wp\/v2\/media?parent=53650"}],"wp:term":[{"taxonomy":"product_brand","embeddable":true,"href":"https:\/\/snus-malmo.se\/sv\/wp-json\/wp\/v2\/product_brand?post=53650"},{"taxonomy":"product_cat","embeddable":true,"href":"https:\/\/snus-malmo.se\/sv\/wp-json\/wp\/v2\/product_cat?post=53650"},{"taxonomy":"product_tag","embeddable":true,"href":"https:\/\/snus-malmo.se\/sv\/wp-json\/wp\/v2\/product_tag?post=53650"}],"curies":[{"name":"wp","href":"https:\/\/api.w.org\/{rel}","templated":true}]}}