{"id":53653,"date":"2025-05-23T16:57:17","date_gmt":"2025-05-23T16:57:17","guid":{"rendered":"https:\/\/snus-malmo.se\/?post_type=product&#038;p=53653"},"modified":"2025-07-27T19:00:36","modified_gmt":"2025-07-27T19:00:36","slug":"lundgrens-hostaker","status":"publish","type":"product","link":"https:\/\/snus-malmo.se\/sv\/produkt\/lundgrens-hostaker\/","title":{"rendered":"Lundgrens H\u00f6st\u00e5ker"},"content":{"rendered":"<h1 data-start=\"317\" data-end=\"389\"><strong data-start=\"320\" data-end=\"389\">Lundgrens H\u00f6st\u00e5ker \u2013 K\u00f6p h\u00f6stinspirerat snus online hos Veloop.se<\/strong><\/h1>\n<p data-start=\"391\" data-end=\"680\">Letar du efter ett snus som f\u00e5ngar k\u00e4nslan av den svenska h\u00f6sten? <strong data-start=\"457\" data-end=\"479\">Lundgrens H\u00f6st\u00e5ker<\/strong> \u00e4r en exklusiv, limiterad utg\u00e5va fr\u00e5n Lundgrens \u2013 perfekt f\u00f6r dig som vill uppleva en naturlig och balanserad smakprofil. Finns nu att k\u00f6pa online hos <strong data-start=\"631\" data-end=\"644\">Veloop.se<\/strong> \u2013 din p\u00e5litliga snusbutik p\u00e5 n\u00e4tet.<\/p>\n<h2 data-start=\"682\" data-end=\"735\"><strong data-start=\"686\" data-end=\"735\">Naturliga smaker inspirerade av h\u00f6stens sk\u00f6rd<\/strong><\/h2>\n<p data-start=\"736\" data-end=\"973\">Lundgrens H\u00f6st\u00e5ker bjuder p\u00e5 en smakresa genom det svenska h\u00f6stlandskapet. Smaken domineras av milda toner av spannm\u00e5l, \u00f6rter och en frisk hint av \u00e4pple \u2013 en perfekt kombination f\u00f6r dig som uppskattar snus med karakt\u00e4r och naturlig arom.<\/p>\n<h2 data-start=\"975\" data-end=\"994\"><strong data-start=\"979\" data-end=\"994\">Egenskaper:<\/strong><\/h2>\n<ul data-start=\"995\" data-end=\"1257\">\n<li data-start=\"995\" data-end=\"1019\">\n<p data-start=\"997\" data-end=\"1019\"><strong data-start=\"997\" data-end=\"1005\">Typ:<\/strong> Vit portion<\/p>\n<\/li>\n<li data-start=\"1020\" data-end=\"1070\">\n<h3 data-start=\"1022\" data-end=\"1070\"><strong data-start=\"1022\" data-end=\"1037\">Smakprofil:<\/strong> Spannm\u00e5l, torkade \u00f6rter, \u00e4pple<\/h3>\n<\/li>\n<li data-start=\"1071\" data-end=\"1125\">\n<h3 data-start=\"1073\" data-end=\"1125\"><strong data-start=\"1073\" data-end=\"1084\">Format:<\/strong> Slim \u2013 diskret och bekv\u00e4m under l\u00e4ppen<\/h3>\n<\/li>\n<li data-start=\"1126\" data-end=\"1165\">\n<h4 data-start=\"1128\" data-end=\"1165\"><strong data-start=\"1128\" data-end=\"1144\">Tillverkare:<\/strong> Fiedler &amp; Lundgren<\/h4>\n<\/li>\n<li data-start=\"1166\" data-end=\"1191\">\n<h4 data-start=\"1168\" data-end=\"1191\"><strong data-start=\"1168\" data-end=\"1181\">Ursprung:<\/strong> Sverige<\/h4>\n<\/li>\n<li data-start=\"1192\" data-end=\"1257\">\n<p data-start=\"1194\" data-end=\"1257\"><strong data-start=\"1194\" data-end=\"1215\">Begr\u00e4nsad upplaga<\/strong> \u2013 tillg\u00e4nglig endast under en viss period<\/p>\n<\/li>\n<\/ul>\n<h3 data-start=\"1259\" data-end=\"1312\"><strong data-start=\"1263\" data-end=\"1312\">F\u00f6rdelar med Lundgrens H\u00f6st\u00e5ker p\u00e5 Veloop.se:<\/strong><\/h3>\n<ul data-start=\"1313\" data-end=\"1459\">\n<li data-start=\"1313\" data-end=\"1343\">\n<p data-start=\"1315\" data-end=\"1343\">Snabb och diskret leverans<\/p>\n<\/li>\n<li data-start=\"1344\" data-end=\"1367\">\n<p data-start=\"1346\" data-end=\"1367\">Alltid f\u00e4rskt lager<\/p>\n<\/li>\n<li data-start=\"1368\" data-end=\"1420\">\n<p data-start=\"1370\" data-end=\"1420\">Svensktillverkat snus med naturliga ingredienser<\/p>\n<\/li>\n<li data-start=\"1421\" data-end=\"1459\">\n<p data-start=\"1423\" data-end=\"1459\">Enkel och s\u00e4ker best\u00e4llning online<\/p>\n<\/li>\n<\/ul>\n<hr data-start=\"1461\" data-end=\"1464\" \/>\n<h2 data-start=\"1466\" data-end=\"1538\"><strong data-start=\"1470\" data-end=\"1538\">K\u00f6p Lundgrens H\u00f6st\u00e5ker p\u00e5 Veloop.se \u2013 Snabbt, smidigt och s\u00e4kert<\/strong><\/h2>\n<p data-start=\"1539\" data-end=\"1771\">P\u00e5 <strong data-start=\"1542\" data-end=\"1555\">Veloop.se<\/strong> kan du enkelt <strong data-start=\"1570\" data-end=\"1600\">k\u00f6pa Lundgrens snus online<\/strong> \u2013 direkt hem till d\u00f6rren. Passa p\u00e5 att s\u00e4kra ditt exemplar av <strong data-start=\"1663\" data-end=\"1685\">Lundgrens H\u00f6st\u00e5ker<\/strong> innan den tar slut. Perfekt f\u00f6r dig som vill ha n\u00e5got ut\u00f6ver det vanliga i snusdosan.<\/p>\n<p data-start=\"1773\" data-end=\"1817\">\ud83d\uded2 <strong data-start=\"1776\" data-end=\"1817\">Best\u00e4ll nu \u2013 begr\u00e4nsat antal i lager!<\/strong><\/p>","protected":false},"excerpt":{"rendered":"<h1 data-start=\"317\" data-end=\"389\"><strong data-start=\"320\" data-end=\"389\">Lundgrens H\u00f6st\u00e5ker \u2013 K\u00f6p h\u00f6stinspirerat snus online hos Veloop.se<\/strong><\/h1>\n<h2 data-start=\"1524\" data-end=\"1565\"><strong data-start=\"1529\" data-end=\"1565\">Naturlig h\u00f6stsmak i varje prilla<\/strong><\/h2>\n<p data-start=\"1567\" data-end=\"1758\">Den h\u00e4r smaken tar dig rakt ut p\u00e5 de sk\u00e5nska f\u00e4lten i september. H\u00f6st\u00e5ker \u00e4r framtagen f\u00f6r att hylla svensk natur och sk\u00f6rdetid \u2013 perfekt f\u00f6r dig som f\u00f6redrar ett snus med autentisk karakt\u00e4r.<\/p>\n<p><strong data-start=\"1249\" data-end=\"1271\">Lundgrens H\u00f6st\u00e5ker<\/strong> \u00e4r en limiterad snusvariant inspirerad av den svenska h\u00f6stens dofter och f\u00e4rger. Med naturliga toner av torkade \u00f6rter, spannm\u00e5l och frisk \u00e4ppelsmak levererar detta snus en unik smakupplevelse \u2013 perfekt f\u00f6r dig som s\u00f6ker n\u00e5got ut\u00f6ver det vanliga.<\/p>","protected":false},"featured_media":60347,"comment_status":"open","ping_status":"closed","template":"","meta":[],"product_brand":[358],"product_cat":[136,104,20],"product_tag":[],"class_list":{"0":"post-53653","1":"product","2":"type-product","3":"status-publish","4":"has-post-thumbnail","6":"product_brand-lundgrens","7":"product_cat-all-whites","8":"product_cat-lundgrens","9":"product_cat-standard","11":"first","12":"instock","13":"taxable","14":"shipping-taxable","15":"purchasable","16":"product-type-variable"},"_links":{"self":[{"href":"https:\/\/snus-malmo.se\/sv\/wp-json\/wp\/v2\/product\/53653","targetHints":{"allow":["GET"]}}],"collection":[{"href":"https:\/\/snus-malmo.se\/sv\/wp-json\/wp\/v2\/product"}],"about":[{"href":"https:\/\/snus-malmo.se\/sv\/wp-json\/wp\/v2\/types\/product"}],"replies":[{"embeddable":true,"href":"https:\/\/snus-malmo.se\/sv\/wp-json\/wp\/v2\/comments?post=53653"}],"version-history":[{"count":0,"href":"https:\/\/snus-malmo.se\/sv\/wp-json\/wp\/v2\/product\/53653\/revisions"}],"wp:featuredmedia":[{"embeddable":true,"href":"https:\/\/snus-malmo.se\/sv\/wp-json\/wp\/v2\/media\/60347"}],"wp:attachment":[{"href":"https:\/\/snus-malmo.se\/sv\/wp-json\/wp\/v2\/media?parent=53653"}],"wp:term":[{"taxonomy":"product_brand","embeddable":true,"href":"https:\/\/snus-malmo.se\/sv\/wp-json\/wp\/v2\/product_brand?post=53653"},{"taxonomy":"product_cat","embeddable":true,"href":"https:\/\/snus-malmo.se\/sv\/wp-json\/wp\/v2\/product_cat?post=53653"},{"taxonomy":"product_tag","embeddable":true,"href":"https:\/\/snus-malmo.se\/sv\/wp-json\/wp\/v2\/product_tag?post=53653"}],"curies":[{"name":"wp","href":"https:\/\/api.w.org\/{rel}","templated":true}]}}