{"id":53664,"date":"2025-05-23T16:57:19","date_gmt":"2025-05-23T16:57:19","guid":{"rendered":"https:\/\/snus-malmo.se\/?post_type=product&#038;p=53664"},"modified":"2025-07-27T19:00:36","modified_gmt":"2025-07-27T19:00:36","slug":"lundgrens-morgonljus","status":"publish","type":"product","link":"https:\/\/snus-malmo.se\/sv\/produkt\/lundgrens-morgonljus\/","title":{"rendered":"Lundgrens Morgonljus"},"content":{"rendered":"<h1 data-start=\"270\" data-end=\"368\"><strong data-start=\"272\" data-end=\"368\">Lundgrens Morgonljus All White<\/strong><\/h1>\n<h2 data-start=\"270\" data-end=\"368\"><strong data-start=\"272\" data-end=\"368\">Lundgrens Morgonljus All White \u2013 L\u00e4tt och fr\u00e4scht tobaksfritt snus f\u00f6r en god start p\u00e5 dagen<\/strong><\/h2>\n<p data-start=\"370\" data-end=\"688\"><strong data-start=\"370\" data-end=\"404\">Lundgrens Morgonljus All White<\/strong> \u00e4r ett modernt och tobaksfritt snus med en fr\u00e4sch, l\u00e4tt smak inspirerad av den svenska morgonluften. Med milda toner av citrus, \u00f6rter och florala inslag ger Morgonljus en diskret och uppfriskande nikotinupplevelse \u2013 perfekt f\u00f6r dig som f\u00f6redrar ett mjukare All White-snus utan tobak.<\/p>\n<p data-start=\"690\" data-end=\"806\">Det h\u00e4r \u00e4r det optimala valet f\u00f6r vardagsbruk \u2013 ett snus som kombinerar balans, smak och komfort fr\u00e5n f\u00f6rsta prilla.<\/p>\n<p data-start=\"808\" data-end=\"859\">\ud83c\udf1e <strong data-start=\"811\" data-end=\"859\">Varf\u00f6r v\u00e4lja Lundgrens Morgonljus All White?<\/strong><\/p>\n<ul data-start=\"861\" data-end=\"1201\">\n<li data-start=\"861\" data-end=\"906\">\n<p data-start=\"863\" data-end=\"906\">Tobaksfritt snus med fr\u00e4sch och mild smak<\/p>\n<\/li>\n<li data-start=\"907\" data-end=\"977\">\n<p data-start=\"909\" data-end=\"977\">All White-format \u2013 prillan \u00e4r vit f\u00f6re, under och efter anv\u00e4ndning<\/p>\n<\/li>\n<li data-start=\"978\" data-end=\"1039\">\n<p data-start=\"980\" data-end=\"1039\">Balanserad nikotinstyrka \u2013 idealisk f\u00f6r daglig anv\u00e4ndning<\/p>\n<\/li>\n<li data-start=\"1040\" data-end=\"1093\">\n<p data-start=\"1042\" data-end=\"1093\">Diskreta, normalstora portioner med l\u00e5g rinnighet<\/p>\n<\/li>\n<li data-start=\"1094\" data-end=\"1150\">\n<p data-start=\"1096\" data-end=\"1150\">V\u00e4xtfiberbaserat portionsmaterial som sitter bekv\u00e4mt<\/p>\n<\/li>\n<li data-start=\"1151\" data-end=\"1201\">\n<p data-start=\"1153\" data-end=\"1201\">Tillverkad av <strong data-start=\"1167\" data-end=\"1201\">British American Tobacco (BAT)<\/strong><\/p>\n<\/li>\n<\/ul>\n<p data-start=\"1203\" data-end=\"1251\">\ud83d\udce6 <strong data-start=\"1206\" data-end=\"1251\">Produktinformation \u2013 Lundgrens Morgonljus<\/strong><\/p>\n<ul data-start=\"1253\" data-end=\"1574\">\n<li data-start=\"1253\" data-end=\"1281\">\n<p data-start=\"1255\" data-end=\"1281\"><strong data-start=\"1255\" data-end=\"1269\">Varum\u00e4rke:<\/strong> Lundgrens<\/p>\n<\/li>\n<li data-start=\"1282\" data-end=\"1323\">\n<p data-start=\"1284\" data-end=\"1323\"><strong data-start=\"1284\" data-end=\"1299\">Produkttyp:<\/strong> All White (tobaksfri)<\/p>\n<\/li>\n<li data-start=\"1324\" data-end=\"1346\">\n<p data-start=\"1326\" data-end=\"1346\"><strong data-start=\"1326\" data-end=\"1337\">Format:<\/strong> Normal<\/p>\n<\/li>\n<li data-start=\"1347\" data-end=\"1395\">\n<p data-start=\"1349\" data-end=\"1395\"><strong data-start=\"1349\" data-end=\"1364\">Smakprofil:<\/strong> Citrus, florala toner, \u00f6rter<\/p>\n<\/li>\n<li data-start=\"1396\" data-end=\"1427\">\n<p data-start=\"1398\" data-end=\"1427\"><strong data-start=\"1398\" data-end=\"1414\">Nikotinhalt:<\/strong> ca 10 mg\/g<\/p>\n<\/li>\n<li data-start=\"1428\" data-end=\"1463\">\n<p data-start=\"1430\" data-end=\"1463\"><strong data-start=\"1430\" data-end=\"1448\">Nikotinstyrka:<\/strong> Medium (2\/4)<\/p>\n<\/li>\n<li data-start=\"1464\" data-end=\"1500\">\n<p data-start=\"1466\" data-end=\"1500\"><strong data-start=\"1466\" data-end=\"1495\">Antal portioner per dosa:<\/strong> 21<\/p>\n<\/li>\n<li data-start=\"1501\" data-end=\"1530\">\n<p data-start=\"1503\" data-end=\"1530\"><strong data-start=\"1503\" data-end=\"1518\">Total vikt:<\/strong> 16,8 gram<\/p>\n<\/li>\n<li data-start=\"1531\" data-end=\"1574\">\n<p data-start=\"1533\" data-end=\"1574\"><strong data-start=\"1533\" data-end=\"1549\">Tillverkare:<\/strong> British American Tobacco<\/p>\n<\/li>\n<\/ul>\n<p data-start=\"1576\" data-end=\"1641\">\ud83c\udf3c <strong data-start=\"1579\" data-end=\"1641\">Lundgrens Morgonljus \u2013 En fr\u00e4sch start p\u00e5 dagen utan tobak<\/strong><\/p>\n<p data-start=\"1643\" data-end=\"1886\">Morgonljus \u00e4r en del av <strong data-start=\"1667\" data-end=\"1696\">Lundgrens All White-serie<\/strong>, framtagen f\u00f6r dig som vill ha ett snus med l\u00e4tt smak och m\u00e5ttlig styrka. Perfekt f\u00f6r morgonen, jobbet eller n\u00e4r du bara vill ha en fr\u00e4sch paus utan den tunga k\u00e4nslan av traditionellt snus.<\/p>\n<p data-start=\"1888\" data-end=\"1944\">\ud83d\udca8 <strong data-start=\"1891\" data-end=\"1944\">L\u00e4tt nikotin \u2013 Fr\u00e4scht format \u2013 Tobaksfri framtid<\/strong><\/p>\n<p data-start=\"1946\" data-end=\"2144\">Letar du efter ett tobaksfritt snus med en ren och mild smak? D\u00e5 \u00e4r <strong data-start=\"2014\" data-end=\"2048\">Lundgrens Morgonljus All White<\/strong> ett perfekt val f\u00f6r dig som uppskattar diskretion, balans och fr\u00e4sch\u00f6r \u2013 oavsett tid p\u00e5 dygnet.<\/p>\n<p data-start=\"2146\" data-end=\"2208\">\ud83d\uded2 <strong data-start=\"2149\" data-end=\"2208\">K\u00f6p Lundgrens Morgonljus All White online hos Veloop.se<\/strong><\/p>\n<p data-start=\"2210\" data-end=\"2357\">Hos <strong data-start=\"2214\" data-end=\"2227\">Veloop.se<\/strong> best\u00e4ller du enkelt och tryggt <strong data-start=\"2259\" data-end=\"2283\">Lundgrens Morgonljus<\/strong> \u2013 alltid med snabb leverans, f\u00e4rskt lager och s\u00e4kra betalningsalternativ.<\/p>\n<p data-start=\"2359\" data-end=\"2569\">\ud83d\udc49 <strong data-start=\"2362\" data-end=\"2464\">Best\u00e4ll Lundgrens Morgonljus All White idag \u2013 f\u00f6r en ljusare, fr\u00e4schare snusupplevelse utan tobak.<\/strong><br data-start=\"2464\" data-end=\"2467\" \/>\ud83d\udc49 <strong data-start=\"2470\" data-end=\"2508\">Uppt\u00e4ck hela Lundgrens-serien h\u00e4r:<\/strong> <a class=\"\" href=\"https:\/\/snus-malmo.se\/sv\/lundgrens\/\" target=\"_new\" rel=\"noopener\" data-start=\"2509\" data-end=\"2569\">https:\/\/snus-malmo.se\/lundgrens\/<\/a><\/p>","protected":false},"excerpt":{"rendered":"<h1 data-start=\"270\" data-end=\"368\"><strong data-start=\"272\" data-end=\"368\">Lundgrens Morgonljus All White<\/strong><\/h1>\n<h2 data-start=\"270\" data-end=\"368\"><strong data-start=\"272\" data-end=\"368\">Lundgrens Morgonljus All White \u2013 L\u00e4tt och fr\u00e4scht tobaksfritt snus f\u00f6r en god start p\u00e5 dagen<\/strong><\/h2>\n<p><strong data-start=\"2622\" data-end=\"2656\">Lundgrens Morgonljus All White<\/strong> \u00e4r ett tobaksfritt snus med mild smak av citrus och \u00f6rter. Med balanserad nikotinstyrka och l\u00e5g rinnighet passar det perfekt som ett fr\u00e4scht alternativ f\u00f6r vardagsbruk \u2013 helt utan tobak.<\/p>\n<p>\ud83d\udc49 <strong data-start=\"2470\" data-end=\"2508\">Uppt\u00e4ck hela Lundgrens-serien h\u00e4r:<\/strong> <a class=\"\" href=\"https:\/\/snus-malmo.se\/sv\/lundgrens\/\" target=\"_new\" rel=\"noopener\" data-start=\"2509\" data-end=\"2569\">https:\/\/snus-malmo.se\/lundgrens\/<\/a><\/p>","protected":false},"featured_media":60388,"comment_status":"open","ping_status":"closed","template":"","meta":[],"product_brand":[358],"product_cat":[104,73],"product_tag":[],"class_list":{"0":"post-53664","1":"product","2":"type-product","3":"status-publish","4":"has-post-thumbnail","6":"product_brand-lundgrens","7":"product_cat-lundgrens","8":"product_cat-portionssnus","10":"first","11":"instock","12":"taxable","13":"shipping-taxable","14":"purchasable","15":"product-type-variable"},"_links":{"self":[{"href":"https:\/\/snus-malmo.se\/sv\/wp-json\/wp\/v2\/product\/53664","targetHints":{"allow":["GET"]}}],"collection":[{"href":"https:\/\/snus-malmo.se\/sv\/wp-json\/wp\/v2\/product"}],"about":[{"href":"https:\/\/snus-malmo.se\/sv\/wp-json\/wp\/v2\/types\/product"}],"replies":[{"embeddable":true,"href":"https:\/\/snus-malmo.se\/sv\/wp-json\/wp\/v2\/comments?post=53664"}],"version-history":[{"count":0,"href":"https:\/\/snus-malmo.se\/sv\/wp-json\/wp\/v2\/product\/53664\/revisions"}],"wp:featuredmedia":[{"embeddable":true,"href":"https:\/\/snus-malmo.se\/sv\/wp-json\/wp\/v2\/media\/60388"}],"wp:attachment":[{"href":"https:\/\/snus-malmo.se\/sv\/wp-json\/wp\/v2\/media?parent=53664"}],"wp:term":[{"taxonomy":"product_brand","embeddable":true,"href":"https:\/\/snus-malmo.se\/sv\/wp-json\/wp\/v2\/product_brand?post=53664"},{"taxonomy":"product_cat","embeddable":true,"href":"https:\/\/snus-malmo.se\/sv\/wp-json\/wp\/v2\/product_cat?post=53664"},{"taxonomy":"product_tag","embeddable":true,"href":"https:\/\/snus-malmo.se\/sv\/wp-json\/wp\/v2\/product_tag?post=53664"}],"curies":[{"name":"wp","href":"https:\/\/api.w.org\/{rel}","templated":true}]}}