{"id":53665,"date":"2025-05-23T16:57:19","date_gmt":"2025-05-23T16:57:19","guid":{"rendered":"https:\/\/snus-malmo.se\/?post_type=product&#038;p=53665"},"modified":"2025-07-19T00:22:18","modified_gmt":"2025-07-19T00:22:18","slug":"catch-licorice-original-portion-mini","status":"publish","type":"product","link":"https:\/\/snus-malmo.se\/sv\/produkt\/catch-licorice-original-portion-mini\/","title":{"rendered":"Catch Licorice Original Portion Mini"},"content":{"rendered":"<h1 class=\"mb-16 sm:mb-24\">Catch Licorice Original Portion Mini<\/h1>\n<h2 data-start=\"126\" data-end=\"175\">\u26ab\ufe0f <strong data-start=\"133\" data-end=\"173\">Catch Licorice Original Portion Mini<\/strong><\/h2>\n<h3 data-start=\"176\" data-end=\"238\"><strong data-start=\"176\" data-end=\"238\">\u26ab\ufe0f Smakrik Lakrits med Mjuk Karakt\u00e4r i Diskret Miniportion<\/strong><\/h3>\n<p data-start=\"240\" data-end=\"499\"><strong data-start=\"240\" data-end=\"280\">Catch Licorice Original Portion Mini<\/strong> \u00e4r perfekt f\u00f6r dig som \u00e4lskar lakritssmak i ett smidigt och diskret format. Med sin v\u00e4lbalanserade och fylliga lakritston kombineras detta snus med en mild tobakskarakt\u00e4r, vilket ger en unik och njutbar smakupplevelse.<\/p>\n<p data-start=\"501\" data-end=\"725\">De fuktiga miniportionerna \u00e4r sm\u00e5 och bekv\u00e4ma, vilket g\u00f6r dem idealiska f\u00f6r dig som vill ha smak och effekt utan att kompromissa med diskretionen. Catch Licorice Mini ger dig en snabb och j\u00e4mn smakrelease i ett litet format.<\/p>\n<hr data-start=\"727\" data-end=\"730\" \/>\n<h3 data-start=\"732\" data-end=\"798\">\ud83d\udd0d <strong data-start=\"735\" data-end=\"796\">Produktinformation \u2013 Catch Licorice Original Portion Mini<\/strong><\/h3>\n<ul data-start=\"799\" data-end=\"1103\">\n<li data-start=\"799\" data-end=\"823\">\n<p data-start=\"801\" data-end=\"823\"><strong data-start=\"801\" data-end=\"815\">Varum\u00e4rke:<\/strong> Catch<\/p>\n<\/li>\n<li data-start=\"824\" data-end=\"858\">\n<p data-start=\"826\" data-end=\"858\"><strong data-start=\"826\" data-end=\"834\">Typ:<\/strong> Original Portion Mini<\/p>\n<\/li>\n<li data-start=\"859\" data-end=\"907\">\n<p data-start=\"861\" data-end=\"907\"><strong data-start=\"861\" data-end=\"872\">Format:<\/strong> Mini (liten och diskret portion)<\/p>\n<\/li>\n<li data-start=\"908\" data-end=\"950\">\n<p data-start=\"910\" data-end=\"950\"><strong data-start=\"910\" data-end=\"925\">Smakprofil:<\/strong> Lakrits med mild tobak<\/p>\n<\/li>\n<li data-start=\"951\" data-end=\"973\">\n<p data-start=\"953\" data-end=\"973\"><strong data-start=\"953\" data-end=\"964\">Styrka:<\/strong> Normal<\/p>\n<\/li>\n<li data-start=\"974\" data-end=\"1020\">\n<p data-start=\"976\" data-end=\"1020\"><strong data-start=\"976\" data-end=\"992\">Nikotinhalt:<\/strong> ca 0,8 % (ca 8 mg\/prilla)<\/p>\n<\/li>\n<li data-start=\"1021\" data-end=\"1052\">\n<p data-start=\"1023\" data-end=\"1052\"><strong data-start=\"1023\" data-end=\"1041\">Antal prillor:<\/strong> ca 24 st<\/p>\n<\/li>\n<li data-start=\"1053\" data-end=\"1081\">\n<p data-start=\"1055\" data-end=\"1081\"><strong data-start=\"1055\" data-end=\"1069\">Nettovikt:<\/strong> ca 10,8 g<\/p>\n<\/li>\n<li data-start=\"1082\" data-end=\"1103\">\n<p data-start=\"1084\" data-end=\"1103\"><strong data-start=\"1084\" data-end=\"1097\">Fukthalt:<\/strong> H\u00f6g<\/p>\n<\/li>\n<\/ul>\n<hr data-start=\"1105\" data-end=\"1108\" \/>\n<p data-start=\"1110\" data-end=\"1361\">\u2b50 <strong data-start=\"1112\" data-end=\"1166\">Varf\u00f6r v\u00e4lja Catch Licorice Original Portion Mini:<\/strong><br data-start=\"1166\" data-end=\"1169\" \/>\u2705 Distinkt och smakrik lakritsprofil<br data-start=\"1205\" data-end=\"1208\" \/>\u2705 Diskret miniportion som \u00e4r l\u00e4tt att anv\u00e4nda<br data-start=\"1253\" data-end=\"1256\" \/>\u2705 Fuktig portion f\u00f6r snabb och j\u00e4mn smakrelease<br data-start=\"1303\" data-end=\"1306\" \/>\u2705 Perfekt f\u00f6r dig som vill ha smak och diskretion i ett<\/p>\n<hr data-start=\"1363\" data-end=\"1366\" \/>\n<p data-start=\"1368\" data-end=\"1641\">\ud83d\uded2 <strong data-start=\"1371\" data-end=\"1429\">K\u00f6p Catch Licorice Original Portion Mini hos Veloop.se<\/strong><br data-start=\"1429\" data-end=\"1432\" \/>Hos <strong data-start=\"1436\" data-end=\"1449\">Veloop.se<\/strong> hittar du alltid f\u00e4rskt snus med snabb leverans och konkurrenskraftiga priser. Uppt\u00e4ck varf\u00f6r Catch Licorice Mini \u00e4r ett uppskattat val bland snusare som vill ha lakrits i ett smidigt format.<\/p>\n<p data-start=\"1643\" data-end=\"1735\">\ud83d\udc49 <strong data-start=\"1646\" data-end=\"1735\">Best\u00e4ll idag och njut av Catch Licorice Original Portion Mini \u2013 endast hos Veloop.se!<\/strong><\/p>","protected":false},"excerpt":{"rendered":"<h1 class=\"mb-16 sm:mb-24\">Catch Licorice Original Portion Mini<\/h1>\n<h2 data-start=\"126\" data-end=\"175\">\u26ab\ufe0f <strong data-start=\"133\" data-end=\"173\">Catch Licorice Original Portion Mini<\/strong><\/h2>\n<h3 data-start=\"176\" data-end=\"238\"><strong data-start=\"176\" data-end=\"238\">\u26ab\ufe0f Smakrik Lakrits med Mjuk Karakt\u00e4r i Diskret Miniportion<\/strong><\/h3>\n<p><strong data-start=\"1793\" data-end=\"1833\">Catch Licorice Original Portion Mini<\/strong> \u2013 sm\u00e5 och diskreta portioner med smakrik lakrits och mild tobak. Perfekt f\u00f6r dig som vill ha lakritssmak i ett smidigt format.<\/p>","protected":false},"featured_media":61286,"comment_status":"open","ping_status":"closed","template":"","meta":[],"product_brand":[],"product_cat":[83,79,73,368,135],"product_tag":[],"class_list":{"0":"post-53665","1":"product","2":"type-product","3":"status-publish","4":"has-post-thumbnail","6":"product_cat-catch","7":"product_cat-mini-portion","8":"product_cat-portionssnus","9":"product_cat-snus-tobakssnus-traditionellt-snus","10":"product_cat-white-portion","12":"first","13":"instock","14":"taxable","15":"shipping-taxable","16":"purchasable","17":"product-type-variable"},"_links":{"self":[{"href":"https:\/\/snus-malmo.se\/sv\/wp-json\/wp\/v2\/product\/53665","targetHints":{"allow":["GET"]}}],"collection":[{"href":"https:\/\/snus-malmo.se\/sv\/wp-json\/wp\/v2\/product"}],"about":[{"href":"https:\/\/snus-malmo.se\/sv\/wp-json\/wp\/v2\/types\/product"}],"replies":[{"embeddable":true,"href":"https:\/\/snus-malmo.se\/sv\/wp-json\/wp\/v2\/comments?post=53665"}],"version-history":[{"count":0,"href":"https:\/\/snus-malmo.se\/sv\/wp-json\/wp\/v2\/product\/53665\/revisions"}],"wp:featuredmedia":[{"embeddable":true,"href":"https:\/\/snus-malmo.se\/sv\/wp-json\/wp\/v2\/media\/61286"}],"wp:attachment":[{"href":"https:\/\/snus-malmo.se\/sv\/wp-json\/wp\/v2\/media?parent=53665"}],"wp:term":[{"taxonomy":"product_brand","embeddable":true,"href":"https:\/\/snus-malmo.se\/sv\/wp-json\/wp\/v2\/product_brand?post=53665"},{"taxonomy":"product_cat","embeddable":true,"href":"https:\/\/snus-malmo.se\/sv\/wp-json\/wp\/v2\/product_cat?post=53665"},{"taxonomy":"product_tag","embeddable":true,"href":"https:\/\/snus-malmo.se\/sv\/wp-json\/wp\/v2\/product_tag?post=53665"}],"curies":[{"name":"wp","href":"https:\/\/api.w.org\/{rel}","templated":true}]}}