{"id":53671,"date":"2025-05-23T16:57:19","date_gmt":"2025-05-23T16:57:19","guid":{"rendered":"https:\/\/snus-malmo.se\/?post_type=product&#038;p=53671"},"modified":"2025-07-19T00:21:34","modified_gmt":"2025-07-19T00:21:34","slug":"catch-passion-white-portion-mini","status":"publish","type":"product","link":"https:\/\/snus-malmo.se\/sv\/produkt\/catch-passion-white-portion-mini\/","title":{"rendered":"Catch Passion White Portion Mini"},"content":{"rendered":"<h1 class=\"mb-16 sm:mb-24\">Catch Passion White Portion Mini<\/h1>\n<h2 data-start=\"232\" data-end=\"304\">Catch Passion White Portion Mini \u2013 Tropisk fr\u00e4sch\u00f6r i diskret format<\/h2>\n<p data-start=\"306\" data-end=\"600\"><strong data-start=\"306\" data-end=\"342\">Catch Passion White Portion Mini<\/strong> \u00e4r det perfekta valet f\u00f6r dig som vill ha en fr\u00e4sch, fruktig och diskret snusupplevelse. Den h\u00e4r vita mini-prillan kombinerar en ljus tobakskarakt\u00e4r med <strong data-start=\"496\" data-end=\"536\">s\u00f6t och syrlig smak av passionsfrukt<\/strong>, vilket ger en modern och upplyftande twist till ditt snusande.<\/p>\n<p data-start=\"602\" data-end=\"972\">Det torra ytskiktet och den <strong data-start=\"630\" data-end=\"650\">l\u00e5ga rinnigheten<\/strong> g\u00f6r prillan smidig att anv\u00e4nda under l\u00e4ngre tid, medan den <strong data-start=\"710\" data-end=\"736\">uppdaterade fukthalten<\/strong> (ca 46,5 %) s\u00e4kerst\u00e4ller en j\u00e4mn och l\u00e5ngvarig smakrelease. Den mildare tobaksbasen l\u00e5ter den tropiska smaken ta mer plats, vilket g\u00f6r denna produkt till ett sj\u00e4lvklart val f\u00f6r dig som gillar <strong data-start=\"929\" data-end=\"949\">fruktiga nyanser<\/strong> i ett <strong data-start=\"956\" data-end=\"971\">mini-format<\/strong>.<\/p>\n<p data-start=\"974\" data-end=\"1176\">Catch Passion White Portion Mini \u00e4r lika mycket en <strong data-start=\"1025\" data-end=\"1043\">smakupplevelse<\/strong> som ett stilrent vardagsval \u2013 och sj\u00e4lvklart levereras den snabbt och tryggt fr\u00e5n <a class=\"\" href=\"https:\/\/snus-malmo.se\/sv\/white-portion\/\" target=\"_new\" rel=\"noopener\" data-start=\"1126\" data-end=\"1175\"><strong data-start=\"1127\" data-end=\"1140\">Veloop.se<\/strong><\/a>.<\/p>\n<hr data-start=\"1178\" data-end=\"1181\" \/>\n<h3 data-start=\"1183\" data-end=\"1207\">Produktinformation:<\/h3>\n<ul data-start=\"1209\" data-end=\"1564\">\n<li data-start=\"1209\" data-end=\"1233\">\n<p data-start=\"1211\" data-end=\"1233\"><strong data-start=\"1211\" data-end=\"1225\">Varum\u00e4rke:<\/strong> Catch<\/p>\n<\/li>\n<li data-start=\"1234\" data-end=\"1267\">\n<p data-start=\"1236\" data-end=\"1267\"><strong data-start=\"1236\" data-end=\"1251\">Produkttyp:<\/strong> White Portion<\/p>\n<\/li>\n<li data-start=\"1268\" data-end=\"1288\">\n<p data-start=\"1270\" data-end=\"1288\"><strong data-start=\"1270\" data-end=\"1281\">Format:<\/strong> Mini<\/p>\n<\/li>\n<li data-start=\"1289\" data-end=\"1343\">\n<p data-start=\"1291\" data-end=\"1343\"><strong data-start=\"1291\" data-end=\"1306\">Smakprofil:<\/strong> Passionsfrukt, Fruktig, Ljus tobak<\/p>\n<\/li>\n<li data-start=\"1344\" data-end=\"1366\">\n<p data-start=\"1346\" data-end=\"1366\"><strong data-start=\"1346\" data-end=\"1357\">Styrka:<\/strong> Normal<\/p>\n<\/li>\n<li data-start=\"1367\" data-end=\"1400\">\n<p data-start=\"1369\" data-end=\"1400\"><strong data-start=\"1369\" data-end=\"1392\">Nettovikt per dosa:<\/strong> 8,4 g<\/p>\n<\/li>\n<li data-start=\"1401\" data-end=\"1438\">\n<p data-start=\"1403\" data-end=\"1438\"><strong data-start=\"1403\" data-end=\"1430\">Antal prillor per dosa:<\/strong> 20 st<\/p>\n<\/li>\n<li data-start=\"1439\" data-end=\"1476\">\n<p data-start=\"1441\" data-end=\"1476\"><strong data-start=\"1441\" data-end=\"1464\">Nikotin per prilla:<\/strong> ca 3,5 mg<\/p>\n<\/li>\n<li data-start=\"1477\" data-end=\"1504\">\n<p data-start=\"1479\" data-end=\"1504\"><strong data-start=\"1479\" data-end=\"1492\">Fukthalt:<\/strong> ca 46,5 %<\/p>\n<\/li>\n<li data-start=\"1505\" data-end=\"1529\">\n<p data-start=\"1507\" data-end=\"1529\"><strong data-start=\"1507\" data-end=\"1520\">pH-v\u00e4rde:<\/strong> ca 8,6<\/p>\n<\/li>\n<li data-start=\"1530\" data-end=\"1564\">\n<p data-start=\"1532\" data-end=\"1564\"><strong data-start=\"1532\" data-end=\"1552\">Vikt per prilla:<\/strong> ca 0,42 g<\/p>\n<\/li>\n<\/ul>\n<hr data-start=\"1566\" data-end=\"1569\" \/>\n<h3 data-start=\"1571\" data-end=\"1614\">D\u00e4rf\u00f6r v\u00e4ljer m\u00e5nga Catch Passion Mini:<\/h3>\n<p data-start=\"1616\" data-end=\"1800\">\u2705 Tropisk och fr\u00e4sch smak av passionsfrukt<br data-start=\"1658\" data-end=\"1661\" \/>\u2705 Mini-format f\u00f6r diskret snusning<br data-start=\"1695\" data-end=\"1698\" \/>\u2705 L\u00e5g rinnighet \u2013 h\u00f6g komfort<br data-start=\"1727\" data-end=\"1730\" \/>\u2705 Uppdaterat recept med rundare smak<br data-start=\"1766\" data-end=\"1769\" \/>\u2705 Snabb leverans fr\u00e5n Veloop.se<\/p>\n<hr data-start=\"1802\" data-end=\"1805\" \/>\n<p data-start=\"1807\" data-end=\"1953\">Prova <strong data-start=\"1813\" data-end=\"1849\">Catch Passion White Portion Mini<\/strong> \u2013 en tropisk favorit i miniformat. Best\u00e4ll enkelt hos <strong data-start=\"1904\" data-end=\"1917\">Veloop.se<\/strong> och njut av b\u00e5de smak och kvalitet.<\/p>","protected":false},"excerpt":{"rendered":"<h1 class=\"mb-16 sm:mb-24\">Catch Passion White Portion Mini<\/h1>\n<h2 data-start=\"232\" data-end=\"304\">Catch Passion White Portion Mini \u2013 Tropisk fr\u00e4sch\u00f6r i diskret format<\/h2>\n<p><strong data-start=\"1978\" data-end=\"2014\">Catch Passion White Portion Mini<\/strong> erbjuder en fr\u00e4sch och tropisk smak av passionsfrukt i ett diskret mini-format. L\u00e5g rinnighet, mild tobakskarakt\u00e4r och uppdaterad fukthalt ger en fruktig och balanserad snusupplevelse.<br data-start=\"2199\" data-end=\"2202\" \/>\ud83d\udc49 Utforska fler <a class=\"\" href=\"https:\/\/snus-malmo.se\/sv\/white-portion\/\" target=\"_new\" rel=\"noopener\" data-start=\"2219\" data-end=\"2286\"><strong data-start=\"2220\" data-end=\"2251\">White Portion-produkter h\u00e4r<\/strong><\/a>.<\/p>","protected":false},"featured_media":61335,"comment_status":"open","ping_status":"closed","template":"","meta":[],"product_brand":[],"product_cat":[83,79,73,368,135],"product_tag":[],"class_list":{"0":"post-53671","1":"product","2":"type-product","3":"status-publish","4":"has-post-thumbnail","6":"product_cat-catch","7":"product_cat-mini-portion","8":"product_cat-portionssnus","9":"product_cat-snus-tobakssnus-traditionellt-snus","10":"product_cat-white-portion","12":"first","13":"instock","14":"taxable","15":"shipping-taxable","16":"purchasable","17":"product-type-variable"},"_links":{"self":[{"href":"https:\/\/snus-malmo.se\/sv\/wp-json\/wp\/v2\/product\/53671","targetHints":{"allow":["GET"]}}],"collection":[{"href":"https:\/\/snus-malmo.se\/sv\/wp-json\/wp\/v2\/product"}],"about":[{"href":"https:\/\/snus-malmo.se\/sv\/wp-json\/wp\/v2\/types\/product"}],"replies":[{"embeddable":true,"href":"https:\/\/snus-malmo.se\/sv\/wp-json\/wp\/v2\/comments?post=53671"}],"version-history":[{"count":0,"href":"https:\/\/snus-malmo.se\/sv\/wp-json\/wp\/v2\/product\/53671\/revisions"}],"wp:featuredmedia":[{"embeddable":true,"href":"https:\/\/snus-malmo.se\/sv\/wp-json\/wp\/v2\/media\/61335"}],"wp:attachment":[{"href":"https:\/\/snus-malmo.se\/sv\/wp-json\/wp\/v2\/media?parent=53671"}],"wp:term":[{"taxonomy":"product_brand","embeddable":true,"href":"https:\/\/snus-malmo.se\/sv\/wp-json\/wp\/v2\/product_brand?post=53671"},{"taxonomy":"product_cat","embeddable":true,"href":"https:\/\/snus-malmo.se\/sv\/wp-json\/wp\/v2\/product_cat?post=53671"},{"taxonomy":"product_tag","embeddable":true,"href":"https:\/\/snus-malmo.se\/sv\/wp-json\/wp\/v2\/product_tag?post=53671"}],"curies":[{"name":"wp","href":"https:\/\/api.w.org\/{rel}","templated":true}]}}