{"id":53674,"date":"2025-05-23T16:57:19","date_gmt":"2025-05-23T16:57:19","guid":{"rendered":"https:\/\/snus-malmo.se\/?post_type=product&#038;p=53674"},"modified":"2025-07-19T00:21:06","modified_gmt":"2025-07-19T00:21:06","slug":"catch-licorice-white-portion-mini","status":"publish","type":"product","link":"https:\/\/snus-malmo.se\/sv\/produkt\/catch-licorice-white-portion-mini\/","title":{"rendered":"Catch Licorice White Portion Mini"},"content":{"rendered":"<h1 class=\"mb-16 sm:mb-24\">Catch Licorice White Portion Mini<\/h1>\n<h2 data-start=\"239\" data-end=\"311\">Catch Licorice White Portion Mini \u2013 Diskret snus med lakritskarakt\u00e4r<\/h2>\n<p data-start=\"313\" data-end=\"674\">Letar du efter ett smakfullt mini-format med unik karakt\u00e4r? <strong data-start=\"373\" data-end=\"410\">Catch Licorice White Portion Mini<\/strong> kombinerar ljus tobakssmak med tydliga inslag av <strong data-start=\"460\" data-end=\"481\">lakrits och \u00f6rter<\/strong>, vilket skapar en elegant och vuxen smakprofil. Den vita portionen \u00e4r <strong data-start=\"552\" data-end=\"568\">torr p\u00e5 ytan<\/strong> och har <strong data-start=\"577\" data-end=\"593\">l\u00e5g fukthalt<\/strong>, vilket ger mindre rinnighet och en mer kontrollerad nikotinupplevelse \u00f6ver tid.<\/p>\n<p data-start=\"676\" data-end=\"974\">Med sin <strong data-start=\"684\" data-end=\"708\">uppdaterade receptur<\/strong> \u00e4r Catch Licorice Mini en f\u00f6rb\u00e4ttrad version av en klassiker \u2013 nu med en <strong data-start=\"782\" data-end=\"803\">mildare tobaksbas<\/strong> och f\u00f6rb\u00e4ttrad smakbalans. Denna produkt har en <strong data-start=\"852\" data-end=\"876\">normal nikotinstyrka<\/strong> och passar dig som uppskattar en lite mer sofistikerad smak i ett <strong data-start=\"943\" data-end=\"973\">diskret och smidigt format<\/strong>.<\/p>\n<p data-start=\"976\" data-end=\"1132\">Catch Licorice \u00e4r ett popul\u00e4rt val bland snusare som f\u00f6redrar <strong data-start=\"1038\" data-end=\"1053\">lakritssmak<\/strong> utan att det tar \u00f6ver \u2013 perfekt f\u00f6r b\u00e5de vardagsbruk och speciella tillf\u00e4llen.<\/p>\n<p data-start=\"1134\" data-end=\"1239\">\ud83d\udfe3 <em data-start=\"1137\" data-end=\"1168\">Utforska fler alternativ inom<\/em> <a class=\"\" href=\"https:\/\/snus-malmo.se\/sv\/white-portion\/\" target=\"_new\" rel=\"noopener\" data-start=\"1169\" data-end=\"1222\"><strong data-start=\"1170\" data-end=\"1187\">White Portion<\/strong><\/a> <em data-start=\"1223\" data-end=\"1239\">hos Veloop.se.<\/em><\/p>\n<hr data-start=\"1241\" data-end=\"1244\" \/>\n<h3 data-start=\"1246\" data-end=\"1270\">Produktinformation:<\/h3>\n<ul data-start=\"1272\" data-end=\"1619\">\n<li data-start=\"1272\" data-end=\"1296\">\n<p data-start=\"1274\" data-end=\"1296\"><strong data-start=\"1274\" data-end=\"1288\">Varum\u00e4rke:<\/strong> Catch<\/p>\n<\/li>\n<li data-start=\"1297\" data-end=\"1330\">\n<p data-start=\"1299\" data-end=\"1330\"><strong data-start=\"1299\" data-end=\"1314\">Produkttyp:<\/strong> White Portion<\/p>\n<\/li>\n<li data-start=\"1331\" data-end=\"1351\">\n<p data-start=\"1333\" data-end=\"1351\"><strong data-start=\"1333\" data-end=\"1344\">Format:<\/strong> Mini<\/p>\n<\/li>\n<li data-start=\"1352\" data-end=\"1398\">\n<p data-start=\"1354\" data-end=\"1398\"><strong data-start=\"1354\" data-end=\"1369\">Smakprofil:<\/strong> Lakrits, \u00d6rtig, Ljus tobak<\/p>\n<\/li>\n<li data-start=\"1399\" data-end=\"1421\">\n<p data-start=\"1401\" data-end=\"1421\"><strong data-start=\"1401\" data-end=\"1412\">Styrka:<\/strong> Normal<\/p>\n<\/li>\n<li data-start=\"1422\" data-end=\"1455\">\n<p data-start=\"1424\" data-end=\"1455\"><strong data-start=\"1424\" data-end=\"1447\">Nettovikt per dosa:<\/strong> 8,4 g<\/p>\n<\/li>\n<li data-start=\"1456\" data-end=\"1493\">\n<p data-start=\"1458\" data-end=\"1493\"><strong data-start=\"1458\" data-end=\"1485\">Antal prillor per dosa:<\/strong> 20 st<\/p>\n<\/li>\n<li data-start=\"1494\" data-end=\"1531\">\n<p data-start=\"1496\" data-end=\"1531\"><strong data-start=\"1496\" data-end=\"1519\">Nikotin per prilla:<\/strong> ca 3,5 mg<\/p>\n<\/li>\n<li data-start=\"1532\" data-end=\"1559\">\n<p data-start=\"1534\" data-end=\"1559\"><strong data-start=\"1534\" data-end=\"1547\">Fukthalt:<\/strong> ca 46,5 %<\/p>\n<\/li>\n<li data-start=\"1560\" data-end=\"1584\">\n<p data-start=\"1562\" data-end=\"1584\"><strong data-start=\"1562\" data-end=\"1575\">pH-v\u00e4rde:<\/strong> ca 8,6<\/p>\n<\/li>\n<li data-start=\"1585\" data-end=\"1619\">\n<p data-start=\"1587\" data-end=\"1619\"><strong data-start=\"1587\" data-end=\"1607\">Vikt per prilla:<\/strong> ca 0,42 g<\/p>\n<\/li>\n<\/ul>\n<hr data-start=\"1621\" data-end=\"1624\" \/>\n<h3 data-start=\"1626\" data-end=\"1663\">Varf\u00f6r v\u00e4lja Catch Licorice Mini?<\/h3>\n<p data-start=\"1665\" data-end=\"1852\">\u2705 Elegant lakritssmak i mini-format<br data-start=\"1700\" data-end=\"1703\" \/>\u2705 L\u00e5g rinnighet och f\u00f6rb\u00e4ttrad fukthalt<br data-start=\"1742\" data-end=\"1745\" \/>\u2705 Mildare tobak f\u00f6r rundare smak<br data-start=\"1777\" data-end=\"1780\" \/>\u2705 Diskret prilla \u2013 perfekt p\u00e5 spr\u00e5ng<br data-start=\"1816\" data-end=\"1819\" \/>\u2705 Levereras snabbt fr\u00e5n Veloop.se<\/p>\n<hr data-start=\"1854\" data-end=\"1857\" \/>\n<p data-start=\"1859\" data-end=\"2074\">Uppt\u00e4ck <strong data-start=\"1867\" data-end=\"1904\">Catch Licorice White Portion Mini<\/strong> p\u00e5 <strong data-start=\"1908\" data-end=\"1921\">Veloop.se<\/strong> \u2013 f\u00f6r dig som vill kombinera <strong data-start=\"1951\" data-end=\"2001\">smakrik lakrits med ett litet, stilrent format<\/strong>. Vi erbjuder snabb leverans, s\u00e4kra betalningar och f\u00f6rstklassig service.<\/p>","protected":false},"excerpt":{"rendered":"<h1 class=\"mb-16 sm:mb-24\">Catch Licorice White Portion Mini<\/h1>\n<h2 data-start=\"239\" data-end=\"311\">Catch Licorice White Portion Mini \u2013 Diskret snus med lakritskarakt\u00e4r<\/h2>\n<p><strong data-start=\"2099\" data-end=\"2136\">Catch Licorice White Portion Mini<\/strong> \u00e4r en elegant mini-prilla med ljus tobakskarakt\u00e4r och inslag av lakrits och \u00f6rter. Diskret format, l\u00e5g rinnighet och en balanserad smakprofil g\u00f6r den till en favorit bland lakrits\u00e4lskare.<br data-start=\"2324\" data-end=\"2327\" \/>\ud83d\udc49 Se fler <a class=\"\" href=\"https:\/\/snus-malmo.se\/sv\/white-portion\/\" target=\"_new\" rel=\"noopener\" data-start=\"2338\" data-end=\"2405\"><strong data-start=\"2339\" data-end=\"2370\">White Portion-produkter h\u00e4r<\/strong><\/a>.<\/p>","protected":false},"featured_media":61330,"comment_status":"open","ping_status":"closed","template":"","meta":[],"product_brand":[],"product_cat":[83,79,73,368,135],"product_tag":[],"class_list":{"0":"post-53674","1":"product","2":"type-product","3":"status-publish","4":"has-post-thumbnail","6":"product_cat-catch","7":"product_cat-mini-portion","8":"product_cat-portionssnus","9":"product_cat-snus-tobakssnus-traditionellt-snus","10":"product_cat-white-portion","12":"first","13":"instock","14":"taxable","15":"shipping-taxable","16":"purchasable","17":"product-type-variable"},"_links":{"self":[{"href":"https:\/\/snus-malmo.se\/sv\/wp-json\/wp\/v2\/product\/53674","targetHints":{"allow":["GET"]}}],"collection":[{"href":"https:\/\/snus-malmo.se\/sv\/wp-json\/wp\/v2\/product"}],"about":[{"href":"https:\/\/snus-malmo.se\/sv\/wp-json\/wp\/v2\/types\/product"}],"replies":[{"embeddable":true,"href":"https:\/\/snus-malmo.se\/sv\/wp-json\/wp\/v2\/comments?post=53674"}],"version-history":[{"count":0,"href":"https:\/\/snus-malmo.se\/sv\/wp-json\/wp\/v2\/product\/53674\/revisions"}],"wp:featuredmedia":[{"embeddable":true,"href":"https:\/\/snus-malmo.se\/sv\/wp-json\/wp\/v2\/media\/61330"}],"wp:attachment":[{"href":"https:\/\/snus-malmo.se\/sv\/wp-json\/wp\/v2\/media?parent=53674"}],"wp:term":[{"taxonomy":"product_brand","embeddable":true,"href":"https:\/\/snus-malmo.se\/sv\/wp-json\/wp\/v2\/product_brand?post=53674"},{"taxonomy":"product_cat","embeddable":true,"href":"https:\/\/snus-malmo.se\/sv\/wp-json\/wp\/v2\/product_cat?post=53674"},{"taxonomy":"product_tag","embeddable":true,"href":"https:\/\/snus-malmo.se\/sv\/wp-json\/wp\/v2\/product_tag?post=53674"}],"curies":[{"name":"wp","href":"https:\/\/api.w.org\/{rel}","templated":true}]}}