{"id":53680,"date":"2025-05-23T16:57:20","date_gmt":"2025-05-23T16:57:20","guid":{"rendered":"https:\/\/snus-malmo.se\/?post_type=product&#038;p=53680"},"modified":"2025-07-23T23:38:20","modified_gmt":"2025-07-23T23:38:20","slug":"goteborgs-rape-white-portion-strong","status":"publish","type":"product","link":"https:\/\/snus-malmo.se\/sv\/produkt\/goteborgs-rape-white-portion-strong\/","title":{"rendered":"G\u00f6teborgs Rap\u00e9 White Portion Strong"},"content":{"rendered":"<h1 class=\"mb-16 sm:mb-24\">G\u00f6teborgs Rap\u00e9 White Portion Strong<\/h1>\n<h2 data-start=\"257\" data-end=\"333\">G\u00f6teborgs Rap\u00e9 White Portion Strong \u2013 Klassisk smak med kraftfull styrka<\/h2>\n<p data-start=\"335\" data-end=\"705\"><strong data-start=\"335\" data-end=\"374\">G\u00f6teborgs Rap\u00e9 White Portion Strong<\/strong> kombinerar den <strong data-start=\"390\" data-end=\"421\">v\u00e4lk\u00e4nda friska Rap\u00e9-smaken<\/strong> med en <strong data-start=\"429\" data-end=\"452\">h\u00f6gre nikotinstyrka<\/strong>, perfekt f\u00f6r dig som vill ha <strong data-start=\"482\" data-end=\"510\">mer tryck i varje prilla<\/strong> utan att kompromissa med smak eller kvalitet. Den ljusa tobakskarakt\u00e4ren kompletteras med <strong data-start=\"601\" data-end=\"647\">nyanser av lavendel, enb\u00e4r, tr\u00e4 och citrus<\/strong>, vilket ger en fr\u00e4sch, kryddig och balanserad upplevelse.<\/p>\n<p data-start=\"707\" data-end=\"956\">Detta \u00e4r ett <strong data-start=\"720\" data-end=\"742\">white portion-snus<\/strong> med torrare yta, vilket g\u00f6r att prillorna <strong data-start=\"785\" data-end=\"802\">rinner mindre<\/strong> och sitter <strong data-start=\"814\" data-end=\"838\">diskret under l\u00e4ppen<\/strong>. Inuti \u00e4r de l\u00e4tt fuktade, vilket ger <strong data-start=\"877\" data-end=\"911\">j\u00e4mn och l\u00e5ngvarig smakrelease<\/strong> tillsammans med en starkare nikotinleverans.<\/p>\n<p data-start=\"958\" data-end=\"1171\">G\u00f6teborgs Rap\u00e9 Strong \u00e4r det perfekta valet f\u00f6r den erfarna snusaren som uppskattar klassisk svensk smak men vill ha <strong data-start=\"1075\" data-end=\"1112\">extra styrka och l\u00e5ngvarig effekt<\/strong> \u2013 allt f\u00f6rpackat i ett diskret och bekv\u00e4mt portionsformat.<\/p>\n<p data-start=\"1173\" data-end=\"1301\">\ud83d\udfe6 Vill du se fler starka vita snusprodukter? Utforska v\u00e5rt <a class=\"\" href=\"https:\/\/snus-malmo.se\/sv\/white-portion\/\" target=\"_new\" rel=\"noopener\" data-start=\"1233\" data-end=\"1300\"><strong data-start=\"1234\" data-end=\"1265\">White Portion-sortiment h\u00e4r<\/strong><\/a>.<\/p>\n<hr data-start=\"1303\" data-end=\"1306\" \/>\n<h3 data-start=\"1308\" data-end=\"1332\">Produktinformation:<\/h3>\n<ul data-start=\"1334\" data-end=\"1702\">\n<li data-start=\"1334\" data-end=\"1367\">\n<p data-start=\"1336\" data-end=\"1367\"><strong data-start=\"1336\" data-end=\"1350\">Varum\u00e4rke:<\/strong> G\u00f6teborgs Rap\u00e9<\/p>\n<\/li>\n<li data-start=\"1368\" data-end=\"1401\">\n<p data-start=\"1370\" data-end=\"1401\"><strong data-start=\"1370\" data-end=\"1385\">Produkttyp:<\/strong> White Portion<\/p>\n<\/li>\n<li data-start=\"1402\" data-end=\"1426\">\n<p data-start=\"1404\" data-end=\"1426\"><strong data-start=\"1404\" data-end=\"1415\">Format:<\/strong> Original<\/p>\n<\/li>\n<li data-start=\"1427\" data-end=\"1477\">\n<p data-start=\"1429\" data-end=\"1477\"><strong data-start=\"1429\" data-end=\"1444\">Smakprofil:<\/strong> Tobak, Enb\u00e4r, Lavendel, Citrus<\/p>\n<\/li>\n<li data-start=\"1478\" data-end=\"1499\">\n<p data-start=\"1480\" data-end=\"1499\"><strong data-start=\"1480\" data-end=\"1491\">Styrka:<\/strong> Stark<\/p>\n<\/li>\n<li data-start=\"1500\" data-end=\"1529\">\n<p data-start=\"1502\" data-end=\"1529\"><strong data-start=\"1502\" data-end=\"1518\">Nikotinhalt:<\/strong> ca 1,2 %<\/p>\n<\/li>\n<li data-start=\"1530\" data-end=\"1569\">\n<p data-start=\"1532\" data-end=\"1569\"><strong data-start=\"1532\" data-end=\"1555\">Nikotin per prilla:<\/strong> ca 11\u201313 mg<\/p>\n<\/li>\n<li data-start=\"1570\" data-end=\"1610\">\n<p data-start=\"1572\" data-end=\"1610\"><strong data-start=\"1572\" data-end=\"1599\">Antal prillor per dosa:<\/strong> ca 20 st<\/p>\n<\/li>\n<li data-start=\"1611\" data-end=\"1636\">\n<p data-start=\"1613\" data-end=\"1636\"><strong data-start=\"1613\" data-end=\"1626\">Fukthalt:<\/strong> ca 45 %<\/p>\n<\/li>\n<li data-start=\"1637\" data-end=\"1670\">\n<p data-start=\"1639\" data-end=\"1670\"><strong data-start=\"1639\" data-end=\"1659\">Vikt per prilla:<\/strong> ca 0,8 g<\/p>\n<\/li>\n<li data-start=\"1671\" data-end=\"1702\">\n<p data-start=\"1673\" data-end=\"1702\"><strong data-start=\"1673\" data-end=\"1692\">Nettovikt\/dosa:<\/strong> ca 16 g<\/p>\n<\/li>\n<\/ul>\n<hr data-start=\"1704\" data-end=\"1707\" \/>\n<h3 data-start=\"1709\" data-end=\"1771\">D\u00e4rf\u00f6r v\u00e4ljer snusare G\u00f6teborgs Rap\u00e9 White Portion Strong:<\/h3>\n<p data-start=\"1773\" data-end=\"1999\">\u2705 Klassisk Rap\u00e9-smak med starkare nikotinleverans<br data-start=\"1822\" data-end=\"1825\" \/>\u2705 White portion \u2013 l\u00e5g rinnighet och diskret anv\u00e4ndning<br data-start=\"1879\" data-end=\"1882\" \/>\u2705 Balanserad smakprofil med enb\u00e4r och citrus<br data-start=\"1926\" data-end=\"1929\" \/>\u2705 Perfekt f\u00f6r vana snusare<br data-start=\"1955\" data-end=\"1958\" \/>\u2705 Trygg och snabb leverans fr\u00e5n Veloop.se<\/p>\n<hr data-start=\"2001\" data-end=\"2004\" \/>\n<p data-start=\"2006\" data-end=\"2129\">Best\u00e4ll <strong data-start=\"2014\" data-end=\"2053\">G\u00f6teborgs Rap\u00e9 White Portion Strong<\/strong> fr\u00e5n <strong data-start=\"2059\" data-end=\"2072\">Veloop.se<\/strong> \u2013 stark klassiker med fr\u00e4sch karakt\u00e4r och tydlig effekt.<\/p>","protected":false},"excerpt":{"rendered":"<h1 class=\"mb-16 sm:mb-24\">G\u00f6teborgs Rap\u00e9 White Portion Strong<\/h1>\n<h2 data-start=\"257\" data-end=\"333\">G\u00f6teborgs Rap\u00e9 White Portion Strong \u2013 Klassisk smak med kraftfull styrka<\/h2>\n<p><strong data-start=\"2154\" data-end=\"2193\">G\u00f6teborgs Rap\u00e9 White Portion Strong<\/strong> \u00e4r ett klassiskt snus med extra styrka. En fr\u00e4sch tolkning av en svensk ikon \u2013 nu med h\u00f6gre nikotinhalt.<br data-start=\"2298\" data-end=\"2301\" \/>\ud83d\udc49 Uppt\u00e4ck fler <a class=\"\" href=\"https:\/\/snus-malmo.se\/sv\/white-portion\/\" target=\"_new\" rel=\"noopener\" data-start=\"2317\" data-end=\"2384\"><strong data-start=\"2318\" data-end=\"2349\">White Portion-produkter h\u00e4r<\/strong><\/a>.<\/p>","protected":false},"featured_media":61398,"comment_status":"open","ping_status":"closed","template":"","meta":[],"product_brand":[365],"product_cat":[292,73,368,354,135],"product_tag":[],"class_list":{"0":"post-53680","1":"product","2":"type-product","3":"status-publish","4":"has-post-thumbnail","6":"product_brand-gteborgs-rap","7":"product_cat-goteborgsrape","8":"product_cat-portionssnus","9":"product_cat-snus-tobakssnus-traditionellt-snus","10":"product_cat-strongstark","11":"product_cat-white-portion","13":"first","14":"instock","15":"taxable","16":"shipping-taxable","17":"purchasable","18":"product-type-variable"},"_links":{"self":[{"href":"https:\/\/snus-malmo.se\/sv\/wp-json\/wp\/v2\/product\/53680","targetHints":{"allow":["GET"]}}],"collection":[{"href":"https:\/\/snus-malmo.se\/sv\/wp-json\/wp\/v2\/product"}],"about":[{"href":"https:\/\/snus-malmo.se\/sv\/wp-json\/wp\/v2\/types\/product"}],"replies":[{"embeddable":true,"href":"https:\/\/snus-malmo.se\/sv\/wp-json\/wp\/v2\/comments?post=53680"}],"version-history":[{"count":0,"href":"https:\/\/snus-malmo.se\/sv\/wp-json\/wp\/v2\/product\/53680\/revisions"}],"wp:featuredmedia":[{"embeddable":true,"href":"https:\/\/snus-malmo.se\/sv\/wp-json\/wp\/v2\/media\/61398"}],"wp:attachment":[{"href":"https:\/\/snus-malmo.se\/sv\/wp-json\/wp\/v2\/media?parent=53680"}],"wp:term":[{"taxonomy":"product_brand","embeddable":true,"href":"https:\/\/snus-malmo.se\/sv\/wp-json\/wp\/v2\/product_brand?post=53680"},{"taxonomy":"product_cat","embeddable":true,"href":"https:\/\/snus-malmo.se\/sv\/wp-json\/wp\/v2\/product_cat?post=53680"},{"taxonomy":"product_tag","embeddable":true,"href":"https:\/\/snus-malmo.se\/sv\/wp-json\/wp\/v2\/product_tag?post=53680"}],"curies":[{"name":"wp","href":"https:\/\/api.w.org\/{rel}","templated":true}]}}