{"id":53730,"date":"2025-05-23T16:57:23","date_gmt":"2025-05-23T16:57:23","guid":{"rendered":"https:\/\/snus-malmo.se\/?post_type=product&#038;p=53730"},"modified":"2025-07-25T15:05:21","modified_gmt":"2025-07-25T15:05:21","slug":"noto-cedar-3","status":"publish","type":"product","link":"https:\/\/snus-malmo.se\/sv\/produkt\/noto-cedar-3\/","title":{"rendered":"NOTO Cedar #3"},"content":{"rendered":"<div class=\"product__description rte quick-add-hidden\">\n<article class=\"product-text\">NOTO Cedar #3 \u00e4r ett produktval fr\u00e5n NOTO varum\u00e4rket med en smakorientering mot kryddor och en styrka som betecknas som stark. NOTO Cedar #3 kommer i slim-format och har 20 portioner per dosa. Det \u00e4r klassificerat som vitt snus.<\/p>\n<\/article>\n<div class=\"buy-pane\">\n<div class=\"tab-content buy-tabs-content\">\n<div id=\"buy\" class=\"tab-pane active\">\n<div>\n<div class=\"variants list\">\n<h2>Om produkten NOTO Cedar #3<\/h2>\n<p>NOTO Cedar #3 \u00e4r en vara som tillh\u00f6r varum\u00e4rket NOTO och produceras av Habit Factory In Sweden AB. Denna produkt \u00e4r ett vitt snus och dess format \u00e4r ansatt som slim. NOTO Cedar #3 inneh\u00e5ller inte tobak men inkluderar nikotin. Styrkan klassificeras som stark.<\/p>\n<h2>Information om NOTO Cedar #3: Smak &amp; Styrka<\/h2>\n<p>NOTO Cedar #3 \u00e4r ett produktalternativ inom kategorin vitt snus och har en smakprofil som inkluderar kryddor. Produktens format specificeras ocks\u00e5 som slim. Dess styrka \u00e4r definierad som stark, utifr\u00e5n en nikotinkoncentration p\u00e5 8,4 mg per portion och 12,0 mg\/g.<\/p>\n<h3>Detaljerad data om NOTO Cedar #3:<\/h3>\n<ul>\n<li>Klassificering: Vitt snus<\/li>\n<li>Smakgrupp: Kryddor<\/li>\n<li>Styrka: Stark<\/li>\n<li>Producent: Habit Factory In Sweden AB<\/li>\n<li>Nikotininhalt Mg\/portion: 8,4<\/li>\n<li>Antal portioner per dosa: 20<\/li>\n<\/ul>\n<h3>yttterligare information om NOTO<\/h3>\n<p>NOTO \u00e4r ett m\u00e4rke vars produkter \u00e4r grupperade inom kategorin vitt snus. NOTO erbjuder produkter som \u00e4r tobaksfria men inkluderar nikotin, vilket ger alternativ f\u00f6r de som s\u00f6ker nikotinvaror med olika styrkor och smaker.<\/p>\n<\/div>\n<\/div>\n<\/div>\n<\/div>\n<\/div>\n<\/div>\n<p>&nbsp;<\/p>","protected":false},"excerpt":{"rendered":"<article class=\"product-text\">NOTO Cedar #3 \u00e4r ett produktval fr\u00e5n NOTO varum\u00e4rket med en smakorientering mot kryddor och en styrka som betecknas som stark. NOTO Cedar #3 kommer i slim-format och har 20 portioner per dosa. Det \u00e4r klassificerat som vitt snus.<\/p>\n<\/article>\n<div class=\"buy-pane\">\n<div class=\"tab-content buy-tabs-content\">\n<div id=\"buy\" class=\"tab-pane active\">\n<div>\n<div class=\"variants list\">\n<h2>Om produkten NOTO Cedar #3<\/h2>\n<p>NOTO Cedar #3 \u00e4r en vara som tillh\u00f6r varum\u00e4rket NOTO och produceras av Habit Factory In Sweden AB. Denna produkt \u00e4r ett vitt snus och dess format \u00e4r ansatt som slim. NOTO Cedar #3 inneh\u00e5ller inte tobak men inkluderar nikotin. Styrkan klassificeras som stark.<\/p>\n<\/div>\n<\/div>\n<\/div>\n<\/div>\n<\/div>","protected":false},"featured_media":17909,"comment_status":"open","ping_status":"closed","template":"","meta":[],"product_brand":[],"product_cat":[135],"product_tag":[],"class_list":{"0":"post-53730","1":"product","2":"type-product","3":"status-publish","4":"has-post-thumbnail","6":"product_cat-white-portion","8":"first","9":"instock","10":"taxable","11":"shipping-taxable","12":"purchasable","13":"product-type-variable"},"_links":{"self":[{"href":"https:\/\/snus-malmo.se\/sv\/wp-json\/wp\/v2\/product\/53730","targetHints":{"allow":["GET"]}}],"collection":[{"href":"https:\/\/snus-malmo.se\/sv\/wp-json\/wp\/v2\/product"}],"about":[{"href":"https:\/\/snus-malmo.se\/sv\/wp-json\/wp\/v2\/types\/product"}],"replies":[{"embeddable":true,"href":"https:\/\/snus-malmo.se\/sv\/wp-json\/wp\/v2\/comments?post=53730"}],"version-history":[{"count":0,"href":"https:\/\/snus-malmo.se\/sv\/wp-json\/wp\/v2\/product\/53730\/revisions"}],"wp:featuredmedia":[{"embeddable":true,"href":"https:\/\/snus-malmo.se\/sv\/wp-json\/wp\/v2\/media\/17909"}],"wp:attachment":[{"href":"https:\/\/snus-malmo.se\/sv\/wp-json\/wp\/v2\/media?parent=53730"}],"wp:term":[{"taxonomy":"product_brand","embeddable":true,"href":"https:\/\/snus-malmo.se\/sv\/wp-json\/wp\/v2\/product_brand?post=53730"},{"taxonomy":"product_cat","embeddable":true,"href":"https:\/\/snus-malmo.se\/sv\/wp-json\/wp\/v2\/product_cat?post=53730"},{"taxonomy":"product_tag","embeddable":true,"href":"https:\/\/snus-malmo.se\/sv\/wp-json\/wp\/v2\/product_tag?post=53730"}],"curies":[{"name":"wp","href":"https:\/\/api.w.org\/{rel}","templated":true}]}}