{"id":53744,"date":"2025-05-23T16:57:25","date_gmt":"2025-05-23T16:57:25","guid":{"rendered":"https:\/\/snus-malmo.se\/?post_type=product&#038;p=53744"},"modified":"2025-07-25T15:04:58","modified_gmt":"2025-07-25T15:04:58","slug":"noto-bergamia-3","status":"publish","type":"product","link":"https:\/\/snus-malmo.se\/sv\/produkt\/noto-bergamia-3\/","title":{"rendered":"NOTO Bergamia #3"},"content":{"rendered":"<div class=\"product__description rte quick-add-hidden\">\n<article class=\"product-text\">NOTO Bergamia #3 har en te-smak, kommer i slimformat och inneh\u00e5ller 20 prillor per dosa. Detta \u00e4r en tobaksfri snusprodukt under varum\u00e4rket NOTO.<\/p>\n<\/article>\n<div class=\"buy-pane\">\n<div class=\"tab-content buy-tabs-content\">\n<div id=\"buy\" class=\"tab-pane active\">\n<div>\n<div class=\"variants list\">\n<h2>Om produkten NOTO Bergamia #3<\/h2>\n<p>NOTO Bergamia #3 \u00e4r en tobaksfri produkt av typen vitt snus i slimformat. Detta \u00e4r en produkt under varum\u00e4rket NOTO, tillverkad av Habit Factory In Sweden AB.<\/p>\n<h2>NOTO Bergamia #3: Smak och Nikotininhalt<\/h2>\n<p>NOTO Bergamia #3 \u00e4r vitt snus i slimformat. Huvudingrediensen f\u00f6r smaken \u00e4r te. Nikotinhalten \u00e4r 8,4 mg\/prilla och 12,0 mg\/g.<\/p>\n<h3>Format: Slim<\/h3>\n<p>NOTO Bergamia #3 levereras i slimformat. Detta format \u00e4r ett alternativ till traditionella snusformat.<\/p>\n<h3>Information om NOTO Bergamia #3:<\/h3>\n<ul>\n<li>Kategori: Vitt snus<\/li>\n<li>Smaksegment: Te<\/li>\n<li>Nikotininhalt Mg\/prilla: 8,4<\/li>\n<li>Tillverkare: Habit Factory In Sweden AB<\/li>\n<li>Antal prillor per dosa: 20<\/li>\n<\/ul>\n<h3>Information om NOTO<\/h3>\n<p>NOTO \u00e4r ett varum\u00e4rke med fokus p\u00e5 att tillverka snusprodukter, tobaksfria. Dessa produkter tillverkas av Habit Factory In Sweden AB.<\/p>\n<\/div>\n<\/div>\n<\/div>\n<\/div>\n<\/div>\n<\/div>\n<p>&nbsp;<\/p>","protected":false},"excerpt":{"rendered":"<article class=\"product-text\">NOTO Bergamia #3 har en te-smak, kommer i slimformat och inneh\u00e5ller 20 prillor per dosa. Detta \u00e4r en tobaksfri snusprodukt under varum\u00e4rket NOTO.<\/p>\n<\/article>\n<div class=\"buy-pane\">\n<div class=\"tab-content buy-tabs-content\">\n<div id=\"buy\" class=\"tab-pane active\">\n<div>\n<div class=\"variants list\">\n<h2>Om produkten NOTO Bergamia #3<\/h2>\n<p>NOTO Bergamia #3 \u00e4r en tobaksfri produkt av typen vitt snus i slimformat. Detta \u00e4r en produkt under varum\u00e4rket NOTO, tillverkad av Habit Factory In Sweden AB.<\/p>\n<\/div>\n<\/div>\n<\/div>\n<\/div>\n<\/div>","protected":false},"featured_media":17916,"comment_status":"open","ping_status":"closed","template":"","meta":[],"product_brand":[],"product_cat":[135],"product_tag":[],"class_list":{"0":"post-53744","1":"product","2":"type-product","3":"status-publish","4":"has-post-thumbnail","6":"product_cat-white-portion","8":"first","9":"instock","10":"taxable","11":"shipping-taxable","12":"purchasable","13":"product-type-variable"},"_links":{"self":[{"href":"https:\/\/snus-malmo.se\/sv\/wp-json\/wp\/v2\/product\/53744","targetHints":{"allow":["GET"]}}],"collection":[{"href":"https:\/\/snus-malmo.se\/sv\/wp-json\/wp\/v2\/product"}],"about":[{"href":"https:\/\/snus-malmo.se\/sv\/wp-json\/wp\/v2\/types\/product"}],"replies":[{"embeddable":true,"href":"https:\/\/snus-malmo.se\/sv\/wp-json\/wp\/v2\/comments?post=53744"}],"version-history":[{"count":0,"href":"https:\/\/snus-malmo.se\/sv\/wp-json\/wp\/v2\/product\/53744\/revisions"}],"wp:featuredmedia":[{"embeddable":true,"href":"https:\/\/snus-malmo.se\/sv\/wp-json\/wp\/v2\/media\/17916"}],"wp:attachment":[{"href":"https:\/\/snus-malmo.se\/sv\/wp-json\/wp\/v2\/media?parent=53744"}],"wp:term":[{"taxonomy":"product_brand","embeddable":true,"href":"https:\/\/snus-malmo.se\/sv\/wp-json\/wp\/v2\/product_brand?post=53744"},{"taxonomy":"product_cat","embeddable":true,"href":"https:\/\/snus-malmo.se\/sv\/wp-json\/wp\/v2\/product_cat?post=53744"},{"taxonomy":"product_tag","embeddable":true,"href":"https:\/\/snus-malmo.se\/sv\/wp-json\/wp\/v2\/product_tag?post=53744"}],"curies":[{"name":"wp","href":"https:\/\/api.w.org\/{rel}","templated":true}]}}