{"id":53790,"date":"2025-05-23T16:57:28","date_gmt":"2025-05-23T16:57:28","guid":{"rendered":"https:\/\/snus-malmo.se\/?post_type=product&#038;p=53790"},"modified":"2025-07-23T22:18:34","modified_gmt":"2025-07-23T22:18:34","slug":"general-voyage-brooklyn-white-portion","status":"publish","type":"product","link":"https:\/\/snus-malmo.se\/sv\/produkt\/general-voyage-brooklyn-white-portion\/","title":{"rendered":"General Voyage Brooklyn White Portion"},"content":{"rendered":"<h1 class=\"mb-16 sm:mb-24\">General Voyage Brooklyn White Portion<\/h1>\n<h2 data-start=\"266\" data-end=\"355\">General Voyage Brooklyn White Portion \u2013 Amerikainspirerad smakresa i klassiskt format<\/h2>\n<p data-start=\"357\" data-end=\"684\"><strong data-start=\"357\" data-end=\"398\">General Voyage Brooklyn White Portion<\/strong> \u00e4r en <strong data-start=\"405\" data-end=\"435\">modern tolkning av General<\/strong> med inspiration h\u00e4mtad fr\u00e5n Brooklyn, New York. Med en <strong data-start=\"491\" data-end=\"572\">nyanserad och fr\u00e4sch smakprofil av citrus, peppar, \u00f6rter och en l\u00e4tt r\u00f6kighet<\/strong> kombinerar denna vita portion <strong data-start=\"603\" data-end=\"683\">det klassiska svenska snusarvet med urban karakt\u00e4r och internationell k\u00e4nsla<\/strong>.<\/p>\n<p data-start=\"686\" data-end=\"969\">Den vita portionen har en <strong data-start=\"712\" data-end=\"742\">torr yta och fuktig insida<\/strong>, vilket ger <strong data-start=\"755\" data-end=\"798\">l\u00e5g rinnighet och l\u00e5ngvarig smakrelease<\/strong>. Formatet passar utm\u00e4rkt f\u00f6r dig som vill ha en <strong data-start=\"847\" data-end=\"907\">diskret prilla med balanserad styrka och fr\u00e4sch karakt\u00e4r<\/strong>, samtidigt som du upplever n\u00e5got nytt och unikt fr\u00e5n General.<\/p>\n<p data-start=\"971\" data-end=\"1108\">\ud83d\udfe6 Vill du utforska fler smaker i vitt portionsformat? Kolla in v\u00e5rt <a class=\"\" href=\"https:\/\/snus-malmo.se\/sv\/white-portion\/\" target=\"_new\" rel=\"noopener\" data-start=\"1040\" data-end=\"1107\"><strong data-start=\"1041\" data-end=\"1072\">White Portion-sortiment h\u00e4r<\/strong><\/a>.<\/p>\n<hr data-start=\"1110\" data-end=\"1113\" \/>\n<h3 data-start=\"1115\" data-end=\"1139\">Produktinformation:<\/h3>\n<ul data-start=\"1141\" data-end=\"1503\">\n<li data-start=\"1141\" data-end=\"1167\">\n<p data-start=\"1143\" data-end=\"1167\"><strong data-start=\"1143\" data-end=\"1157\">Varum\u00e4rke:<\/strong> General<\/p>\n<\/li>\n<li data-start=\"1168\" data-end=\"1201\">\n<p data-start=\"1170\" data-end=\"1201\"><strong data-start=\"1170\" data-end=\"1185\">Produkttyp:<\/strong> White Portion<\/p>\n<\/li>\n<li data-start=\"1202\" data-end=\"1224\">\n<p data-start=\"1204\" data-end=\"1224\"><strong data-start=\"1204\" data-end=\"1215\">Format:<\/strong> Normal<\/p>\n<\/li>\n<li data-start=\"1225\" data-end=\"1281\">\n<p data-start=\"1227\" data-end=\"1281\"><strong data-start=\"1227\" data-end=\"1242\">Smakprofil:<\/strong> Citrus, Peppar, \u00d6rter, L\u00e4tt r\u00f6kighet<\/p>\n<\/li>\n<li data-start=\"1282\" data-end=\"1304\">\n<p data-start=\"1284\" data-end=\"1304\"><strong data-start=\"1284\" data-end=\"1295\">Styrka:<\/strong> Normal<\/p>\n<\/li>\n<li data-start=\"1305\" data-end=\"1334\">\n<p data-start=\"1307\" data-end=\"1334\"><strong data-start=\"1307\" data-end=\"1323\">Nikotinhalt:<\/strong> ca 0,8 %<\/p>\n<\/li>\n<li data-start=\"1335\" data-end=\"1370\">\n<p data-start=\"1337\" data-end=\"1370\"><strong data-start=\"1337\" data-end=\"1360\">Nikotin per prilla:<\/strong> ca 8 mg<\/p>\n<\/li>\n<li data-start=\"1371\" data-end=\"1411\">\n<p data-start=\"1373\" data-end=\"1411\"><strong data-start=\"1373\" data-end=\"1400\">Antal prillor per dosa:<\/strong> ca 22 st<\/p>\n<\/li>\n<li data-start=\"1412\" data-end=\"1437\">\n<p data-start=\"1414\" data-end=\"1437\"><strong data-start=\"1414\" data-end=\"1427\">Fukthalt:<\/strong> ca 45 %<\/p>\n<\/li>\n<li data-start=\"1438\" data-end=\"1471\">\n<p data-start=\"1440\" data-end=\"1471\"><strong data-start=\"1440\" data-end=\"1460\">Vikt per prilla:<\/strong> ca 0,9 g<\/p>\n<\/li>\n<li data-start=\"1472\" data-end=\"1503\">\n<p data-start=\"1474\" data-end=\"1503\"><strong data-start=\"1474\" data-end=\"1493\">Nettovikt\/dosa:<\/strong> ca 20 g<\/p>\n<\/li>\n<\/ul>\n<hr data-start=\"1505\" data-end=\"1508\" \/>\n<h3 data-start=\"1510\" data-end=\"1560\">D\u00e4rf\u00f6r v\u00e4ljer snusare General Voyage Brooklyn:<\/h3>\n<p data-start=\"1562\" data-end=\"1804\">\u2705 Modern Generalsmak med citrus och \u00f6rter<br data-start=\"1603\" data-end=\"1606\" \/>\u2705 White portion \u2013 l\u00e5g rinnighet och j\u00e4mn smakrelease<br data-start=\"1658\" data-end=\"1661\" \/>\u2705 Inspirerad av Brooklyn \u2013 ny smakupplevelse med svensk grund<br data-start=\"1722\" data-end=\"1725\" \/>\u2705 Normal styrka \u2013 perfekt f\u00f6r vardagligt bruk<br data-start=\"1770\" data-end=\"1773\" \/>\u2705 Snabb leverans fr\u00e5n Veloop.se<\/p>\n<hr data-start=\"1806\" data-end=\"1809\" \/>\n<p data-start=\"1811\" data-end=\"1946\">Best\u00e4ll <strong data-start=\"1819\" data-end=\"1860\">General Voyage Brooklyn White Portion<\/strong> fr\u00e5n <strong data-start=\"1866\" data-end=\"1879\">Veloop.se<\/strong> \u2013 en nyt\u00e4nkande snus med tydlig General-karakt\u00e4r och fr\u00e4sch twist.<\/p>","protected":false},"excerpt":{"rendered":"<h1 class=\"mb-16 sm:mb-24\">General Voyage Brooklyn White Portion<\/h1>\n<h2 data-start=\"266\" data-end=\"355\">General Voyage Brooklyn White Portion \u2013 Amerikainspirerad smakresa i klassiskt format<\/h2>\n<p><strong data-start=\"1971\" data-end=\"2012\">General Voyage Brooklyn White Portion<\/strong> \u00e4r en innovativ white portion med smak av citrus, \u00f6rter och l\u00e4tt r\u00f6kighet \u2013 inspirerad av Brooklyn och tillverkad med General-kvalitet.<br data-start=\"2148\" data-end=\"2151\" \/>\ud83d\udc49 Utforska fler <a class=\"\" href=\"https:\/\/snus-malmo.se\/sv\/white-portion\/\" target=\"_new\" rel=\"noopener\" data-start=\"2168\" data-end=\"2235\"><strong data-start=\"2169\" data-end=\"2200\">White Portion-produkter h\u00e4r<\/strong><\/a>.<\/p>","protected":false},"featured_media":61488,"comment_status":"open","ping_status":"closed","template":"","meta":[],"product_brand":[],"product_cat":[88,73,368,135],"product_tag":[],"class_list":{"0":"post-53790","1":"product","2":"type-product","3":"status-publish","4":"has-post-thumbnail","6":"product_cat-general","7":"product_cat-portionssnus","8":"product_cat-snus-tobakssnus-traditionellt-snus","9":"product_cat-white-portion","11":"first","12":"instock","13":"taxable","14":"shipping-taxable","15":"purchasable","16":"product-type-variable"},"_links":{"self":[{"href":"https:\/\/snus-malmo.se\/sv\/wp-json\/wp\/v2\/product\/53790","targetHints":{"allow":["GET"]}}],"collection":[{"href":"https:\/\/snus-malmo.se\/sv\/wp-json\/wp\/v2\/product"}],"about":[{"href":"https:\/\/snus-malmo.se\/sv\/wp-json\/wp\/v2\/types\/product"}],"replies":[{"embeddable":true,"href":"https:\/\/snus-malmo.se\/sv\/wp-json\/wp\/v2\/comments?post=53790"}],"version-history":[{"count":0,"href":"https:\/\/snus-malmo.se\/sv\/wp-json\/wp\/v2\/product\/53790\/revisions"}],"wp:featuredmedia":[{"embeddable":true,"href":"https:\/\/snus-malmo.se\/sv\/wp-json\/wp\/v2\/media\/61488"}],"wp:attachment":[{"href":"https:\/\/snus-malmo.se\/sv\/wp-json\/wp\/v2\/media?parent=53790"}],"wp:term":[{"taxonomy":"product_brand","embeddable":true,"href":"https:\/\/snus-malmo.se\/sv\/wp-json\/wp\/v2\/product_brand?post=53790"},{"taxonomy":"product_cat","embeddable":true,"href":"https:\/\/snus-malmo.se\/sv\/wp-json\/wp\/v2\/product_cat?post=53790"},{"taxonomy":"product_tag","embeddable":true,"href":"https:\/\/snus-malmo.se\/sv\/wp-json\/wp\/v2\/product_tag?post=53790"}],"curies":[{"name":"wp","href":"https:\/\/api.w.org\/{rel}","templated":true}]}}