{"id":53797,"date":"2025-05-23T16:57:28","date_gmt":"2025-05-23T16:57:28","guid":{"rendered":"https:\/\/snus-malmo.se\/?post_type=product&#038;p=53797"},"modified":"2025-08-05T20:04:14","modified_gmt":"2025-08-05T20:04:14","slug":"ace-spearmint","status":"publish","type":"product","link":"https:\/\/snus-malmo.se\/sv\/produkt\/ace-spearmint\/","title":{"rendered":"ACE Spearmint"},"content":{"rendered":"<article class=\"product-text\">ACE Spearmint fr\u00e5n Ace Superwhite har en mintsmak och klassificeras som en stark All White Portion-produkt med slim-format. En dosa inneh\u00e5ller 20 portioner.<\/p>\n<\/article>\n<div class=\"buy-pane\">\n<div class=\"tab-content buy-tabs-content\">\n<div id=\"buy\" class=\"tab-pane active\">\n<div>\n<div class=\"variants list\">\n<h2>Om produkten ACE Spearmint<\/h2>\n<p>Produkten ACE Spearmint, som tillverkas av Ministry of Snus, kan klassificeras som en All White Portion-produkt. ACE Spearmint, en produkt fr\u00e5n varum\u00e4rket Ace Superwhite, har ett slim-format. Produkten inkluderar inte tobak men inneh\u00e5ller nikotin. Styrkedefinitionen f\u00f6r denna produkt \u00e4r stark.<\/p>\n<h2>ACE Spearmint: Smak &amp; Nikotinstyrka<\/h2>\n<p>ACE Spearmint \u00e4r en All White Portion-produkt med prim\u00e4r mintsmak. Produkten har ett slim-format och besitter en stark styrkedefinition. M\u00e4ngden nikotin per portion \u00e4r 6 mg, medan per gram \u00e4r det 12 mg.<\/p>\n<h3>Information om ACE Spearmint:<\/h3>\n<ul>\n<li>Kategori: All White Portion<\/li>\n<li>Smaksegment: Mint<\/li>\n<li>Styrkedefinition: Stark<\/li>\n<li>Tillverkare: Ministry of Snus<\/li>\n<li>Nikotin Mg\/portion: 6 mg<\/li>\n<li>Antal portioner per dosa: 20<\/li>\n<\/ul>\n<h3>Information om Ace Superwhite<\/h3>\n<p>Ace Superwhite \u00e4r ett varum\u00e4rke som tillverkar snusprodukter. Detta varum\u00e4rke producerar All White Portion-produkter.<\/p>\n<\/div>\n<\/div>\n<\/div>\n<\/div>\n<\/div>","protected":false},"excerpt":{"rendered":"<article class=\"product-text\">ACE Spearmint fr\u00e5n Ace Superwhite har en mintsmak och klassificeras som en stark All White Portion-produkt med slim-format. En dosa inneh\u00e5ller 20 portioner.<\/p>\n<\/article>\n<div class=\"buy-pane\">\n<div class=\"tab-content buy-tabs-content\">\n<div id=\"buy\" class=\"tab-pane active\">\n<div>\n<div class=\"variants list\">\n<h2>Om produkten ACE Spearmint<\/h2>\n<p>Produkten ACE Spearmint, som tillverkas av Ministry of Snus, kan klassificeras som en All White Portion-produkt. ACE Spearmint, en produkt fr\u00e5n varum\u00e4rket Ace Superwhite, har ett slim-format. Produkten inkluderar inte tobak men inneh\u00e5ller nikotin. Styrkedefinitionen f\u00f6r denna produkt \u00e4r stark.<\/p>\n<\/div>\n<\/div>\n<\/div>\n<\/div>\n<\/div>","protected":false},"featured_media":18002,"comment_status":"open","ping_status":"closed","template":"","meta":[],"product_brand":[],"product_cat":[135],"product_tag":[],"class_list":{"0":"post-53797","1":"product","2":"type-product","3":"status-publish","4":"has-post-thumbnail","6":"product_cat-white-portion","8":"first","9":"instock","10":"taxable","11":"shipping-taxable","12":"purchasable","13":"product-type-variable"},"_links":{"self":[{"href":"https:\/\/snus-malmo.se\/sv\/wp-json\/wp\/v2\/product\/53797","targetHints":{"allow":["GET"]}}],"collection":[{"href":"https:\/\/snus-malmo.se\/sv\/wp-json\/wp\/v2\/product"}],"about":[{"href":"https:\/\/snus-malmo.se\/sv\/wp-json\/wp\/v2\/types\/product"}],"replies":[{"embeddable":true,"href":"https:\/\/snus-malmo.se\/sv\/wp-json\/wp\/v2\/comments?post=53797"}],"version-history":[{"count":0,"href":"https:\/\/snus-malmo.se\/sv\/wp-json\/wp\/v2\/product\/53797\/revisions"}],"wp:featuredmedia":[{"embeddable":true,"href":"https:\/\/snus-malmo.se\/sv\/wp-json\/wp\/v2\/media\/18002"}],"wp:attachment":[{"href":"https:\/\/snus-malmo.se\/sv\/wp-json\/wp\/v2\/media?parent=53797"}],"wp:term":[{"taxonomy":"product_brand","embeddable":true,"href":"https:\/\/snus-malmo.se\/sv\/wp-json\/wp\/v2\/product_brand?post=53797"},{"taxonomy":"product_cat","embeddable":true,"href":"https:\/\/snus-malmo.se\/sv\/wp-json\/wp\/v2\/product_cat?post=53797"},{"taxonomy":"product_tag","embeddable":true,"href":"https:\/\/snus-malmo.se\/sv\/wp-json\/wp\/v2\/product_tag?post=53797"}],"curies":[{"name":"wp","href":"https:\/\/api.w.org\/{rel}","templated":true}]}}