{"id":53803,"date":"2025-05-23T16:57:28","date_gmt":"2025-05-23T16:57:28","guid":{"rendered":"https:\/\/snus-malmo.se\/?post_type=product&#038;p=53803"},"modified":"2025-08-01T15:00:00","modified_gmt":"2025-08-01T15:00:00","slug":"avant-cool-mint-extra-strong","status":"publish","type":"product","link":"https:\/\/snus-malmo.se\/sv\/produkt\/avant-cool-mint-extra-strong\/","title":{"rendered":"Avant Cool Mint Extra Strong"},"content":{"rendered":"<article class=\"product-text\">Avant Cool Mint Extra Strong \u00e4r en extra stark\u00a0<strong>Mint<\/strong>-smak, slim-format snus fr\u00e5n Avant. Den inneh\u00e5ller 20 prillor per dosa och \u00e4r en vitt snus produkt.<\/p>\n<\/article>\n<div class=\"buy-pane\">\n<div class=\"tab-content buy-tabs-content\">\n<div id=\"buy\" class=\"tab-pane active\">\n<div>\n<div class=\"variants list\">\n<h2>Om produkten Avant Cool Mint Extra Strong<\/h2>\n<p>Avant Cool Mint Extra Strong \u00e4r en produkt av varum\u00e4rket Avant, tillverkad av Kurbits Snus AB. Det \u00e4r ett vitt snus i slim-format. Trots att produkten inte inneh\u00e5ller tobak, finns det nikotin. Produkten definieras som extra stark.<\/p>\n<h2>Avant Cool Mint Extra Strong: Smak och styrka<\/h2>\n<p>Produkten \u00e4r av typen vitt snus, med mintsmak. Den kommer i slim-format. Styrkan \u00e4r extra stark med nikotinhalten p\u00e5 13 mg\/portion och 20 mg\/g.<\/p>\n<h3>Portionsformat: Slim<\/h3>\n<p>Avant Cool Mint Extra Strong finns i slim-format, vilket justerar produktens form.<\/p>\n<h3>Information om Avant Cool Mint Extra Strong:<\/h3>\n<ul>\n<li><strong>Kategori:<\/strong>\u00a0Vitt snus<\/li>\n<li><strong>Smaksegment:<\/strong>\u00a0Mint<\/li>\n<li><strong>Styrkedefinition:<\/strong>\u00a0Extra stark<\/li>\n<li><strong>Tillverkare:<\/strong>\u00a0Kurbits Snus AB<\/li>\n<li><strong>Nikotin Mg\/portion:<\/strong>\u00a013<\/li>\n<li><strong>Antal prillor per dosa:<\/strong>\u00a020<\/li>\n<\/ul>\n<h3>Information om Avant<\/h3>\n<p>Avant \u00e4r ett m\u00e4rke som specialiserar sig p\u00e5 tillverkning av nikotinhaltiga produkter. Deras ambition \u00e4r att leverera produkter ett brett spektrum av smaker och styrkor.<\/p>\n<\/div>\n<\/div>\n<\/div>\n<\/div>\n<\/div>","protected":false},"excerpt":{"rendered":"<article class=\"product-text\">Avant Cool Mint Extra Strong \u00e4r en extra stark\u00a0<strong>Mint<\/strong>-smak, slim-format snus fr\u00e5n Avant. Den inneh\u00e5ller 20 prillor per dosa och \u00e4r en vitt snus produkt.<\/p>\n<\/article>\n<div class=\"buy-pane\">\n<div class=\"tab-content buy-tabs-content\">\n<div id=\"buy\" class=\"tab-pane active\">\n<div>\n<div class=\"variants list\">\n<h2>Om produkten Avant Cool Mint Extra Strong<\/h2>\n<p>Avant Cool Mint Extra Strong \u00e4r en produkt av varum\u00e4rket Avant, tillverkad av Kurbits Snus AB. Det \u00e4r ett vitt snus i slim-format. Trots att produkten inte inneh\u00e5ller tobak, finns det nikotin. Produkten definieras som extra stark.<\/p>\n<\/div>\n<\/div>\n<\/div>\n<\/div>\n<\/div>","protected":false},"featured_media":18036,"comment_status":"open","ping_status":"closed","template":"","meta":[],"product_brand":[],"product_cat":[136,174,137],"product_tag":[],"class_list":{"0":"post-53803","1":"product","2":"type-product","3":"status-publish","4":"has-post-thumbnail","6":"product_cat-all-whites","7":"product_cat-avant","8":"product_cat-slim","10":"first","11":"instock","12":"taxable","13":"shipping-taxable","14":"purchasable","15":"product-type-variable"},"_links":{"self":[{"href":"https:\/\/snus-malmo.se\/sv\/wp-json\/wp\/v2\/product\/53803","targetHints":{"allow":["GET"]}}],"collection":[{"href":"https:\/\/snus-malmo.se\/sv\/wp-json\/wp\/v2\/product"}],"about":[{"href":"https:\/\/snus-malmo.se\/sv\/wp-json\/wp\/v2\/types\/product"}],"replies":[{"embeddable":true,"href":"https:\/\/snus-malmo.se\/sv\/wp-json\/wp\/v2\/comments?post=53803"}],"version-history":[{"count":0,"href":"https:\/\/snus-malmo.se\/sv\/wp-json\/wp\/v2\/product\/53803\/revisions"}],"wp:featuredmedia":[{"embeddable":true,"href":"https:\/\/snus-malmo.se\/sv\/wp-json\/wp\/v2\/media\/18036"}],"wp:attachment":[{"href":"https:\/\/snus-malmo.se\/sv\/wp-json\/wp\/v2\/media?parent=53803"}],"wp:term":[{"taxonomy":"product_brand","embeddable":true,"href":"https:\/\/snus-malmo.se\/sv\/wp-json\/wp\/v2\/product_brand?post=53803"},{"taxonomy":"product_cat","embeddable":true,"href":"https:\/\/snus-malmo.se\/sv\/wp-json\/wp\/v2\/product_cat?post=53803"},{"taxonomy":"product_tag","embeddable":true,"href":"https:\/\/snus-malmo.se\/sv\/wp-json\/wp\/v2\/product_tag?post=53803"}],"curies":[{"name":"wp","href":"https:\/\/api.w.org\/{rel}","templated":true}]}}