{"id":53816,"date":"2025-05-23T16:57:30","date_gmt":"2025-05-23T16:57:30","guid":{"rendered":"https:\/\/snus-malmo.se\/?post_type=product&#038;p=53816"},"modified":"2025-07-27T17:26:24","modified_gmt":"2025-07-27T17:26:24","slug":"avant-cool-iced-apple-strong","status":"publish","type":"product","link":"https:\/\/snus-malmo.se\/sv\/produkt\/avant-cool-iced-apple-strong\/","title":{"rendered":"Avant Cool Iced Apple Strong"},"content":{"rendered":"<article class=\"product-text\">Avant Cool Iced Apple Strong \u00e4r ett fruktig, stark vitt snus fr\u00e5n Avant. Den har ett slimmat format och inneh\u00e5ller 20 prillor per dosa.<\/p>\n<\/article>\n<div class=\"buy-pane\">\n<div class=\"tab-content buy-tabs-content\">\n<div id=\"buy\" class=\"tab-pane active\">\n<div>\n<div class=\"variants list\">\n<h2>Om produkten Avant Cool Iced Apple Strong<\/h2>\n<p>Avant Cool Iced Apple Strong \u00e4r ett snus utan tobak men med nikotin. Det \u00e4r klassificerat som ett vitt snus och tillverkas av Kurbits Snus AB. Produkten \u00e4r kommer i ett slimmat format. Produktens styrka \u00e4r definierad som stark.<\/p>\n<h2>Avant Cool Iced Apple Strong: Smak &amp; Styrka<\/h2>\n<p>Avant Cool Iced Apple Strong faller under kategorin vitt snus och har huvudsakligen en fruktig smak. Den kommer i ett slimmat format. Produkten har beteckningen stark, vilket inneb\u00e4r att den har en nikotinhalt av 10,4 mg\/portion och 16 mg\/g.<\/p>\n<h3><\/h3>\n<h3>Information om Avant Cool Iced Apple Strong:<\/h3>\n<ul>\n<li><strong>Kategori:<\/strong>\u00a0Vitt snus<\/li>\n<li><strong>Smaksegment:<\/strong>\u00a0Frukt<\/li>\n<li><strong>Styrkadefinition:<\/strong>\u00a0Stark<\/li>\n<li><strong>Tillverkare:<\/strong>\u00a0Kurbits Snus AB<\/li>\n<li><strong>Nikotin Mg\/portion:<\/strong>\u00a010,4<\/li>\n<li><strong>Antal prillor per dosa:<\/strong>\u00a020<\/li>\n<\/ul>\n<h3>Om Avant<\/h3>\n<p>Avant \u00e4r ett m\u00e4rke som engagerar sig f\u00f6r att utveckla varierade produkter f\u00f6r att uppfylla olika preferenser.<\/p>\n<\/div>\n<\/div>\n<\/div>\n<\/div>\n<\/div>","protected":false},"excerpt":{"rendered":"<article class=\"product-text\">Avant Cool Iced Apple Strong \u00e4r ett fruktig, stark vitt snus fr\u00e5n Avant. Den har ett slimmat format och inneh\u00e5ller 20 prillor per dosa.<\/p>\n<\/article>\n<div class=\"buy-pane\">\n<div class=\"tab-content buy-tabs-content\">\n<div id=\"buy\" class=\"tab-pane active\">\n<div>\n<div class=\"variants list\">\n<h2>Om produkten Avant Cool Iced Apple Strong<\/h2>\n<p>Avant Cool Iced Apple Strong \u00e4r ett snus utan tobak men med nikotin. Det \u00e4r klassificerat som ett vitt snus och tillverkas av Kurbits Snus AB. Produkten \u00e4r kommer i ett slimmat format. Produktens styrka \u00e4r definierad som stark.<\/p>\n<\/div>\n<\/div>\n<\/div>\n<\/div>\n<\/div>","protected":false},"featured_media":18043,"comment_status":"open","ping_status":"closed","template":"","meta":[],"product_brand":[],"product_cat":[136,174,137],"product_tag":[],"class_list":{"0":"post-53816","1":"product","2":"type-product","3":"status-publish","4":"has-post-thumbnail","6":"product_cat-all-whites","7":"product_cat-avant","8":"product_cat-slim","10":"first","11":"instock","12":"taxable","13":"shipping-taxable","14":"purchasable","15":"product-type-variable"},"_links":{"self":[{"href":"https:\/\/snus-malmo.se\/sv\/wp-json\/wp\/v2\/product\/53816","targetHints":{"allow":["GET"]}}],"collection":[{"href":"https:\/\/snus-malmo.se\/sv\/wp-json\/wp\/v2\/product"}],"about":[{"href":"https:\/\/snus-malmo.se\/sv\/wp-json\/wp\/v2\/types\/product"}],"replies":[{"embeddable":true,"href":"https:\/\/snus-malmo.se\/sv\/wp-json\/wp\/v2\/comments?post=53816"}],"version-history":[{"count":0,"href":"https:\/\/snus-malmo.se\/sv\/wp-json\/wp\/v2\/product\/53816\/revisions"}],"wp:featuredmedia":[{"embeddable":true,"href":"https:\/\/snus-malmo.se\/sv\/wp-json\/wp\/v2\/media\/18043"}],"wp:attachment":[{"href":"https:\/\/snus-malmo.se\/sv\/wp-json\/wp\/v2\/media?parent=53816"}],"wp:term":[{"taxonomy":"product_brand","embeddable":true,"href":"https:\/\/snus-malmo.se\/sv\/wp-json\/wp\/v2\/product_brand?post=53816"},{"taxonomy":"product_cat","embeddable":true,"href":"https:\/\/snus-malmo.se\/sv\/wp-json\/wp\/v2\/product_cat?post=53816"},{"taxonomy":"product_tag","embeddable":true,"href":"https:\/\/snus-malmo.se\/sv\/wp-json\/wp\/v2\/product_tag?post=53816"}],"curies":[{"name":"wp","href":"https:\/\/api.w.org\/{rel}","templated":true}]}}