{"id":53817,"date":"2025-05-23T16:57:30","date_gmt":"2025-05-23T16:57:30","guid":{"rendered":"https:\/\/snus-malmo.se\/?post_type=product&#038;p=53817"},"modified":"2025-07-27T17:26:01","modified_gmt":"2025-07-27T17:26:01","slug":"avant-frozen-berries-strong","status":"publish","type":"product","link":"https:\/\/snus-malmo.se\/sv\/produkt\/avant-frozen-berries-strong\/","title":{"rendered":"Avant Frozen Berries Strong"},"content":{"rendered":"<article class=\"product-text\">Avant Frozen Berries Strong \u00e4r ett\u00a0<strong>b\u00e4r<\/strong>-smakande vitt snus produkt med stark styrka. Denna slim-formatprodukt levereras med 20 prillor per dosa.<\/p>\n<\/article>\n<div class=\"buy-pane\">\n<div class=\"tab-content buy-tabs-content\">\n<div id=\"buy\" class=\"tab-pane active\">\n<div>\n<div class=\"variants list\">\n<h2>Om produkten Avant Frozen Berries Strong<\/h2>\n<p>Avant Frozen Berries Strong \u00e4r ett vitt snus som kommer fr\u00e5n varum\u00e4rket Avant, tillverkad av Kurbits Snus AB. Detta slim-formatprodukt inneh\u00e5ller inte tobak men har nikotin. Styrkan definieras som stark.<\/p>\n<h2>Avant Frozen Berries Strong: Smak och nikotinhalt<\/h2>\n<p>Avant Frozen Berries Strong \u00e4r ett vitt snus produkt med huvudsakliga smaken av b\u00e4r. Detta slim-formatprodukt har en stark styrka, med en nikotinhalt p\u00e5 10,4 mg\/prilla och 16,0 mg\/g.<\/p>\n<h3>Format: Slim<\/h3>\n<p>Avant Frozen Berries Strong tillhandah\u00e5lls i slim-format, vilket \u00e4r ett alternativ till traditionella portionsformat.<\/p>\n<h3>Information om Avant Frozen Berries Strong:<\/h3>\n<ul>\n<li><strong>Kategori:<\/strong>\u00a0vitt snus<\/li>\n<li><strong>Smaksegment:<\/strong>\u00a0B\u00e4r<\/li>\n<li><strong>Styrka:<\/strong>\u00a0Stark<\/li>\n<li><strong>Tillverkare:<\/strong>\u00a0Kurbits Snus AB<\/li>\n<li><strong>Nikotinhalt mg\/prilla:<\/strong>\u00a010,4<\/li>\n<li><strong>Antal prillor per dosa:<\/strong>\u00a020<\/li>\n<\/ul>\n<h3>Om Avant<\/h3>\n<p>Avant \u00e4r ett varum\u00e4rke som tillverkar tobaksfria snusprodukter. De erbjuder ett urval av smaker och styrkor. Produkterna kan vara innovativa eller f\u00f6lja traditionella metoder.<\/p>\n<\/div>\n<\/div>\n<\/div>\n<\/div>\n<\/div>","protected":false},"excerpt":{"rendered":"<article class=\"product-text\">Avant Frozen Berries Strong \u00e4r ett\u00a0<strong>b\u00e4r<\/strong>-smakande vitt snus produkt med stark styrka. Denna slim-formatprodukt levereras med 20 prillor per dosa.<\/p>\n<\/article>\n<div class=\"buy-pane\">\n<div class=\"tab-content buy-tabs-content\">\n<div id=\"buy\" class=\"tab-pane active\">\n<div>\n<div class=\"variants list\">\n<h2>Om produkten Avant Frozen Berries Strong<\/h2>\n<p>Avant Frozen Berries Strong \u00e4r ett vitt snus som kommer fr\u00e5n varum\u00e4rket Avant, tillverkad av Kurbits Snus AB. Detta slim-formatprodukt inneh\u00e5ller inte tobak men har nikotin. Styrkan definieras som stark.<\/p>\n<\/div>\n<\/div>\n<\/div>\n<\/div>\n<\/div>","protected":false},"featured_media":18046,"comment_status":"open","ping_status":"closed","template":"","meta":[],"product_brand":[],"product_cat":[136,174,137],"product_tag":[],"class_list":{"0":"post-53817","1":"product","2":"type-product","3":"status-publish","4":"has-post-thumbnail","6":"product_cat-all-whites","7":"product_cat-avant","8":"product_cat-slim","10":"first","11":"instock","12":"taxable","13":"shipping-taxable","14":"purchasable","15":"product-type-variable"},"_links":{"self":[{"href":"https:\/\/snus-malmo.se\/sv\/wp-json\/wp\/v2\/product\/53817","targetHints":{"allow":["GET"]}}],"collection":[{"href":"https:\/\/snus-malmo.se\/sv\/wp-json\/wp\/v2\/product"}],"about":[{"href":"https:\/\/snus-malmo.se\/sv\/wp-json\/wp\/v2\/types\/product"}],"replies":[{"embeddable":true,"href":"https:\/\/snus-malmo.se\/sv\/wp-json\/wp\/v2\/comments?post=53817"}],"version-history":[{"count":0,"href":"https:\/\/snus-malmo.se\/sv\/wp-json\/wp\/v2\/product\/53817\/revisions"}],"wp:featuredmedia":[{"embeddable":true,"href":"https:\/\/snus-malmo.se\/sv\/wp-json\/wp\/v2\/media\/18046"}],"wp:attachment":[{"href":"https:\/\/snus-malmo.se\/sv\/wp-json\/wp\/v2\/media?parent=53817"}],"wp:term":[{"taxonomy":"product_brand","embeddable":true,"href":"https:\/\/snus-malmo.se\/sv\/wp-json\/wp\/v2\/product_brand?post=53817"},{"taxonomy":"product_cat","embeddable":true,"href":"https:\/\/snus-malmo.se\/sv\/wp-json\/wp\/v2\/product_cat?post=53817"},{"taxonomy":"product_tag","embeddable":true,"href":"https:\/\/snus-malmo.se\/sv\/wp-json\/wp\/v2\/product_tag?post=53817"}],"curies":[{"name":"wp","href":"https:\/\/api.w.org\/{rel}","templated":true}]}}