{"id":53819,"date":"2025-05-23T16:57:30","date_gmt":"2025-05-23T16:57:30","guid":{"rendered":"https:\/\/snus-malmo.se\/?post_type=product&#038;p=53819"},"modified":"2025-11-22T09:23:59","modified_gmt":"2025-11-22T09:23:59","slug":"xr-stone-fruit-slim-white-portion-strong","status":"publish","type":"product","link":"https:\/\/snus-malmo.se\/sv\/produkt\/xr-stone-fruit-slim-white-portion-strong\/","title":{"rendered":"XR Stone Fruit Slim White Portion Strong"},"content":{"rendered":"<h1 class=\"mb-16 sm:mb-24\">XR Stone Fruit Slim White Portion Strong<\/h1>\n<h2 data-start=\"260\" data-end=\"348\">XR Stone Fruit Slim White Portion Strong \u2013 Fruktig nyhet med kraftfull nikotineffekt<\/h2>\n<p data-start=\"350\" data-end=\"628\"><strong data-start=\"350\" data-end=\"394\">XR Stone Fruit Slim White Portion Strong<\/strong> \u00e4r en smakrik och modern snusupplevelse som kombinerar en <strong data-start=\"453\" data-end=\"532\">ljus tobakskarakt\u00e4r med inslag av stenfrukt, \u00f6rter och en subtil kryddighet<\/strong>. Smaken \u00e4r b\u00e5de fyllig och fr\u00e4sch \u2013 perfekt f\u00f6r dig som vill ha n\u00e5got ut\u00f6ver det traditionella.<\/p>\n<p data-start=\"630\" data-end=\"911\">Denna white portion kommer i <strong data-start=\"659\" data-end=\"673\">slimformat<\/strong>, vilket inneb\u00e4r att varje prilla \u00e4r <strong data-start=\"710\" data-end=\"745\">diskret och bekv\u00e4m under l\u00e4ppen<\/strong>. Med en <strong data-start=\"754\" data-end=\"790\">torr yta som minimerar rinnighet<\/strong> och en <strong data-start=\"798\" data-end=\"857\">fuktig k\u00e4rna som m\u00f6jligg\u00f6r en j\u00e4mn och l\u00e5ng smakrelease<\/strong>, blir varje prilla en p\u00e5litlig smakb\u00e4rare hela dagen.<\/p>\n<p data-start=\"913\" data-end=\"1053\">Tack vare <strong data-start=\"923\" data-end=\"944\">stark nikotinhalt<\/strong> f\u00e5r du en tydlig effekt som passar vana snusare \u2013 allt utan att kompromissa med smakens balans och karakt\u00e4r.<\/p>\n<p data-start=\"1055\" data-end=\"1195\">\ud83d\udfe6 Letar du efter fler smaksatta white portion-produkter? Utforska v\u00e5rt <a class=\"\" href=\"https:\/\/snus-malmo.se\/sv\/white-portion\/\" target=\"_new\" rel=\"noopener\" data-start=\"1127\" data-end=\"1194\"><strong data-start=\"1128\" data-end=\"1159\">White Portion-sortiment h\u00e4r<\/strong><\/a>.<\/p>\n<hr data-start=\"1197\" data-end=\"1200\" \/>\n<h3 data-start=\"1202\" data-end=\"1226\">Produktinformation:<\/h3>\n<ul data-start=\"1228\" data-end=\"1595\">\n<li data-start=\"1228\" data-end=\"1249\">\n<p data-start=\"1230\" data-end=\"1249\"><strong data-start=\"1230\" data-end=\"1244\">Varum\u00e4rke:<\/strong> XR<\/p>\n<\/li>\n<li data-start=\"1250\" data-end=\"1283\">\n<p data-start=\"1252\" data-end=\"1283\"><strong data-start=\"1252\" data-end=\"1267\">Produkttyp:<\/strong> White Portion<\/p>\n<\/li>\n<li data-start=\"1284\" data-end=\"1304\">\n<p data-start=\"1286\" data-end=\"1304\"><strong data-start=\"1286\" data-end=\"1297\">Format:<\/strong> Slim<\/p>\n<\/li>\n<li data-start=\"1305\" data-end=\"1368\">\n<p data-start=\"1307\" data-end=\"1368\"><strong data-start=\"1307\" data-end=\"1322\">Smakprofil:<\/strong> Stenfrukt, \u00d6rtighet, Ljus tobak, Kryddighet<\/p>\n<\/li>\n<li data-start=\"1369\" data-end=\"1390\">\n<p data-start=\"1371\" data-end=\"1390\"><strong data-start=\"1371\" data-end=\"1382\">Styrka:<\/strong> Stark<\/p>\n<\/li>\n<li data-start=\"1391\" data-end=\"1420\">\n<p data-start=\"1393\" data-end=\"1420\"><strong data-start=\"1393\" data-end=\"1409\">Nikotinhalt:<\/strong> ca 1,2 %<\/p>\n<\/li>\n<li data-start=\"1421\" data-end=\"1459\">\n<p data-start=\"1423\" data-end=\"1459\"><strong data-start=\"1423\" data-end=\"1446\">Nikotin per prilla:<\/strong> ca 10,5 mg<\/p>\n<\/li>\n<li data-start=\"1460\" data-end=\"1500\">\n<p data-start=\"1462\" data-end=\"1500\"><strong data-start=\"1462\" data-end=\"1489\">Antal prillor per dosa:<\/strong> ca 21 st<\/p>\n<\/li>\n<li data-start=\"1501\" data-end=\"1526\">\n<p data-start=\"1503\" data-end=\"1526\"><strong data-start=\"1503\" data-end=\"1516\">Fukthalt:<\/strong> ca 44 %<\/p>\n<\/li>\n<li data-start=\"1527\" data-end=\"1561\">\n<p data-start=\"1529\" data-end=\"1561\"><strong data-start=\"1529\" data-end=\"1549\">Vikt per prilla:<\/strong> ca 0,73 g<\/p>\n<\/li>\n<li data-start=\"1562\" data-end=\"1595\">\n<p data-start=\"1564\" data-end=\"1595\"><strong data-start=\"1564\" data-end=\"1583\">Nettovikt\/dosa:<\/strong> ca 15,4 g<\/p>\n<\/li>\n<\/ul>\n<hr data-start=\"1597\" data-end=\"1600\" \/>\n<h3 data-start=\"1602\" data-end=\"1669\">D\u00e4rf\u00f6r v\u00e4ljer snusare XR Stone Fruit Slim White Portion Strong:<\/h3>\n<p data-start=\"1671\" data-end=\"1904\">\u2705 Modern smak av stenfrukt och tobak<br data-start=\"1707\" data-end=\"1710\" \/>\u2705 Stark nikotin f\u00f6r vana snusare<br data-start=\"1742\" data-end=\"1745\" \/>\u2705 Slim white portion \u2013 l\u00e5g rinnighet och diskret passform<br data-start=\"1802\" data-end=\"1805\" \/>\u2705 Perfekt balans mellan fruktighet och styrka<br data-start=\"1850\" data-end=\"1853\" \/>\u2705 Snabb leverans fr\u00e5n Veloop.se \u2013 tryggt och enkelt<\/p>\n<hr data-start=\"1906\" data-end=\"1909\" \/>\n<p data-start=\"1911\" data-end=\"2051\">Best\u00e4ll <strong data-start=\"1919\" data-end=\"1963\">XR Stone Fruit Slim White Portion Strong<\/strong> fr\u00e5n <strong data-start=\"1969\" data-end=\"1982\">Veloop.se<\/strong> \u2013 f\u00f6r dig som vill ha en stark och fruktig twist p\u00e5 snusupplevelsen.<\/p>","protected":false},"excerpt":{"rendered":"<h1 class=\"mb-16 sm:mb-24\">XR Stone Fruit Slim White Portion Strong<\/h1>\n<h2 data-start=\"260\" data-end=\"348\">XR Stone Fruit Slim White Portion Strong \u2013 Fruktig nyhet med kraftfull nikotineffekt<\/h2>\n<p><strong data-start=\"2076\" data-end=\"2120\">XR Stone Fruit Slim White Portion Strong<\/strong> kombinerar smak av stenfrukt och \u00f6rter med h\u00f6g nikotinstyrka i ett diskret slim white-format.<br data-start=\"2214\" data-end=\"2217\" \/>\ud83d\udc49 Se fler <a class=\"\" href=\"https:\/\/snus-malmo.se\/sv\/white-portion\/\" target=\"_new\" rel=\"noopener\" data-start=\"2228\" data-end=\"2295\"><strong data-start=\"2229\" data-end=\"2260\">White Portion-produkter h\u00e4r<\/strong><\/a>.<\/p>","protected":false},"featured_media":61463,"comment_status":"open","ping_status":"closed","template":"","meta":[],"product_brand":[372],"product_cat":[73,137,368,354,135,128],"product_tag":[],"class_list":{"0":"post-53819","1":"product","2":"type-product","3":"status-publish","4":"has-post-thumbnail","6":"product_brand-xr","7":"product_cat-portionssnus","8":"product_cat-slim","9":"product_cat-snus-tobakssnus-traditionellt-snus","10":"product_cat-strongstark","11":"product_cat-white-portion","12":"product_cat-xrgoteborgsrape","14":"first","15":"instock","16":"taxable","17":"shipping-taxable","18":"purchasable","19":"product-type-variable"},"_links":{"self":[{"href":"https:\/\/snus-malmo.se\/sv\/wp-json\/wp\/v2\/product\/53819","targetHints":{"allow":["GET"]}}],"collection":[{"href":"https:\/\/snus-malmo.se\/sv\/wp-json\/wp\/v2\/product"}],"about":[{"href":"https:\/\/snus-malmo.se\/sv\/wp-json\/wp\/v2\/types\/product"}],"replies":[{"embeddable":true,"href":"https:\/\/snus-malmo.se\/sv\/wp-json\/wp\/v2\/comments?post=53819"}],"version-history":[{"count":0,"href":"https:\/\/snus-malmo.se\/sv\/wp-json\/wp\/v2\/product\/53819\/revisions"}],"wp:featuredmedia":[{"embeddable":true,"href":"https:\/\/snus-malmo.se\/sv\/wp-json\/wp\/v2\/media\/61463"}],"wp:attachment":[{"href":"https:\/\/snus-malmo.se\/sv\/wp-json\/wp\/v2\/media?parent=53819"}],"wp:term":[{"taxonomy":"product_brand","embeddable":true,"href":"https:\/\/snus-malmo.se\/sv\/wp-json\/wp\/v2\/product_brand?post=53819"},{"taxonomy":"product_cat","embeddable":true,"href":"https:\/\/snus-malmo.se\/sv\/wp-json\/wp\/v2\/product_cat?post=53819"},{"taxonomy":"product_tag","embeddable":true,"href":"https:\/\/snus-malmo.se\/sv\/wp-json\/wp\/v2\/product_tag?post=53819"}],"curies":[{"name":"wp","href":"https:\/\/api.w.org\/{rel}","templated":true}]}}