{"id":53829,"date":"2025-05-23T16:57:31","date_gmt":"2025-05-23T16:57:31","guid":{"rendered":"https:\/\/snus-malmo.se\/?post_type=product&#038;p=53829"},"modified":"2025-07-16T14:57:52","modified_gmt":"2025-07-16T14:57:52","slug":"coco-natural-mint-slim-strong","status":"publish","type":"product","link":"https:\/\/snus-malmo.se\/sv\/produkt\/coco-natural-mint-slim-strong\/","title":{"rendered":"COCO Natural Mint Slim Strong"},"content":{"rendered":"<article class=\"product-text\">Nikotinp\u00e5sen COCO Natural Mint Slim Strong \u00e4r en nikotinp\u00e5se i slimmat format och med en stark halt av nikotin. Eftersom det h\u00e4r \u00e4r en nikotinportion \u00e4r den helt fri fr\u00e5n tobak. Prillorna best\u00e5r bland annat av kokosn\u00f6tsfiber vilket ger dem en brun f\u00e4rg.<\/article>\n<div class=\"buy-pane\">\n<div class=\"tab-content buy-tabs-content\">\n<div id=\"buy\" class=\"tab-pane active\">\n<div>\n<div class=\"variants list\">\n<h2>Om produkten COCO Natural Mint Slim Strong<\/h2>\n<p>Nikotinportionerna i COCO Natural Mint Slim Strong \u00e4r en ny typ av nikotinp\u00e5se som \u00e4r tillverkad av kokosfiber. P\u00e5sens yta \u00e4r torr, medan inneh\u00e5llet \u00e4r fuktigt. Det g\u00f6r att prillan har en l\u00e4gre rinnighet. Den h\u00e4r varianten inneh\u00e5ller smaks\u00e4ttning av mint samt nikotinsalter som kommer fr\u00e5n tobaksv\u00e4xten. En dosa med nikotinp\u00e5sar Natural Mint inneh\u00e5ller 20 stycken portioner.<\/p>\n<ul>\n<li>Varum\u00e4rke: COCO<\/li>\n<li>Tillverkare: SpectrumLeaf AB<\/li>\n<li>Smak: Mint<\/li>\n<li>Format: Slim<\/li>\n<li>Produkttyp: Nikotinp\u00e5sar<\/li>\n<li>Antal portioner per dosa: 20<\/li>\n<li>Nikotinhalt: 20 mg\/g<\/li>\n<li>Styrka: Stark<\/li>\n<\/ul>\n<h2>Nikotinhalt i COCO Natural Mint Slim Strong<\/h2>\n<p>Nikotinp\u00e5sar COCO Natural Mint Slim Strong har ett nikotininneh\u00e5ll som ligger p\u00e5 20 milligram nikotin per gram, vilket r\u00e4knas som en stark nikotinstyrka. Prillan har en perforerad yta som successivt fris\u00e4tter nikotin.<\/p>\n<h2>Mer om COCO vitt snus<\/h2>\n<p>Det \u00e4r tillverkaren SpectrumLeaf AB som har tagit fram\u00a0varum\u00e4rket COCO. I sortimentet finns tobaksfria nikotinp\u00e5sar i olika smaker. COCO Natural Mint \u00e4r en av varum\u00e4rkets nikotinp\u00e5sar med nikotinstyrka 3\/4.<\/p>\n<\/div>\n<\/div>\n<\/div>\n<\/div>\n<\/div>","protected":false},"excerpt":{"rendered":"<article class=\"product-text\">Nikotinp\u00e5sen COCO Natural Mint Slim Strong \u00e4r en nikotinp\u00e5se i slimmat format och med en stark halt av nikotin. Eftersom det h\u00e4r \u00e4r en nikotinportion \u00e4r den helt fri fr\u00e5n tobak. Prillorna best\u00e5r bland annat av kokosn\u00f6tsfiber vilket ger dem en brun f\u00e4rg.<\/article>\n<div class=\"buy-pane\">\n<div class=\"tab-content buy-tabs-content\">\n<div id=\"buy\" class=\"tab-pane active\">\n<div>\n<div class=\"variants list\">\n<h2>Om produkten COCO Natural Mint Slim Strong<\/h2>\n<p>Nikotinportionerna i COCO Natural Mint Slim Strong \u00e4r en ny typ av nikotinp\u00e5se som \u00e4r tillverkad av kokosfiber. P\u00e5sens yta \u00e4r torr, medan inneh\u00e5llet \u00e4r fuktigt. Det g\u00f6r att prillan har en l\u00e4gre rinnighet. Den h\u00e4r varianten inneh\u00e5ller smaks\u00e4ttning av mint samt nikotinsalter som kommer fr\u00e5n tobaksv\u00e4xten. En dosa med nikotinp\u00e5sar Natural Mint inneh\u00e5ller 20 stycken portioner.<\/p>\n<\/div>\n<\/div>\n<\/div>\n<\/div>\n<\/div>","protected":false},"featured_media":18067,"comment_status":"open","ping_status":"closed","template":"","meta":[],"product_brand":[],"product_cat":[135],"product_tag":[],"class_list":{"0":"post-53829","1":"product","2":"type-product","3":"status-publish","4":"has-post-thumbnail","6":"product_cat-white-portion","8":"first","9":"instock","10":"taxable","11":"shipping-taxable","12":"purchasable","13":"product-type-variable"},"_links":{"self":[{"href":"https:\/\/snus-malmo.se\/sv\/wp-json\/wp\/v2\/product\/53829","targetHints":{"allow":["GET"]}}],"collection":[{"href":"https:\/\/snus-malmo.se\/sv\/wp-json\/wp\/v2\/product"}],"about":[{"href":"https:\/\/snus-malmo.se\/sv\/wp-json\/wp\/v2\/types\/product"}],"replies":[{"embeddable":true,"href":"https:\/\/snus-malmo.se\/sv\/wp-json\/wp\/v2\/comments?post=53829"}],"version-history":[{"count":0,"href":"https:\/\/snus-malmo.se\/sv\/wp-json\/wp\/v2\/product\/53829\/revisions"}],"wp:featuredmedia":[{"embeddable":true,"href":"https:\/\/snus-malmo.se\/sv\/wp-json\/wp\/v2\/media\/18067"}],"wp:attachment":[{"href":"https:\/\/snus-malmo.se\/sv\/wp-json\/wp\/v2\/media?parent=53829"}],"wp:term":[{"taxonomy":"product_brand","embeddable":true,"href":"https:\/\/snus-malmo.se\/sv\/wp-json\/wp\/v2\/product_brand?post=53829"},{"taxonomy":"product_cat","embeddable":true,"href":"https:\/\/snus-malmo.se\/sv\/wp-json\/wp\/v2\/product_cat?post=53829"},{"taxonomy":"product_tag","embeddable":true,"href":"https:\/\/snus-malmo.se\/sv\/wp-json\/wp\/v2\/product_tag?post=53829"}],"curies":[{"name":"wp","href":"https:\/\/api.w.org\/{rel}","templated":true}]}}