{"id":53834,"date":"2025-05-23T16:57:31","date_gmt":"2025-05-23T16:57:31","guid":{"rendered":"https:\/\/snus-malmo.se\/?post_type=product&#038;p=53834"},"modified":"2025-08-02T19:44:49","modified_gmt":"2025-08-02T19:44:49","slug":"coco-blue-razz-slim-strong","status":"publish","type":"product","link":"https:\/\/snus-malmo.se\/sv\/produkt\/coco-blue-razz-slim-strong\/","title":{"rendered":"COCO Blue Razz Slim Strong"},"content":{"rendered":"<article class=\"product-text\">Nikotinportionen COCO Blue Razz Slim Strong \u00e4r fritt fr\u00e5n tobak och kommer i ett slimmat format. Blue Razz \u00e4r en ny typ av prilla som \u00e4r gjord av fiber fr\u00e5n kokosn\u00f6t vilket ger prillan en brun f\u00e4rg.<\/article>\n<div class=\"buy-pane\">\n<div class=\"tab-content buy-tabs-content\">\n<div id=\"buy\" class=\"tab-pane active\">\n<div>\n<div class=\"variants list\">\n<h2>Om produkten COCO Blue Razz Slim Strong<\/h2>\n<p>COCO Blue Razz Slim Strong \u00e4r en prilla med smaks\u00e4ttning av hallon. P\u00e5sen inneh\u00e5ller \u00e4ven kokosfiber och tillsatt nikotin. Blue Razz \u00e4r en prilla som har en torr yta, vilket ger en l\u00e4gre rinnighet. P\u00e5sens yta \u00e4r \u00e4ven perforerad, vilket g\u00f6r att smak och nikotin fris\u00e4tts successivt. En dosa kommer med 20 stycken nikotinp\u00e5sar med smak av b\u00e4r.<\/p>\n<ul>\n<li>Varum\u00e4rke: COCO<\/li>\n<li>Tillverkare: SpectrumLeaf AB<\/li>\n<li>Smak: B\u00e4r<\/li>\n<li>Format: Slim<\/li>\n<li>Produkttyp: Nikotinp\u00e5sar<\/li>\n<li>Antal portioner per dosa: 20<\/li>\n<li>Nikotinhalt: 20 mg\/g<\/li>\n<li>Styrka: Stark<\/li>\n<\/ul>\n<h2>Nikotinhalt i COCO Blue Razz Slim Strong<\/h2>\n<p>COCO Blue Razz Slim Strong har ett nikotininneh\u00e5ll som ligger p\u00e5 20 milligram nikotin per gram. Det \u00e4r en nikotinhalt som r\u00e4knas som stark nikotinstyrka. Blue Razz \u00e4r nikotinp\u00e5sar som inneh\u00e5ller nikotinsalt som kommer fr\u00e5n tobaksv\u00e4xten.<\/p>\n<h2>Mer om COCO vitt snus<\/h2>\n<p>SpectrumLeaf AB har tagit fram\u00a0varum\u00e4rket COCO\u00a0som erbjuder ett sortiment av tobaksfria prillor tillverkade av kokosfiber. COCO Blue Razz Slim Strong \u00e4r en av varum\u00e4rkets starka nikotinp\u00e5sar, med nikotinstyrka 3\/4.<\/p>\n<\/div>\n<\/div>\n<\/div>\n<\/div>\n<\/div>","protected":false},"excerpt":{"rendered":"<article class=\"product-text\">Nikotinportionen COCO Blue Razz Slim Strong \u00e4r fritt fr\u00e5n tobak och kommer i ett slimmat format. Blue Razz \u00e4r en ny typ av prilla som \u00e4r gjord av fiber fr\u00e5n kokosn\u00f6t vilket ger prillan en brun f\u00e4rg.<\/article>\n<div class=\"buy-pane\">\n<div class=\"tab-content buy-tabs-content\">\n<div id=\"buy\" class=\"tab-pane active\">\n<div>\n<div class=\"variants list\">\n<h2>Om produkten COCO Blue Razz Slim Strong<\/h2>\n<p>COCO Blue Razz Slim Strong \u00e4r en prilla med smaks\u00e4ttning av hallon. P\u00e5sen inneh\u00e5ller \u00e4ven kokosfiber och tillsatt nikotin. Blue Razz \u00e4r en prilla som har en torr yta, vilket ger en l\u00e4gre rinnighet. P\u00e5sens yta \u00e4r \u00e4ven perforerad, vilket g\u00f6r att smak och nikotin fris\u00e4tts successivt. En dosa kommer med 20 stycken nikotinp\u00e5sar med smak av b\u00e4r.<\/p>\n<\/div>\n<\/div>\n<\/div>\n<\/div>\n<\/div>","protected":false},"featured_media":18074,"comment_status":"open","ping_status":"closed","template":"","meta":[],"product_brand":[],"product_cat":[135],"product_tag":[],"class_list":{"0":"post-53834","1":"product","2":"type-product","3":"status-publish","4":"has-post-thumbnail","6":"product_cat-white-portion","8":"first","9":"instock","10":"taxable","11":"shipping-taxable","12":"purchasable","13":"product-type-variable"},"_links":{"self":[{"href":"https:\/\/snus-malmo.se\/sv\/wp-json\/wp\/v2\/product\/53834","targetHints":{"allow":["GET"]}}],"collection":[{"href":"https:\/\/snus-malmo.se\/sv\/wp-json\/wp\/v2\/product"}],"about":[{"href":"https:\/\/snus-malmo.se\/sv\/wp-json\/wp\/v2\/types\/product"}],"replies":[{"embeddable":true,"href":"https:\/\/snus-malmo.se\/sv\/wp-json\/wp\/v2\/comments?post=53834"}],"version-history":[{"count":0,"href":"https:\/\/snus-malmo.se\/sv\/wp-json\/wp\/v2\/product\/53834\/revisions"}],"wp:featuredmedia":[{"embeddable":true,"href":"https:\/\/snus-malmo.se\/sv\/wp-json\/wp\/v2\/media\/18074"}],"wp:attachment":[{"href":"https:\/\/snus-malmo.se\/sv\/wp-json\/wp\/v2\/media?parent=53834"}],"wp:term":[{"taxonomy":"product_brand","embeddable":true,"href":"https:\/\/snus-malmo.se\/sv\/wp-json\/wp\/v2\/product_brand?post=53834"},{"taxonomy":"product_cat","embeddable":true,"href":"https:\/\/snus-malmo.se\/sv\/wp-json\/wp\/v2\/product_cat?post=53834"},{"taxonomy":"product_tag","embeddable":true,"href":"https:\/\/snus-malmo.se\/sv\/wp-json\/wp\/v2\/product_tag?post=53834"}],"curies":[{"name":"wp","href":"https:\/\/api.w.org\/{rel}","templated":true}]}}