{"id":53868,"date":"2025-05-23T16:57:34","date_gmt":"2025-05-23T16:57:34","guid":{"rendered":"https:\/\/snus-malmo.se\/?post_type=product&#038;p=53868"},"modified":"2025-07-22T21:00:34","modified_gmt":"2025-07-22T21:00:34","slug":"skruf-xtra-stark-white-portion-no-24","status":"publish","type":"product","link":"https:\/\/snus-malmo.se\/sv\/produkt\/skruf-xtra-stark-white-portion-no-24\/","title":{"rendered":"Skruf Xtra Stark White Portion no.24"},"content":{"rendered":"<h1 class=\"material-item__headline\">Skruf Xtra Stark White Portion no.24<\/h1>\n<h2 data-start=\"274\" data-end=\"357\"><strong data-start=\"278\" data-end=\"357\">Skruf Xtra Stark White Portion No.24 \u2013 Kraftfull tobakssmak i torra prillor<\/strong><\/h2>\n<p data-start=\"359\" data-end=\"744\"><strong data-start=\"359\" data-end=\"399\">Skruf Xtra Stark White Portion No.24<\/strong> \u00e4r ett <strong data-start=\"407\" data-end=\"429\">white portionssnus<\/strong> med en <strong data-start=\"437\" data-end=\"465\">klassisk, ren tobakssmak<\/strong>, kompletterad av <strong data-start=\"483\" data-end=\"527\">l\u00e4tta nyanser av bergamott och rosenolja<\/strong>. Snuset \u00e4r tillverkat med en h\u00f6gre andel tobaksblad, vilket ger en <strong data-start=\"595\" data-end=\"620\">extra h\u00f6g nikotinhalt<\/strong> och en intensivare upplevelse \u2013 perfekt f\u00f6r dig som s\u00f6ker en stark och smakrik produkt utan att kompromissa med karakt\u00e4ren.<\/p>\n<p data-start=\"746\" data-end=\"970\">Tack vare <strong data-start=\"756\" data-end=\"782\">white portion-formatet<\/strong> f\u00e5r du torrare prillor som rinner mindre, men \u00e4nd\u00e5 levererar smak och nikotin l\u00e5ngvarigt. Detta g\u00f6r <strong data-start=\"883\" data-end=\"898\">Skruf No.24<\/strong> till ett popul\u00e4rt val f\u00f6r snusare som vill ha kraft utan on\u00f6digt dropp.<\/p>\n<hr data-start=\"972\" data-end=\"975\" \/>\n<h2 data-start=\"977\" data-end=\"1043\"><strong data-start=\"982\" data-end=\"1043\">Produktinformation \u2013 Skruf No.24 Xtra Stark White Portion<\/strong><\/h2>\n<ul data-start=\"1044\" data-end=\"1382\">\n<li data-start=\"1044\" data-end=\"1116\">\n<p data-start=\"1046\" data-end=\"1116\"><strong data-start=\"1046\" data-end=\"1060\">Smakprofil<\/strong>: Klassisk tobak med inslag av bergamott och rosenolja<\/p>\n<\/li>\n<li data-start=\"1117\" data-end=\"1184\">\n<p data-start=\"1119\" data-end=\"1184\"><strong data-start=\"1119\" data-end=\"1126\">Typ<\/strong>: White Portion \u2013 torra prillor f\u00f6r l\u00e5ngvarig anv\u00e4ndning<\/p>\n<\/li>\n<li data-start=\"1185\" data-end=\"1212\">\n<p data-start=\"1187\" data-end=\"1212\"><strong data-start=\"1187\" data-end=\"1197\">Styrka<\/strong>: Extra stark<\/p>\n<\/li>\n<li data-start=\"1213\" data-end=\"1277\">\n<p data-start=\"1215\" data-end=\"1277\"><strong data-start=\"1215\" data-end=\"1230\">Nikotinhalt<\/strong>: ca 18\u201319 mg\/g (kan variera n\u00e5got per batch)<\/p>\n<\/li>\n<li data-start=\"1278\" data-end=\"1315\">\n<p data-start=\"1280\" data-end=\"1315\"><strong data-start=\"1280\" data-end=\"1306\">Antal prillor per dosa<\/strong>: 24 st<\/p>\n<\/li>\n<li data-start=\"1316\" data-end=\"1348\">\n<p data-start=\"1318\" data-end=\"1348\"><strong data-start=\"1318\" data-end=\"1335\">Vikt per dosa<\/strong>: ca 21,6 g<\/p>\n<\/li>\n<li data-start=\"1349\" data-end=\"1382\">\n<p data-start=\"1351\" data-end=\"1382\"><strong data-start=\"1351\" data-end=\"1370\">Vikt per prilla<\/strong>: ca 0,9 g<\/p>\n<\/li>\n<\/ul>\n<hr data-start=\"1384\" data-end=\"1387\" \/>\n<h3 data-start=\"1389\" data-end=\"1410\"><strong data-start=\"1394\" data-end=\"1410\">Ingredienser<\/strong><\/h3>\n<p data-start=\"1411\" data-end=\"1527\">Tobak, vatten, fuktighetsbevarande medel (E1520), surhetsreglerande medel (E500), smakf\u00f6rst\u00e4rkare (koksalt), aromer.<\/p>\n<hr data-start=\"1529\" data-end=\"1532\" \/>\n<p data-start=\"1534\" data-end=\"1715\">\ud83d\udc49 <strong data-start=\"1537\" data-end=\"1595\">K\u00f6p Skruf Xtra Stark White Portion No.24 hos veloop.se<\/strong>:<br data-start=\"1596\" data-end=\"1599\" \/><a class=\"\" href=\"https:\/\/snus-malmo.se\/sv\/produkt-kategori\/alla-produkter\/skruf\/\" target=\"_new\" rel=\"noopener\" data-start=\"1599\" data-end=\"1715\">https:\/\/snus-malmo.se\/product-category\/alla-produkter\/skruf\/<\/a><\/p>\n<p data-start=\"1717\" data-end=\"1959\">\ud83d\udd25 Utforska fler <a class=\"\" href=\"https:\/\/snus-malmo.se\/sv\/produkt-kategori\/alla-produkter\/skruf\/\" target=\"_new\" rel=\"noopener\" data-start=\"1734\" data-end=\"1817\">extra starka snussorter<\/a><br data-start=\"1817\" data-end=\"1820\" \/>\ud83d\udd0d Se hela v\u00e5rt utbud av <a class=\"\" href=\"https:\/\/snus-malmo.se\/sv\/produkt-kategori\/alla-produkter\/skruf\/\" target=\"_new\" rel=\"noopener\" data-start=\"1845\" data-end=\"1924\">Skruf White Portion<\/a> med varierande styrkor och smaker.<\/p>\n<p>&nbsp;<\/p>","protected":false},"excerpt":{"rendered":"<h1 class=\"material-item__headline\">Skruf Xtra Stark White Portion no.24<\/h1>\n<p><strong data-start=\"2034\" data-end=\"2074\">Skruf Xtra Stark White Portion No.24<\/strong> \u00e4r ett extra starkt white snus med klassisk tobakssmak och nyanser av bergamott och rosenolja. H\u00f6g nikotinhalt, torra prillor och 24 portioner per dosa.<\/p>\n<p data-start=\"1534\" data-end=\"1715\">\ud83d\udc49 <strong data-start=\"1537\" data-end=\"1595\">K\u00f6p Skruf Xtra Stark White Portion No.24 hos veloop.se<\/strong>:<br data-start=\"1596\" data-end=\"1599\" \/><a class=\"\" href=\"https:\/\/snus-malmo.se\/sv\/produkt-kategori\/alla-produkter\/skruf\/\" target=\"_new\" rel=\"noopener\" data-start=\"1599\" data-end=\"1715\">https:\/\/snus-malmo.se\/product-category\/alla-produkter\/skruf\/<\/a><\/p>\n<p data-start=\"1717\" data-end=\"1959\">\ud83d\udd25 Utforska fler <a class=\"\" href=\"https:\/\/snus-malmo.se\/sv\/produkt-kategori\/alla-produkter\/skruf\/\" target=\"_new\" rel=\"noopener\" data-start=\"1734\" data-end=\"1817\">extra starka snussorter<\/a><br data-start=\"1817\" data-end=\"1820\" \/>\ud83d\udd0d Se hela v\u00e5rt utbud av <a class=\"\" href=\"https:\/\/snus-malmo.se\/sv\/produkt-kategori\/alla-produkter\/skruf\/\" target=\"_new\" rel=\"noopener\" data-start=\"1845\" data-end=\"1924\">Skruf White Portion<\/a> med varierande styrkor och smaker.<\/p>","protected":false},"featured_media":62446,"comment_status":"open","ping_status":"closed","template":"","meta":[],"product_brand":[360],"product_cat":[355,117,135],"product_tag":[],"class_list":{"0":"post-53868","1":"product","2":"type-product","3":"status-publish","4":"has-post-thumbnail","6":"product_brand-skruf","7":"product_cat-extra-strongextra-stark","8":"product_cat-skruf","9":"product_cat-white-portion","11":"first","12":"instock","13":"taxable","14":"shipping-taxable","15":"purchasable","16":"product-type-variable"},"_links":{"self":[{"href":"https:\/\/snus-malmo.se\/sv\/wp-json\/wp\/v2\/product\/53868","targetHints":{"allow":["GET"]}}],"collection":[{"href":"https:\/\/snus-malmo.se\/sv\/wp-json\/wp\/v2\/product"}],"about":[{"href":"https:\/\/snus-malmo.se\/sv\/wp-json\/wp\/v2\/types\/product"}],"replies":[{"embeddable":true,"href":"https:\/\/snus-malmo.se\/sv\/wp-json\/wp\/v2\/comments?post=53868"}],"version-history":[{"count":0,"href":"https:\/\/snus-malmo.se\/sv\/wp-json\/wp\/v2\/product\/53868\/revisions"}],"wp:featuredmedia":[{"embeddable":true,"href":"https:\/\/snus-malmo.se\/sv\/wp-json\/wp\/v2\/media\/62446"}],"wp:attachment":[{"href":"https:\/\/snus-malmo.se\/sv\/wp-json\/wp\/v2\/media?parent=53868"}],"wp:term":[{"taxonomy":"product_brand","embeddable":true,"href":"https:\/\/snus-malmo.se\/sv\/wp-json\/wp\/v2\/product_brand?post=53868"},{"taxonomy":"product_cat","embeddable":true,"href":"https:\/\/snus-malmo.se\/sv\/wp-json\/wp\/v2\/product_cat?post=53868"},{"taxonomy":"product_tag","embeddable":true,"href":"https:\/\/snus-malmo.se\/sv\/wp-json\/wp\/v2\/product_tag?post=53868"}],"curies":[{"name":"wp","href":"https:\/\/api.w.org\/{rel}","templated":true}]}}