{"id":53873,"date":"2025-05-23T16:57:34","date_gmt":"2025-05-23T16:57:34","guid":{"rendered":"https:\/\/snus-malmo.se\/?post_type=product&#038;p=53873"},"modified":"2025-07-22T18:31:52","modified_gmt":"2025-07-22T18:31:52","slug":"skruf-tranbar-white-portion-no-19","status":"publish","type":"product","link":"https:\/\/snus-malmo.se\/sv\/produkt\/skruf-tranbar-white-portion-no-19\/","title":{"rendered":"Skruf Tranb\u00e4r White Portion no.19"},"content":{"rendered":"<h1>Skruf Tranb\u00e4r White Portion no.19<\/h1>\n<h2 data-start=\"247\" data-end=\"328\"><strong data-start=\"251\" data-end=\"328\">Skruf Tranb\u00e4r White Portion No.19 \u2013 B\u00e4rig friskhet med klassisk tobakston<\/strong><\/h2>\n<p data-start=\"330\" data-end=\"643\"><strong data-start=\"330\" data-end=\"367\">Skruf Tranb\u00e4r White Portion No.19<\/strong> \u00e4r ett <strong data-start=\"375\" data-end=\"397\">white portionssnus<\/strong> med en <strong data-start=\"405\" data-end=\"436\">unik och fruktig smakprofil<\/strong> d\u00e4r syrliga tranb\u00e4r m\u00f6ter en <strong data-start=\"466\" data-end=\"489\">mild tobakskarakt\u00e4r<\/strong>. Den b\u00e4riga friskheten i smaken ger en sp\u00e4nnande twist p\u00e5 det klassiska snuset och passar perfekt f\u00f6r dig som s\u00f6ker variation utan att tumma p\u00e5 kvalitet.<\/p>\n<p data-start=\"645\" data-end=\"922\">Prillorna kommer i <strong data-start=\"664\" data-end=\"680\">white format<\/strong>, vilket inneb\u00e4r att de \u00e4r mindre fuktiga och d\u00e4rf\u00f6r rinner mindre \u2013 men levererar smak och nikotin under l\u00e5ng tid. Med <strong data-start=\"800\" data-end=\"826\">medelh\u00f6g nikotinstyrka<\/strong> \u00e4r detta ett snus som passar b\u00e5de vana anv\u00e4ndare och dig som f\u00f6redrar en mer balanserad styrka.<\/p>\n<hr data-start=\"924\" data-end=\"927\" \/>\n<h2 data-start=\"929\" data-end=\"992\"><strong data-start=\"934\" data-end=\"992\">Produktinformation \u2013 Skruf No.19 Tranb\u00e4r White Portion<\/strong><\/h2>\n<ul data-start=\"993\" data-end=\"1365\">\n<li data-start=\"993\" data-end=\"1063\">\n<p data-start=\"995\" data-end=\"1063\"><strong data-start=\"995\" data-end=\"1009\">Smakprofil<\/strong>: Frisk smak av tranb\u00e4r i kombination med mild tobak<\/p>\n<\/li>\n<li data-start=\"1064\" data-end=\"1127\">\n<p data-start=\"1066\" data-end=\"1127\"><strong data-start=\"1066\" data-end=\"1073\">Typ<\/strong>: White Portion \u2013 torra prillor f\u00f6r mindre rinnighet<\/p>\n<\/li>\n<li data-start=\"1128\" data-end=\"1152\">\n<p data-start=\"1130\" data-end=\"1152\"><strong data-start=\"1130\" data-end=\"1140\">Format<\/strong>: Standard<\/p>\n<\/li>\n<li data-start=\"1153\" data-end=\"1175\">\n<p data-start=\"1155\" data-end=\"1175\"><strong data-start=\"1155\" data-end=\"1165\">Styrka<\/strong>: Medium<\/p>\n<\/li>\n<li data-start=\"1176\" data-end=\"1231\">\n<p data-start=\"1178\" data-end=\"1231\"><strong data-start=\"1178\" data-end=\"1193\">Nikotinhalt<\/strong>: ca 8\u201310 mg\/g <em data-start=\"1208\" data-end=\"1229\">(kan variera n\u00e5got)<\/em><\/p>\n<\/li>\n<li data-start=\"1232\" data-end=\"1269\">\n<p data-start=\"1234\" data-end=\"1269\"><strong data-start=\"1234\" data-end=\"1260\">Antal prillor per dosa<\/strong>: 24 st<\/p>\n<\/li>\n<li data-start=\"1270\" data-end=\"1327\">\n<p data-start=\"1272\" data-end=\"1327\"><strong data-start=\"1272\" data-end=\"1289\">Vikt per dosa<\/strong>: ca 16,6\u201321 g <em data-start=\"1304\" data-end=\"1325\">(beroende p\u00e5 batch)<\/em><\/p>\n<\/li>\n<li data-start=\"1328\" data-end=\"1365\">\n<p data-start=\"1330\" data-end=\"1365\"><strong data-start=\"1330\" data-end=\"1349\">Vikt per prilla<\/strong>: ca 0,7\u20130,9 g<\/p>\n<\/li>\n<\/ul>\n<hr data-start=\"1367\" data-end=\"1370\" \/>\n<h3 data-start=\"1372\" data-end=\"1393\"><strong data-start=\"1377\" data-end=\"1393\">Ingredienser<\/strong><\/h3>\n<p data-start=\"1394\" data-end=\"1526\">Tobak, vatten, fuktighetsbevarande medel (E1520), surhetsreglerande medel (E500), smakf\u00f6rst\u00e4rkare (koksalt), aromer (bl.a. tranb\u00e4r).<\/p>\n<hr data-start=\"1528\" data-end=\"1531\" \/>\n<p data-start=\"1533\" data-end=\"1711\">\ud83d\udc49 <strong data-start=\"1536\" data-end=\"1591\">K\u00f6p Skruf Tranb\u00e4r White Portion No.19 hos veloop.se<\/strong>:<br data-start=\"1592\" data-end=\"1595\" \/><a class=\"\" href=\"https:\/\/snus-malmo.se\/sv\/produkt-kategori\/alla-produkter\/skruf\/\" target=\"_new\" rel=\"noopener\" data-start=\"1595\" data-end=\"1711\">https:\/\/snus-malmo.se\/product-category\/alla-produkter\/skruf\/<\/a><\/p>\n<p data-start=\"1713\" data-end=\"1996\">\ud83c\udf52 Letar du efter snus med fruktig smak? Se fler <a class=\"\" href=\"https:\/\/snus-malmo.se\/sv\/produkt-kategori\/alla-produkter\/skruf\/\" target=\"_new\" rel=\"noopener\" data-start=\"1762\" data-end=\"1853\">smaksatta alternativ fr\u00e5n Skruf<\/a><br data-start=\"1853\" data-end=\"1856\" \/>\ud83d\udd0d Uppt\u00e4ck hela v\u00e5rt utbud av <a class=\"\" href=\"https:\/\/snus-malmo.se\/sv\/produkt-kategori\/alla-produkter\/skruf\/\" target=\"_new\" rel=\"noopener\" data-start=\"1886\" data-end=\"1964\">white portion snus<\/a> med olika styrkor och profiler.<\/p>","protected":false},"excerpt":{"rendered":"<h1>Skruf Tranb\u00e4r White Portion no.19<\/h1>\n<p><strong data-start=\"2071\" data-end=\"2108\">Skruf Tranb\u00e4r White Portion No.19<\/strong> \u00e4r ett white portionssnus med frisk smak av tranb\u00e4r och mild tobak. Medelh\u00f6g nikotinstyrka, torra prillor och 24 portioner per dosa.<\/p>\n<p data-start=\"1533\" data-end=\"1711\">\ud83d\udc49 <strong data-start=\"1536\" data-end=\"1591\">K\u00f6p Skruf Tranb\u00e4r White Portion No.19 hos veloop.se<\/strong>:<br data-start=\"1592\" data-end=\"1595\" \/><a class=\"\" href=\"https:\/\/snus-malmo.se\/sv\/produkt-kategori\/alla-produkter\/skruf\/\" target=\"_new\" rel=\"noopener\" data-start=\"1595\" data-end=\"1711\">https:\/\/snus-malmo.se\/product-category\/alla-produkter\/skruf\/<\/a><\/p>\n<p data-start=\"1713\" data-end=\"1996\">\ud83c\udf52 Letar du efter snus med fruktig smak? Se fler <a class=\"\" href=\"https:\/\/snus-malmo.se\/sv\/produkt-kategori\/alla-produkter\/skruf\/\" target=\"_new\" rel=\"noopener\" data-start=\"1762\" data-end=\"1853\">smaksatta alternativ fr\u00e5n Skruf<\/a><br data-start=\"1853\" data-end=\"1856\" \/>\ud83d\udd0d Uppt\u00e4ck hela v\u00e5rt utbud av <a class=\"\" href=\"https:\/\/snus-malmo.se\/sv\/produkt-kategori\/alla-produkter\/skruf\/\" target=\"_new\" rel=\"noopener\" data-start=\"1886\" data-end=\"1964\">white portion snus<\/a> med olika styrkor och profiler.<\/p>","protected":false},"featured_media":62444,"comment_status":"open","ping_status":"closed","template":"","meta":[],"product_brand":[360],"product_cat":[117,135],"product_tag":[],"class_list":{"0":"post-53873","1":"product","2":"type-product","3":"status-publish","4":"has-post-thumbnail","6":"product_brand-skruf","7":"product_cat-skruf","8":"product_cat-white-portion","10":"first","11":"instock","12":"taxable","13":"shipping-taxable","14":"purchasable","15":"product-type-variable"},"_links":{"self":[{"href":"https:\/\/snus-malmo.se\/sv\/wp-json\/wp\/v2\/product\/53873","targetHints":{"allow":["GET"]}}],"collection":[{"href":"https:\/\/snus-malmo.se\/sv\/wp-json\/wp\/v2\/product"}],"about":[{"href":"https:\/\/snus-malmo.se\/sv\/wp-json\/wp\/v2\/types\/product"}],"replies":[{"embeddable":true,"href":"https:\/\/snus-malmo.se\/sv\/wp-json\/wp\/v2\/comments?post=53873"}],"version-history":[{"count":0,"href":"https:\/\/snus-malmo.se\/sv\/wp-json\/wp\/v2\/product\/53873\/revisions"}],"wp:featuredmedia":[{"embeddable":true,"href":"https:\/\/snus-malmo.se\/sv\/wp-json\/wp\/v2\/media\/62444"}],"wp:attachment":[{"href":"https:\/\/snus-malmo.se\/sv\/wp-json\/wp\/v2\/media?parent=53873"}],"wp:term":[{"taxonomy":"product_brand","embeddable":true,"href":"https:\/\/snus-malmo.se\/sv\/wp-json\/wp\/v2\/product_brand?post=53873"},{"taxonomy":"product_cat","embeddable":true,"href":"https:\/\/snus-malmo.se\/sv\/wp-json\/wp\/v2\/product_cat?post=53873"},{"taxonomy":"product_tag","embeddable":true,"href":"https:\/\/snus-malmo.se\/sv\/wp-json\/wp\/v2\/product_tag?post=53873"}],"curies":[{"name":"wp","href":"https:\/\/api.w.org\/{rel}","templated":true}]}}