{"id":53899,"date":"2025-05-23T16:57:36","date_gmt":"2025-05-23T16:57:36","guid":{"rendered":"https:\/\/snus-malmo.se\/?post_type=product&#038;p=53899"},"modified":"2025-07-16T12:33:17","modified_gmt":"2025-07-16T12:33:17","slug":"bagz-cola-max-x-strong","status":"publish","type":"product","link":"https:\/\/snus-malmo.se\/sv\/produkt\/bagz-cola-max-x-strong\/","title":{"rendered":"BAGZ Cola Max X-strong"},"content":{"rendered":"<p>BAGZ Cola Max X-strong bjuder p\u00e5 en kombination av den klassiska smaken av cola och en rej\u00e4l nikotinhalt.<\/p>\n<p>Bagz Cola Max \u00e4r en utm\u00e4rkt produkt f\u00f6r snusare som s\u00f6ker ett ett kraftfullt snus med en h\u00f6gnikotinhalt. BAGZ Cola\u00a0Max X-Strong, har som namnet antyder, en extra stark nikotinhalt p\u00e5 20 mg\/g. Den klassiska smaken av cola tillsammans med det h\u00f6ga nikotininneh\u00e5llet ger en unik produkt som uppskattas av de som gillar cola och intensiva nikotinkickar. Nikotinp\u00e5sarnas utformning ger en\u00a0j\u00e4mn fris\u00e4ttning av b\u00e5de smak och nikotin under en l\u00e4ngre tid.<\/p>\n<p>Varje dosa av Bagz Cola Max inneh\u00e5ller 22 slimmade nikotinp\u00e5sar.\u00a0Dosan har \u00e4ven ett fack i locket f\u00f6r anv\u00e4nda prillor.<\/p>\n<p><strong>Info om BAGZ Cola Max X-Strong:<\/strong><\/p>\n<p>Smak: Kryddig chili med lime<\/p>\n<p>Format: Slim<\/p>\n<p>Styrka: Extra Stark<\/p>\n<p>Nikotinstyrka mg\/portion: 18 mg<\/p>\n<p>Nikotinstyrka: mg\/g: 20 mg<\/p>\n<p>Antal Portioner\u00a0per dosa: 22<\/p>\n<p>Tillverkare:\u00a0Flameclub SWEDEN AB<\/p>","protected":false},"excerpt":{"rendered":"<p>BAGZ Cola Max X-strong bjuder p\u00e5 en kombination av den klassiska smaken av cola och en rej\u00e4l nikotinhalt.<\/p>\n<p>Bagz Cola Max \u00e4r en utm\u00e4rkt produkt f\u00f6r snusare som s\u00f6ker ett ett kraftfullt snus med en h\u00f6gnikotinhalt. BAGZ Cola\u00a0Max X-Strong, har som namnet antyder, en extra stark nikotinhalt p\u00e5 20 mg\/g. Den klassiska smaken av cola tillsammans med det h\u00f6ga nikotininneh\u00e5llet ger en unik produkt som uppskattas av de som gillar cola och intensiva nikotinkickar. Nikotinp\u00e5sarnas utformning ger en\u00a0j\u00e4mn fris\u00e4ttning av b\u00e5de smak och nikotin under en l\u00e4ngre tid.<\/p>\n<p>Varje dosa av Bagz Cola Max inneh\u00e5ller 22 slimmade nikotinp\u00e5sar.\u00a0Dosan har \u00e4ven ett fack i locket f\u00f6r anv\u00e4nda prillor.<\/p>","protected":false},"featured_media":18198,"comment_status":"open","ping_status":"closed","template":"","meta":[],"product_brand":[],"product_cat":[136],"product_tag":[],"class_list":{"0":"post-53899","1":"product","2":"type-product","3":"status-publish","4":"has-post-thumbnail","6":"product_cat-all-whites","8":"first","9":"instock","10":"taxable","11":"shipping-taxable","12":"purchasable","13":"product-type-variable"},"_links":{"self":[{"href":"https:\/\/snus-malmo.se\/sv\/wp-json\/wp\/v2\/product\/53899","targetHints":{"allow":["GET"]}}],"collection":[{"href":"https:\/\/snus-malmo.se\/sv\/wp-json\/wp\/v2\/product"}],"about":[{"href":"https:\/\/snus-malmo.se\/sv\/wp-json\/wp\/v2\/types\/product"}],"replies":[{"embeddable":true,"href":"https:\/\/snus-malmo.se\/sv\/wp-json\/wp\/v2\/comments?post=53899"}],"version-history":[{"count":0,"href":"https:\/\/snus-malmo.se\/sv\/wp-json\/wp\/v2\/product\/53899\/revisions"}],"wp:featuredmedia":[{"embeddable":true,"href":"https:\/\/snus-malmo.se\/sv\/wp-json\/wp\/v2\/media\/18198"}],"wp:attachment":[{"href":"https:\/\/snus-malmo.se\/sv\/wp-json\/wp\/v2\/media?parent=53899"}],"wp:term":[{"taxonomy":"product_brand","embeddable":true,"href":"https:\/\/snus-malmo.se\/sv\/wp-json\/wp\/v2\/product_brand?post=53899"},{"taxonomy":"product_cat","embeddable":true,"href":"https:\/\/snus-malmo.se\/sv\/wp-json\/wp\/v2\/product_cat?post=53899"},{"taxonomy":"product_tag","embeddable":true,"href":"https:\/\/snus-malmo.se\/sv\/wp-json\/wp\/v2\/product_tag?post=53899"}],"curies":[{"name":"wp","href":"https:\/\/api.w.org\/{rel}","templated":true}]}}