{"id":53907,"date":"2025-05-23T16:57:36","date_gmt":"2025-05-23T16:57:36","guid":{"rendered":"https:\/\/snus-malmo.se\/?post_type=product&#038;p=53907"},"modified":"2025-07-16T12:33:02","modified_gmt":"2025-07-16T12:33:02","slug":"bagz-fruit-punch-x-strong","status":"publish","type":"product","link":"https:\/\/snus-malmo.se\/sv\/produkt\/bagz-fruit-punch-x-strong\/","title":{"rendered":"BAGZ Fruit Punch X-strong"},"content":{"rendered":"<h2><strong>BAGZ Fruit Punch X-strong<\/strong><\/h2>\n<p>BAGZ Fruit Punch X-strong \u00e4r det r\u00e4tta snuset f\u00f6r de som gillar fruktiga smaker och riktigt h\u00f6ga nikotinhalter.<\/p>\n<p>Bagz Fruit Punch \u00e4r det perfekta valet f\u00f6r snusare som letar efter en kraftfull snusprodukt med h\u00f6g nikotinhalt. Bagz Fruit Punch X-Strong, med en extra stark nikotinhalt p\u00e5 20 mg\/g, lever upp till sitt namn och erbjuder en intensiv och fruktig smak. Denna unika produkt \u00e4r \u00e4lskad av dem som f\u00f6redrar s\u00f6ta smaker och kraftfulla nikotinkickar. Nikotinp\u00e5sarnas \u00e4r dessutom utformade f\u00f6r en\u00a0j\u00e4mn fris\u00e4ttning av b\u00e5de smak och nikotin \u00f6ver en l\u00e4ngre tid.<\/p>\n<p>Varje dosa av Bagz Fruit Punch inneh\u00e5ller 22 slimmade nikotinp\u00e5sar.\u00a0Dosan har \u00e4ven ett fack i locket f\u00f6r anv\u00e4nda prillor.<\/p>\n<p><strong>Info om BAGZ Fruit Punch X-Strong:<\/strong><\/p>\n<p>Smak: Frukter<\/p>\n<p>Format: Slim<\/p>\n<p>Styrka: Extra Stark<\/p>\n<p>Nikotinstyrka mg\/portion: 18 mg<\/p>\n<p>Nikotinstyrka: mg\/g: 20 mg<\/p>\n<p>Antal Portioner\u00a0per dosa: 22<\/p>\n<p>Tillverkare:\u00a0Flameclub SWEDEN AB<\/p>","protected":false},"excerpt":{"rendered":"<h2><strong>BAGZ Fruit Punch X-strong<\/strong><\/h2>\n<p>BAGZ Fruit Punch X-strong \u00e4r det r\u00e4tta snuset f\u00f6r de som gillar fruktiga smaker och riktigt h\u00f6ga nikotinhalter.<\/p>\n<p>Bagz Fruit Punch \u00e4r det perfekta valet f\u00f6r snusare som letar efter en kraftfull snusprodukt med h\u00f6g nikotinhalt. Bagz Fruit Punch X-Strong, med en extra stark nikotinhalt p\u00e5 20 mg\/g, lever upp till sitt namn och erbjuder en intensiv och fruktig smak. Denna unika produkt \u00e4r \u00e4lskad av dem som f\u00f6redrar s\u00f6ta smaker och kraftfulla nikotinkickar. Nikotinp\u00e5sarnas \u00e4r dessutom utformade f\u00f6r en\u00a0j\u00e4mn fris\u00e4ttning av b\u00e5de smak och nikotin \u00f6ver en l\u00e4ngre tid.<\/p>","protected":false},"featured_media":18222,"comment_status":"open","ping_status":"closed","template":"","meta":[],"product_brand":[],"product_cat":[136],"product_tag":[],"class_list":{"0":"post-53907","1":"product","2":"type-product","3":"status-publish","4":"has-post-thumbnail","6":"product_cat-all-whites","8":"first","9":"instock","10":"taxable","11":"shipping-taxable","12":"purchasable","13":"product-type-variable"},"_links":{"self":[{"href":"https:\/\/snus-malmo.se\/sv\/wp-json\/wp\/v2\/product\/53907","targetHints":{"allow":["GET"]}}],"collection":[{"href":"https:\/\/snus-malmo.se\/sv\/wp-json\/wp\/v2\/product"}],"about":[{"href":"https:\/\/snus-malmo.se\/sv\/wp-json\/wp\/v2\/types\/product"}],"replies":[{"embeddable":true,"href":"https:\/\/snus-malmo.se\/sv\/wp-json\/wp\/v2\/comments?post=53907"}],"version-history":[{"count":0,"href":"https:\/\/snus-malmo.se\/sv\/wp-json\/wp\/v2\/product\/53907\/revisions"}],"wp:featuredmedia":[{"embeddable":true,"href":"https:\/\/snus-malmo.se\/sv\/wp-json\/wp\/v2\/media\/18222"}],"wp:attachment":[{"href":"https:\/\/snus-malmo.se\/sv\/wp-json\/wp\/v2\/media?parent=53907"}],"wp:term":[{"taxonomy":"product_brand","embeddable":true,"href":"https:\/\/snus-malmo.se\/sv\/wp-json\/wp\/v2\/product_brand?post=53907"},{"taxonomy":"product_cat","embeddable":true,"href":"https:\/\/snus-malmo.se\/sv\/wp-json\/wp\/v2\/product_cat?post=53907"},{"taxonomy":"product_tag","embeddable":true,"href":"https:\/\/snus-malmo.se\/sv\/wp-json\/wp\/v2\/product_tag?post=53907"}],"curies":[{"name":"wp","href":"https:\/\/api.w.org\/{rel}","templated":true}]}}