{"id":53909,"date":"2025-05-23T16:57:36","date_gmt":"2025-05-23T16:57:36","guid":{"rendered":"https:\/\/snus-malmo.se\/?post_type=product&#038;p=53909"},"modified":"2025-07-16T12:35:40","modified_gmt":"2025-07-16T12:35:40","slug":"bagz-moccaccino-coffe-x-strong","status":"publish","type":"product","link":"https:\/\/snus-malmo.se\/sv\/produkt\/bagz-moccaccino-coffe-x-strong\/","title":{"rendered":"BAGZ Moccaccino Coffe X-strong"},"content":{"rendered":"<h2><strong>BAGZ Moccaccino Coffe X-strong<\/strong><\/h2>\n<p>BAGZ Moccaccino Coffee X-strong bjuder p\u00e5 en energigivande komposition av kaffesmak och sammetslena toner av choklad. F\u00f6rutom kaffe- och chokladsmaken har snuset ocks\u00e5 ett riktigt h\u00f6gt nikotininneh\u00e5ll som passar de som s\u00f6ker en rej\u00e4l nikotinkick. Den h\u00f6ga nikotinhalten ligger p\u00e5\u00a0 20 mg\/g, och garanterar en stark effekt. Bagz\u00a0Moccaccino Coffee X-strong kommer i helvita prillor i formatet slim. Slim formatet \u00e4r smalare och mindre \u00e4n standard storleken, vilket ger en bekv\u00e4mare och diskretare passform. Passande f\u00f6r dem som \u00f6nskar mindre prillor som inte syns lika mycket som vanliga prillor g\u00f6r.\u00a0\u00a0Nikotinp\u00e5sarna \u00e4r \u00e4ven designade f\u00f6r en j\u00e4mn smak och nikotinfris\u00e4ttning.<\/p>\n<p>Varje dosa av Bagz Moccaccino Coffee X-strong inneh\u00e5ller 22 slimmade nikotinp\u00e5sar och dosan har \u00e4ven ett fack i locket f\u00f6r anv\u00e4nda prillor.<\/p>\n<p><strong>Information om BAGZ Moccaccino Coffee<\/strong><strong>\u00a0X-Strong:<\/strong><\/p>\n<ul>\n<li>Smak:\u00a0Kaffesmak med toner av choklad<\/li>\n<li>Format: Slim<\/li>\n<li>Styrka: Extra Stark<\/li>\n<li>Nikotinstyrka mg\/portion: 18 mg<\/li>\n<li>Nikotinstyrka mg\/g: 20 mg<\/li>\n<li>Antal Portioner per dosa: 22<\/li>\n<li>Tillverkare: Flameclub SWEDEN AB<\/li>\n<\/ul>","protected":false},"excerpt":{"rendered":"<h2><strong>BAGZ Moccaccino Coffe X-strong<\/strong><\/h2>\n<p>BAGZ Moccaccino Coffee X-strong bjuder p\u00e5 en energigivande komposition av kaffesmak och sammetslena toner av choklad. F\u00f6rutom kaffe- och chokladsmaken har snuset ocks\u00e5 ett riktigt h\u00f6gt nikotininneh\u00e5ll som passar de som s\u00f6ker en rej\u00e4l nikotinkick. Den h\u00f6ga nikotinhalten ligger p\u00e5\u00a0 20 mg\/g, och garanterar en stark effekt. Bagz\u00a0Moccaccino Coffee X-strong kommer i helvita prillor i formatet slim. Slim formatet \u00e4r smalare och mindre \u00e4n standard storleken, vilket ger en bekv\u00e4mare och diskretare passform. Passande f\u00f6r dem som \u00f6nskar mindre prillor som inte syns lika mycket som vanliga prillor g\u00f6r.\u00a0\u00a0Nikotinp\u00e5sarna \u00e4r \u00e4ven designade f\u00f6r en j\u00e4mn smak och nikotinfris\u00e4ttning.<\/p>","protected":false},"featured_media":18256,"comment_status":"open","ping_status":"closed","template":"","meta":[],"product_brand":[],"product_cat":[136],"product_tag":[],"class_list":{"0":"post-53909","1":"product","2":"type-product","3":"status-publish","4":"has-post-thumbnail","6":"product_cat-all-whites","8":"first","9":"instock","10":"taxable","11":"shipping-taxable","12":"purchasable","13":"product-type-variable"},"_links":{"self":[{"href":"https:\/\/snus-malmo.se\/sv\/wp-json\/wp\/v2\/product\/53909","targetHints":{"allow":["GET"]}}],"collection":[{"href":"https:\/\/snus-malmo.se\/sv\/wp-json\/wp\/v2\/product"}],"about":[{"href":"https:\/\/snus-malmo.se\/sv\/wp-json\/wp\/v2\/types\/product"}],"replies":[{"embeddable":true,"href":"https:\/\/snus-malmo.se\/sv\/wp-json\/wp\/v2\/comments?post=53909"}],"version-history":[{"count":0,"href":"https:\/\/snus-malmo.se\/sv\/wp-json\/wp\/v2\/product\/53909\/revisions"}],"wp:featuredmedia":[{"embeddable":true,"href":"https:\/\/snus-malmo.se\/sv\/wp-json\/wp\/v2\/media\/18256"}],"wp:attachment":[{"href":"https:\/\/snus-malmo.se\/sv\/wp-json\/wp\/v2\/media?parent=53909"}],"wp:term":[{"taxonomy":"product_brand","embeddable":true,"href":"https:\/\/snus-malmo.se\/sv\/wp-json\/wp\/v2\/product_brand?post=53909"},{"taxonomy":"product_cat","embeddable":true,"href":"https:\/\/snus-malmo.se\/sv\/wp-json\/wp\/v2\/product_cat?post=53909"},{"taxonomy":"product_tag","embeddable":true,"href":"https:\/\/snus-malmo.se\/sv\/wp-json\/wp\/v2\/product_tag?post=53909"}],"curies":[{"name":"wp","href":"https:\/\/api.w.org\/{rel}","templated":true}]}}