{"id":53911,"date":"2025-05-23T16:57:36","date_gmt":"2025-05-23T16:57:36","guid":{"rendered":"https:\/\/snus-malmo.se\/?post_type=product&#038;p=53911"},"modified":"2025-11-24T20:33:51","modified_gmt":"2025-11-24T20:33:51","slug":"velo-lime-flame-slim","status":"publish","type":"product","link":"https:\/\/snus-malmo.se\/sv\/produkt\/velo-lime-flame-slim\/","title":{"rendered":"VELO Lime Flame Slim"},"content":{"rendered":"<h1>VELO Lime Flame Slim<\/h1>\n<h2 data-start=\"195\" data-end=\"251\">VELO Lime Flame \u2013 Syrlig och het lime med citrussting<\/h2>\n<p data-start=\"253\" data-end=\"493\"><strong data-start=\"253\" data-end=\"272\">VELO Lime Flame<\/strong> \u00e4r ett tobaksfritt vitt snus som bjuder p\u00e5 en <strong data-start=\"319\" data-end=\"376\">frisk och syrlig smak av lime med en kryddig, het ton<\/strong>. Denna unika kombination ger en kraftfull och uppiggande smakupplevelse f\u00f6r dig som vill ha n\u00e5got extra i ditt snus.<\/p>\n<p data-start=\"495\" data-end=\"631\">Snuset kommer i slim-format som passar perfekt f\u00f6r diskret och bekv\u00e4m anv\u00e4ndning, samtidigt som smaken levererar en intensiv citruskick.<\/p>\n<hr data-start=\"633\" data-end=\"636\" \/>\n<h3 data-start=\"638\" data-end=\"673\">\u2714\ufe0f F\u00f6rdelar med VELO Lime Flame<\/h3>\n<ul data-start=\"675\" data-end=\"906\">\n<li data-start=\"675\" data-end=\"722\">\n<p data-start=\"677\" data-end=\"722\"><strong data-start=\"677\" data-end=\"720\">Syrlig och frisk lime med kryddig hetta<\/strong><\/p>\n<\/li>\n<li data-start=\"723\" data-end=\"764\">\n<p data-start=\"725\" data-end=\"764\"><strong data-start=\"725\" data-end=\"762\">Slim-format \u2013 bekv\u00e4mt och diskret<\/strong><\/p>\n<\/li>\n<li data-start=\"765\" data-end=\"806\">\n<p data-start=\"767\" data-end=\"806\"><strong data-start=\"767\" data-end=\"804\">Tobaksfritt vitt snus med nikotin<\/strong><\/p>\n<\/li>\n<li data-start=\"807\" data-end=\"859\">\n<p data-start=\"809\" data-end=\"859\"><strong data-start=\"809\" data-end=\"857\">Producerat av British American Tobacco (BAT)<\/strong><\/p>\n<\/li>\n<li data-start=\"860\" data-end=\"906\">\n<p data-start=\"862\" data-end=\"906\"><strong data-start=\"862\" data-end=\"906\">Intensiv och uppfriskande smakupplevelse<\/strong><\/p>\n<\/li>\n<\/ul>\n<hr data-start=\"908\" data-end=\"911\" \/>\n<h3 data-start=\"913\" data-end=\"943\">\ud83c\udf4b Produktspecifikationer:<\/h3>\n<ul data-start=\"945\" data-end=\"1200\">\n<li data-start=\"945\" data-end=\"977\">\n<p data-start=\"947\" data-end=\"977\"><strong data-start=\"947\" data-end=\"959\">Produkt:<\/strong> VELO Lime Flame<\/p>\n<\/li>\n<li data-start=\"978\" data-end=\"1021\">\n<p data-start=\"980\" data-end=\"1021\"><strong data-start=\"980\" data-end=\"989\">Smak:<\/strong> Syrlig lime med kryddig hetta<\/p>\n<\/li>\n<li data-start=\"1022\" data-end=\"1058\">\n<p data-start=\"1024\" data-end=\"1058\"><strong data-start=\"1024\" data-end=\"1032\">Typ:<\/strong> Vitt snus (tobaksfritt)<\/p>\n<\/li>\n<li data-start=\"1059\" data-end=\"1079\">\n<p data-start=\"1061\" data-end=\"1079\"><strong data-start=\"1061\" data-end=\"1072\">Format:<\/strong> Slim<\/p>\n<\/li>\n<li data-start=\"1080\" data-end=\"1113\">\n<p data-start=\"1082\" data-end=\"1113\"><strong data-start=\"1082\" data-end=\"1093\">Styrka:<\/strong> Normal till stark<\/p>\n<\/li>\n<li data-start=\"1114\" data-end=\"1150\">\n<p data-start=\"1116\" data-end=\"1150\"><strong data-start=\"1116\" data-end=\"1145\">Antal portioner per dosa:<\/strong> 20<\/p>\n<\/li>\n<li data-start=\"1151\" data-end=\"1200\">\n<p data-start=\"1153\" data-end=\"1200\"><strong data-start=\"1153\" data-end=\"1169\">Tillverkare:<\/strong> British American Tobacco (BAT)<\/p>\n<\/li>\n<\/ul>\n<hr data-start=\"1202\" data-end=\"1205\" \/>\n<h2 data-start=\"1207\" data-end=\"1256\">\ud83c\udf08 Uppt\u00e4ck hela VELO-sortimentet hos Veloop.se<\/h2>\n<p data-start=\"1258\" data-end=\"1329\">VELO erbjuder ett brett sortiment av smaker som passar alla tillf\u00e4llen:<\/p>\n<ul data-start=\"1331\" data-end=\"3140\">\n<li data-start=\"1331\" data-end=\"1390\">\n<p data-start=\"1333\" data-end=\"1390\">VELO Arctic Grapefruit \u2013 Frisk grapefrukt med kylig ton<\/p>\n<\/li>\n<li data-start=\"1391\" data-end=\"1442\">\n<p data-start=\"1393\" data-end=\"1442\">VELO Blue Raspberry \u2013 S\u00f6t och syrlig bl\u00e5 hallon<\/p>\n<\/li>\n<li data-start=\"1443\" data-end=\"1489\">\n<p data-start=\"1445\" data-end=\"1489\">VELO Blushy Berry \u2013 Mjuk smak av ljusa b\u00e4r<\/p>\n<\/li>\n<li data-start=\"1490\" data-end=\"1539\">\n<p data-start=\"1492\" data-end=\"1539\">VELO Breezy Mango \u2013 L\u00e4tt och tropisk mangoton<\/p>\n<\/li>\n<li data-start=\"1540\" data-end=\"1595\">\n<p data-start=\"1542\" data-end=\"1595\">VELO Bright Spearmint Mini \u2013 Mild och s\u00f6t spearmint<\/p>\n<\/li>\n<li data-start=\"1596\" data-end=\"1660\">\n<p data-start=\"1598\" data-end=\"1660\">VELO Crispy Peppermint Mini \u2013 Stark pepparmint i mini-format<\/p>\n<\/li>\n<li data-start=\"1661\" data-end=\"1733\">\n<p data-start=\"1663\" data-end=\"1733\">VELO Crispy Peppermint Slim \u2013 Klassisk pepparmint med kylande effekt<\/p>\n<\/li>\n<li data-start=\"1734\" data-end=\"1803\">\n<p data-start=\"1736\" data-end=\"1803\">VELO Crispy Peppermint Zero \u2013 Tobaksfri och nikotinfri pepparmint<\/p>\n<\/li>\n<li data-start=\"1804\" data-end=\"1883\">\n<p data-start=\"1806\" data-end=\"1883\">VELO Freezing Peppermint 10,9 MG \u2013 Isig och frisk pepparmint, medium styrka<\/p>\n<\/li>\n<li data-start=\"1884\" data-end=\"1952\">\n<p data-start=\"1886\" data-end=\"1952\">VELO Freezing Peppermint 14 MG \u2013 Iskall pepparmint, stark styrka<\/p>\n<\/li>\n<li data-start=\"1953\" data-end=\"2018\">\n<p data-start=\"1955\" data-end=\"2018\">VELO Freezing Peppermint 17 MG \u2013 Maxad kyla och nikotinstyrka<\/p>\n<\/li>\n<li data-start=\"2019\" data-end=\"2080\">\n<p data-start=\"2021\" data-end=\"2080\">VELO Green Spearmint \u2013 Fr\u00e4sch spearmint med mjuk karakt\u00e4r<\/p>\n<\/li>\n<li data-start=\"2081\" data-end=\"2145\">\n<p data-start=\"2083\" data-end=\"2145\">VELO Groovy Grape Mini \u2013 L\u00e4tt och s\u00f6t druvsmak i mini-format<\/p>\n<\/li>\n<li data-start=\"2146\" data-end=\"2194\">\n<p data-start=\"2148\" data-end=\"2194\">VELO Icy Berries \u2013 B\u00e4rmix med kylande k\u00e4nsla<\/p>\n<\/li>\n<li data-start=\"2195\" data-end=\"2247\">\n<p data-start=\"2197\" data-end=\"2247\">VELO Icy Cherry \u2013 S\u00f6t k\u00f6rsb\u00e4rssmak med sval mint<\/p>\n<\/li>\n<li data-start=\"2248\" data-end=\"2297\">\n<p data-start=\"2250\" data-end=\"2297\">VELO Lime Flame \u2013 Syrlig lime med citrussting<\/p>\n<\/li>\n<li data-start=\"2298\" data-end=\"2352\">\n<p data-start=\"2300\" data-end=\"2352\">VELO Mango Flame \u2013 Fruktig mango med kryddig hetta<\/p>\n<\/li>\n<li data-start=\"2353\" data-end=\"2407\">\n<p data-start=\"2355\" data-end=\"2407\">VELO McLaren Sweet Papaya \u2013 S\u00f6t och exotisk papaya<\/p>\n<\/li>\n<li data-start=\"2408\" data-end=\"2460\">\n<p data-start=\"2410\" data-end=\"2460\">VELO Orange Spark \u2013 Frisk apelsin med citruskick<\/p>\n<\/li>\n<li data-start=\"2461\" data-end=\"2529\">\n<p data-start=\"2463\" data-end=\"2529\">VELO Peppermint Storm \u2013 Intensiv pepparmint med kraftfull effekt<\/p>\n<\/li>\n<li data-start=\"2530\" data-end=\"2585\">\n<p data-start=\"2532\" data-end=\"2585\">VELO Punchy Lime Mini \u2013 Skarp lime i kompakt format<\/p>\n<\/li>\n<li data-start=\"2586\" data-end=\"2649\">\n<p data-start=\"2588\" data-end=\"2649\">VELO Purple Grape Mini \u2013 S\u00f6t och saftig druva i mini-format<\/p>\n<\/li>\n<li data-start=\"2650\" data-end=\"2716\">\n<p data-start=\"2652\" data-end=\"2716\">VELO Purple Grape Strong \u2013 Djup druvsmak med stark nikotinkick<\/p>\n<\/li>\n<li data-start=\"2717\" data-end=\"2776\">\n<p data-start=\"2719\" data-end=\"2776\">VELO Salty Liquorice \u2013 Saltlakrits med kraftig karakt\u00e4r<\/p>\n<\/li>\n<li data-start=\"2777\" data-end=\"2836\">\n<p data-start=\"2779\" data-end=\"2836\">VELO Simply Spearmint Mini \u2013 Enkel och fr\u00e4sch spearmint<\/p>\n<\/li>\n<li data-start=\"2837\" data-end=\"2898\">\n<p data-start=\"2839\" data-end=\"2898\">VELO Sour Lime Mini \u2013 Syrlig lime med tydlig citrusprofil<\/p>\n<\/li>\n<li data-start=\"2899\" data-end=\"2962\">\n<p data-start=\"2901\" data-end=\"2962\">VELO Tropical Mango 14 MG \u2013 S\u00f6t mango med tropisk fyllighet<\/p>\n<\/li>\n<li data-start=\"2963\" data-end=\"3012\">\n<p data-start=\"2965\" data-end=\"3012\">VELO Tropical Mango Zero \u2013 Mango utan nikotin<\/p>\n<\/li>\n<li data-start=\"3013\" data-end=\"3074\">\n<p data-start=\"3015\" data-end=\"3074\">VELO Wintry Watermelon Mini \u2013 Vattenmelon med mintig kyla<\/p>\n<\/li>\n<li data-start=\"3075\" data-end=\"3140\">\n<p data-start=\"3077\" data-end=\"3140\">VELO Zesty Elderflower \u2013 Blommig fl\u00e4der med frisk citrusnyans<\/p>\n<\/li>\n<\/ul>\n<hr data-start=\"3142\" data-end=\"3145\" \/>\n<h2 data-start=\"3147\" data-end=\"3193\">\ud83d\ude80 K\u00f6p VELO Lime Flame online hos Veloop.se<\/h2>\n<p data-start=\"3195\" data-end=\"3344\">Sugen p\u00e5 en frisk och kryddig limeupplevelse med sting? VELO Lime Flame i slim-format ger dig en kraftfull citruskick i ett modernt tobaksfritt snus.<\/p>\n<p data-start=\"3346\" data-end=\"3456\">\ud83d\uded2 <strong data-start=\"3349\" data-end=\"3456\"><a class=\"\" href=\"https:\/\/snus-malmo.se\/sv\/produkt-kategori\/velo\/\" target=\"_new\" rel=\"noopener\" data-start=\"3351\" data-end=\"3454\">Klicka hem din favorit fr\u00e5n VELO idag \u2013 bara hos Veloop.se!<\/a><\/strong><\/p>","protected":false},"excerpt":{"rendered":"<h1>VELO Lime Flame Slim<\/h1>\n<h2>VELO Lime Flame \u2013 Syrlig och kryddig lime | Veloop.se<\/h2>\n<p>VELO Lime Flame \u2013 tobaksfritt snus med frisk lime och kryddig hetta i slim-format. Best\u00e4ll enkelt hos Veloop.se!<\/p>\n<p>\ud83d\uded2 <strong data-start=\"3349\" data-end=\"3456\"><a class=\"\" href=\"https:\/\/snus-malmo.se\/sv\/produkt-kategori\/velo\/\" target=\"_new\" rel=\"noopener\" data-start=\"3351\" data-end=\"3454\">Klicka hem din favorit fr\u00e5n VELO idag \u2013 bara hos Veloop.se!<\/a><\/strong><\/p>","protected":false},"featured_media":60572,"comment_status":"open","ping_status":"closed","template":"","meta":[],"product_brand":[326],"product_cat":[136,137,255],"product_tag":[],"class_list":{"0":"post-53911","1":"product","2":"type-product","3":"status-publish","4":"has-post-thumbnail","6":"product_brand-velo","7":"product_cat-all-whites","8":"product_cat-slim","9":"product_cat-velo","11":"first","12":"instock","13":"taxable","14":"shipping-taxable","15":"purchasable","16":"product-type-variable"},"_links":{"self":[{"href":"https:\/\/snus-malmo.se\/sv\/wp-json\/wp\/v2\/product\/53911","targetHints":{"allow":["GET"]}}],"collection":[{"href":"https:\/\/snus-malmo.se\/sv\/wp-json\/wp\/v2\/product"}],"about":[{"href":"https:\/\/snus-malmo.se\/sv\/wp-json\/wp\/v2\/types\/product"}],"replies":[{"embeddable":true,"href":"https:\/\/snus-malmo.se\/sv\/wp-json\/wp\/v2\/comments?post=53911"}],"version-history":[{"count":0,"href":"https:\/\/snus-malmo.se\/sv\/wp-json\/wp\/v2\/product\/53911\/revisions"}],"wp:featuredmedia":[{"embeddable":true,"href":"https:\/\/snus-malmo.se\/sv\/wp-json\/wp\/v2\/media\/60572"}],"wp:attachment":[{"href":"https:\/\/snus-malmo.se\/sv\/wp-json\/wp\/v2\/media?parent=53911"}],"wp:term":[{"taxonomy":"product_brand","embeddable":true,"href":"https:\/\/snus-malmo.se\/sv\/wp-json\/wp\/v2\/product_brand?post=53911"},{"taxonomy":"product_cat","embeddable":true,"href":"https:\/\/snus-malmo.se\/sv\/wp-json\/wp\/v2\/product_cat?post=53911"},{"taxonomy":"product_tag","embeddable":true,"href":"https:\/\/snus-malmo.se\/sv\/wp-json\/wp\/v2\/product_tag?post=53911"}],"curies":[{"name":"wp","href":"https:\/\/api.w.org\/{rel}","templated":true}]}}