{"id":53912,"date":"2025-05-23T16:57:36","date_gmt":"2025-05-23T16:57:36","guid":{"rendered":"https:\/\/snus-malmo.se\/?post_type=product&#038;p=53912"},"modified":"2025-07-28T14:52:30","modified_gmt":"2025-07-28T14:52:30","slug":"vid-coffee-caramel-slim-strong","status":"publish","type":"product","link":"https:\/\/snus-malmo.se\/sv\/produkt\/vid-coffee-caramel-slim-strong\/","title":{"rendered":"VID Coffee Caramel Slim Strong"},"content":{"rendered":"<article class=\"product-text\">Den h\u00e4r produkten VID Coffee Caramel Slim Extra Strong All White Portion har en smak av kaffeb\u00f6nor med inslag av karamelliserad vanilj. Portionerna \u00e4r helt fria fr\u00e5n tobak.<\/p>\n<\/article>\n<div class=\"buy-pane\">\n<div class=\"tab-content buy-tabs-content\">\n<div id=\"buy\" class=\"tab-pane active\">\n<div>\n<div class=\"variants list\">\n<h2>Om produkten VID Coffee Caramel Slim Extra Strong<\/h2>\n<p>Nikotinp\u00e5sen VID Coffee Caramel Slim Extra Strong All White Portion med en karamelliserad smak av vanilj och kaffeb\u00f6nor \u00e4r en prilla som \u00e4r helt fri fr\u00e5n tobak. VID Coffee\u00a0Caramel kommer\u00a0i ett mjukt och slimmat format f\u00f6r en diskret passform under l\u00e4ppen. Prillan \u00e4r fuktig p\u00e5 ytan men torr inuti vilket g\u00f6r att smak och nikotin sitter i under en l\u00e4ngre tid och att p\u00e5sen rinner mindre.<\/p>\n<ul>\n<li>Varum\u00e4rke: VID<\/li>\n<li>Smak: Kaffe \/ Vanilj<\/li>\n<li>Format: Slim<\/li>\n<li>Nikotinhalt: 16 mg\/g<\/li>\n<\/ul>\n<p><strong><big>Nikotinstyrka i VID Coffee Caramel<\/big><\/strong><\/p>\n<p>VID:s nikotinp\u00e5sar med smak av kaffe inneh\u00e5ller 16 mg\/g nikotin. Det g\u00f6r d\u00e4rf\u00f6r det h\u00e4r till en p\u00e5se som \u00e4r extra stark och \u00e4r f\u00f6r dig som \u00e4r ute efter en kraftigare nikotinupplevelse.<\/p>\n<p><strong><big>VID All White<\/big><\/strong><\/p>\n<p>VID Tillverkas av Kurbits Snus Ab. Deras dosor Co2-utsl\u00e4ppsneutrala vilket g\u00f6r produkten till ett mer milj\u00f6v\u00e4nligt alternativ<\/p>\n<table class=\"product-specs\">\n<thead>\n<tr>\n<th>Fakta om produkten<\/th>\n<th class=\"text-right\"><\/th>\n<\/tr>\n<\/thead>\n<tbody>\n<tr>\n<td class=\"spec-key\">Varum\u00e4rke<\/td>\n<td class=\"spec-value text-right\">VID<\/td>\n<\/tr>\n<tr>\n<td class=\"spec-key\">Produkttyp<\/td>\n<td class=\"spec -value text-right\">all white portion<\/td>\n<\/tr>\n<tr>\n<td class=\"spec-key\">Nikotinstyrka<\/td>\n<td class=\"spec -value text-right\">extra stark<\/td>\n<\/tr>\n<tr>\n<td class=\"spec-key\">Nikotinhalt<\/td>\n<td class=\"spec -value text-right\">16 mg\/g<\/td>\n<\/tr>\n<tr>\n<td class=\"spec-key\">Smak<\/td>\n<td class=\"spec -value text-right\">kaffe<\/td>\n<\/tr>\n<tr>\n<td class=\"spec-key\">Inneh\u00e5ll\/f\u00f6rpackning<\/td>\n<td class=\"spec -value text-right\">14 g<\/td>\n<\/tr>\n<tr>\n<td class=\"spec-key\">Snustyp<\/td>\n<td class=\"spec -value text-right\">Slim All White Extra Strong<\/td>\n<\/tr>\n<tr>\n<td class=\"spec-key\">Format<\/td>\n<td class=\"spec -value text-right\">Slim<\/td>\n<\/tr>\n<tr>\n<td class=\"spec-key\">Producent<\/td>\n<td class=\"spec-value text-right\">Kurbits Snus AB<\/td>\n<\/tr>\n<\/tbody>\n<\/table>\n<\/div>\n<\/div>\n<\/div>\n<\/div>\n<\/div>","protected":false},"excerpt":{"rendered":"<article class=\"product-text\">Den h\u00e4r produkten VID Coffee Caramel Slim Extra Strong All White Portion har en smak av kaffeb\u00f6nor med inslag av karamelliserad vanilj. Portionerna \u00e4r helt fria fr\u00e5n tobak.<\/p>\n<\/article>\n<div class=\"buy-pane\">\n<div class=\"tab-content buy-tabs-content\">\n<div id=\"buy\" class=\"tab-pane active\">\n<div>\n<div class=\"variants list\">\n<h2>Om produkten VID Coffee Caramel Slim Extra Strong<\/h2>\n<p>Nikotinp\u00e5sen VID Coffee Caramel Slim Extra Strong All White Portion med en karamelliserad smak av vanilj och kaffeb\u00f6nor \u00e4r en prilla som \u00e4r helt fri fr\u00e5n tobak. VID Coffee\u00a0Caramel kommer\u00a0i ett mjukt och slimmat format f\u00f6r en diskret passform under l\u00e4ppen. Prillan \u00e4r fuktig p\u00e5 ytan men torr inuti vilket g\u00f6r att smak och nikotin sitter i under en l\u00e4ngre tid och att p\u00e5sen rinner mindre.<\/p>\n<\/div>\n<\/div>\n<\/div>\n<\/div>\n<\/div>","protected":false},"featured_media":18319,"comment_status":"open","ping_status":"closed","template":"","meta":[],"product_brand":[],"product_cat":[136],"product_tag":[],"class_list":{"0":"post-53912","1":"product","2":"type-product","3":"status-publish","4":"has-post-thumbnail","6":"product_cat-all-whites","8":"first","9":"instock","10":"taxable","11":"shipping-taxable","12":"purchasable","13":"product-type-variable"},"_links":{"self":[{"href":"https:\/\/snus-malmo.se\/sv\/wp-json\/wp\/v2\/product\/53912","targetHints":{"allow":["GET"]}}],"collection":[{"href":"https:\/\/snus-malmo.se\/sv\/wp-json\/wp\/v2\/product"}],"about":[{"href":"https:\/\/snus-malmo.se\/sv\/wp-json\/wp\/v2\/types\/product"}],"replies":[{"embeddable":true,"href":"https:\/\/snus-malmo.se\/sv\/wp-json\/wp\/v2\/comments?post=53912"}],"version-history":[{"count":0,"href":"https:\/\/snus-malmo.se\/sv\/wp-json\/wp\/v2\/product\/53912\/revisions"}],"wp:featuredmedia":[{"embeddable":true,"href":"https:\/\/snus-malmo.se\/sv\/wp-json\/wp\/v2\/media\/18319"}],"wp:attachment":[{"href":"https:\/\/snus-malmo.se\/sv\/wp-json\/wp\/v2\/media?parent=53912"}],"wp:term":[{"taxonomy":"product_brand","embeddable":true,"href":"https:\/\/snus-malmo.se\/sv\/wp-json\/wp\/v2\/product_brand?post=53912"},{"taxonomy":"product_cat","embeddable":true,"href":"https:\/\/snus-malmo.se\/sv\/wp-json\/wp\/v2\/product_cat?post=53912"},{"taxonomy":"product_tag","embeddable":true,"href":"https:\/\/snus-malmo.se\/sv\/wp-json\/wp\/v2\/product_tag?post=53912"}],"curies":[{"name":"wp","href":"https:\/\/api.w.org\/{rel}","templated":true}]}}