{"id":53914,"date":"2025-05-23T16:57:37","date_gmt":"2025-05-23T16:57:37","guid":{"rendered":"https:\/\/snus-malmo.se\/?post_type=product&#038;p=53914"},"modified":"2025-07-16T12:32:21","modified_gmt":"2025-07-16T12:32:21","slug":"bagz-arctic-freeze-x-strong","status":"publish","type":"product","link":"https:\/\/snus-malmo.se\/sv\/produkt\/bagz-arctic-freeze-x-strong\/","title":{"rendered":"BAGZ Arctic Freeze X-strong"},"content":{"rendered":"<h2><strong>BAGZ Arctic Freeze X-strong<\/strong><\/h2>\n<p>Upplev den kylande mintsmaken n\u00e4r du tar en dos av Arctic Freeze. Ett tobaksfritt snus med iskall, mintig smak och en h\u00f6g nikotinhalt.<\/p>\n<p>Med en nikotinstyrka p\u00e5 24 mg\/g \u00e4r Bagz Arctic Freeze speciellt utformad f\u00f6r dem som f\u00f6redrar starkare snusprodukter. Smakprofilen \u00e4r intensiv och tilltalande, med en balans mellan mint och andra toner som ger en l\u00e5ngvarig smak. Nikotinp\u00e5sarnas fuktighet \u00e4r utformad f\u00f6r att s\u00e4kerst\u00e4lla en j\u00e4mn fris\u00e4ttning av b\u00e5de smak och nikotin \u00f6ver tid.<\/p>\n<p>Varje dosa av Bagz Arctic Freeze inneh\u00e5ller 22 noggrant utformade nikotinp\u00e5sar, vilket ger en j\u00e4mn och p\u00e5litlig dosering av nikotin. Det h\u00e4r \u00e4r en snusprodukt som erbjuder en kraftfull nikotineffekt utan att kompromissa med smak eller kvalitet.<\/p>\n<p><strong>\u00a0Info om BAGZ Arctic Feeze X-Strong:<\/strong><\/p>\n<p>Format: Slim<\/p>\n<p>Nikotinstyrka mg\/portion:\u00a024 mg<\/p>\n<p>Styrka: Extremt stark<\/p>\n<p>Smak: Mint<\/p>\n<p>Antal portioner per dosa: 22 st<\/p>","protected":false},"excerpt":{"rendered":"<h2><strong>BAGZ Arctic Freeze X-strong<\/strong><\/h2>\n<p>Upplev den kylande mintsmaken n\u00e4r du tar en dos av Arctic Freeze. Ett tobaksfritt snus med iskall, mintig smak och en h\u00f6g nikotinhalt.<\/p>\n<p>Med en nikotinstyrka p\u00e5 24 mg\/g \u00e4r Bagz Arctic Freeze speciellt utformad f\u00f6r dem som f\u00f6redrar starkare snusprodukter. Smakprofilen \u00e4r intensiv och tilltalande, med en balans mellan mint och andra toner som ger en l\u00e5ngvarig smak. Nikotinp\u00e5sarnas fuktighet \u00e4r utformad f\u00f6r att s\u00e4kerst\u00e4lla en j\u00e4mn fris\u00e4ttning av b\u00e5de smak och nikotin \u00f6ver tid.<\/p>","protected":false},"featured_media":18331,"comment_status":"open","ping_status":"closed","template":"","meta":[],"product_brand":[],"product_cat":[136],"product_tag":[],"class_list":{"0":"post-53914","1":"product","2":"type-product","3":"status-publish","4":"has-post-thumbnail","6":"product_cat-all-whites","8":"first","9":"instock","10":"taxable","11":"shipping-taxable","12":"purchasable","13":"product-type-variable"},"_links":{"self":[{"href":"https:\/\/snus-malmo.se\/sv\/wp-json\/wp\/v2\/product\/53914","targetHints":{"allow":["GET"]}}],"collection":[{"href":"https:\/\/snus-malmo.se\/sv\/wp-json\/wp\/v2\/product"}],"about":[{"href":"https:\/\/snus-malmo.se\/sv\/wp-json\/wp\/v2\/types\/product"}],"replies":[{"embeddable":true,"href":"https:\/\/snus-malmo.se\/sv\/wp-json\/wp\/v2\/comments?post=53914"}],"version-history":[{"count":0,"href":"https:\/\/snus-malmo.se\/sv\/wp-json\/wp\/v2\/product\/53914\/revisions"}],"wp:featuredmedia":[{"embeddable":true,"href":"https:\/\/snus-malmo.se\/sv\/wp-json\/wp\/v2\/media\/18331"}],"wp:attachment":[{"href":"https:\/\/snus-malmo.se\/sv\/wp-json\/wp\/v2\/media?parent=53914"}],"wp:term":[{"taxonomy":"product_brand","embeddable":true,"href":"https:\/\/snus-malmo.se\/sv\/wp-json\/wp\/v2\/product_brand?post=53914"},{"taxonomy":"product_cat","embeddable":true,"href":"https:\/\/snus-malmo.se\/sv\/wp-json\/wp\/v2\/product_cat?post=53914"},{"taxonomy":"product_tag","embeddable":true,"href":"https:\/\/snus-malmo.se\/sv\/wp-json\/wp\/v2\/product_tag?post=53914"}],"curies":[{"name":"wp","href":"https:\/\/api.w.org\/{rel}","templated":true}]}}