{"id":53917,"date":"2025-05-23T16:57:37","date_gmt":"2025-05-23T16:57:37","guid":{"rendered":"https:\/\/snus-malmo.se\/?post_type=product&#038;p=53917"},"modified":"2025-07-16T12:32:04","modified_gmt":"2025-07-16T12:32:04","slug":"bagz-berry-cool-x-strong","status":"publish","type":"product","link":"https:\/\/snus-malmo.se\/sv\/produkt\/bagz-berry-cool-x-strong\/","title":{"rendered":"BAGZ Berry Cool X-strong"},"content":{"rendered":"<h2><strong>BAGZ Berry Cool X-strong<\/strong><\/h2>\n<p>Upplev den kombon av mint och b\u00e4r med BAGZ Berry Cool. Det h\u00e4r \u00e4r ett tobaksfritt snus med en mintig och b\u00e4rig smak och med en h\u00f6g nikotinhalt.<\/p>\n<p>Bagz Berry Cool \u00e4r skapat med en nikotinstyrka p\u00e5 20 mg\/g och riktar sig till dem som f\u00f6redrar snus med en kraftigare kick. Den intensiva och mintiga smakprofilen balanserar perfekt mintens friskhet med toner av saftiga b\u00e4r. Nikotinp\u00e5sarnas fuktighet \u00e4r noggrant utformad f\u00f6r att s\u00e4kerst\u00e4lla en j\u00e4mn fris\u00e4ttning av b\u00e5de smak och nikotin \u00f6ver l\u00e4ngre tid.<\/p>\n<p>Varje dosa av Bagz Berry Cool inneh\u00e5ller 22 noggrant utformade nikotinp\u00e5sar, vilket ger en j\u00e4mn och p\u00e5litlig dosering av nikotin. Det h\u00e4r \u00e4r en snusprodukt som erbjuder en kraftfull nikotineffekt utan att kompromissa med smak eller kvalitet.<\/p>\n<p><strong>Info om BAGZ Berry Cool X-Strong:<\/strong><\/p>\n<p>Smak: B\u00e4r, Mint<\/p>\n<p>Format: Slim<\/p>\n<p>Styrka: Extremt stark<\/p>\n<p>Nikotinstyrka mg\/portion: 18 mg<\/p>\n<p>Nikotinstyrka: mg\/g: 20 mg<\/p>\n<p>Antal Portioner\u00a0per dosa: 22<\/p>\n<p>Tillverkare:\u00a0Flameclub SWEDEN AB<\/p>","protected":false},"excerpt":{"rendered":"<h2><strong>BAGZ Berry Cool X-strong<\/strong><\/h2>\n<p>Upplev den kombon av mint och b\u00e4r med BAGZ Berry Cool. Det h\u00e4r \u00e4r ett tobaksfritt snus med en mintig och b\u00e4rig smak och med en h\u00f6g nikotinhalt.<\/p>\n<p>Bagz Berry Cool \u00e4r skapat med en nikotinstyrka p\u00e5 20 mg\/g och riktar sig till dem som f\u00f6redrar snus med en kraftigare kick. Den intensiva och mintiga smakprofilen balanserar perfekt mintens friskhet med toner av saftiga b\u00e4r. Nikotinp\u00e5sarnas fuktighet \u00e4r noggrant utformad f\u00f6r att s\u00e4kerst\u00e4lla en j\u00e4mn fris\u00e4ttning av b\u00e5de smak och nikotin \u00f6ver l\u00e4ngre tid.<\/p>","protected":false},"featured_media":18336,"comment_status":"open","ping_status":"closed","template":"","meta":[],"product_brand":[],"product_cat":[136],"product_tag":[],"class_list":{"0":"post-53917","1":"product","2":"type-product","3":"status-publish","4":"has-post-thumbnail","6":"product_cat-all-whites","8":"first","9":"instock","10":"taxable","11":"shipping-taxable","12":"purchasable","13":"product-type-variable"},"_links":{"self":[{"href":"https:\/\/snus-malmo.se\/sv\/wp-json\/wp\/v2\/product\/53917","targetHints":{"allow":["GET"]}}],"collection":[{"href":"https:\/\/snus-malmo.se\/sv\/wp-json\/wp\/v2\/product"}],"about":[{"href":"https:\/\/snus-malmo.se\/sv\/wp-json\/wp\/v2\/types\/product"}],"replies":[{"embeddable":true,"href":"https:\/\/snus-malmo.se\/sv\/wp-json\/wp\/v2\/comments?post=53917"}],"version-history":[{"count":0,"href":"https:\/\/snus-malmo.se\/sv\/wp-json\/wp\/v2\/product\/53917\/revisions"}],"wp:featuredmedia":[{"embeddable":true,"href":"https:\/\/snus-malmo.se\/sv\/wp-json\/wp\/v2\/media\/18336"}],"wp:attachment":[{"href":"https:\/\/snus-malmo.se\/sv\/wp-json\/wp\/v2\/media?parent=53917"}],"wp:term":[{"taxonomy":"product_brand","embeddable":true,"href":"https:\/\/snus-malmo.se\/sv\/wp-json\/wp\/v2\/product_brand?post=53917"},{"taxonomy":"product_cat","embeddable":true,"href":"https:\/\/snus-malmo.se\/sv\/wp-json\/wp\/v2\/product_cat?post=53917"},{"taxonomy":"product_tag","embeddable":true,"href":"https:\/\/snus-malmo.se\/sv\/wp-json\/wp\/v2\/product_tag?post=53917"}],"curies":[{"name":"wp","href":"https:\/\/api.w.org\/{rel}","templated":true}]}}