{"id":53936,"date":"2025-05-23T16:57:40","date_gmt":"2025-05-23T16:57:40","guid":{"rendered":"https:\/\/snus-malmo.se\/?post_type=product&#038;p=53936"},"modified":"2025-11-29T10:39:00","modified_gmt":"2025-11-29T10:39:00","slug":"kelly-white-sparkling-strawberry-slim","status":"publish","type":"product","link":"https:\/\/snus-malmo.se\/sv\/produkt\/kelly-white-sparkling-strawberry-slim\/","title":{"rendered":"Kelly White Sparkling Strawberry Slim"},"content":{"rendered":"<article class=\"product-text\">Nikotinp\u00e5sen Kelly White Sparkling Strawberry Slim All White Portion \u00e4r ett vitt portionssnus med 8 mg\/g nikotin med en smak av jordgubbar och champagne. Det h\u00e4r \u00e4r dessutom en helt tobaksfri produkt.<\/article>\n<div class=\"buy-pane\">\n<div class=\"tab-content buy-tabs-content\">\n<div id=\"buy\" class=\"tab-pane active\">\n<div>\n<div class=\"variants list\">\n<h2>Om produkten Kelly White Sparkling Strawberry Slim<\/h2>\n<p>Kelly White Sparkling Strawberry Slim All White Portion \u00e4r en tobaksfri nikotinprodukt som ist\u00e4llet \u00e4r gjord med en bas av cellulosa. Efter\u00e5t l\u00e4ggs nikotinet och smaken till och prillan \u00e4r fuktig p\u00e5 ytan men torr inuti f\u00f6r en l\u00e5ngvarig effekt. Dosan \u00e4r dessutom utrustad med ett fack d\u00e4r du kan l\u00e4gga din anv\u00e4nda p\u00e5se.<\/p>\n<ul>\n<li>Varum\u00e4rke: Kelly White<\/li>\n<li>Smak: Jordgubbar och champagne<\/li>\n<li>Format: Slim<\/li>\n<li>Nikotinhalt: 8 mg\/g<\/li>\n<li>Antal Portioner: 20<\/li>\n<\/ul>\n<p><big><strong>Nikotinstyrka i Kelly White Sparkling Strawberry<\/strong><\/big><\/p>\n<p>Den vita nikotinp\u00e5sen\u00a0fr\u00e5n Kelly White med Smaken Sparkling Strawberry har 8 mg\/g nikotin och r\u00e4knas som en prilla med en normal nikotinstyrka.<\/p>\n<p><big><strong>Kelly White All White<\/strong>\u00a0<\/big><\/p>\n<p>Med en passion f\u00f6r mode s\u00e5 har Kelly White skapat sina vita nikotinp\u00e5sar med fokus p\u00e5\u00a0smaker\u00a0och en dosa som du kan st\u00e5 f\u00f6r i alla situationer.<\/p>\n<table class=\"product-specs\">\n<thead>\n<tr>\n<th>Fakta om produkten<\/th>\n<th class=\"text-right\"><\/th>\n<\/tr>\n<\/thead>\n<tbody>\n<tr>\n<td class=\"spec-key\">Varum\u00e4rke<\/td>\n<td class=\"spec-value text-right\">Kelly White<\/td>\n<\/tr>\n<tr>\n<td class=\"spec-key\">Produkttyp<\/td>\n<td class=\"spec -value text-right\">all white portion<\/td>\n<\/tr>\n<tr>\n<td class=\"spec-key\">Nikotinstyrka<\/td>\n<td class=\"spec -value text-right\">normal<\/td>\n<\/tr>\n<tr>\n<td class=\"spec-key\">Nikotinhalt<\/td>\n<td class=\"spec -value text-right\">8 mg\/g<\/td>\n<\/tr>\n<tr>\n<td class=\"spec-key\">Smak<\/td>\n<td class=\"spec -value text-right\">b\u00e4r<\/td>\n<\/tr>\n<tr>\n<td class=\"spec-key\">Inneh\u00e5ll\/f\u00f6rpackning<\/td>\n<td class=\"spec -value text-right\">14 g<\/td>\n<\/tr>\n<tr>\n<td class=\"spec-key\">Snustyp<\/td>\n<td class=\"spec -value text-right\">Slim All White Normal<\/td>\n<\/tr>\n<tr>\n<td class=\"spec-key\">Format<\/td>\n<td class=\"spec -value text-right\">Slim<\/td>\n<\/tr>\n<tr>\n<td class=\"spec-key\">Producent<\/td>\n<td class=\"spec-value text-right\">White Industries AB<\/td>\n<\/tr>\n<\/tbody>\n<\/table>\n<\/div>\n<\/div>\n<\/div>\n<\/div>\n<\/div>","protected":false},"excerpt":{"rendered":"<article class=\"product-text\">Nikotinp\u00e5sen Kelly White Sparkling Strawberry Slim All White Portion \u00e4r ett vitt portionssnus med 8 mg\/g nikotin med en smak av jordgubbar och champagne. Det h\u00e4r \u00e4r dessutom en helt tobaksfri produkt.<\/article>\n<div class=\"buy-pane\">\n<div class=\"tab-content buy-tabs-content\">\n<div id=\"buy\" class=\"tab-pane active\">\n<div>\n<div class=\"variants list\">\n<h2>Om produkten Kelly White Sparkling Strawberry Slim<\/h2>\n<p>Kelly White Sparkling Strawberry Slim All White Portion \u00e4r en tobaksfri nikotinprodukt som ist\u00e4llet \u00e4r gjord med en bas av cellulosa. Efter\u00e5t l\u00e4ggs nikotinet och smaken till och prillan \u00e4r fuktig p\u00e5 ytan men torr inuti f\u00f6r en l\u00e5ngvarig effekt. Dosan \u00e4r dessutom utrustad med ett fack d\u00e4r du kan l\u00e4gga din anv\u00e4nda p\u00e5se.<\/p>\n<\/div>\n<\/div>\n<\/div>\n<\/div>\n<\/div>","protected":false},"featured_media":18342,"comment_status":"open","ping_status":"closed","template":"","meta":[],"product_brand":[],"product_cat":[136,215,137],"product_tag":[],"class_list":{"0":"post-53936","1":"product","2":"type-product","3":"status-publish","4":"has-post-thumbnail","6":"product_cat-all-whites","7":"product_cat-kelly","8":"product_cat-slim","10":"first","11":"instock","12":"taxable","13":"shipping-taxable","14":"purchasable","15":"product-type-variable"},"_links":{"self":[{"href":"https:\/\/snus-malmo.se\/sv\/wp-json\/wp\/v2\/product\/53936","targetHints":{"allow":["GET"]}}],"collection":[{"href":"https:\/\/snus-malmo.se\/sv\/wp-json\/wp\/v2\/product"}],"about":[{"href":"https:\/\/snus-malmo.se\/sv\/wp-json\/wp\/v2\/types\/product"}],"replies":[{"embeddable":true,"href":"https:\/\/snus-malmo.se\/sv\/wp-json\/wp\/v2\/comments?post=53936"}],"version-history":[{"count":0,"href":"https:\/\/snus-malmo.se\/sv\/wp-json\/wp\/v2\/product\/53936\/revisions"}],"wp:featuredmedia":[{"embeddable":true,"href":"https:\/\/snus-malmo.se\/sv\/wp-json\/wp\/v2\/media\/18342"}],"wp:attachment":[{"href":"https:\/\/snus-malmo.se\/sv\/wp-json\/wp\/v2\/media?parent=53936"}],"wp:term":[{"taxonomy":"product_brand","embeddable":true,"href":"https:\/\/snus-malmo.se\/sv\/wp-json\/wp\/v2\/product_brand?post=53936"},{"taxonomy":"product_cat","embeddable":true,"href":"https:\/\/snus-malmo.se\/sv\/wp-json\/wp\/v2\/product_cat?post=53936"},{"taxonomy":"product_tag","embeddable":true,"href":"https:\/\/snus-malmo.se\/sv\/wp-json\/wp\/v2\/product_tag?post=53936"}],"curies":[{"name":"wp","href":"https:\/\/api.w.org\/{rel}","templated":true}]}}