{"id":53937,"date":"2025-05-23T16:57:40","date_gmt":"2025-05-23T16:57:40","guid":{"rendered":"https:\/\/snus-malmo.se\/?post_type=product&#038;p=53937"},"modified":"2025-07-16T12:31:45","modified_gmt":"2025-07-16T12:31:45","slug":"bagz-power-mint-x-strong","status":"publish","type":"product","link":"https:\/\/snus-malmo.se\/sv\/produkt\/bagz-power-mint-x-strong\/","title":{"rendered":"BAGZ Power Mint X-strong"},"content":{"rendered":"<h2><strong>BAGZ Power Mint X-strong<\/strong><\/h2>\n<p>BAGZ Power Mint X-strong ger dig en intensiv smak av stark pepparmynta. Under den mintiga smaken finns ocks\u00e5 en kraftfull nikotinhalt p\u00e5 20 mg\/g, vilket\u00a0garanterar\u00a0en stark effekt. Bagz Power Mint X-strong kommer i helvita prillor i det smidiga slimformatet. Slimformatet \u00e4r tunnare och mindre \u00e4n standardstorleken, vilket ger en bekv\u00e4mare och mer diskret passform. Perfekt f\u00f6r dem som f\u00f6redrar mindre prillor som inte syns lika mycket som vanliga prillor. Nikotinp\u00e5sarna \u00e4r designade f\u00f6r att ge en j\u00e4mn fris\u00e4ttning av b\u00e5de smak och nikotin.<\/p>\n<p>Varje dosa av Bagz Power Mint X-strong inneh\u00e5ller 22 slimmade nikotinp\u00e5sar, och dosan har \u00e4ven ett fack i locket f\u00f6r anv\u00e4nda prillor.<\/p>\n<p><strong>Information om BAGZ Power Mint X-Strong:<\/strong><\/p>\n<ul>\n<li>Smak: Stark pepparmynta<\/li>\n<li>Format: Slim<\/li>\n<li>Styrka: Extra Stark<\/li>\n<li>Nikotinstyrka mg\/portion: 18 mg<\/li>\n<li>Nikotinstyrka mg\/g: 20 mg<\/li>\n<li>Antal Portioner per dosa: 22<\/li>\n<li>Tillverkare: Flameclub SWEDEN AB<\/li>\n<\/ul>","protected":false},"excerpt":{"rendered":"<h2><strong>BAGZ Power Mint X-strong<\/strong><\/h2>\n<p>BAGZ Power Mint X-strong ger dig en intensiv smak av stark pepparmynta. Under den mintiga smaken finns ocks\u00e5 en kraftfull nikotinhalt p\u00e5 20 mg\/g, vilket\u00a0garanterar\u00a0en stark effekt. Bagz Power Mint X-strong kommer i helvita prillor i det smidiga slimformatet. Slimformatet \u00e4r tunnare och mindre \u00e4n standardstorleken, vilket ger en bekv\u00e4mare och mer diskret passform. Perfekt f\u00f6r dem som f\u00f6redrar mindre prillor som inte syns lika mycket som vanliga prillor. Nikotinp\u00e5sarna \u00e4r designade f\u00f6r att ge en j\u00e4mn fris\u00e4ttning av b\u00e5de smak och nikotin.<\/p>\n<p>&nbsp;<\/p>","protected":false},"featured_media":18365,"comment_status":"open","ping_status":"closed","template":"","meta":[],"product_brand":[],"product_cat":[136],"product_tag":[],"class_list":{"0":"post-53937","1":"product","2":"type-product","3":"status-publish","4":"has-post-thumbnail","6":"product_cat-all-whites","8":"first","9":"instock","10":"taxable","11":"shipping-taxable","12":"purchasable","13":"product-type-variable"},"_links":{"self":[{"href":"https:\/\/snus-malmo.se\/sv\/wp-json\/wp\/v2\/product\/53937","targetHints":{"allow":["GET"]}}],"collection":[{"href":"https:\/\/snus-malmo.se\/sv\/wp-json\/wp\/v2\/product"}],"about":[{"href":"https:\/\/snus-malmo.se\/sv\/wp-json\/wp\/v2\/types\/product"}],"replies":[{"embeddable":true,"href":"https:\/\/snus-malmo.se\/sv\/wp-json\/wp\/v2\/comments?post=53937"}],"version-history":[{"count":0,"href":"https:\/\/snus-malmo.se\/sv\/wp-json\/wp\/v2\/product\/53937\/revisions"}],"wp:featuredmedia":[{"embeddable":true,"href":"https:\/\/snus-malmo.se\/sv\/wp-json\/wp\/v2\/media\/18365"}],"wp:attachment":[{"href":"https:\/\/snus-malmo.se\/sv\/wp-json\/wp\/v2\/media?parent=53937"}],"wp:term":[{"taxonomy":"product_brand","embeddable":true,"href":"https:\/\/snus-malmo.se\/sv\/wp-json\/wp\/v2\/product_brand?post=53937"},{"taxonomy":"product_cat","embeddable":true,"href":"https:\/\/snus-malmo.se\/sv\/wp-json\/wp\/v2\/product_cat?post=53937"},{"taxonomy":"product_tag","embeddable":true,"href":"https:\/\/snus-malmo.se\/sv\/wp-json\/wp\/v2\/product_tag?post=53937"}],"curies":[{"name":"wp","href":"https:\/\/api.w.org\/{rel}","templated":true}]}}