{"id":53943,"date":"2025-05-23T16:57:40","date_gmt":"2025-05-23T16:57:40","guid":{"rendered":"https:\/\/snus-malmo.se\/?post_type=product&#038;p=53943"},"modified":"2025-11-24T20:33:47","modified_gmt":"2025-11-24T20:33:47","slug":"velo-breezy-mango-14mg","status":"publish","type":"product","link":"https:\/\/snus-malmo.se\/sv\/produkt\/velo-breezy-mango-14mg\/","title":{"rendered":"VELO Breezy Mango 14mg"},"content":{"rendered":"<h1>VELO Breezy Mango 14mg<\/h1>\n<h2 data-start=\"267\" data-end=\"323\">VELO Breezy Mango 14 mg \u2013 S\u00f6t mango med tydlig styrka<\/h2>\n<p data-start=\"325\" data-end=\"692\"><strong data-start=\"325\" data-end=\"352\">VELO Breezy Mango 14 mg<\/strong> \u00e4r ett tobaksfritt vitt snus med <strong data-start=\"386\" data-end=\"413\">frisk och s\u00f6t mangosmak<\/strong>, kombinerad med en <strong data-start=\"433\" data-end=\"457\">tydlig nikotinstyrka<\/strong> f\u00f6r dig som vill ha b\u00e5de smak och effekt. Den tropiska k\u00e4nslan i smaken g\u00f6r detta till en popul\u00e4r favorit bland frukt\u00e4lskare \u2013 nu med <strong data-start=\"592\" data-end=\"618\">14 mg nikotin per gram<\/strong>, vilket ger en starkare och mer intensiv upplevelse \u00e4n originalvarianten.<\/p>\n<p data-start=\"694\" data-end=\"841\">Detta \u00e4r en perfekt balans mellan <strong data-start=\"728\" data-end=\"767\">s\u00f6tma, fruktighet och nikotineffekt<\/strong>, paketerad i ett <strong data-start=\"785\" data-end=\"800\">slim-format<\/strong> som \u00e4r diskret och bekv\u00e4mt under l\u00e4ppen.<\/p>\n<hr data-start=\"843\" data-end=\"846\" \/>\n<h3 data-start=\"848\" data-end=\"891\">\u2714\ufe0f F\u00f6rdelar med VELO Breezy Mango 14 mg<\/h3>\n<ul data-start=\"893\" data-end=\"1101\">\n<li data-start=\"893\" data-end=\"926\">\n<p data-start=\"895\" data-end=\"926\"><strong data-start=\"895\" data-end=\"924\">Tropisk och s\u00f6t mangosmak<\/strong><\/p>\n<\/li>\n<li data-start=\"927\" data-end=\"963\">\n<p data-start=\"929\" data-end=\"963\"><strong data-start=\"929\" data-end=\"961\">Stark nikotinstyrka: 14 mg\/g<\/strong><\/p>\n<\/li>\n<li data-start=\"964\" data-end=\"1006\">\n<p data-start=\"966\" data-end=\"1006\"><strong data-start=\"966\" data-end=\"1004\">Slim-format f\u00f6r diskret anv\u00e4ndning<\/strong><\/p>\n<\/li>\n<li data-start=\"1007\" data-end=\"1050\">\n<p data-start=\"1009\" data-end=\"1050\"><strong data-start=\"1009\" data-end=\"1048\">Tobaksfritt \u2013 bara smak och nikotin<\/strong><\/p>\n<\/li>\n<li data-start=\"1051\" data-end=\"1101\">\n<p data-start=\"1053\" data-end=\"1101\"><strong data-start=\"1053\" data-end=\"1101\">Tillverkad av British American Tobacco (BAT)<\/strong><\/p>\n<\/li>\n<\/ul>\n<hr data-start=\"1103\" data-end=\"1106\" \/>\n<h3 data-start=\"1108\" data-end=\"1138\">\ud83e\udd6d Produktspecifikationer:<\/h3>\n<ul data-start=\"1140\" data-end=\"1454\">\n<li data-start=\"1140\" data-end=\"1180\">\n<p data-start=\"1142\" data-end=\"1180\"><strong data-start=\"1142\" data-end=\"1154\">Produkt:<\/strong> VELO Breezy Mango 14 mg<\/p>\n<\/li>\n<li data-start=\"1181\" data-end=\"1216\">\n<p data-start=\"1183\" data-end=\"1216\"><strong data-start=\"1183\" data-end=\"1192\">Smak:<\/strong> S\u00f6t och tropisk mango<\/p>\n<\/li>\n<li data-start=\"1217\" data-end=\"1253\">\n<p data-start=\"1219\" data-end=\"1253\"><strong data-start=\"1219\" data-end=\"1227\">Typ:<\/strong> Vitt snus (tobaksfritt)<\/p>\n<\/li>\n<li data-start=\"1254\" data-end=\"1274\">\n<p data-start=\"1256\" data-end=\"1274\"><strong data-start=\"1256\" data-end=\"1267\">Format:<\/strong> Slim<\/p>\n<\/li>\n<li data-start=\"1275\" data-end=\"1296\">\n<p data-start=\"1277\" data-end=\"1296\"><strong data-start=\"1277\" data-end=\"1288\">Styrka:<\/strong> Stark<\/p>\n<\/li>\n<li data-start=\"1297\" data-end=\"1325\">\n<p data-start=\"1299\" data-end=\"1325\"><strong data-start=\"1299\" data-end=\"1315\">Nikotinhalt:<\/strong> 14 mg\/g<\/p>\n<\/li>\n<li data-start=\"1326\" data-end=\"1367\">\n<p data-start=\"1328\" data-end=\"1367\"><strong data-start=\"1328\" data-end=\"1356\">Nikotinhalt per portion:<\/strong> ca 10 mg<\/p>\n<\/li>\n<li data-start=\"1368\" data-end=\"1404\">\n<p data-start=\"1370\" data-end=\"1404\"><strong data-start=\"1370\" data-end=\"1399\">Antal portioner per dosa:<\/strong> 20<\/p>\n<\/li>\n<li data-start=\"1405\" data-end=\"1454\">\n<p data-start=\"1407\" data-end=\"1454\"><strong data-start=\"1407\" data-end=\"1423\">Tillverkare:<\/strong> British American Tobacco (BAT)<\/p>\n<\/li>\n<\/ul>\n<hr data-start=\"1456\" data-end=\"1459\" \/>\n<h2 data-start=\"1461\" data-end=\"1497\">\ud83c\udf08 VELO-sortimentet hos Veloop.se<\/h2>\n<p data-start=\"1499\" data-end=\"1613\">Hos oss hittar du hela VELO-familjen \u2013 fr\u00e5n fruktigt och friskt till mintigt och maxat. Utforska hela sortimentet:<\/p>\n<ul data-start=\"1615\" data-end=\"3544\">\n<li data-start=\"1615\" data-end=\"1678\">\n<p data-start=\"1617\" data-end=\"1678\"><strong data-start=\"1617\" data-end=\"1643\">VELO Arctic Grapefruit<\/strong> \u2013 Frisk grapefrukt med kylig ton<\/p>\n<\/li>\n<li data-start=\"1679\" data-end=\"1734\">\n<p data-start=\"1681\" data-end=\"1734\"><strong data-start=\"1681\" data-end=\"1704\">VELO Blue Raspberry<\/strong> \u2013 S\u00f6t och syrlig bl\u00e5 hallon<\/p>\n<\/li>\n<li data-start=\"1735\" data-end=\"1785\">\n<p data-start=\"1737\" data-end=\"1785\"><strong data-start=\"1737\" data-end=\"1758\">VELO Blushy Berry<\/strong> \u2013 Mjuk smak av ljusa b\u00e4r<\/p>\n<\/li>\n<li data-start=\"1786\" data-end=\"1839\">\n<p data-start=\"1788\" data-end=\"1839\"><strong data-start=\"1788\" data-end=\"1809\">VELO Breezy Mango<\/strong> \u2013 L\u00e4tt och tropisk mangoton<\/p>\n<\/li>\n<li data-start=\"1840\" data-end=\"1899\">\n<p data-start=\"1842\" data-end=\"1899\"><strong data-start=\"1842\" data-end=\"1872\">VELO Bright Spearmint Mini<\/strong> \u2013 Mild och s\u00f6t spearmint<\/p>\n<\/li>\n<li data-start=\"1900\" data-end=\"1968\">\n<p data-start=\"1902\" data-end=\"1968\"><strong data-start=\"1902\" data-end=\"1933\">VELO Crispy Peppermint Mini<\/strong> \u2013 Stark pepparmint i mini-format<\/p>\n<\/li>\n<li data-start=\"1969\" data-end=\"2045\">\n<p data-start=\"1971\" data-end=\"2045\"><strong data-start=\"1971\" data-end=\"2002\">VELO Crispy Peppermint Slim<\/strong> \u2013 Klassisk pepparmint med kylande effekt<\/p>\n<\/li>\n<li data-start=\"2046\" data-end=\"2119\">\n<p data-start=\"2048\" data-end=\"2119\"><strong data-start=\"2048\" data-end=\"2079\">VELO Crispy Peppermint Zero<\/strong> \u2013 Tobaksfri och nikotinfri pepparmint<\/p>\n<\/li>\n<li data-start=\"2120\" data-end=\"2203\">\n<p data-start=\"2122\" data-end=\"2203\"><strong data-start=\"2122\" data-end=\"2158\">VELO Freezing Peppermint 10,9 MG<\/strong> \u2013 Isig och frisk pepparmint, medium styrka<\/p>\n<\/li>\n<li data-start=\"2204\" data-end=\"2276\">\n<p data-start=\"2206\" data-end=\"2276\"><strong data-start=\"2206\" data-end=\"2240\">VELO Freezing Peppermint 14 MG<\/strong> \u2013 Iskall pepparmint, stark styrka<\/p>\n<\/li>\n<li data-start=\"2277\" data-end=\"2346\">\n<p data-start=\"2279\" data-end=\"2346\"><strong data-start=\"2279\" data-end=\"2313\">VELO Freezing Peppermint 17 MG<\/strong> \u2013 Maxad kyla och nikotinstyrka<\/p>\n<\/li>\n<li data-start=\"2347\" data-end=\"2412\">\n<p data-start=\"2349\" data-end=\"2412\"><strong data-start=\"2349\" data-end=\"2373\">VELO Green Spearmint<\/strong> \u2013 Fr\u00e4sch spearmint med mjuk karakt\u00e4r<\/p>\n<\/li>\n<li data-start=\"2413\" data-end=\"2481\">\n<p data-start=\"2415\" data-end=\"2481\"><strong data-start=\"2415\" data-end=\"2441\">VELO Groovy Grape Mini<\/strong> \u2013 L\u00e4tt och s\u00f6t druvsmak i mini-format<\/p>\n<\/li>\n<li data-start=\"2482\" data-end=\"2534\">\n<p data-start=\"2484\" data-end=\"2534\"><strong data-start=\"2484\" data-end=\"2504\">VELO Icy Berries<\/strong> \u2013 B\u00e4rmix med kylande k\u00e4nsla<\/p>\n<\/li>\n<li data-start=\"2535\" data-end=\"2591\">\n<p data-start=\"2537\" data-end=\"2591\"><strong data-start=\"2537\" data-end=\"2556\">VELO Icy Cherry<\/strong> \u2013 S\u00f6t k\u00f6rsb\u00e4rssmak med sval mint<\/p>\n<\/li>\n<li data-start=\"2592\" data-end=\"2645\">\n<p data-start=\"2594\" data-end=\"2645\"><strong data-start=\"2594\" data-end=\"2613\">VELO Lime Flame<\/strong> \u2013 Syrlig lime med citrussting<\/p>\n<\/li>\n<li data-start=\"2646\" data-end=\"2704\">\n<p data-start=\"2648\" data-end=\"2704\"><strong data-start=\"2648\" data-end=\"2668\">VELO Mango Flame<\/strong> \u2013 Fruktig mango med kryddig hetta<\/p>\n<\/li>\n<li data-start=\"2705\" data-end=\"2763\">\n<p data-start=\"2707\" data-end=\"2763\"><strong data-start=\"2707\" data-end=\"2736\">VELO McLaren Sweet Papaya<\/strong> \u2013 Exotisk och s\u00f6t papaya<\/p>\n<\/li>\n<li data-start=\"2764\" data-end=\"2820\">\n<p data-start=\"2766\" data-end=\"2820\"><strong data-start=\"2766\" data-end=\"2787\">VELO Orange Spark<\/strong> \u2013 Frisk apelsin med citruskick<\/p>\n<\/li>\n<li data-start=\"2821\" data-end=\"2893\">\n<p data-start=\"2823\" data-end=\"2893\"><strong data-start=\"2823\" data-end=\"2848\">VELO Peppermint Storm<\/strong> \u2013 Intensiv pepparmint med kraftfull effekt<\/p>\n<\/li>\n<li data-start=\"2894\" data-end=\"2953\">\n<p data-start=\"2896\" data-end=\"2953\"><strong data-start=\"2896\" data-end=\"2921\">VELO Punchy Lime Mini<\/strong> \u2013 Skarp lime i kompakt format<\/p>\n<\/li>\n<li data-start=\"2954\" data-end=\"3021\">\n<p data-start=\"2956\" data-end=\"3021\"><strong data-start=\"2956\" data-end=\"2982\">VELO Purple Grape Mini<\/strong> \u2013 S\u00f6t och saftig druva i mini-format<\/p>\n<\/li>\n<li data-start=\"3022\" data-end=\"3092\">\n<p data-start=\"3024\" data-end=\"3092\"><strong data-start=\"3024\" data-end=\"3052\">VELO Purple Grape Strong<\/strong> \u2013 Djup druvsmak med stark nikotinkick<\/p>\n<\/li>\n<li data-start=\"3093\" data-end=\"3156\">\n<p data-start=\"3095\" data-end=\"3156\"><strong data-start=\"3095\" data-end=\"3119\">VELO Salty Liquorice<\/strong> \u2013 Saltlakrits med kraftig karakt\u00e4r<\/p>\n<\/li>\n<li data-start=\"3157\" data-end=\"3220\">\n<p data-start=\"3159\" data-end=\"3220\"><strong data-start=\"3159\" data-end=\"3189\">VELO Simply Spearmint Mini<\/strong> \u2013 Enkel och fr\u00e4sch spearmint<\/p>\n<\/li>\n<li data-start=\"3221\" data-end=\"3286\">\n<p data-start=\"3223\" data-end=\"3286\"><strong data-start=\"3223\" data-end=\"3246\">VELO Sour Lime Mini<\/strong> \u2013 Syrlig lime med tydlig citrusprofil<\/p>\n<\/li>\n<li data-start=\"3287\" data-end=\"3354\">\n<p data-start=\"3289\" data-end=\"3354\"><strong data-start=\"3289\" data-end=\"3318\">VELO Tropical Mango 14 MG<\/strong> \u2013 S\u00f6t mango med tropisk fyllighet<\/p>\n<\/li>\n<li data-start=\"3355\" data-end=\"3408\">\n<p data-start=\"3357\" data-end=\"3408\"><strong data-start=\"3357\" data-end=\"3385\">VELO Tropical Mango Zero<\/strong> \u2013 Mango utan nikotin<\/p>\n<\/li>\n<li data-start=\"3409\" data-end=\"3474\">\n<p data-start=\"3411\" data-end=\"3474\"><strong data-start=\"3411\" data-end=\"3442\">VELO Wintry Watermelon Mini<\/strong> \u2013 Vattenmelon med mintig kyla<\/p>\n<\/li>\n<li data-start=\"3475\" data-end=\"3544\">\n<p data-start=\"3477\" data-end=\"3544\"><strong data-start=\"3477\" data-end=\"3503\">VELO Zesty Elderflower<\/strong> \u2013 Blommig fl\u00e4der med frisk citrusnyans<\/p>\n<\/li>\n<\/ul>\n<hr data-start=\"3546\" data-end=\"3549\" \/>\n<h2 data-start=\"3551\" data-end=\"3602\">\ud83d\ude80 Best\u00e4ll VELO Breezy Mango 14 mg hos Veloop.se<\/h2>\n<p data-start=\"3604\" data-end=\"3781\">Vill du ha <strong data-start=\"3615\" data-end=\"3657\">s\u00f6t tropisk smak med stark nikotinkick<\/strong>? D\u00e5 \u00e4r VELO Breezy Mango 14 mg r\u00e4tt val f\u00f6r dig. Best\u00e4ll snabbt och enkelt via Veloop.se \u2013 alltid med uppdaterat sortiment!<\/p>\n<p data-start=\"3783\" data-end=\"3893\">\ud83d\uded2 <strong data-start=\"3786\" data-end=\"3893\"><a class=\"\" href=\"https:\/\/snus-malmo.se\/sv\/produkt-kategori\/velo\/\" target=\"_new\" rel=\"noopener\" data-start=\"3788\" data-end=\"3891\">Klicka hem din favorit fr\u00e5n VELO idag \u2013 bara hos Veloop.se!<\/a><\/strong><\/p>","protected":false},"excerpt":{"rendered":"<h1>VELO Breezy Mango 14mg<\/h1>\n<h2>VELO Breezy Mango 14 mg \u2013 Tropisk styrka | Veloop.se<\/h2>\n<p>VELO Breezy Mango 14 mg \u2013 starkt tobaksfritt snus med s\u00f6t mangosmak. Slim-format med 14 mg nikotin\/g. K\u00f6p online hos Veloop.se!<\/p>\n<p>\ud83d\uded2 <strong data-start=\"3786\" data-end=\"3893\"><a class=\"\" href=\"https:\/\/snus-malmo.se\/sv\/produkt-kategori\/velo\/\" target=\"_new\" rel=\"noopener\" data-start=\"3788\" data-end=\"3891\">Klicka hem din favorit fr\u00e5n VELO idag \u2013 bara hos Veloop.se!<\/a><\/strong><\/p>","protected":false},"featured_media":60590,"comment_status":"open","ping_status":"closed","template":"","meta":[],"product_brand":[326],"product_cat":[136,137,255],"product_tag":[],"class_list":{"0":"post-53943","1":"product","2":"type-product","3":"status-publish","4":"has-post-thumbnail","6":"product_brand-velo","7":"product_cat-all-whites","8":"product_cat-slim","9":"product_cat-velo","11":"first","12":"instock","13":"taxable","14":"shipping-taxable","15":"purchasable","16":"product-type-variable"},"_links":{"self":[{"href":"https:\/\/snus-malmo.se\/sv\/wp-json\/wp\/v2\/product\/53943","targetHints":{"allow":["GET"]}}],"collection":[{"href":"https:\/\/snus-malmo.se\/sv\/wp-json\/wp\/v2\/product"}],"about":[{"href":"https:\/\/snus-malmo.se\/sv\/wp-json\/wp\/v2\/types\/product"}],"replies":[{"embeddable":true,"href":"https:\/\/snus-malmo.se\/sv\/wp-json\/wp\/v2\/comments?post=53943"}],"version-history":[{"count":0,"href":"https:\/\/snus-malmo.se\/sv\/wp-json\/wp\/v2\/product\/53943\/revisions"}],"wp:featuredmedia":[{"embeddable":true,"href":"https:\/\/snus-malmo.se\/sv\/wp-json\/wp\/v2\/media\/60590"}],"wp:attachment":[{"href":"https:\/\/snus-malmo.se\/sv\/wp-json\/wp\/v2\/media?parent=53943"}],"wp:term":[{"taxonomy":"product_brand","embeddable":true,"href":"https:\/\/snus-malmo.se\/sv\/wp-json\/wp\/v2\/product_brand?post=53943"},{"taxonomy":"product_cat","embeddable":true,"href":"https:\/\/snus-malmo.se\/sv\/wp-json\/wp\/v2\/product_cat?post=53943"},{"taxonomy":"product_tag","embeddable":true,"href":"https:\/\/snus-malmo.se\/sv\/wp-json\/wp\/v2\/product_tag?post=53943"}],"curies":[{"name":"wp","href":"https:\/\/api.w.org\/{rel}","templated":true}]}}