{"id":53958,"date":"2025-05-23T16:57:41","date_gmt":"2025-05-23T16:57:41","guid":{"rendered":"https:\/\/snus-malmo.se\/?post_type=product&#038;p=53958"},"modified":"2025-11-22T09:34:26","modified_gmt":"2025-11-22T09:34:26","slug":"fix-pineapple-rum-coconut-4","status":"publish","type":"product","link":"https:\/\/snus-malmo.se\/sv\/produkt\/fix-pineapple-rum-coconut-4\/","title":{"rendered":"FIX Pineapple Rum Coconut #4"},"content":{"rendered":"<article class=\"product-text\">Nikotinp\u00e5sarna i en dosa FIX Pineapple Rum Coconut #4 har ett slimmat format och smak av bland annat ananas. Den h\u00e4r varianten av FIX: Flavour Index snus har en extra stark nikotinstyrka.<\/article>\n<div class=\"buy-pane\">\n<div class=\"tab-content buy-tabs-content\">\n<div id=\"buy\" class=\"tab-pane active\">\n<div>\n<div class=\"variants list\">\n<h2>Om produkten FIX Pineapple Rum Coconut #4<\/h2>\n<p><strong>Om FIX Pineapple Rum Coconut #4<\/strong><br \/>\nAll white FIX Pineapple Rum Coconut #4 \u00e4r en nikotinportion som \u00e4r helt fri fr\u00e5n tobak. P\u00e5sen best\u00e5r av v\u00e4xtfiber, tillsatt nikotin och aromer. Prillan har en smakkombination av ananas, m\u00f6rk rom och kryddor. Formatet p\u00e5 p\u00e5sen \u00e4r slimmat och har en l\u00e5g rinnighet. P\u00e5sens fuktiga inneh\u00e5ll fris\u00e4tts successivt genom p\u00e5sens torra och perforerade yta.<\/p>\n<ul>\n<li>Varum\u00e4rke: FIX: Flavour Index<\/li>\n<li>Tillverkare: Habit Factory in Sweden AB<\/li>\n<li>Smak: Ananas<\/li>\n<li>Format: Slim<\/li>\n<li>Produkttyp: All white<\/li>\n<li>Nikotinhalt: 14 mg\/g<\/li>\n<li>Styrka: Extra stark<\/li>\n<li>Antal per dosa: 20<\/li>\n<\/ul>\n<p><strong>Nikotinstyrka i FIX Pineapple Rum Coconut #4<\/strong><br \/>\nAll white p\u00e5sarna Pineapple Rum Coconut #4 fr\u00e5n FIX \u00e4r nikotinp\u00e5sar som tillh\u00f6r varum\u00e4rkets starkare produkter. En prilla har ett nikotininneh\u00e5ll p\u00e5 14 milligram per gram. Produkten r\u00e4knas d\u00e4rf\u00f6r som extra stark.<\/p>\n<p><strong>Om FIX med extra stark styrka<\/strong><br \/>\nFIX \u00e4r ett nytt varum\u00e4rke p\u00e5 marknaden. I sortimentet finns tobaksfria all white-produkter med olika smaks\u00e4ttning och styrka. Pineapple Rum Coconut #4 har nikotinstyrka s4.<\/p>\n<div class=\"row\">\n<div class=\"col-xs-12 content-section\"><\/div>\n<\/div>\n<table class=\"product-specs\">\n<thead>\n<tr>\n<th>Fakta om produkten<\/th>\n<th class=\"text-right\"><\/th>\n<\/tr>\n<\/thead>\n<tbody>\n<tr>\n<td class=\"spec-key\">Varum\u00e4rke<\/td>\n<td class=\"spec-value text-right\">FIX<\/td>\n<\/tr>\n<tr>\n<td class=\"spec-key\">Produkttyp<\/td>\n<td class=\"spec -value text-right\">all white portion<\/td>\n<\/tr>\n<tr>\n<td class=\"spec-key\">Nikotinstyrka<\/td>\n<td class=\"spec -value text-right\">extra stark<\/td>\n<\/tr>\n<tr>\n<td class=\"spec-key\">Nikotinhalt<\/td>\n<td class=\"spec -value text-right\">14 mg\/g<\/td>\n<\/tr>\n<tr>\n<td class=\"spec-key\">Smak<\/td>\n<td class=\"spec -value text-right\">frukt<\/td>\n<\/tr>\n<tr>\n<td class=\"spec-key\">Inneh\u00e5ll\/f\u00f6rpackning<\/td>\n<td class=\"spec -value text-right\">14 g<\/td>\n<\/tr>\n<tr>\n<td class=\"spec-key\">Snustyp<\/td>\n<td class=\"spec -value text-right\">Slim All White<\/td>\n<\/tr>\n<tr>\n<td class=\"spec-key\">Format<\/td>\n<td class=\"spec -value text-right\">Slim<\/td>\n<\/tr>\n<tr>\n<td class=\"spec-key\">Producent<\/td>\n<td class=\"spec-value text-right\">Habit Factory In Sweden AB<\/td>\n<\/tr>\n<\/tbody>\n<\/table>\n<\/div>\n<\/div>\n<\/div>\n<\/div>\n<\/div>","protected":false},"excerpt":{"rendered":"<article class=\"product-text\">Nikotinp\u00e5sarna i en dosa FIX Pineapple Rum Coconut #4 har ett slimmat format och smak av bland annat ananas. Den h\u00e4r varianten av FIX: Flavour Index snus har en extra stark nikotinstyrka.<\/article>\n<div class=\"buy-pane\">\n<div class=\"tab-content buy-tabs-content\">\n<div id=\"buy\" class=\"tab-pane active\">\n<div>\n<div class=\"variants list\">\n<h2>Om produkten FIX Pineapple Rum Coconut #4<\/h2>\n<p><strong>Om FIX Pineapple Rum Coconut #4<\/strong><br \/>\nAll white FIX Pineapple Rum Coconut #4 \u00e4r en nikotinportion som \u00e4r helt fri fr\u00e5n tobak. P\u00e5sen best\u00e5r av v\u00e4xtfiber, tillsatt nikotin och aromer. Prillan har en smakkombination av ananas, m\u00f6rk rom och kryddor. Formatet p\u00e5 p\u00e5sen \u00e4r slimmat och har en l\u00e5g rinnighet. P\u00e5sens fuktiga inneh\u00e5ll fris\u00e4tts successivt genom p\u00e5sens torra och perforerade yta.<\/p>\n<\/div>\n<\/div>\n<\/div>\n<\/div>\n<\/div>","protected":false},"featured_media":18448,"comment_status":"open","ping_status":"closed","template":"","meta":[],"product_brand":[419],"product_cat":[136,200,137],"product_tag":[],"class_list":{"0":"post-53958","1":"product","2":"type-product","3":"status-publish","4":"has-post-thumbnail","6":"product_brand-fix","7":"product_cat-all-whites","8":"product_cat-fix","9":"product_cat-slim","11":"first","12":"instock","13":"taxable","14":"shipping-taxable","15":"purchasable","16":"product-type-variable"},"_links":{"self":[{"href":"https:\/\/snus-malmo.se\/sv\/wp-json\/wp\/v2\/product\/53958","targetHints":{"allow":["GET"]}}],"collection":[{"href":"https:\/\/snus-malmo.se\/sv\/wp-json\/wp\/v2\/product"}],"about":[{"href":"https:\/\/snus-malmo.se\/sv\/wp-json\/wp\/v2\/types\/product"}],"replies":[{"embeddable":true,"href":"https:\/\/snus-malmo.se\/sv\/wp-json\/wp\/v2\/comments?post=53958"}],"version-history":[{"count":0,"href":"https:\/\/snus-malmo.se\/sv\/wp-json\/wp\/v2\/product\/53958\/revisions"}],"wp:featuredmedia":[{"embeddable":true,"href":"https:\/\/snus-malmo.se\/sv\/wp-json\/wp\/v2\/media\/18448"}],"wp:attachment":[{"href":"https:\/\/snus-malmo.se\/sv\/wp-json\/wp\/v2\/media?parent=53958"}],"wp:term":[{"taxonomy":"product_brand","embeddable":true,"href":"https:\/\/snus-malmo.se\/sv\/wp-json\/wp\/v2\/product_brand?post=53958"},{"taxonomy":"product_cat","embeddable":true,"href":"https:\/\/snus-malmo.se\/sv\/wp-json\/wp\/v2\/product_cat?post=53958"},{"taxonomy":"product_tag","embeddable":true,"href":"https:\/\/snus-malmo.se\/sv\/wp-json\/wp\/v2\/product_tag?post=53958"}],"curies":[{"name":"wp","href":"https:\/\/api.w.org\/{rel}","templated":true}]}}