{"id":53980,"date":"2025-05-23T16:57:43","date_gmt":"2025-05-23T16:57:43","guid":{"rendered":"https:\/\/snus-malmo.se\/?post_type=product&#038;p=53980"},"modified":"2025-11-24T20:33:43","modified_gmt":"2025-11-24T20:33:43","slug":"velo-icy-cherry","status":"publish","type":"product","link":"https:\/\/snus-malmo.se\/sv\/produkt\/velo-icy-cherry\/","title":{"rendered":"VELO Icy Cherry"},"content":{"rendered":"<h1 data-pm-slice=\"1 1 []\">VELO Icy Cherry<\/h1>\n<h2 data-start=\"204\" data-end=\"255\">VELO Icy Cherry \u2013 S\u00f6t k\u00f6rsb\u00e4r med svalkande mint<\/h2>\n<p data-start=\"257\" data-end=\"515\"><strong data-start=\"257\" data-end=\"276\">VELO Icy Cherry<\/strong> \u00e4r ett tobaksfritt vitt snus med en h\u00e4rligt <strong data-start=\"321\" data-end=\"378\">s\u00f6t k\u00f6rsb\u00e4rssmak kombinerad med en kylande mintk\u00e4nsla<\/strong>. Denna smakexplosion ger en fr\u00e4sch och uppiggande upplevelse som passar perfekt f\u00f6r dig som vill ha en smakrik och sval snus utan tobak.<\/p>\n<p data-start=\"517\" data-end=\"636\">Snuset kommer i slim-format som ger en bekv\u00e4m och diskret anv\u00e4ndning \u2013 perfekt f\u00f6r dig som vill ha smak och stil i ett.<\/p>\n<hr data-start=\"638\" data-end=\"641\" \/>\n<h3 data-start=\"643\" data-end=\"678\">\u2714\ufe0f F\u00f6rdelar med VELO Icy Cherry<\/h3>\n<ul data-start=\"680\" data-end=\"879\">\n<li data-start=\"680\" data-end=\"715\">\n<p data-start=\"682\" data-end=\"715\"><strong data-start=\"682\" data-end=\"713\">S\u00f6t och saftig k\u00f6rsb\u00e4rssmak<\/strong><\/p>\n<\/li>\n<li data-start=\"716\" data-end=\"744\">\n<p data-start=\"718\" data-end=\"744\"><strong data-start=\"718\" data-end=\"742\">Frisk kyla fr\u00e5n mint<\/strong><\/p>\n<\/li>\n<li data-start=\"745\" data-end=\"786\">\n<p data-start=\"747\" data-end=\"786\"><strong data-start=\"747\" data-end=\"784\">Slim-format \u2013 bekv\u00e4mt och diskret<\/strong><\/p>\n<\/li>\n<li data-start=\"787\" data-end=\"828\">\n<p data-start=\"789\" data-end=\"828\"><strong data-start=\"789\" data-end=\"826\">Tobaksfritt vitt snus med nikotin<\/strong><\/p>\n<\/li>\n<li data-start=\"829\" data-end=\"879\">\n<p data-start=\"831\" data-end=\"879\"><strong data-start=\"831\" data-end=\"879\">Producerat av British American Tobacco (BAT)<\/strong><\/p>\n<\/li>\n<\/ul>\n<hr data-start=\"881\" data-end=\"884\" \/>\n<h3 data-start=\"886\" data-end=\"916\">\ud83c\udf52 Produktspecifikationer:<\/h3>\n<ul data-start=\"918\" data-end=\"1149\">\n<li data-start=\"918\" data-end=\"950\">\n<p data-start=\"920\" data-end=\"950\"><strong data-start=\"920\" data-end=\"932\">Produkt:<\/strong> VELO Icy Cherry<\/p>\n<\/li>\n<li data-start=\"951\" data-end=\"981\">\n<p data-start=\"953\" data-end=\"981\"><strong data-start=\"953\" data-end=\"962\">Smak:<\/strong> K\u00f6rsb\u00e4r och mint<\/p>\n<\/li>\n<li data-start=\"982\" data-end=\"1018\">\n<p data-start=\"984\" data-end=\"1018\"><strong data-start=\"984\" data-end=\"992\">Typ:<\/strong> Vitt snus (tobaksfritt)<\/p>\n<\/li>\n<li data-start=\"1019\" data-end=\"1039\">\n<p data-start=\"1021\" data-end=\"1039\"><strong data-start=\"1021\" data-end=\"1032\">Format:<\/strong> Slim<\/p>\n<\/li>\n<li data-start=\"1040\" data-end=\"1062\">\n<p data-start=\"1042\" data-end=\"1062\"><strong data-start=\"1042\" data-end=\"1053\">Styrka:<\/strong> Normal<\/p>\n<\/li>\n<li data-start=\"1063\" data-end=\"1099\">\n<p data-start=\"1065\" data-end=\"1099\"><strong data-start=\"1065\" data-end=\"1094\">Antal portioner per dosa:<\/strong> 20<\/p>\n<\/li>\n<li data-start=\"1100\" data-end=\"1149\">\n<p data-start=\"1102\" data-end=\"1149\"><strong data-start=\"1102\" data-end=\"1118\">Tillverkare:<\/strong> British American Tobacco (BAT)<\/p>\n<\/li>\n<\/ul>\n<hr data-start=\"1151\" data-end=\"1154\" \/>\n<h2 data-start=\"1156\" data-end=\"1205\">\ud83c\udf08 Uppt\u00e4ck hela VELO-sortimentet hos Veloop.se<\/h2>\n<p data-start=\"1207\" data-end=\"1320\">VELO erbjuder ett brett spektrum av smaker f\u00f6r alla preferenser, fr\u00e5n fr\u00e4scha mintsorter till fruktiga favoriter:<\/p>\n<ul data-start=\"1322\" data-end=\"3131\">\n<li data-start=\"1322\" data-end=\"1381\">\n<p data-start=\"1324\" data-end=\"1381\">VELO Arctic Grapefruit \u2013 Frisk grapefrukt med kylig ton<\/p>\n<\/li>\n<li data-start=\"1382\" data-end=\"1433\">\n<p data-start=\"1384\" data-end=\"1433\">VELO Blue Raspberry \u2013 S\u00f6t och syrlig bl\u00e5 hallon<\/p>\n<\/li>\n<li data-start=\"1434\" data-end=\"1480\">\n<p data-start=\"1436\" data-end=\"1480\">VELO Blushy Berry \u2013 Mjuk smak av ljusa b\u00e4r<\/p>\n<\/li>\n<li data-start=\"1481\" data-end=\"1530\">\n<p data-start=\"1483\" data-end=\"1530\">VELO Breezy Mango \u2013 L\u00e4tt och tropisk mangoton<\/p>\n<\/li>\n<li data-start=\"1531\" data-end=\"1586\">\n<p data-start=\"1533\" data-end=\"1586\">VELO Bright Spearmint Mini \u2013 Mild och s\u00f6t spearmint<\/p>\n<\/li>\n<li data-start=\"1587\" data-end=\"1651\">\n<p data-start=\"1589\" data-end=\"1651\">VELO Crispy Peppermint Mini \u2013 Stark pepparmint i mini-format<\/p>\n<\/li>\n<li data-start=\"1652\" data-end=\"1724\">\n<p data-start=\"1654\" data-end=\"1724\">VELO Crispy Peppermint Slim \u2013 Klassisk pepparmint med kylande effekt<\/p>\n<\/li>\n<li data-start=\"1725\" data-end=\"1794\">\n<p data-start=\"1727\" data-end=\"1794\">VELO Crispy Peppermint Zero \u2013 Tobaksfri och nikotinfri pepparmint<\/p>\n<\/li>\n<li data-start=\"1795\" data-end=\"1874\">\n<p data-start=\"1797\" data-end=\"1874\">VELO Freezing Peppermint 10,9 MG \u2013 Isig och frisk pepparmint, medium styrka<\/p>\n<\/li>\n<li data-start=\"1875\" data-end=\"1943\">\n<p data-start=\"1877\" data-end=\"1943\">VELO Freezing Peppermint 14 MG \u2013 Iskall pepparmint, stark styrka<\/p>\n<\/li>\n<li data-start=\"1944\" data-end=\"2009\">\n<p data-start=\"1946\" data-end=\"2009\">VELO Freezing Peppermint 17 MG \u2013 Maxad kyla och nikotinstyrka<\/p>\n<\/li>\n<li data-start=\"2010\" data-end=\"2071\">\n<p data-start=\"2012\" data-end=\"2071\">VELO Green Spearmint \u2013 Fr\u00e4sch spearmint med mjuk karakt\u00e4r<\/p>\n<\/li>\n<li data-start=\"2072\" data-end=\"2136\">\n<p data-start=\"2074\" data-end=\"2136\">VELO Groovy Grape Mini \u2013 L\u00e4tt och s\u00f6t druvsmak i mini-format<\/p>\n<\/li>\n<li data-start=\"2137\" data-end=\"2185\">\n<p data-start=\"2139\" data-end=\"2185\">VELO Icy Berries \u2013 B\u00e4rmix med kylande k\u00e4nsla<\/p>\n<\/li>\n<li data-start=\"2186\" data-end=\"2238\">\n<p data-start=\"2188\" data-end=\"2238\">VELO Icy Cherry \u2013 S\u00f6t k\u00f6rsb\u00e4rssmak med sval mint<\/p>\n<\/li>\n<li data-start=\"2239\" data-end=\"2288\">\n<p data-start=\"2241\" data-end=\"2288\">VELO Lime Flame \u2013 Syrlig lime med citrussting<\/p>\n<\/li>\n<li data-start=\"2289\" data-end=\"2343\">\n<p data-start=\"2291\" data-end=\"2343\">VELO Mango Flame \u2013 Fruktig mango med kryddig hetta<\/p>\n<\/li>\n<li data-start=\"2344\" data-end=\"2398\">\n<p data-start=\"2346\" data-end=\"2398\">VELO McLaren Sweet Papaya \u2013 Exotisk och s\u00f6t papaya<\/p>\n<\/li>\n<li data-start=\"2399\" data-end=\"2451\">\n<p data-start=\"2401\" data-end=\"2451\">VELO Orange Spark \u2013 Frisk apelsin med citruskick<\/p>\n<\/li>\n<li data-start=\"2452\" data-end=\"2520\">\n<p data-start=\"2454\" data-end=\"2520\">VELO Peppermint Storm \u2013 Intensiv pepparmint med kraftfull effekt<\/p>\n<\/li>\n<li data-start=\"2521\" data-end=\"2576\">\n<p data-start=\"2523\" data-end=\"2576\">VELO Punchy Lime Mini \u2013 Skarp lime i kompakt format<\/p>\n<\/li>\n<li data-start=\"2577\" data-end=\"2640\">\n<p data-start=\"2579\" data-end=\"2640\">VELO Purple Grape Mini \u2013 S\u00f6t och saftig druva i mini-format<\/p>\n<\/li>\n<li data-start=\"2641\" data-end=\"2707\">\n<p data-start=\"2643\" data-end=\"2707\">VELO Purple Grape Strong \u2013 Djup druvsmak med stark nikotinkick<\/p>\n<\/li>\n<li data-start=\"2708\" data-end=\"2767\">\n<p data-start=\"2710\" data-end=\"2767\">VELO Salty Liquorice \u2013 Saltlakrits med kraftig karakt\u00e4r<\/p>\n<\/li>\n<li data-start=\"2768\" data-end=\"2827\">\n<p data-start=\"2770\" data-end=\"2827\">VELO Simply Spearmint Mini \u2013 Enkel och fr\u00e4sch spearmint<\/p>\n<\/li>\n<li data-start=\"2828\" data-end=\"2889\">\n<p data-start=\"2830\" data-end=\"2889\">VELO Sour Lime Mini \u2013 Syrlig lime med tydlig citrusprofil<\/p>\n<\/li>\n<li data-start=\"2890\" data-end=\"2953\">\n<p data-start=\"2892\" data-end=\"2953\">VELO Tropical Mango 14 MG \u2013 S\u00f6t mango med tropisk fyllighet<\/p>\n<\/li>\n<li data-start=\"2954\" data-end=\"3003\">\n<p data-start=\"2956\" data-end=\"3003\">VELO Tropical Mango Zero \u2013 Mango utan nikotin<\/p>\n<\/li>\n<li data-start=\"3004\" data-end=\"3065\">\n<p data-start=\"3006\" data-end=\"3065\">VELO Wintry Watermelon Mini \u2013 Vattenmelon med mintig kyla<\/p>\n<\/li>\n<li data-start=\"3066\" data-end=\"3131\">\n<p data-start=\"3068\" data-end=\"3131\">VELO Zesty Elderflower \u2013 Blommig fl\u00e4der med frisk citrusnyans<\/p>\n<\/li>\n<\/ul>\n<hr data-start=\"3133\" data-end=\"3136\" \/>\n<h2 data-start=\"3138\" data-end=\"3184\">\ud83d\ude80 K\u00f6p VELO Icy Cherry online hos Veloop.se<\/h2>\n<p data-start=\"3186\" data-end=\"3328\">Vill du ha en smakrik, s\u00f6t och sval snusupplevelse? VELO Icy Cherry kombinerar k\u00f6rsb\u00e4r och mint i en perfekt balans \u2013 tobaksfritt och bekv\u00e4mt.<\/p>\n<p data-start=\"3330\" data-end=\"3440\">\ud83d\uded2 <strong data-start=\"3333\" data-end=\"3440\"><a class=\"\" href=\"https:\/\/snus-malmo.se\/sv\/produkt-kategori\/velo\/\" target=\"_new\" rel=\"noopener\" data-start=\"3335\" data-end=\"3438\">Klicka hem din favorit fr\u00e5n VELO idag \u2013 bara hos Veloop.se!<\/a><\/strong><\/p>","protected":false},"excerpt":{"rendered":"<h1 data-pm-slice=\"1 1 []\">VELO Icy Cherry<\/h1>\n<h2>VELO Icy Cherry \u2013 K\u00f6rsb\u00e4r &amp; mint i slim-format | Veloop.se<\/h2>\n<p>VELO Icy Cherry \u2013 tobaksfritt snus med s\u00f6t k\u00f6rsb\u00e4rs- och mintsmak. Slim-format, fr\u00e4sch och bekv\u00e4m. Best\u00e4ll hos Veloop.se!<\/p>\n<p>\ud83d\uded2 <strong data-start=\"3333\" data-end=\"3440\"><a class=\"\" href=\"https:\/\/snus-malmo.se\/sv\/produkt-kategori\/velo\/\" target=\"_new\" rel=\"noopener\" data-start=\"3335\" data-end=\"3438\">Klicka hem din favorit fr\u00e5n VELO idag \u2013 bara hos Veloop.se!<\/a><\/strong><\/p>","protected":false},"featured_media":60570,"comment_status":"open","ping_status":"closed","template":"","meta":[],"product_brand":[326],"product_cat":[136,137,255],"product_tag":[],"class_list":{"0":"post-53980","1":"product","2":"type-product","3":"status-publish","4":"has-post-thumbnail","6":"product_brand-velo","7":"product_cat-all-whites","8":"product_cat-slim","9":"product_cat-velo","11":"first","12":"instock","13":"taxable","14":"shipping-taxable","15":"purchasable","16":"product-type-variable"},"_links":{"self":[{"href":"https:\/\/snus-malmo.se\/sv\/wp-json\/wp\/v2\/product\/53980","targetHints":{"allow":["GET"]}}],"collection":[{"href":"https:\/\/snus-malmo.se\/sv\/wp-json\/wp\/v2\/product"}],"about":[{"href":"https:\/\/snus-malmo.se\/sv\/wp-json\/wp\/v2\/types\/product"}],"replies":[{"embeddable":true,"href":"https:\/\/snus-malmo.se\/sv\/wp-json\/wp\/v2\/comments?post=53980"}],"version-history":[{"count":0,"href":"https:\/\/snus-malmo.se\/sv\/wp-json\/wp\/v2\/product\/53980\/revisions"}],"wp:featuredmedia":[{"embeddable":true,"href":"https:\/\/snus-malmo.se\/sv\/wp-json\/wp\/v2\/media\/60570"}],"wp:attachment":[{"href":"https:\/\/snus-malmo.se\/sv\/wp-json\/wp\/v2\/media?parent=53980"}],"wp:term":[{"taxonomy":"product_brand","embeddable":true,"href":"https:\/\/snus-malmo.se\/sv\/wp-json\/wp\/v2\/product_brand?post=53980"},{"taxonomy":"product_cat","embeddable":true,"href":"https:\/\/snus-malmo.se\/sv\/wp-json\/wp\/v2\/product_cat?post=53980"},{"taxonomy":"product_tag","embeddable":true,"href":"https:\/\/snus-malmo.se\/sv\/wp-json\/wp\/v2\/product_tag?post=53980"}],"curies":[{"name":"wp","href":"https:\/\/api.w.org\/{rel}","templated":true}]}}