{"id":53994,"date":"2025-05-23T16:57:43","date_gmt":"2025-05-23T16:57:43","guid":{"rendered":"https:\/\/snus-malmo.se\/?post_type=product&#038;p=53994"},"modified":"2025-07-28T14:52:30","modified_gmt":"2025-07-28T14:52:30","slug":"vid-blueberry-strong","status":"publish","type":"product","link":"https:\/\/snus-malmo.se\/sv\/produkt\/vid-blueberry-strong\/","title":{"rendered":"VID Blueberry Strong"},"content":{"rendered":"<article class=\"product-text\">VID Blueberry \u00e4r ett bl\u00e5b\u00e4rssmakande, starkt vitt snus i super slim-format. Varje dosa inneh\u00e5ller 18 portioner. Produkten kategoriseras som en all white portion.<\/p>\n<\/article>\n<div class=\"buy-pane\">\n<div class=\"tab-content buy-tabs-content\">\n<div id=\"buy\" class=\"tab-pane active\">\n<div>\n<div class=\"variants list\">\n<h2>Om produkten VID Blueberry Strong<\/h2>\n<p>VID Blueberry \u00e4r en produkt fr\u00e5n VID varum\u00e4rket, tillverkat av Kurbits Snus AB. Produkten kan kategoriseras som all white portion, vilket \u00f6versatt till svenska blir vitt snus. Formatet f\u00f6r denna produkt \u00e4r super slim, vilket betyder att det \u00e4r smalare \u00e4n konventionellt snus. \u00c4ven om produkten saknar tobak, inneh\u00e5ller den nikotin.<\/p>\n<h2>Smak och styrka f\u00f6r VID Blueberry Strong<\/h2>\n<p>VID Blueberry \u00e4r ett vitt snus med dominerande smak av bl\u00e5b\u00e4r. Formatet f\u00f6r denna produkt \u00e4r super slim. Produkten \u00e4r kategoriserad som stark och nikotinhalten uppg\u00e5r till 8,9 mg per portion och 16 mg\/g.<\/p>\n<h3>Om VID<\/h3>\n<p>VID \u00e4r ett varum\u00e4rke som producerar produkter som inneh\u00e5ller nikotin. Deras produkter h\u00e5ller en viss standard och har olika smakprofiler. VID Blueberry \u00e4r ett exempel p\u00e5 detta.<\/p>\n<table class=\"product-specs\">\n<thead>\n<tr>\n<th>Fakta om produkten<\/th>\n<th class=\"text-right\"><\/th>\n<\/tr>\n<\/thead>\n<tbody>\n<tr>\n<td class=\"spec-key\">Varum\u00e4rke<\/td>\n<td class=\"spec-value text-right\">VID<\/td>\n<\/tr>\n<tr>\n<td class=\"spec-key\">Produkttyp<\/td>\n<td class=\"spec -value text-right\">all white portion<\/td>\n<\/tr>\n<tr>\n<td class=\"spec-key\">Nikotinstyrka<\/td>\n<td class=\"spec -value text-right\">stark<\/td>\n<\/tr>\n<tr>\n<td class=\"spec-key\">Nikotinhalt<\/td>\n<td class=\"spec -value text-right\">16 mg\/g<\/td>\n<\/tr>\n<tr>\n<td class=\"spec-key\">Smak<\/td>\n<td class=\"spec -value text-right\">B\u00e4r<\/td>\n<\/tr>\n<tr>\n<td class=\"spec-key\">Inneh\u00e5ll\/f\u00f6rpackning<\/td>\n<td class=\"spec -value text-right\">10 g<\/td>\n<\/tr>\n<tr>\n<td class=\"spec-key\">Snustyp<\/td>\n<td class=\"spec -value text-right\">Slim All White Strong<\/td>\n<\/tr>\n<tr>\n<td class=\"spec-key\">Format<\/td>\n<td class=\"spec -value text-right\">Slim<\/td>\n<\/tr>\n<tr>\n<td class=\"spec-key\">Producent<\/td>\n<td class=\"spec-value text-right\">Kurbits Snus AB<\/td>\n<\/tr>\n<\/tbody>\n<\/table>\n<\/div>\n<\/div>\n<\/div>\n<\/div>\n<\/div>","protected":false},"excerpt":{"rendered":"<article class=\"product-text\">VID Blueberry \u00e4r ett bl\u00e5b\u00e4rssmakande, starkt vitt snus i super slim-format. Varje dosa inneh\u00e5ller 18 portioner. Produkten kategoriseras som en all white portion.<\/p>\n<\/article>\n<div class=\"buy-pane\">\n<div class=\"tab-content buy-tabs-content\">\n<div id=\"buy\" class=\"tab-pane active\">\n<div>\n<div class=\"variants list\">\n<h2>Om produkten VID Blueberry Strong<\/h2>\n<p>VID Blueberry \u00e4r en produkt fr\u00e5n VID varum\u00e4rket, tillverkat av Kurbits Snus AB. Produkten kan kategoriseras som all white portion, vilket \u00f6versatt till svenska blir vitt snus. Formatet f\u00f6r denna produkt \u00e4r super slim, vilket betyder att det \u00e4r smalare \u00e4n konventionellt snus. \u00c4ven om produkten saknar tobak, inneh\u00e5ller den nikotin.<\/p>\n<h2>Smak oc<\/h2>\n<\/div>\n<\/div>\n<\/div>\n<\/div>\n<\/div>","protected":false},"featured_media":18672,"comment_status":"open","ping_status":"closed","template":"","meta":[],"product_brand":[],"product_cat":[136],"product_tag":[],"class_list":{"0":"post-53994","1":"product","2":"type-product","3":"status-publish","4":"has-post-thumbnail","6":"product_cat-all-whites","8":"first","9":"instock","10":"taxable","11":"shipping-taxable","12":"purchasable","13":"product-type-variable"},"_links":{"self":[{"href":"https:\/\/snus-malmo.se\/sv\/wp-json\/wp\/v2\/product\/53994","targetHints":{"allow":["GET"]}}],"collection":[{"href":"https:\/\/snus-malmo.se\/sv\/wp-json\/wp\/v2\/product"}],"about":[{"href":"https:\/\/snus-malmo.se\/sv\/wp-json\/wp\/v2\/types\/product"}],"replies":[{"embeddable":true,"href":"https:\/\/snus-malmo.se\/sv\/wp-json\/wp\/v2\/comments?post=53994"}],"version-history":[{"count":0,"href":"https:\/\/snus-malmo.se\/sv\/wp-json\/wp\/v2\/product\/53994\/revisions"}],"wp:featuredmedia":[{"embeddable":true,"href":"https:\/\/snus-malmo.se\/sv\/wp-json\/wp\/v2\/media\/18672"}],"wp:attachment":[{"href":"https:\/\/snus-malmo.se\/sv\/wp-json\/wp\/v2\/media?parent=53994"}],"wp:term":[{"taxonomy":"product_brand","embeddable":true,"href":"https:\/\/snus-malmo.se\/sv\/wp-json\/wp\/v2\/product_brand?post=53994"},{"taxonomy":"product_cat","embeddable":true,"href":"https:\/\/snus-malmo.se\/sv\/wp-json\/wp\/v2\/product_cat?post=53994"},{"taxonomy":"product_tag","embeddable":true,"href":"https:\/\/snus-malmo.se\/sv\/wp-json\/wp\/v2\/product_tag?post=53994"}],"curies":[{"name":"wp","href":"https:\/\/api.w.org\/{rel}","templated":true}]}}