{"id":53997,"date":"2025-05-23T16:57:44","date_gmt":"2025-05-23T16:57:44","guid":{"rendered":"https:\/\/snus-malmo.se\/?post_type=product&#038;p=53997"},"modified":"2025-07-16T12:29:49","modified_gmt":"2025-07-16T12:29:49","slug":"bagz-mango-lassi-x-strong","status":"publish","type":"product","link":"https:\/\/snus-malmo.se\/sv\/produkt\/bagz-mango-lassi-x-strong\/","title":{"rendered":"BAGZ Mango Lassi X-strong"},"content":{"rendered":"<h2><strong>BAGZ Mango Lassi X-strong<\/strong><\/h2>\n<p>BAGZ Mango Lassi X-strong \u00e4r det perfekta snuset f\u00f6r dem som \u00e4lskar en kombination av s\u00f6tt och syrligt.<\/p>\n<p>Bagz Mango Lassi \u00e4r en kraftfull produkt med h\u00f6g nikotinhalt som passar erfarna snusare. Bagz Mango Lassi X-Strong har en extra stark nikotinhalt p\u00e5 20 mg\/g, vilket ger en intensiv nikotinkick tillsammans med en s\u00f6t och syrlig smak av mango och yoghurt. Bagz Mango Lassi uppskattas av dem som f\u00f6redrar s\u00f6t-syrligaa smaker och kraftfulla nikotinkickar. Nikotinp\u00e5sarnas design \u00e4r utformad f\u00f6r en j\u00e4mn fris\u00e4ttning av b\u00e5de smak och nikotin.<\/p>\n<p>Varje dosa av Bagz Mango Lassi inneh\u00e5ller 22 slimmade nikotinp\u00e5sar och dosan har \u00e4ven ett fack i locket f\u00f6r anv\u00e4nda prillor.<\/p>\n<p><strong>Information om BAGZ Mango Lassi X-Strong:<\/strong><\/p>\n<ul>\n<li>Smak: Mango och yoghurt<\/li>\n<li>Format: Slim<\/li>\n<li>Styrka: Extra Stark<\/li>\n<li>Nikotinstyrka mg\/portion: 18 mg<\/li>\n<li>Nikotinstyrka mg\/g: 20 mg<\/li>\n<li>Antal Portioner per dosa: 22<\/li>\n<li>Tillverkare: Flameclub SWEDEN AB<\/li>\n<\/ul>","protected":false},"excerpt":{"rendered":"<h2><strong>BAGZ Mango Lassi X-strong<\/strong><\/h2>\n<p>BAGZ Mango Lassi X-strong \u00e4r det perfekta snuset f\u00f6r dem som \u00e4lskar en kombination av s\u00f6tt och syrligt.<\/p>\n<p>Bagz Mango Lassi \u00e4r en kraftfull produkt med h\u00f6g nikotinhalt som passar erfarna snusare. Bagz Mango Lassi X-Strong har en extra stark nikotinhalt p\u00e5 20 mg\/g, vilket ger en intensiv nikotinkick tillsammans med en s\u00f6t och syrlig smak av mango och yoghurt. Bagz Mango Lassi uppskattas av dem som f\u00f6redrar s\u00f6t-syrligaa smaker och kraftfulla nikotinkickar. Nikotinp\u00e5sarnas design \u00e4r utformad f\u00f6r en j\u00e4mn fris\u00e4ttning av b\u00e5de smak och nikotin.<\/p>","protected":false},"featured_media":18688,"comment_status":"open","ping_status":"closed","template":"","meta":[],"product_brand":[],"product_cat":[136],"product_tag":[],"class_list":{"0":"post-53997","1":"product","2":"type-product","3":"status-publish","4":"has-post-thumbnail","6":"product_cat-all-whites","8":"first","9":"instock","10":"taxable","11":"shipping-taxable","12":"purchasable","13":"product-type-variable"},"_links":{"self":[{"href":"https:\/\/snus-malmo.se\/sv\/wp-json\/wp\/v2\/product\/53997","targetHints":{"allow":["GET"]}}],"collection":[{"href":"https:\/\/snus-malmo.se\/sv\/wp-json\/wp\/v2\/product"}],"about":[{"href":"https:\/\/snus-malmo.se\/sv\/wp-json\/wp\/v2\/types\/product"}],"replies":[{"embeddable":true,"href":"https:\/\/snus-malmo.se\/sv\/wp-json\/wp\/v2\/comments?post=53997"}],"version-history":[{"count":0,"href":"https:\/\/snus-malmo.se\/sv\/wp-json\/wp\/v2\/product\/53997\/revisions"}],"wp:featuredmedia":[{"embeddable":true,"href":"https:\/\/snus-malmo.se\/sv\/wp-json\/wp\/v2\/media\/18688"}],"wp:attachment":[{"href":"https:\/\/snus-malmo.se\/sv\/wp-json\/wp\/v2\/media?parent=53997"}],"wp:term":[{"taxonomy":"product_brand","embeddable":true,"href":"https:\/\/snus-malmo.se\/sv\/wp-json\/wp\/v2\/product_brand?post=53997"},{"taxonomy":"product_cat","embeddable":true,"href":"https:\/\/snus-malmo.se\/sv\/wp-json\/wp\/v2\/product_cat?post=53997"},{"taxonomy":"product_tag","embeddable":true,"href":"https:\/\/snus-malmo.se\/sv\/wp-json\/wp\/v2\/product_tag?post=53997"}],"curies":[{"name":"wp","href":"https:\/\/api.w.org\/{rel}","templated":true}]}}