{"id":53999,"date":"2025-05-23T16:57:44","date_gmt":"2025-05-23T16:57:44","guid":{"rendered":"https:\/\/snus-malmo.se\/?post_type=product&#038;p=53999"},"modified":"2025-07-16T14:56:51","modified_gmt":"2025-07-16T14:56:51","slug":"coco-mighty-lemonade-slim-strong","status":"publish","type":"product","link":"https:\/\/snus-malmo.se\/sv\/produkt\/coco-mighty-lemonade-slim-strong\/","title":{"rendered":"COCO Mighty Lemonade Slim Strong"},"content":{"rendered":"<div class=\"product__description rte quick-add-hidden\">\n<article class=\"product-text\">COCO Mighty Lemonade Slim Strong \u00e4r en produkt fr\u00e5n varum\u00e4rket COCO. Denna produkt med stark nikotinstyrka erbjuder en citrus-smak i slim-format, med 20 portionsprillor per dosa. Produkten faller under kategorin .vitt snus.<\/p>\n<\/article>\n<div class=\"buy-pane\">\n<div class=\"tab-content buy-tabs-content\">\n<div id=\"buy\" class=\"tab-pane active\">\n<div>\n<div class=\"variants list\">\n<h2>Om produkten COCO Mighty Lemonade Slim Strong<\/h2>\n<p>COCO Mighty Lemonade Slim Strong \u00e4r en produkt av COCO, tillverkat av SpectrumLeaf AB. Produkten kategoriseras som vitt snus och har ett slim-format. Produkten inneh\u00e5ller nikotin men ingen tobak. Nikotinstyrkan i produkten anses vara stark.<\/p>\n<h2>COCO Mighty Lemonade Slim Strong: Smak &amp; Styrka<\/h2>\n<p>COCO Mighty Lemonade Slim Strong \u00e4r en vitt snus-produkt med en tydlig citrussmak. Produkten \u00e4r tillg\u00e4nglig i slim-format och anges som stark. Nikotinhalt per portion anges som 13,5 mg, och total nikotinhalt per gram \u00e4r 30,0 mg.<\/p>\n<h3>Portionsformat: Slim<\/h3>\n<p>COCO Mighty Lemonade Slim Strong tillhandah\u00e5lls i ett slim-format, vilket inneb\u00e4r att det \u00e4r smalare \u00e4n de traditionella portionerna.<\/p>\n<h3>Specifik Information om COCO Mighty Lemonade Slim Strong:<\/h3>\n<ul>\n<li>Klassificering: All White Portion<\/li>\n<li>Smaksegment: Citrus<\/li>\n<li>Nikotinstyrka: Stark<\/li>\n<li>Tillverkare: SpectrumLeaf AB<\/li>\n<li>Nikotinhalt per portion (mg): 13,5<\/li>\n<li>Antal portionsprillor per dosa: 20<\/li>\n<\/ul>\n<h3>Upplysningar om COCO<\/h3>\n<p>COCO \u00e4r ett varum\u00e4rke med inriktning p\u00e5 framst\u00e4llning av nikotinbaserade produkter. COCO finns i flera varianter beroende p\u00e5 konsumentpreferenser.<\/p>\n<\/div>\n<\/div>\n<\/div>\n<\/div>\n<\/div>\n<\/div>\n<p>&nbsp;<\/p>","protected":false},"excerpt":{"rendered":"<article class=\"product-text\">COCO Mighty Lemonade Slim Strong \u00e4r en produkt fr\u00e5n varum\u00e4rket COCO. Denna produkt med stark nikotinstyrka erbjuder en citrus-smak i slim-format, med 20 portionsprillor per dosa. Produkten faller under kategorin .vitt snus.<\/p>\n<\/article>\n<div class=\"buy-pane\">\n<div class=\"tab-content buy-tabs-content\">\n<div id=\"buy\" class=\"tab-pane active\">\n<div>\n<div class=\"variants list\">\n<h2>Om produkten COCO Mighty Lemonade Slim Strong<\/h2>\n<p>COCO Mighty Lemonade Slim Strong \u00e4r en produkt av COCO, tillverkat av SpectrumLeaf AB. Produkten kategoriseras som vitt snus och har ett slim-format. Produkten inneh\u00e5ller nikotin men ingen tobak. Nikotinstyrkan i produkten anses vara stark.<\/p>\n<\/div>\n<\/div>\n<\/div>\n<\/div>\n<\/div>","protected":false},"featured_media":18695,"comment_status":"open","ping_status":"closed","template":"","meta":[],"product_brand":[],"product_cat":[136],"product_tag":[],"class_list":{"0":"post-53999","1":"product","2":"type-product","3":"status-publish","4":"has-post-thumbnail","6":"product_cat-all-whites","8":"first","9":"instock","10":"taxable","11":"shipping-taxable","12":"purchasable","13":"product-type-variable"},"_links":{"self":[{"href":"https:\/\/snus-malmo.se\/sv\/wp-json\/wp\/v2\/product\/53999","targetHints":{"allow":["GET"]}}],"collection":[{"href":"https:\/\/snus-malmo.se\/sv\/wp-json\/wp\/v2\/product"}],"about":[{"href":"https:\/\/snus-malmo.se\/sv\/wp-json\/wp\/v2\/types\/product"}],"replies":[{"embeddable":true,"href":"https:\/\/snus-malmo.se\/sv\/wp-json\/wp\/v2\/comments?post=53999"}],"version-history":[{"count":0,"href":"https:\/\/snus-malmo.se\/sv\/wp-json\/wp\/v2\/product\/53999\/revisions"}],"wp:featuredmedia":[{"embeddable":true,"href":"https:\/\/snus-malmo.se\/sv\/wp-json\/wp\/v2\/media\/18695"}],"wp:attachment":[{"href":"https:\/\/snus-malmo.se\/sv\/wp-json\/wp\/v2\/media?parent=53999"}],"wp:term":[{"taxonomy":"product_brand","embeddable":true,"href":"https:\/\/snus-malmo.se\/sv\/wp-json\/wp\/v2\/product_brand?post=53999"},{"taxonomy":"product_cat","embeddable":true,"href":"https:\/\/snus-malmo.se\/sv\/wp-json\/wp\/v2\/product_cat?post=53999"},{"taxonomy":"product_tag","embeddable":true,"href":"https:\/\/snus-malmo.se\/sv\/wp-json\/wp\/v2\/product_tag?post=53999"}],"curies":[{"name":"wp","href":"https:\/\/api.w.org\/{rel}","templated":true}]}}