{"id":54001,"date":"2025-05-23T16:57:44","date_gmt":"2025-05-23T16:57:44","guid":{"rendered":"https:\/\/snus-malmo.se\/?post_type=product&#038;p=54001"},"modified":"2025-08-01T14:52:07","modified_gmt":"2025-08-01T14:52:07","slug":"ace-x-black-raspberry-chili-strong","status":"publish","type":"product","link":"https:\/\/snus-malmo.se\/sv\/produkt\/ace-x-black-raspberry-chili-strong\/","title":{"rendered":"ACE X Black Raspberry Chili Strong"},"content":{"rendered":"<h2>Om produkten ACE X Black Raspberry Chili Strong<\/h2>\n<p>All white-portionerna Ace X Raspberry Chili \u00e4r helvita prillor d\u00e4r p\u00e5sen kommer i ett slimmat format. De har smak av hallon och \u00e4ven en antydan av chili. De helvita produkterna har ett fuktat inneh\u00e5ll med en torr yta som g\u00f6r att de inte rinner under anv\u00e4ndning. I varje dosa finns det 20 stycken portioner.<\/p>\n<ul>\n<li>Varum\u00e4rke: Ace X<\/li>\n<li>Tillverkare: Ministry of Snus<\/li>\n<li>Smak: B\u00e4r<\/li>\n<li>Format: Slim<\/li>\n<li>Produkttyp: All white<\/li>\n<li>Antal portioner per dosa: 20 stycken<\/li>\n<li>Nikotinhalt: 16 mg\/g<\/li>\n<li>Styrka: Stark<\/li>\n<\/ul>\n<h2>Nikotinstyrka i Ace X Raspberry Chili<\/h2>\n<p>De helvita portionerna Ace X Raspberry Chili har en nikotionhalt som ligger p\u00e5 16 milligram nikotin per gram. N\u00e4r det kommer till nikotinp\u00e5sar \u00e4r det en styrka som klassificeras som stark.<\/p>\n<h2>Mer om helt vitt snus fr\u00e5n Ace X<\/h2>\n<p>Tillverkaren bakom varum\u00e4rket Ace X\u00a0heter Ministry of Snus och \u00e4r ett danskt f\u00f6retag. De tillverkar helvita portioner i olika smaker och styrkor. Ace X Raspberry Chili har stark styrka.<\/p>","protected":false},"excerpt":{"rendered":"<h2>Om produkten ACE X Black Raspberry Chili Strong<\/h2>\n<p>All white-portionerna Ace X Raspberry Chili \u00e4r helvita prillor d\u00e4r p\u00e5sen kommer i ett slimmat format. De har smak av hallon och \u00e4ven en antydan av chili. De helvita produkterna har ett fuktat inneh\u00e5ll med en torr yta som g\u00f6r att de inte rinner under anv\u00e4ndning. I varje dosa finns det 20 stycken portioner.<\/p>","protected":false},"featured_media":18709,"comment_status":"open","ping_status":"closed","template":"","meta":[],"product_brand":[],"product_cat":[136],"product_tag":[],"class_list":{"0":"post-54001","1":"product","2":"type-product","3":"status-publish","4":"has-post-thumbnail","6":"product_cat-all-whites","8":"first","9":"instock","10":"taxable","11":"shipping-taxable","12":"purchasable","13":"product-type-variable"},"_links":{"self":[{"href":"https:\/\/snus-malmo.se\/sv\/wp-json\/wp\/v2\/product\/54001","targetHints":{"allow":["GET"]}}],"collection":[{"href":"https:\/\/snus-malmo.se\/sv\/wp-json\/wp\/v2\/product"}],"about":[{"href":"https:\/\/snus-malmo.se\/sv\/wp-json\/wp\/v2\/types\/product"}],"replies":[{"embeddable":true,"href":"https:\/\/snus-malmo.se\/sv\/wp-json\/wp\/v2\/comments?post=54001"}],"version-history":[{"count":0,"href":"https:\/\/snus-malmo.se\/sv\/wp-json\/wp\/v2\/product\/54001\/revisions"}],"wp:featuredmedia":[{"embeddable":true,"href":"https:\/\/snus-malmo.se\/sv\/wp-json\/wp\/v2\/media\/18709"}],"wp:attachment":[{"href":"https:\/\/snus-malmo.se\/sv\/wp-json\/wp\/v2\/media?parent=54001"}],"wp:term":[{"taxonomy":"product_brand","embeddable":true,"href":"https:\/\/snus-malmo.se\/sv\/wp-json\/wp\/v2\/product_brand?post=54001"},{"taxonomy":"product_cat","embeddable":true,"href":"https:\/\/snus-malmo.se\/sv\/wp-json\/wp\/v2\/product_cat?post=54001"},{"taxonomy":"product_tag","embeddable":true,"href":"https:\/\/snus-malmo.se\/sv\/wp-json\/wp\/v2\/product_tag?post=54001"}],"curies":[{"name":"wp","href":"https:\/\/api.w.org\/{rel}","templated":true}]}}