{"id":54029,"date":"2025-05-23T16:57:46","date_gmt":"2025-05-23T16:57:46","guid":{"rendered":"https:\/\/snus-malmo.se\/?post_type=product&#038;p=54029"},"modified":"2025-07-28T14:52:30","modified_gmt":"2025-07-28T14:52:30","slug":"vid-cola-sour","status":"publish","type":"product","link":"https:\/\/snus-malmo.se\/sv\/produkt\/vid-cola-sour\/","title":{"rendered":"VID Cola Sour"},"content":{"rendered":"<article class=\"product-text\">VID Cola Sour (Fresh Cola) har en s\u00f6t\u00a0smak av cola. Portionerna \u00e4r slimmade och har en stark nikotinstyrka.<\/p>\n<\/article>\n<article class=\"product-text\">\n<h2>Om produkten VID Cola Sour Slim Strong<\/h2>\n<p>VID Fresh Cola\u00a0\u00e4r starka och har en smak av cola. Portionerna \u00e4r slimmade och inneh\u00e5ller 12\u00a0mg nikotin per gram.<\/p>\n<p>VID \u00e4r en helt ny nikotinportion med olika smakkombinationer, helt fri fr\u00e5n\u00a0tobak. VIDs dosor \u00e4r Co2-utsl\u00e4ppsneutrala, b\u00e5de g\u00e4llande tillverkning\u00a0och material.<\/p>\n<table class=\"product-specs\">\n<thead>\n<tr>\n<th>Fakta om produkten<\/th>\n<th class=\"text-right\"><\/th>\n<\/tr>\n<\/thead>\n<tbody>\n<tr>\n<td class=\"spec-key\">Varum\u00e4rke<\/td>\n<td class=\"spec-value text-right\"><a href=\"https:\/\/www.snusbolaget.se\/vid\/\" target=\"_blank\" rel=\"noopener\">VID<\/a><\/td>\n<\/tr>\n<tr>\n<td class=\"spec-key\">Produkttyp<\/td>\n<td class=\"spec -value text-right\">all white portion<\/td>\n<\/tr>\n<tr>\n<td class=\"spec-key\">Nikotinstyrka<\/td>\n<td class=\"spec -value text-right\">stark<\/td>\n<\/tr>\n<tr>\n<td class=\"spec-key\">Nikotinhalt<\/td>\n<td class=\"spec -value text-right\">12 mg\/g<\/td>\n<\/tr>\n<tr>\n<td class=\"spec-key\">Smak<\/td>\n<td class=\"spec -value text-right\">cola<\/td>\n<\/tr>\n<tr>\n<td class=\"spec-key\">Inneh\u00e5ll\/f\u00f6rpackning<\/td>\n<td class=\"spec -value text-right\">12 g<\/td>\n<\/tr>\n<tr>\n<td class=\"spec-key\">Snustyp<\/td>\n<td class=\"spec -value text-right\">Slim All White Strong<\/td>\n<\/tr>\n<tr>\n<td class=\"spec-key\">Format<\/td>\n<td class=\"spec -value text-right\">Slim<\/td>\n<\/tr>\n<tr>\n<td class=\"spec-key\">Producent<\/td>\n<td class=\"spec-value text-right\">Kurbits Snus AB<\/td>\n<\/tr>\n<\/tbody>\n<\/table>\n<\/article>","protected":false},"excerpt":{"rendered":"<article class=\"product-text\">VID Cola Sour (Fresh Cola) har en s\u00f6t\u00a0smak av cola. Portionerna \u00e4r slimmade och har en stark nikotinstyrka.<\/p>\n<\/article>\n<article class=\"product-text\">\n<h2>Om produkten VID Cola Sour Slim Strong<\/h2>\n<p>VID Fresh Cola\u00a0\u00e4r starka och har en smak av cola. Portionerna \u00e4r slimmade och inneh\u00e5ller 12\u00a0mg nikotin per gram.<\/p>\n<p>VID \u00e4r en helt ny nikotinportion med olika smakkombinationer, helt fri fr\u00e5n\u00a0tobak. VIDs dosor \u00e4r Co2-utsl\u00e4ppsneutrala, b\u00e5de g\u00e4llande tillverkning\u00a0och material.<\/p>\n<\/article>","protected":false},"featured_media":18749,"comment_status":"open","ping_status":"closed","template":"","meta":[],"product_brand":[],"product_cat":[136],"product_tag":[],"class_list":{"0":"post-54029","1":"product","2":"type-product","3":"status-publish","4":"has-post-thumbnail","6":"product_cat-all-whites","8":"first","9":"instock","10":"taxable","11":"shipping-taxable","12":"purchasable","13":"product-type-variable"},"_links":{"self":[{"href":"https:\/\/snus-malmo.se\/sv\/wp-json\/wp\/v2\/product\/54029","targetHints":{"allow":["GET"]}}],"collection":[{"href":"https:\/\/snus-malmo.se\/sv\/wp-json\/wp\/v2\/product"}],"about":[{"href":"https:\/\/snus-malmo.se\/sv\/wp-json\/wp\/v2\/types\/product"}],"replies":[{"embeddable":true,"href":"https:\/\/snus-malmo.se\/sv\/wp-json\/wp\/v2\/comments?post=54029"}],"version-history":[{"count":0,"href":"https:\/\/snus-malmo.se\/sv\/wp-json\/wp\/v2\/product\/54029\/revisions"}],"wp:featuredmedia":[{"embeddable":true,"href":"https:\/\/snus-malmo.se\/sv\/wp-json\/wp\/v2\/media\/18749"}],"wp:attachment":[{"href":"https:\/\/snus-malmo.se\/sv\/wp-json\/wp\/v2\/media?parent=54029"}],"wp:term":[{"taxonomy":"product_brand","embeddable":true,"href":"https:\/\/snus-malmo.se\/sv\/wp-json\/wp\/v2\/product_brand?post=54029"},{"taxonomy":"product_cat","embeddable":true,"href":"https:\/\/snus-malmo.se\/sv\/wp-json\/wp\/v2\/product_cat?post=54029"},{"taxonomy":"product_tag","embeddable":true,"href":"https:\/\/snus-malmo.se\/sv\/wp-json\/wp\/v2\/product_tag?post=54029"}],"curies":[{"name":"wp","href":"https:\/\/api.w.org\/{rel}","templated":true}]}}