{"id":54030,"date":"2025-05-23T16:57:46","date_gmt":"2025-05-23T16:57:46","guid":{"rendered":"https:\/\/snus-malmo.se\/?post_type=product&#038;p=54030"},"modified":"2025-11-29T10:48:57","modified_gmt":"2025-11-29T10:48:57","slug":"on-coffee-3-mg","status":"publish","type":"product","link":"https:\/\/snus-malmo.se\/sv\/produkt\/on-coffee-3-mg\/","title":{"rendered":"On! Coffee 3 mg"},"content":{"rendered":"<p>On! Coffee 3 mg \u00e4r det vita minisnuset med smak av kaffe. Torra portioner med minimalt rinn och en nikotinhalt p\u00e5 tre milligram.<\/p>\n<p>on! Coffee 3 mg \u00e4r ett torrt, vitt minisnus med tydlig och l\u00e5ngvarig smak av kaffe &#8211; livets dryck. Varje portion inneh\u00e5ller tre milligram nikotin.<\/p>\n<p>Vikt\/prilla: 0,3 g<br \/>\nNikotinhalt: 11\u00a0mg\/g<\/p>\n<table class=\"product-specs\">\n<thead>\n<tr>\n<th>Fakta om produkten<\/th>\n<th class=\"text-right\"><\/th>\n<\/tr>\n<\/thead>\n<tbody>\n<tr>\n<td class=\"spec-key\">Varum\u00e4rke<\/td>\n<td class=\"spec-value text-right\">On!<\/td>\n<\/tr>\n<tr>\n<td class=\"spec-key\">Produkttyp<\/td>\n<td class=\"spec -value text-right\">all white portion<\/td>\n<\/tr>\n<tr>\n<td class=\"spec-key\">Nikotinstyrka<\/td>\n<td class=\"spec -value text-right\">normal<\/td>\n<\/tr>\n<tr>\n<td class=\"spec-key\">Nikotinhalt<\/td>\n<td class=\"spec -value text-right\">11 mg\/g<\/td>\n<\/tr>\n<tr>\n<td class=\"spec-key\">Smak<\/td>\n<td class=\"spec -value text-right\">kaffe<\/td>\n<\/tr>\n<tr>\n<td class=\"spec-key\">Inneh\u00e5ll\/f\u00f6rpackning<\/td>\n<td class=\"spec -value text-right\">6,5 g<\/td>\n<\/tr>\n<tr>\n<td class=\"spec-key\">Snustyp<\/td>\n<td class=\"spec -value text-right\">White Dry Mini Portion<\/td>\n<\/tr>\n<tr>\n<td class=\"spec-key\">Format<\/td>\n<td class=\"spec -value text-right\">Mini<\/td>\n<\/tr>\n<tr>\n<td class=\"spec-key\">Producent<\/td>\n<td class=\"spec-value text-right\">R\u00e5\u00e5 S<\/td>\n<\/tr>\n<\/tbody>\n<\/table>","protected":false},"excerpt":{"rendered":"<p>On! Coffee 3 mg \u00e4r det vita minisnuset med smak av kaffe. Torra portioner med minimalt rinn och en nikotinhalt p\u00e5 tre milligram.<\/p>\n<p>on! Coffee 3 mg \u00e4r ett torrt, vitt minisnus med tydlig och l\u00e5ngvarig smak av kaffe &#8211; livets dryck. Varje portion inneh\u00e5ller tre milligram nikotin.<\/p>\n<p>Vikt\/prilla: 0,3 g<br \/>\nNikotinhalt: 11\u00a0mg\/g<\/p>","protected":false},"featured_media":18752,"comment_status":"open","ping_status":"closed","template":"","meta":[],"product_brand":[],"product_cat":[136],"product_tag":[],"class_list":{"0":"post-54030","1":"product","2":"type-product","3":"status-publish","4":"has-post-thumbnail","6":"product_cat-all-whites","8":"first","9":"instock","10":"taxable","11":"shipping-taxable","12":"purchasable","13":"product-type-variable"},"_links":{"self":[{"href":"https:\/\/snus-malmo.se\/sv\/wp-json\/wp\/v2\/product\/54030","targetHints":{"allow":["GET"]}}],"collection":[{"href":"https:\/\/snus-malmo.se\/sv\/wp-json\/wp\/v2\/product"}],"about":[{"href":"https:\/\/snus-malmo.se\/sv\/wp-json\/wp\/v2\/types\/product"}],"replies":[{"embeddable":true,"href":"https:\/\/snus-malmo.se\/sv\/wp-json\/wp\/v2\/comments?post=54030"}],"version-history":[{"count":0,"href":"https:\/\/snus-malmo.se\/sv\/wp-json\/wp\/v2\/product\/54030\/revisions"}],"wp:featuredmedia":[{"embeddable":true,"href":"https:\/\/snus-malmo.se\/sv\/wp-json\/wp\/v2\/media\/18752"}],"wp:attachment":[{"href":"https:\/\/snus-malmo.se\/sv\/wp-json\/wp\/v2\/media?parent=54030"}],"wp:term":[{"taxonomy":"product_brand","embeddable":true,"href":"https:\/\/snus-malmo.se\/sv\/wp-json\/wp\/v2\/product_brand?post=54030"},{"taxonomy":"product_cat","embeddable":true,"href":"https:\/\/snus-malmo.se\/sv\/wp-json\/wp\/v2\/product_cat?post=54030"},{"taxonomy":"product_tag","embeddable":true,"href":"https:\/\/snus-malmo.se\/sv\/wp-json\/wp\/v2\/product_tag?post=54030"}],"curies":[{"name":"wp","href":"https:\/\/api.w.org\/{rel}","templated":true}]}}