{"id":54032,"date":"2025-05-23T16:57:46","date_gmt":"2025-05-23T16:57:46","guid":{"rendered":"https:\/\/snus-malmo.se\/?post_type=product&#038;p=54032"},"modified":"2025-11-24T20:32:55","modified_gmt":"2025-11-24T20:32:55","slug":"velo-mango-flame","status":"publish","type":"product","link":"https:\/\/snus-malmo.se\/sv\/produkt\/velo-mango-flame\/","title":{"rendered":"VELO Mango Flame"},"content":{"rendered":"<h1>VELO Mango Flame<\/h1>\n<h2 data-start=\"248\" data-end=\"301\">VELO Mango Flame \u2013 Fruktig mango med kryddig hetta<\/h2>\n<p data-start=\"303\" data-end=\"591\"><strong data-start=\"303\" data-end=\"323\">VELO Mango Flame<\/strong> \u00e4r ett tobaksfritt vitt snus med en <strong data-start=\"360\" data-end=\"424\">intensiv smak av s\u00f6t mango kombinerat med en l\u00e4tt kryddighet<\/strong>. Den h\u00e4r varianten \u00e4r skapad f\u00f6r dig som vill ha en <strong data-start=\"477\" data-end=\"508\">varm och exotisk smakprofil<\/strong>, med b\u00e5de fruktiga och eldiga inslag \u2013 utan att det blir f\u00f6r starkt i nikotinhalt.<\/p>\n<p data-start=\"593\" data-end=\"798\">Med sitt <strong data-start=\"602\" data-end=\"617\">slim-format<\/strong> \u00e4r portionerna diskreta under l\u00e4ppen och ger en j\u00e4mn fris\u00e4ttning av b\u00e5de smak och nikotin. VELO Mango Flame \u00e4r en favorit f\u00f6r dig som s\u00f6ker en <strong data-start=\"761\" data-end=\"797\">unik twist p\u00e5 klassisk fruktarom<\/strong>.<\/p>\n<hr data-start=\"800\" data-end=\"803\" \/>\n<h3 data-start=\"805\" data-end=\"841\">\u2714\ufe0f F\u00f6rdelar med VELO Mango Flame<\/h3>\n<ul data-start=\"843\" data-end=\"1092\">\n<li data-start=\"843\" data-end=\"881\">\n<p data-start=\"845\" data-end=\"881\"><strong data-start=\"845\" data-end=\"879\">S\u00f6t mango med en hint av hetta<\/strong><\/p>\n<\/li>\n<li data-start=\"882\" data-end=\"933\">\n<p data-start=\"884\" data-end=\"933\"><strong data-start=\"884\" data-end=\"931\">Slim-format \u2013 diskret och bekv\u00e4m anv\u00e4ndning<\/strong><\/p>\n<\/li>\n<li data-start=\"934\" data-end=\"987\">\n<p data-start=\"936\" data-end=\"987\"><strong data-start=\"936\" data-end=\"985\">Tobaksfritt snus med balanserad nikotinstyrka<\/strong><\/p>\n<\/li>\n<li data-start=\"988\" data-end=\"1041\">\n<p data-start=\"990\" data-end=\"1041\"><strong data-start=\"990\" data-end=\"1039\">Perfekt f\u00f6r dig som gillar frukt med karakt\u00e4r<\/strong><\/p>\n<\/li>\n<li data-start=\"1042\" data-end=\"1092\">\n<p data-start=\"1044\" data-end=\"1092\"><strong data-start=\"1044\" data-end=\"1092\">Tillverkas av British American Tobacco (BAT)<\/strong><\/p>\n<\/li>\n<\/ul>\n<hr data-start=\"1094\" data-end=\"1097\" \/>\n<h3 data-start=\"1099\" data-end=\"1129\">\ud83e\udd6d Produktspecifikationer:<\/h3>\n<ul data-start=\"1131\" data-end=\"1434\">\n<li data-start=\"1131\" data-end=\"1164\">\n<p data-start=\"1133\" data-end=\"1164\"><strong data-start=\"1133\" data-end=\"1145\">Produkt:<\/strong> VELO Mango Flame<\/p>\n<\/li>\n<li data-start=\"1165\" data-end=\"1206\">\n<p data-start=\"1167\" data-end=\"1206\"><strong data-start=\"1167\" data-end=\"1176\">Smak:<\/strong> S\u00f6t mango med kryddig twist<\/p>\n<\/li>\n<li data-start=\"1207\" data-end=\"1243\">\n<p data-start=\"1209\" data-end=\"1243\"><strong data-start=\"1209\" data-end=\"1217\">Typ:<\/strong> Vitt snus (tobaksfritt)<\/p>\n<\/li>\n<li data-start=\"1244\" data-end=\"1264\">\n<p data-start=\"1246\" data-end=\"1264\"><strong data-start=\"1246\" data-end=\"1257\">Format:<\/strong> Slim<\/p>\n<\/li>\n<li data-start=\"1265\" data-end=\"1292\">\n<p data-start=\"1267\" data-end=\"1292\"><strong data-start=\"1267\" data-end=\"1278\">Styrka:<\/strong> Medel\/stark<\/p>\n<\/li>\n<li data-start=\"1293\" data-end=\"1347\">\n<p data-start=\"1295\" data-end=\"1347\"><strong data-start=\"1295\" data-end=\"1311\">Nikotinhalt:<\/strong> ca 10\u201314 mg\/portion (kan variera)<\/p>\n<\/li>\n<li data-start=\"1348\" data-end=\"1384\">\n<p data-start=\"1350\" data-end=\"1384\"><strong data-start=\"1350\" data-end=\"1379\">Antal portioner per dosa:<\/strong> 20<\/p>\n<\/li>\n<li data-start=\"1385\" data-end=\"1434\">\n<p data-start=\"1387\" data-end=\"1434\"><strong data-start=\"1387\" data-end=\"1403\">Tillverkare:<\/strong> British American Tobacco (BAT)<\/p>\n<\/li>\n<\/ul>\n<hr data-start=\"1436\" data-end=\"1439\" \/>\n<h2 data-start=\"1441\" data-end=\"1477\">\ud83c\udf08 VELO-sortimentet hos Veloop.se<\/h2>\n<p data-start=\"1479\" data-end=\"1589\">Uppt\u00e4ck hela sortimentet av VELO nikotinportioner \u2013 fr\u00e5n friska mintsmaker till b\u00e4riga och tropiska varianter:<\/p>\n<ul data-start=\"1591\" data-end=\"3520\">\n<li data-start=\"1591\" data-end=\"1654\">\n<p data-start=\"1593\" data-end=\"1654\"><strong data-start=\"1593\" data-end=\"1619\">VELO Arctic Grapefruit<\/strong> \u2013 Frisk grapefrukt med kylig ton<\/p>\n<\/li>\n<li data-start=\"1655\" data-end=\"1710\">\n<p data-start=\"1657\" data-end=\"1710\"><strong data-start=\"1657\" data-end=\"1680\">VELO Blue Raspberry<\/strong> \u2013 S\u00f6t och syrlig bl\u00e5 hallon<\/p>\n<\/li>\n<li data-start=\"1711\" data-end=\"1761\">\n<p data-start=\"1713\" data-end=\"1761\"><strong data-start=\"1713\" data-end=\"1734\">VELO Blushy Berry<\/strong> \u2013 Mjuk smak av ljusa b\u00e4r<\/p>\n<\/li>\n<li data-start=\"1762\" data-end=\"1815\">\n<p data-start=\"1764\" data-end=\"1815\"><strong data-start=\"1764\" data-end=\"1785\">VELO Breezy Mango<\/strong> \u2013 L\u00e4tt och tropisk mangoton<\/p>\n<\/li>\n<li data-start=\"1816\" data-end=\"1875\">\n<p data-start=\"1818\" data-end=\"1875\"><strong data-start=\"1818\" data-end=\"1848\">VELO Bright Spearmint Mini<\/strong> \u2013 Mild och s\u00f6t spearmint<\/p>\n<\/li>\n<li data-start=\"1876\" data-end=\"1944\">\n<p data-start=\"1878\" data-end=\"1944\"><strong data-start=\"1878\" data-end=\"1909\">VELO Crispy Peppermint Mini<\/strong> \u2013 Stark pepparmint i mini-format<\/p>\n<\/li>\n<li data-start=\"1945\" data-end=\"2021\">\n<p data-start=\"1947\" data-end=\"2021\"><strong data-start=\"1947\" data-end=\"1978\">VELO Crispy Peppermint Slim<\/strong> \u2013 Klassisk pepparmint med kylande effekt<\/p>\n<\/li>\n<li data-start=\"2022\" data-end=\"2095\">\n<p data-start=\"2024\" data-end=\"2095\"><strong data-start=\"2024\" data-end=\"2055\">VELO Crispy Peppermint Zero<\/strong> \u2013 Tobaksfri och nikotinfri pepparmint<\/p>\n<\/li>\n<li data-start=\"2096\" data-end=\"2179\">\n<p data-start=\"2098\" data-end=\"2179\"><strong data-start=\"2098\" data-end=\"2134\">VELO Freezing Peppermint 10,9 MG<\/strong> \u2013 Isig och frisk pepparmint, medium styrka<\/p>\n<\/li>\n<li data-start=\"2180\" data-end=\"2252\">\n<p data-start=\"2182\" data-end=\"2252\"><strong data-start=\"2182\" data-end=\"2216\">VELO Freezing Peppermint 14 MG<\/strong> \u2013 Iskall pepparmint, stark styrka<\/p>\n<\/li>\n<li data-start=\"2253\" data-end=\"2322\">\n<p data-start=\"2255\" data-end=\"2322\"><strong data-start=\"2255\" data-end=\"2289\">VELO Freezing Peppermint 17 MG<\/strong> \u2013 Maxad kyla och nikotinstyrka<\/p>\n<\/li>\n<li data-start=\"2323\" data-end=\"2388\">\n<p data-start=\"2325\" data-end=\"2388\"><strong data-start=\"2325\" data-end=\"2349\">VELO Green Spearmint<\/strong> \u2013 Fr\u00e4sch spearmint med mjuk karakt\u00e4r<\/p>\n<\/li>\n<li data-start=\"2389\" data-end=\"2457\">\n<p data-start=\"2391\" data-end=\"2457\"><strong data-start=\"2391\" data-end=\"2417\">VELO Groovy Grape Mini<\/strong> \u2013 L\u00e4tt och s\u00f6t druvsmak i mini-format<\/p>\n<\/li>\n<li data-start=\"2458\" data-end=\"2510\">\n<p data-start=\"2460\" data-end=\"2510\"><strong data-start=\"2460\" data-end=\"2480\">VELO Icy Berries<\/strong> \u2013 B\u00e4rmix med kylande k\u00e4nsla<\/p>\n<\/li>\n<li data-start=\"2511\" data-end=\"2567\">\n<p data-start=\"2513\" data-end=\"2567\"><strong data-start=\"2513\" data-end=\"2532\">VELO Icy Cherry<\/strong> \u2013 S\u00f6t k\u00f6rsb\u00e4rssmak med sval mint<\/p>\n<\/li>\n<li data-start=\"2568\" data-end=\"2621\">\n<p data-start=\"2570\" data-end=\"2621\"><strong data-start=\"2570\" data-end=\"2589\">VELO Lime Flame<\/strong> \u2013 Syrlig lime med citrussting<\/p>\n<\/li>\n<li data-start=\"2622\" data-end=\"2680\">\n<p data-start=\"2624\" data-end=\"2680\"><strong data-start=\"2624\" data-end=\"2644\">VELO Mango Flame<\/strong> \u2013 Fruktig mango med kryddig hetta<\/p>\n<\/li>\n<li data-start=\"2681\" data-end=\"2739\">\n<p data-start=\"2683\" data-end=\"2739\"><strong data-start=\"2683\" data-end=\"2712\">VELO McLaren Sweet Papaya<\/strong> \u2013 Exotisk och s\u00f6t papaya<\/p>\n<\/li>\n<li data-start=\"2740\" data-end=\"2796\">\n<p data-start=\"2742\" data-end=\"2796\"><strong data-start=\"2742\" data-end=\"2763\">VELO Orange Spark<\/strong> \u2013 Frisk apelsin med citruskick<\/p>\n<\/li>\n<li data-start=\"2797\" data-end=\"2869\">\n<p data-start=\"2799\" data-end=\"2869\"><strong data-start=\"2799\" data-end=\"2824\">VELO Peppermint Storm<\/strong> \u2013 Intensiv pepparmint med kraftfull effekt<\/p>\n<\/li>\n<li data-start=\"2870\" data-end=\"2929\">\n<p data-start=\"2872\" data-end=\"2929\"><strong data-start=\"2872\" data-end=\"2897\">VELO Punchy Lime Mini<\/strong> \u2013 Skarp lime i kompakt format<\/p>\n<\/li>\n<li data-start=\"2930\" data-end=\"2997\">\n<p data-start=\"2932\" data-end=\"2997\"><strong data-start=\"2932\" data-end=\"2958\">VELO Purple Grape Mini<\/strong> \u2013 S\u00f6t och saftig druva i mini-format<\/p>\n<\/li>\n<li data-start=\"2998\" data-end=\"3068\">\n<p data-start=\"3000\" data-end=\"3068\"><strong data-start=\"3000\" data-end=\"3028\">VELO Purple Grape Strong<\/strong> \u2013 Djup druvsmak med stark nikotinkick<\/p>\n<\/li>\n<li data-start=\"3069\" data-end=\"3132\">\n<p data-start=\"3071\" data-end=\"3132\"><strong data-start=\"3071\" data-end=\"3095\">VELO Salty Liquorice<\/strong> \u2013 Saltlakrits med kraftig karakt\u00e4r<\/p>\n<\/li>\n<li data-start=\"3133\" data-end=\"3196\">\n<p data-start=\"3135\" data-end=\"3196\"><strong data-start=\"3135\" data-end=\"3165\">VELO Simply Spearmint Mini<\/strong> \u2013 Enkel och fr\u00e4sch spearmint<\/p>\n<\/li>\n<li data-start=\"3197\" data-end=\"3262\">\n<p data-start=\"3199\" data-end=\"3262\"><strong data-start=\"3199\" data-end=\"3222\">VELO Sour Lime Mini<\/strong> \u2013 Syrlig lime med tydlig citrusprofil<\/p>\n<\/li>\n<li data-start=\"3263\" data-end=\"3330\">\n<p data-start=\"3265\" data-end=\"3330\"><strong data-start=\"3265\" data-end=\"3294\">VELO Tropical Mango 14 MG<\/strong> \u2013 S\u00f6t mango med tropisk fyllighet<\/p>\n<\/li>\n<li data-start=\"3331\" data-end=\"3384\">\n<p data-start=\"3333\" data-end=\"3384\"><strong data-start=\"3333\" data-end=\"3361\">VELO Tropical Mango Zero<\/strong> \u2013 Mango utan nikotin<\/p>\n<\/li>\n<li data-start=\"3385\" data-end=\"3450\">\n<p data-start=\"3387\" data-end=\"3450\"><strong data-start=\"3387\" data-end=\"3418\">VELO Wintry Watermelon Mini<\/strong> \u2013 Vattenmelon med mintig kyla<\/p>\n<\/li>\n<li data-start=\"3451\" data-end=\"3520\">\n<p data-start=\"3453\" data-end=\"3520\"><strong data-start=\"3453\" data-end=\"3479\">VELO Zesty Elderflower<\/strong> \u2013 Blommig fl\u00e4der med frisk citrusnyans<\/p>\n<\/li>\n<\/ul>\n<hr data-start=\"3522\" data-end=\"3525\" \/>\n<h2 data-start=\"3527\" data-end=\"3571\">\ud83d\ude80 Best\u00e4ll VELO Mango Flame hos Veloop.se<\/h2>\n<p data-start=\"3573\" data-end=\"3754\">Letar du efter ett tobaksfritt snus med <strong data-start=\"3613\" data-end=\"3648\">en dj\u00e4rv och fruktig smakprofil<\/strong>? D\u00e5 \u00e4r VELO Mango Flame r\u00e4tt val. Best\u00e4ll enkelt online hos <strong data-start=\"3709\" data-end=\"3722\">Veloop.se<\/strong> \u2013 vi har hela VELO-sortimentet!<\/p>\n<p data-start=\"3756\" data-end=\"3866\">\ud83d\uded2 <strong data-start=\"3759\" data-end=\"3866\"><a class=\"\" href=\"https:\/\/snus-malmo.se\/sv\/produkt-kategori\/velo\/\" target=\"_new\" rel=\"noopener\" data-start=\"3761\" data-end=\"3864\">Klicka hem din favorit fr\u00e5n VELO idag \u2013 bara hos Veloop.se!<\/a><\/strong><\/p>","protected":false},"excerpt":{"rendered":"<h1>VELO Mango Flame<\/h1>\n<h2>VELO Mango Flame \u2013 S\u00f6t mango med hetta | Veloop.se<\/h2>\n<p>VELO Mango Flame \u2013 tropisk mango med kryddig twist. Slim-format, tobaksfritt vitt snus. K\u00f6p online hos Veloop.se \u2013 snabb leverans!<\/p>\n<p>\ud83d\uded2 <strong data-start=\"3759\" data-end=\"3866\"><a class=\"\" href=\"https:\/\/snus-malmo.se\/sv\/produkt-kategori\/velo\/\" target=\"_new\" rel=\"noopener\" data-start=\"3761\" data-end=\"3864\">Klicka hem din favorit fr\u00e5n VELO idag \u2013 bara hos Veloop.se!<\/a><\/strong><\/p>","protected":false},"featured_media":60588,"comment_status":"open","ping_status":"closed","template":"","meta":[],"product_brand":[326],"product_cat":[136,137,255],"product_tag":[],"class_list":{"0":"post-54032","1":"product","2":"type-product","3":"status-publish","4":"has-post-thumbnail","6":"product_brand-velo","7":"product_cat-all-whites","8":"product_cat-slim","9":"product_cat-velo","11":"first","12":"instock","13":"taxable","14":"shipping-taxable","15":"purchasable","16":"product-type-variable"},"_links":{"self":[{"href":"https:\/\/snus-malmo.se\/sv\/wp-json\/wp\/v2\/product\/54032","targetHints":{"allow":["GET"]}}],"collection":[{"href":"https:\/\/snus-malmo.se\/sv\/wp-json\/wp\/v2\/product"}],"about":[{"href":"https:\/\/snus-malmo.se\/sv\/wp-json\/wp\/v2\/types\/product"}],"replies":[{"embeddable":true,"href":"https:\/\/snus-malmo.se\/sv\/wp-json\/wp\/v2\/comments?post=54032"}],"version-history":[{"count":0,"href":"https:\/\/snus-malmo.se\/sv\/wp-json\/wp\/v2\/product\/54032\/revisions"}],"wp:featuredmedia":[{"embeddable":true,"href":"https:\/\/snus-malmo.se\/sv\/wp-json\/wp\/v2\/media\/60588"}],"wp:attachment":[{"href":"https:\/\/snus-malmo.se\/sv\/wp-json\/wp\/v2\/media?parent=54032"}],"wp:term":[{"taxonomy":"product_brand","embeddable":true,"href":"https:\/\/snus-malmo.se\/sv\/wp-json\/wp\/v2\/product_brand?post=54032"},{"taxonomy":"product_cat","embeddable":true,"href":"https:\/\/snus-malmo.se\/sv\/wp-json\/wp\/v2\/product_cat?post=54032"},{"taxonomy":"product_tag","embeddable":true,"href":"https:\/\/snus-malmo.se\/sv\/wp-json\/wp\/v2\/product_tag?post=54032"}],"curies":[{"name":"wp","href":"https:\/\/api.w.org\/{rel}","templated":true}]}}