{"id":54036,"date":"2025-05-23T16:57:46","date_gmt":"2025-05-23T16:57:46","guid":{"rendered":"https:\/\/snus-malmo.se\/?post_type=product&#038;p=54036"},"modified":"2025-11-24T20:33:01","modified_gmt":"2025-11-24T20:33:01","slug":"velo-blue-raspberry","status":"publish","type":"product","link":"https:\/\/snus-malmo.se\/sv\/produkt\/velo-blue-raspberry\/","title":{"rendered":"VELO Blue Raspberry"},"content":{"rendered":"<h1><strong data-start=\"1712\" data-end=\"1735\">VELO Blue Raspberry<\/strong><\/h1>\n<h2 data-start=\"250\" data-end=\"307\">VELO Blue Raspberry \u2013 S\u00f6t &amp; syrlig smak av bl\u00e5a hallon<\/h2>\n<p data-start=\"309\" data-end=\"590\"><strong data-start=\"309\" data-end=\"332\">VELO Blue Raspberry<\/strong> \u00e4r ett tobaksfritt vitt snus som kombinerar <strong data-start=\"377\" data-end=\"412\">s\u00f6tma och syra i perfekt balans<\/strong>. Smaken av bl\u00e5a hallon \u00e4r b\u00e5de fruktig och fr\u00e4sch, vilket ger en unik och modern smakupplevelse. F\u00f6r dig som gillar <strong data-start=\"529\" data-end=\"563\">b\u00e4riga och l\u00e4tt syrliga smaker<\/strong>, \u00e4r detta ett utm\u00e4rkt val.<\/p>\n<p data-start=\"592\" data-end=\"854\">Produkten kommer i <strong data-start=\"611\" data-end=\"626\">slim-format<\/strong>, vilket g\u00f6r portionerna diskreta och bekv\u00e4ma att anv\u00e4nda \u2013 utan att kompromissa med effekt. Nikotinhalten \u00e4r medelstark, vilket g\u00f6r den passande f\u00f6r b\u00e5de vana anv\u00e4ndare och dig som vill ha n\u00e5got smakrikt men inte f\u00f6r intensivt.<\/p>\n<hr data-start=\"856\" data-end=\"859\" \/>\n<h3 data-start=\"861\" data-end=\"900\">\u2714\ufe0f F\u00f6rdelar med VELO Blue Raspberry<\/h3>\n<ul data-start=\"902\" data-end=\"1116\">\n<li data-start=\"902\" data-end=\"941\">\n<p data-start=\"904\" data-end=\"941\"><strong data-start=\"904\" data-end=\"939\">Bl\u00e5 hallonsmak \u2013 s\u00f6t och fr\u00e4sch<\/strong><\/p>\n<\/li>\n<li data-start=\"942\" data-end=\"981\">\n<p data-start=\"944\" data-end=\"981\"><strong data-start=\"944\" data-end=\"979\">Slim-format \u2013 diskret &amp; bekv\u00e4mt<\/strong><\/p>\n<\/li>\n<li data-start=\"982\" data-end=\"1023\">\n<p data-start=\"984\" data-end=\"1023\"><strong data-start=\"984\" data-end=\"1021\">Tobaksfritt vitt snus med nikotin<\/strong><\/p>\n<\/li>\n<li data-start=\"1024\" data-end=\"1065\">\n<p data-start=\"1026\" data-end=\"1065\"><strong data-start=\"1026\" data-end=\"1063\">Snygg design och fruktig karakt\u00e4r<\/strong><\/p>\n<\/li>\n<li data-start=\"1066\" data-end=\"1116\">\n<p data-start=\"1068\" data-end=\"1116\"><strong data-start=\"1068\" data-end=\"1116\">Tillverkad av British American Tobacco (BAT)<\/strong><\/p>\n<\/li>\n<\/ul>\n<hr data-start=\"1118\" data-end=\"1121\" \/>\n<h3 data-start=\"1123\" data-end=\"1153\">\ud83e\uded0 Produktspecifikationer:<\/h3>\n<ul data-start=\"1155\" data-end=\"1466\">\n<li data-start=\"1155\" data-end=\"1191\">\n<p data-start=\"1157\" data-end=\"1191\"><strong data-start=\"1157\" data-end=\"1169\">Produkt:<\/strong> VELO Blue Raspberry<\/p>\n<\/li>\n<li data-start=\"1192\" data-end=\"1241\">\n<p data-start=\"1194\" data-end=\"1241\"><strong data-start=\"1194\" data-end=\"1203\">Smak:<\/strong> Bl\u00e5 hallon (s\u00f6t &amp; syrlig b\u00e4rprofil)<\/p>\n<\/li>\n<li data-start=\"1242\" data-end=\"1278\">\n<p data-start=\"1244\" data-end=\"1278\"><strong data-start=\"1244\" data-end=\"1252\">Typ:<\/strong> Vitt snus (tobaksfritt)<\/p>\n<\/li>\n<li data-start=\"1279\" data-end=\"1299\">\n<p data-start=\"1281\" data-end=\"1299\"><strong data-start=\"1281\" data-end=\"1292\">Format:<\/strong> Slim<\/p>\n<\/li>\n<li data-start=\"1300\" data-end=\"1327\">\n<p data-start=\"1302\" data-end=\"1327\"><strong data-start=\"1302\" data-end=\"1313\">Styrka:<\/strong> Mellanstark<\/p>\n<\/li>\n<li data-start=\"1328\" data-end=\"1379\">\n<p data-start=\"1330\" data-end=\"1379\"><strong data-start=\"1330\" data-end=\"1346\">Nikotinhalt:<\/strong> ca 10 mg\/portion (kan variera)<\/p>\n<\/li>\n<li data-start=\"1380\" data-end=\"1416\">\n<p data-start=\"1382\" data-end=\"1416\"><strong data-start=\"1382\" data-end=\"1411\">Antal portioner per dosa:<\/strong> 20<\/p>\n<\/li>\n<li data-start=\"1417\" data-end=\"1466\">\n<p data-start=\"1419\" data-end=\"1466\"><strong data-start=\"1419\" data-end=\"1435\">Tillverkare:<\/strong> British American Tobacco (BAT)<\/p>\n<\/li>\n<\/ul>\n<hr data-start=\"1468\" data-end=\"1471\" \/>\n<h2 data-start=\"1473\" data-end=\"1508\">\ud83c\udf08 VELO-sortimentet p\u00e5 Veloop.se<\/h2>\n<p data-start=\"1510\" data-end=\"1649\">Uppt\u00e4ck hela VELO:s breda sortiment hos <strong data-start=\"1550\" data-end=\"1563\">Veloop.se<\/strong> \u2013 h\u00e4r finns n\u00e5got f\u00f6r alla smaker, fr\u00e5n fruktigt till mintigt, fr\u00e5n milt till starkt:<\/p>\n<ul data-start=\"1651\" data-end=\"3580\">\n<li data-start=\"1651\" data-end=\"1714\">\n<p data-start=\"1653\" data-end=\"1714\"><strong data-start=\"1653\" data-end=\"1679\">VELO Arctic Grapefruit<\/strong> \u2013 Frisk grapefrukt med kylig ton<\/p>\n<\/li>\n<li data-start=\"1715\" data-end=\"1770\">\n<p data-start=\"1717\" data-end=\"1770\"><strong data-start=\"1717\" data-end=\"1740\">VELO Blue Raspberry<\/strong> \u2013 S\u00f6t och syrlig bl\u00e5 hallon<\/p>\n<\/li>\n<li data-start=\"1771\" data-end=\"1821\">\n<p data-start=\"1773\" data-end=\"1821\"><strong data-start=\"1773\" data-end=\"1794\">VELO Blushy Berry<\/strong> \u2013 Mjuk smak av ljusa b\u00e4r<\/p>\n<\/li>\n<li data-start=\"1822\" data-end=\"1875\">\n<p data-start=\"1824\" data-end=\"1875\"><strong data-start=\"1824\" data-end=\"1845\">VELO Breezy Mango<\/strong> \u2013 L\u00e4tt och tropisk mangoton<\/p>\n<\/li>\n<li data-start=\"1876\" data-end=\"1935\">\n<p data-start=\"1878\" data-end=\"1935\"><strong data-start=\"1878\" data-end=\"1908\">VELO Bright Spearmint Mini<\/strong> \u2013 Mild och s\u00f6t spearmint<\/p>\n<\/li>\n<li data-start=\"1936\" data-end=\"2004\">\n<p data-start=\"1938\" data-end=\"2004\"><strong data-start=\"1938\" data-end=\"1969\">VELO Crispy Peppermint Mini<\/strong> \u2013 Stark pepparmint i mini-format<\/p>\n<\/li>\n<li data-start=\"2005\" data-end=\"2081\">\n<p data-start=\"2007\" data-end=\"2081\"><strong data-start=\"2007\" data-end=\"2038\">VELO Crispy Peppermint Slim<\/strong> \u2013 Klassisk pepparmint med kylande effekt<\/p>\n<\/li>\n<li data-start=\"2082\" data-end=\"2155\">\n<p data-start=\"2084\" data-end=\"2155\"><strong data-start=\"2084\" data-end=\"2115\">VELO Crispy Peppermint Zero<\/strong> \u2013 Tobaksfri och nikotinfri pepparmint<\/p>\n<\/li>\n<li data-start=\"2156\" data-end=\"2239\">\n<p data-start=\"2158\" data-end=\"2239\"><strong data-start=\"2158\" data-end=\"2194\">VELO Freezing Peppermint 10,9 MG<\/strong> \u2013 Isig och frisk pepparmint, medium styrka<\/p>\n<\/li>\n<li data-start=\"2240\" data-end=\"2312\">\n<p data-start=\"2242\" data-end=\"2312\"><strong data-start=\"2242\" data-end=\"2276\">VELO Freezing Peppermint 14 MG<\/strong> \u2013 Iskall pepparmint, stark styrka<\/p>\n<\/li>\n<li data-start=\"2313\" data-end=\"2382\">\n<p data-start=\"2315\" data-end=\"2382\"><strong data-start=\"2315\" data-end=\"2349\">VELO Freezing Peppermint 17 MG<\/strong> \u2013 Maxad kyla och nikotinstyrka<\/p>\n<\/li>\n<li data-start=\"2383\" data-end=\"2448\">\n<p data-start=\"2385\" data-end=\"2448\"><strong data-start=\"2385\" data-end=\"2409\">VELO Green Spearmint<\/strong> \u2013 Fr\u00e4sch spearmint med mjuk karakt\u00e4r<\/p>\n<\/li>\n<li data-start=\"2449\" data-end=\"2517\">\n<p data-start=\"2451\" data-end=\"2517\"><strong data-start=\"2451\" data-end=\"2477\">VELO Groovy Grape Mini<\/strong> \u2013 L\u00e4tt och s\u00f6t druvsmak i mini-format<\/p>\n<\/li>\n<li data-start=\"2518\" data-end=\"2570\">\n<p data-start=\"2520\" data-end=\"2570\"><strong data-start=\"2520\" data-end=\"2540\">VELO Icy Berries<\/strong> \u2013 B\u00e4rmix med kylande k\u00e4nsla<\/p>\n<\/li>\n<li data-start=\"2571\" data-end=\"2627\">\n<p data-start=\"2573\" data-end=\"2627\"><strong data-start=\"2573\" data-end=\"2592\">VELO Icy Cherry<\/strong> \u2013 S\u00f6t k\u00f6rsb\u00e4rssmak med sval mint<\/p>\n<\/li>\n<li data-start=\"2628\" data-end=\"2681\">\n<p data-start=\"2630\" data-end=\"2681\"><strong data-start=\"2630\" data-end=\"2649\">VELO Lime Flame<\/strong> \u2013 Syrlig lime med citrussting<\/p>\n<\/li>\n<li data-start=\"2682\" data-end=\"2740\">\n<p data-start=\"2684\" data-end=\"2740\"><strong data-start=\"2684\" data-end=\"2704\">VELO Mango Flame<\/strong> \u2013 Fruktig mango med kryddig hetta<\/p>\n<\/li>\n<li data-start=\"2741\" data-end=\"2799\">\n<p data-start=\"2743\" data-end=\"2799\"><strong data-start=\"2743\" data-end=\"2772\">VELO McLaren Sweet Papaya<\/strong> \u2013 Exotisk och s\u00f6t papaya<\/p>\n<\/li>\n<li data-start=\"2800\" data-end=\"2856\">\n<p data-start=\"2802\" data-end=\"2856\"><strong data-start=\"2802\" data-end=\"2823\">VELO Orange Spark<\/strong> \u2013 Frisk apelsin med citruskick<\/p>\n<\/li>\n<li data-start=\"2857\" data-end=\"2929\">\n<p data-start=\"2859\" data-end=\"2929\"><strong data-start=\"2859\" data-end=\"2884\">VELO Peppermint Storm<\/strong> \u2013 Intensiv pepparmint med kraftfull effekt<\/p>\n<\/li>\n<li data-start=\"2930\" data-end=\"2989\">\n<p data-start=\"2932\" data-end=\"2989\"><strong data-start=\"2932\" data-end=\"2957\">VELO Punchy Lime Mini<\/strong> \u2013 Skarp lime i kompakt format<\/p>\n<\/li>\n<li data-start=\"2990\" data-end=\"3057\">\n<p data-start=\"2992\" data-end=\"3057\"><strong data-start=\"2992\" data-end=\"3018\">VELO Purple Grape Mini<\/strong> \u2013 S\u00f6t och saftig druva i mini-format<\/p>\n<\/li>\n<li data-start=\"3058\" data-end=\"3128\">\n<p data-start=\"3060\" data-end=\"3128\"><strong data-start=\"3060\" data-end=\"3088\">VELO Purple Grape Strong<\/strong> \u2013 Djup druvsmak med stark nikotinkick<\/p>\n<\/li>\n<li data-start=\"3129\" data-end=\"3192\">\n<p data-start=\"3131\" data-end=\"3192\"><strong data-start=\"3131\" data-end=\"3155\">VELO Salty Liquorice<\/strong> \u2013 Saltlakrits med kraftig karakt\u00e4r<\/p>\n<\/li>\n<li data-start=\"3193\" data-end=\"3256\">\n<p data-start=\"3195\" data-end=\"3256\"><strong data-start=\"3195\" data-end=\"3225\">VELO Simply Spearmint Mini<\/strong> \u2013 Enkel och fr\u00e4sch spearmint<\/p>\n<\/li>\n<li data-start=\"3257\" data-end=\"3322\">\n<p data-start=\"3259\" data-end=\"3322\"><strong data-start=\"3259\" data-end=\"3282\">VELO Sour Lime Mini<\/strong> \u2013 Syrlig lime med tydlig citrusprofil<\/p>\n<\/li>\n<li data-start=\"3323\" data-end=\"3390\">\n<p data-start=\"3325\" data-end=\"3390\"><strong data-start=\"3325\" data-end=\"3354\">VELO Tropical Mango 14 MG<\/strong> \u2013 S\u00f6t mango med tropisk fyllighet<\/p>\n<\/li>\n<li data-start=\"3391\" data-end=\"3444\">\n<p data-start=\"3393\" data-end=\"3444\"><strong data-start=\"3393\" data-end=\"3421\">VELO Tropical Mango Zero<\/strong> \u2013 Mango utan nikotin<\/p>\n<\/li>\n<li data-start=\"3445\" data-end=\"3510\">\n<p data-start=\"3447\" data-end=\"3510\"><strong data-start=\"3447\" data-end=\"3478\">VELO Wintry Watermelon Mini<\/strong> \u2013 Vattenmelon med mintig kyla<\/p>\n<\/li>\n<li data-start=\"3511\" data-end=\"3580\">\n<p data-start=\"3513\" data-end=\"3580\"><strong data-start=\"3513\" data-end=\"3539\">VELO Zesty Elderflower<\/strong> \u2013 Blommig fl\u00e4der med frisk citrusnyans<\/p>\n<\/li>\n<\/ul>\n<hr data-start=\"3582\" data-end=\"3585\" \/>\n<h2 data-start=\"3587\" data-end=\"3634\">\ud83d\ude80 Best\u00e4ll VELO Blue Raspberry hos Veloop.se<\/h2>\n<p data-start=\"3636\" data-end=\"3846\">Letar du efter ett tobaksfritt snus med <strong data-start=\"3676\" data-end=\"3709\">fruktig och syrlig smakprofil<\/strong>? D\u00e5 \u00e4r VELO Blue Raspberry r\u00e4tt val f\u00f6r dig! Hos <strong data-start=\"3759\" data-end=\"3772\">Veloop.se<\/strong> hittar du hela VELO:s sortiment med snabb leverans och enkel best\u00e4llning.<\/p>\n<p data-start=\"3848\" data-end=\"3958\">\ud83d\uded2 <strong data-start=\"3851\" data-end=\"3958\"><a class=\"\" href=\"https:\/\/snus-malmo.se\/sv\/produkt-kategori\/velo\/\" target=\"_new\" rel=\"noopener\" data-start=\"3853\" data-end=\"3956\">Klicka hem din favorit fr\u00e5n VELO idag \u2013 bara hos Veloop.se!<\/a><\/strong><\/p>","protected":false},"excerpt":{"rendered":"<h1><strong data-start=\"1712\" data-end=\"1735\">VELO Blue Raspberry<\/strong><\/h1>\n<h2>VELO Blue Raspberry \u2013 Bl\u00e5 hallon i slim-format | Veloop.se<\/h2>\n<p>VELO Blue Raspberry \u2013 fruktigt vitt snus med smak av bl\u00e5 hallon. Slim-format &amp; tobaksfritt. Best\u00e4ll online hos Veloop.se \u2013 snabb leverans!<\/p>\n<p>\ud83d\uded2 <strong data-start=\"3851\" data-end=\"3958\"><a class=\"\" href=\"https:\/\/snus-malmo.se\/sv\/produkt-kategori\/velo\/\" target=\"_new\" rel=\"noopener\" data-start=\"3853\" data-end=\"3956\">Klicka hem din favorit fr\u00e5n VELO idag \u2013 bara hos Veloop.se!<\/a><\/strong><\/p>","protected":false},"featured_media":60586,"comment_status":"open","ping_status":"closed","template":"","meta":[],"product_brand":[326],"product_cat":[136,137,255],"product_tag":[],"class_list":{"0":"post-54036","1":"product","2":"type-product","3":"status-publish","4":"has-post-thumbnail","6":"product_brand-velo","7":"product_cat-all-whites","8":"product_cat-slim","9":"product_cat-velo","11":"first","12":"instock","13":"taxable","14":"shipping-taxable","15":"purchasable","16":"product-type-variable"},"_links":{"self":[{"href":"https:\/\/snus-malmo.se\/sv\/wp-json\/wp\/v2\/product\/54036","targetHints":{"allow":["GET"]}}],"collection":[{"href":"https:\/\/snus-malmo.se\/sv\/wp-json\/wp\/v2\/product"}],"about":[{"href":"https:\/\/snus-malmo.se\/sv\/wp-json\/wp\/v2\/types\/product"}],"replies":[{"embeddable":true,"href":"https:\/\/snus-malmo.se\/sv\/wp-json\/wp\/v2\/comments?post=54036"}],"version-history":[{"count":0,"href":"https:\/\/snus-malmo.se\/sv\/wp-json\/wp\/v2\/product\/54036\/revisions"}],"wp:featuredmedia":[{"embeddable":true,"href":"https:\/\/snus-malmo.se\/sv\/wp-json\/wp\/v2\/media\/60586"}],"wp:attachment":[{"href":"https:\/\/snus-malmo.se\/sv\/wp-json\/wp\/v2\/media?parent=54036"}],"wp:term":[{"taxonomy":"product_brand","embeddable":true,"href":"https:\/\/snus-malmo.se\/sv\/wp-json\/wp\/v2\/product_brand?post=54036"},{"taxonomy":"product_cat","embeddable":true,"href":"https:\/\/snus-malmo.se\/sv\/wp-json\/wp\/v2\/product_cat?post=54036"},{"taxonomy":"product_tag","embeddable":true,"href":"https:\/\/snus-malmo.se\/sv\/wp-json\/wp\/v2\/product_tag?post=54036"}],"curies":[{"name":"wp","href":"https:\/\/api.w.org\/{rel}","templated":true}]}}