{"id":54037,"date":"2025-05-23T16:57:46","date_gmt":"2025-05-23T16:57:46","guid":{"rendered":"https:\/\/snus-malmo.se\/?post_type=product&#038;p=54037"},"modified":"2025-11-24T20:33:06","modified_gmt":"2025-11-24T20:33:06","slug":"velo-orange-spark","status":"publish","type":"product","link":"https:\/\/snus-malmo.se\/sv\/produkt\/velo-orange-spark\/","title":{"rendered":"VELO Orange Spark"},"content":{"rendered":"<h1>VELO Orange Spark<\/h1>\n<h2 data-start=\"200\" data-end=\"261\">VELO Orange Spark \u2013 Frisk apelsin med sprakande citruskick<\/h2>\n<p data-start=\"263\" data-end=\"501\"><strong data-start=\"263\" data-end=\"284\">VELO Orange Spark<\/strong> \u00e4r ett tobaksfritt vitt snus som erbjuder en <strong data-start=\"330\" data-end=\"401\">fr\u00e4sch och livlig smak av apelsin med en sprakande citrusupplevelse<\/strong>. Perfekt f\u00f6r dig som vill ha en smakrik och uppfriskande snus utan tobak i ett smidigt slim-format.<\/p>\n<p data-start=\"503\" data-end=\"606\">Med sin balanserade s\u00f6tma och syrlighet ger VELO Orange Spark en uppiggande smak som h\u00e5ller hela dagen.<\/p>\n<hr data-start=\"608\" data-end=\"611\" \/>\n<h3 data-start=\"613\" data-end=\"650\">\u2714\ufe0f F\u00f6rdelar med VELO Orange Spark<\/h3>\n<ul data-start=\"652\" data-end=\"887\">\n<li data-start=\"652\" data-end=\"704\">\n<p data-start=\"654\" data-end=\"704\"><strong data-start=\"654\" data-end=\"702\">Fr\u00e4sch och saftig apelsinsmak med citruskick<\/strong><\/p>\n<\/li>\n<li data-start=\"705\" data-end=\"746\">\n<p data-start=\"707\" data-end=\"746\"><strong data-start=\"707\" data-end=\"744\">Slim-format \u2013 bekv\u00e4mt och diskret<\/strong><\/p>\n<\/li>\n<li data-start=\"747\" data-end=\"788\">\n<p data-start=\"749\" data-end=\"788\"><strong data-start=\"749\" data-end=\"786\">Tobaksfritt vitt snus med nikotin<\/strong><\/p>\n<\/li>\n<li data-start=\"789\" data-end=\"841\">\n<p data-start=\"791\" data-end=\"841\"><strong data-start=\"791\" data-end=\"839\">Producerat av British American Tobacco (BAT)<\/strong><\/p>\n<\/li>\n<li data-start=\"842\" data-end=\"887\">\n<p data-start=\"844\" data-end=\"887\"><strong data-start=\"844\" data-end=\"887\">Uppfriskande och smakrik snusupplevelse<\/strong><\/p>\n<\/li>\n<\/ul>\n<hr data-start=\"889\" data-end=\"892\" \/>\n<h3 data-start=\"894\" data-end=\"924\">\ud83c\udf4a Produktspecifikationer:<\/h3>\n<ul data-start=\"926\" data-end=\"1167\">\n<li data-start=\"926\" data-end=\"960\">\n<p data-start=\"928\" data-end=\"960\"><strong data-start=\"928\" data-end=\"940\">Produkt:<\/strong> VELO Orange Spark<\/p>\n<\/li>\n<li data-start=\"961\" data-end=\"999\">\n<p data-start=\"963\" data-end=\"999\"><strong data-start=\"963\" data-end=\"972\">Smak:<\/strong> Apelsin med frisk citrus<\/p>\n<\/li>\n<li data-start=\"1000\" data-end=\"1036\">\n<p data-start=\"1002\" data-end=\"1036\"><strong data-start=\"1002\" data-end=\"1010\">Typ:<\/strong> Vitt snus (tobaksfritt)<\/p>\n<\/li>\n<li data-start=\"1037\" data-end=\"1057\">\n<p data-start=\"1039\" data-end=\"1057\"><strong data-start=\"1039\" data-end=\"1050\">Format:<\/strong> Slim<\/p>\n<\/li>\n<li data-start=\"1058\" data-end=\"1080\">\n<p data-start=\"1060\" data-end=\"1080\"><strong data-start=\"1060\" data-end=\"1071\">Styrka:<\/strong> Normal<\/p>\n<\/li>\n<li data-start=\"1081\" data-end=\"1117\">\n<p data-start=\"1083\" data-end=\"1117\"><strong data-start=\"1083\" data-end=\"1112\">Antal portioner per dosa:<\/strong> 20<\/p>\n<\/li>\n<li data-start=\"1118\" data-end=\"1167\">\n<p data-start=\"1120\" data-end=\"1167\"><strong data-start=\"1120\" data-end=\"1136\">Tillverkare:<\/strong> British American Tobacco (BAT)<\/p>\n<\/li>\n<\/ul>\n<hr data-start=\"1169\" data-end=\"1172\" \/>\n<h2 data-start=\"1174\" data-end=\"1223\">\ud83c\udf08 Uppt\u00e4ck hela VELO-sortimentet hos Veloop.se<\/h2>\n<p data-start=\"1225\" data-end=\"1296\">VELO erbjuder ett brett sortiment av smaker som passar alla tillf\u00e4llen:<\/p>\n<ul data-start=\"1298\" data-end=\"3107\">\n<li data-start=\"1298\" data-end=\"1357\">\n<p data-start=\"1300\" data-end=\"1357\">VELO Arctic Grapefruit \u2013 Frisk grapefrukt med kylig ton<\/p>\n<\/li>\n<li data-start=\"1358\" data-end=\"1409\">\n<p data-start=\"1360\" data-end=\"1409\">VELO Blue Raspberry \u2013 S\u00f6t och syrlig bl\u00e5 hallon<\/p>\n<\/li>\n<li data-start=\"1410\" data-end=\"1456\">\n<p data-start=\"1412\" data-end=\"1456\">VELO Blushy Berry \u2013 Mjuk smak av ljusa b\u00e4r<\/p>\n<\/li>\n<li data-start=\"1457\" data-end=\"1506\">\n<p data-start=\"1459\" data-end=\"1506\">VELO Breezy Mango \u2013 L\u00e4tt och tropisk mangoton<\/p>\n<\/li>\n<li data-start=\"1507\" data-end=\"1562\">\n<p data-start=\"1509\" data-end=\"1562\">VELO Bright Spearmint Mini \u2013 Mild och s\u00f6t spearmint<\/p>\n<\/li>\n<li data-start=\"1563\" data-end=\"1627\">\n<p data-start=\"1565\" data-end=\"1627\">VELO Crispy Peppermint Mini \u2013 Stark pepparmint i mini-format<\/p>\n<\/li>\n<li data-start=\"1628\" data-end=\"1700\">\n<p data-start=\"1630\" data-end=\"1700\">VELO Crispy Peppermint Slim \u2013 Klassisk pepparmint med kylande effekt<\/p>\n<\/li>\n<li data-start=\"1701\" data-end=\"1770\">\n<p data-start=\"1703\" data-end=\"1770\">VELO Crispy Peppermint Zero \u2013 Tobaksfri och nikotinfri pepparmint<\/p>\n<\/li>\n<li data-start=\"1771\" data-end=\"1850\">\n<p data-start=\"1773\" data-end=\"1850\">VELO Freezing Peppermint 10,9 MG \u2013 Isig och frisk pepparmint, medium styrka<\/p>\n<\/li>\n<li data-start=\"1851\" data-end=\"1919\">\n<p data-start=\"1853\" data-end=\"1919\">VELO Freezing Peppermint 14 MG \u2013 Iskall pepparmint, stark styrka<\/p>\n<\/li>\n<li data-start=\"1920\" data-end=\"1985\">\n<p data-start=\"1922\" data-end=\"1985\">VELO Freezing Peppermint 17 MG \u2013 Maxad kyla och nikotinstyrka<\/p>\n<\/li>\n<li data-start=\"1986\" data-end=\"2047\">\n<p data-start=\"1988\" data-end=\"2047\">VELO Green Spearmint \u2013 Fr\u00e4sch spearmint med mjuk karakt\u00e4r<\/p>\n<\/li>\n<li data-start=\"2048\" data-end=\"2112\">\n<p data-start=\"2050\" data-end=\"2112\">VELO Groovy Grape Mini \u2013 L\u00e4tt och s\u00f6t druvsmak i mini-format<\/p>\n<\/li>\n<li data-start=\"2113\" data-end=\"2161\">\n<p data-start=\"2115\" data-end=\"2161\">VELO Icy Berries \u2013 B\u00e4rmix med kylande k\u00e4nsla<\/p>\n<\/li>\n<li data-start=\"2162\" data-end=\"2214\">\n<p data-start=\"2164\" data-end=\"2214\">VELO Icy Cherry \u2013 S\u00f6t k\u00f6rsb\u00e4rssmak med sval mint<\/p>\n<\/li>\n<li data-start=\"2215\" data-end=\"2264\">\n<p data-start=\"2217\" data-end=\"2264\">VELO Lime Flame \u2013 Syrlig lime med citrussting<\/p>\n<\/li>\n<li data-start=\"2265\" data-end=\"2319\">\n<p data-start=\"2267\" data-end=\"2319\">VELO Mango Flame \u2013 Fruktig mango med kryddig hetta<\/p>\n<\/li>\n<li data-start=\"2320\" data-end=\"2374\">\n<p data-start=\"2322\" data-end=\"2374\">VELO McLaren Sweet Papaya \u2013 S\u00f6t och exotisk papaya<\/p>\n<\/li>\n<li data-start=\"2375\" data-end=\"2427\">\n<p data-start=\"2377\" data-end=\"2427\">VELO Orange Spark \u2013 Frisk apelsin med citruskick<\/p>\n<\/li>\n<li data-start=\"2428\" data-end=\"2496\">\n<p data-start=\"2430\" data-end=\"2496\">VELO Peppermint Storm \u2013 Intensiv pepparmint med kraftfull effekt<\/p>\n<\/li>\n<li data-start=\"2497\" data-end=\"2552\">\n<p data-start=\"2499\" data-end=\"2552\">VELO Punchy Lime Mini \u2013 Skarp lime i kompakt format<\/p>\n<\/li>\n<li data-start=\"2553\" data-end=\"2616\">\n<p data-start=\"2555\" data-end=\"2616\">VELO Purple Grape Mini \u2013 S\u00f6t och saftig druva i mini-format<\/p>\n<\/li>\n<li data-start=\"2617\" data-end=\"2683\">\n<p data-start=\"2619\" data-end=\"2683\">VELO Purple Grape Strong \u2013 Djup druvsmak med stark nikotinkick<\/p>\n<\/li>\n<li data-start=\"2684\" data-end=\"2743\">\n<p data-start=\"2686\" data-end=\"2743\">VELO Salty Liquorice \u2013 Saltlakrits med kraftig karakt\u00e4r<\/p>\n<\/li>\n<li data-start=\"2744\" data-end=\"2803\">\n<p data-start=\"2746\" data-end=\"2803\">VELO Simply Spearmint Mini \u2013 Enkel och fr\u00e4sch spearmint<\/p>\n<\/li>\n<li data-start=\"2804\" data-end=\"2865\">\n<p data-start=\"2806\" data-end=\"2865\">VELO Sour Lime Mini \u2013 Syrlig lime med tydlig citrusprofil<\/p>\n<\/li>\n<li data-start=\"2866\" data-end=\"2929\">\n<p data-start=\"2868\" data-end=\"2929\">VELO Tropical Mango 14 MG \u2013 S\u00f6t mango med tropisk fyllighet<\/p>\n<\/li>\n<li data-start=\"2930\" data-end=\"2979\">\n<p data-start=\"2932\" data-end=\"2979\">VELO Tropical Mango Zero \u2013 Mango utan nikotin<\/p>\n<\/li>\n<li data-start=\"2980\" data-end=\"3041\">\n<p data-start=\"2982\" data-end=\"3041\">VELO Wintry Watermelon Mini \u2013 Vattenmelon med mintig kyla<\/p>\n<\/li>\n<li data-start=\"3042\" data-end=\"3107\">\n<p data-start=\"3044\" data-end=\"3107\">VELO Zesty Elderflower \u2013 Blommig fl\u00e4der med frisk citrusnyans<\/p>\n<\/li>\n<\/ul>\n<hr data-start=\"3109\" data-end=\"3112\" \/>\n<h2 data-start=\"3114\" data-end=\"3162\">\ud83d\ude80 K\u00f6p VELO Orange Spark online hos Veloop.se<\/h2>\n<p data-start=\"3164\" data-end=\"3341\">Vill du ha en frisk och smakrik apelsinupplevelse i ett smidigt och tobaksfritt snus? VELO Orange Spark ger dig en sprakande citruskick med perfekt balans mellan s\u00f6tma och syra.<\/p>\n<p data-start=\"3343\" data-end=\"3453\">\ud83d\uded2 <strong data-start=\"3346\" data-end=\"3453\"><a class=\"\" href=\"https:\/\/snus-malmo.se\/sv\/produkt-kategori\/velo\/\" target=\"_new\" rel=\"noopener\" data-start=\"3348\" data-end=\"3451\">Klicka hem din favorit fr\u00e5n VELO idag \u2013 bara hos Veloop.se!<\/a><\/strong><\/p>","protected":false},"excerpt":{"rendered":"<h1>VELO Orange Spark<\/h1>\n<h2>VELO Orange Spark \u2013 Frisk apelsin &amp; citrus | Veloop.se<\/h2>\n<p>VELO Orange Spark \u2013 tobaksfritt snus med frisk apelsin och citruskick i slim-format. Best\u00e4ll enkelt hos Veloop.se!<\/p>\n<p>\ud83d\uded2 <strong data-start=\"3346\" data-end=\"3453\"><a class=\"\" href=\"https:\/\/snus-malmo.se\/sv\/produkt-kategori\/velo\/\" target=\"_new\" rel=\"noopener\" data-start=\"3348\" data-end=\"3451\">Klicka hem din favorit fr\u00e5n VELO idag \u2013 bara hos Veloop.se!<\/a><\/strong><\/p>","protected":false},"featured_media":60560,"comment_status":"open","ping_status":"closed","template":"","meta":[],"product_brand":[326],"product_cat":[136,137,255],"product_tag":[],"class_list":{"0":"post-54037","1":"product","2":"type-product","3":"status-publish","4":"has-post-thumbnail","6":"product_brand-velo","7":"product_cat-all-whites","8":"product_cat-slim","9":"product_cat-velo","11":"first","12":"instock","13":"taxable","14":"shipping-taxable","15":"purchasable","16":"product-type-variable"},"_links":{"self":[{"href":"https:\/\/snus-malmo.se\/sv\/wp-json\/wp\/v2\/product\/54037","targetHints":{"allow":["GET"]}}],"collection":[{"href":"https:\/\/snus-malmo.se\/sv\/wp-json\/wp\/v2\/product"}],"about":[{"href":"https:\/\/snus-malmo.se\/sv\/wp-json\/wp\/v2\/types\/product"}],"replies":[{"embeddable":true,"href":"https:\/\/snus-malmo.se\/sv\/wp-json\/wp\/v2\/comments?post=54037"}],"version-history":[{"count":0,"href":"https:\/\/snus-malmo.se\/sv\/wp-json\/wp\/v2\/product\/54037\/revisions"}],"wp:featuredmedia":[{"embeddable":true,"href":"https:\/\/snus-malmo.se\/sv\/wp-json\/wp\/v2\/media\/60560"}],"wp:attachment":[{"href":"https:\/\/snus-malmo.se\/sv\/wp-json\/wp\/v2\/media?parent=54037"}],"wp:term":[{"taxonomy":"product_brand","embeddable":true,"href":"https:\/\/snus-malmo.se\/sv\/wp-json\/wp\/v2\/product_brand?post=54037"},{"taxonomy":"product_cat","embeddable":true,"href":"https:\/\/snus-malmo.se\/sv\/wp-json\/wp\/v2\/product_cat?post=54037"},{"taxonomy":"product_tag","embeddable":true,"href":"https:\/\/snus-malmo.se\/sv\/wp-json\/wp\/v2\/product_tag?post=54037"}],"curies":[{"name":"wp","href":"https:\/\/api.w.org\/{rel}","templated":true}]}}