{"id":54039,"date":"2025-05-23T16:57:46","date_gmt":"2025-05-23T16:57:46","guid":{"rendered":"https:\/\/snus-malmo.se\/?post_type=product&#038;p=54039"},"modified":"2025-07-28T14:52:30","modified_gmt":"2025-07-28T14:52:30","slug":"vid-hot-pineapple-strong","status":"publish","type":"product","link":"https:\/\/snus-malmo.se\/sv\/produkt\/vid-hot-pineapple-strong\/","title":{"rendered":"VID Hot Pineapple Strong"},"content":{"rendered":"<article class=\"product-text\">VID Hot Pineapple Strong \u00e4r en vit snus med smakprofilen\u00a0<strong>chili och ananas<\/strong>, stark i styrka och tillverkad i slim-format. Varje burk inneh\u00e5ller 18 portioner.<\/p>\n<\/article>\n<div class=\"buy-pane\">\n<div class=\"tab-content buy-tabs-content\">\n<div id=\"buy\" class=\"tab-pane active\">\n<div>\n<div class=\"variants list\">\n<h2>Om produkten VID Hot Pineapple Strong<\/h2>\n<p>VID Hot Pineapple \u00e4r en produkt av m\u00e4rket VID, tillverkad av Kurbits Snus AB. Produkten h\u00f6r till kategorin vitt snus och kommer i formatet slim. Produkten inneh\u00e5ller inte tobak, men innefattar nikotin. Produkten tillh\u00f6r kategorin av starka produkter.<\/p>\n<h2>VID Hot Pineapple: Smak och Styrkeniv\u00e5<\/h2>\n<p>VID Hot Pineapple \u00e4r en vit snusprodukt i slim-format med smakprofilen chili och ananas. Styrkan hos produkten kan identifieras utifr\u00e5n nikotininneh\u00e5llet p\u00e5 8,9 mg\/per portion och 16,0 mg\/g.<\/p>\n<h3>Portionsformat: Slim<\/h3>\n<p>VID Hot Pineapple tillverkas i ett slim-format.<\/p>\n<h3>Information om VID Hot Pineapple Strong:<\/h3>\n<ul>\n<li><strong>Kategori:<\/strong>\u00a0Vit Snus<\/li>\n<li><strong>Smakprofil:<\/strong>\u00a0Chili och ananas<\/li>\n<li><strong>Styrkeklass:<\/strong>\u00a0Stark<\/li>\n<li><strong>Tillverkare:<\/strong>\u00a0Kurbits Snus AB<\/li>\n<li><strong>Nikotinhalt mg\/portion:<\/strong>\u00a08,9<\/li>\n<li><strong>Antal portioner per burk:<\/strong>\u00a018<\/li>\n<\/ul>\n<h3>Information ang\u00e5ende VID<\/h3>\n<p>VID \u00e4r ett m\u00e4rke som inriktar sig p\u00e5 tillverkning av nikotinprodukter.<\/p>\n<table class=\"product-specs\">\n<thead>\n<tr>\n<th>Fakta om produkten<\/th>\n<th class=\"text-right\"><\/th>\n<\/tr>\n<\/thead>\n<tbody>\n<tr>\n<td class=\"spec-key\">Varum\u00e4rke<\/td>\n<td class=\"spec-value text-right\">VID<\/td>\n<\/tr>\n<tr>\n<td class=\"spec-key\">Produkttyp<\/td>\n<td class=\"spec -value text-right\">all white portion<\/td>\n<\/tr>\n<tr>\n<td class=\"spec-key\">Nikotinstyrka<\/td>\n<td class=\"spec -value text-right\">stark<\/td>\n<\/tr>\n<tr>\n<td class=\"spec-key\">Nikotinhalt<\/td>\n<td class=\"spec -value text-right\">16 mg\/g<\/td>\n<\/tr>\n<tr>\n<td class=\"spec-key\">Smak<\/td>\n<td class=\"spec -value text-right\">Chili<\/td>\n<\/tr>\n<tr>\n<td class=\"spec-key\">Inneh\u00e5ll\/f\u00f6rpackning<\/td>\n<td class=\"spec -value text-right\">10 g<\/td>\n<\/tr>\n<tr>\n<td class=\"spec-key\">Snustyp<\/td>\n<td class=\"spec -value text-right\">Slim All White Strong<\/td>\n<\/tr>\n<tr>\n<td class=\"spec-key\">Format<\/td>\n<td class=\"spec -value text-right\">Slim<\/td>\n<\/tr>\n<tr>\n<td class=\"spec-key\">Producent<\/td>\n<td class=\"spec-value text-right\">Kurbits Snus AB<\/td>\n<\/tr>\n<\/tbody>\n<\/table>\n<\/div>\n<\/div>\n<\/div>\n<\/div>\n<\/div>","protected":false},"excerpt":{"rendered":"<article class=\"product-text\">VID Hot Pineapple Strong \u00e4r en vit snus med smakprofilen\u00a0<strong>chili och ananas<\/strong>, stark i styrka och tillverkad i slim-format. Varje burk inneh\u00e5ller 18 portioner.<\/p>\n<\/article>\n<div class=\"buy-pane\">\n<div class=\"tab-content buy-tabs-content\">\n<div id=\"buy\" class=\"tab-pane active\">\n<div>\n<div class=\"variants list\">\n<h2>Om produkten VID Hot Pineapple Strong<\/h2>\n<p>VID Hot Pineapple \u00e4r en produkt av m\u00e4rket VID, tillverkad av Kurbits Snus AB. Produkten h\u00f6r till kategorin vitt snus och kommer i formatet slim. Produkten inneh\u00e5ller inte tobak, men innefattar nikotin. Produkten tillh\u00f6r kategorin av starka produkter.<\/p>\n<\/div>\n<\/div>\n<\/div>\n<\/div>\n<\/div>","protected":false},"featured_media":18811,"comment_status":"open","ping_status":"closed","template":"","meta":[],"product_brand":[],"product_cat":[136],"product_tag":[],"class_list":{"0":"post-54039","1":"product","2":"type-product","3":"status-publish","4":"has-post-thumbnail","6":"product_cat-all-whites","8":"first","9":"instock","10":"taxable","11":"shipping-taxable","12":"purchasable","13":"product-type-variable"},"_links":{"self":[{"href":"https:\/\/snus-malmo.se\/sv\/wp-json\/wp\/v2\/product\/54039","targetHints":{"allow":["GET"]}}],"collection":[{"href":"https:\/\/snus-malmo.se\/sv\/wp-json\/wp\/v2\/product"}],"about":[{"href":"https:\/\/snus-malmo.se\/sv\/wp-json\/wp\/v2\/types\/product"}],"replies":[{"embeddable":true,"href":"https:\/\/snus-malmo.se\/sv\/wp-json\/wp\/v2\/comments?post=54039"}],"version-history":[{"count":0,"href":"https:\/\/snus-malmo.se\/sv\/wp-json\/wp\/v2\/product\/54039\/revisions"}],"wp:featuredmedia":[{"embeddable":true,"href":"https:\/\/snus-malmo.se\/sv\/wp-json\/wp\/v2\/media\/18811"}],"wp:attachment":[{"href":"https:\/\/snus-malmo.se\/sv\/wp-json\/wp\/v2\/media?parent=54039"}],"wp:term":[{"taxonomy":"product_brand","embeddable":true,"href":"https:\/\/snus-malmo.se\/sv\/wp-json\/wp\/v2\/product_brand?post=54039"},{"taxonomy":"product_cat","embeddable":true,"href":"https:\/\/snus-malmo.se\/sv\/wp-json\/wp\/v2\/product_cat?post=54039"},{"taxonomy":"product_tag","embeddable":true,"href":"https:\/\/snus-malmo.se\/sv\/wp-json\/wp\/v2\/product_tag?post=54039"}],"curies":[{"name":"wp","href":"https:\/\/api.w.org\/{rel}","templated":true}]}}