{"id":54041,"date":"2025-05-23T16:57:47","date_gmt":"2025-05-23T16:57:47","guid":{"rendered":"https:\/\/snus-malmo.se\/?post_type=product&#038;p=54041"},"modified":"2025-11-29T10:38:56","modified_gmt":"2025-11-29T10:38:56","slug":"kelly-white-raspberry-lemon-mini","status":"publish","type":"product","link":"https:\/\/snus-malmo.se\/sv\/produkt\/kelly-white-raspberry-lemon-mini\/","title":{"rendered":"Kelly White Raspberry Lemon Mini"},"content":{"rendered":"<article class=\"product-text\">Portionerna i Kelly White Raspberry Lemon \u00e4r av typen all white. Den h\u00e4r varianten av Kelly White snus har smak av b\u00e4r och frukt samt en nikotinstyrka som \u00e4r normalstark.<\/article>\n<div class=\"buy-pane\">\n<div class=\"tab-content buy-tabs-content\">\n<div id=\"buy\" class=\"tab-pane active\">\n<div>\n<div class=\"variants list\">\n<h2>Om produkten Kelly White Raspberry Lemon Mini<\/h2>\n<p><strong>Om Kelly White Raspberry Lemon<\/strong><br \/>\nNikotinp\u00e5sen Kelly White Raspberry Lemon \u00e4r en prilla som \u00e4r helt fri fr\u00e5n tobak. Inneh\u00e5llet best\u00e5r ist\u00e4llet av v\u00e4xtfiber, smakaromer och tillsatt nikotin. Smaks\u00e4ttningen i portionen \u00e4r hallon med en antydan av citron. Prillan har ett miniformat och ett inneh\u00e5ll som \u00e4r fuktigt medan p\u00e5sens utsida \u00e4r torr, n\u00e5got som ger p\u00e5sen l\u00e5g rinnighet.<\/p>\n<ul>\n<li>Varum\u00e4rke: Kelly White<\/li>\n<li>Tillverkare. White Industries AB<\/li>\n<li>Smak: B\u00e4r<\/li>\n<li>Format: Mini<\/li>\n<li>Produkt typ: All white<\/li>\n<li>Antal per dosa: 20<\/li>\n<li>Nikotinhalt: 12 mg\/g<\/li>\n<li>Styrka: Normal<\/li>\n<\/ul>\n<p><strong>Nikotinhalt i Kelly White Raspberry Lemon<\/strong><br \/>\nRaspberry Lemon fr\u00e5n Kelly White \u00e4r nikotinp\u00e5sar med en halt av nikotin som klassificeras som normalstark. En all white-portion av Kelly White Raspberry Lemon inneh\u00e5ller 12 milligram nikotin per gram.<\/p>\n<p><strong>Kelly White med normal styrka<\/strong><br \/>\nVarum\u00e4rket Kelly White\u00a0har ett sortiment av all white-p\u00e5sar i flera olika smaker och med varierande nikotinstyrka. Portionen Kelly White Raspberry Lemon tillh\u00f6r m\u00e4rkets normalstarka produkter med nikotinstyrka 2\/4.<\/p>\n<table class=\"product-specs\">\n<thead>\n<tr>\n<th>Fakta om produkten<\/th>\n<th class=\"text-right\"><\/th>\n<\/tr>\n<\/thead>\n<tbody>\n<tr>\n<td class=\"spec-key\">Varum\u00e4rke<\/td>\n<td class=\"spec-value text-right\">Kelly White<\/td>\n<\/tr>\n<tr>\n<td class=\"spec-key\">Produkttyp<\/td>\n<td class=\"spec -value text-right\">all white portion<\/td>\n<\/tr>\n<tr>\n<td class=\"spec-key\">Nikotinstyrka<\/td>\n<td class=\"spec -value text-right\">normal<\/td>\n<\/tr>\n<tr>\n<td class=\"spec-key\">Nikotinhalt<\/td>\n<td class=\"spec -value text-right\">12 mg\/g<\/td>\n<\/tr>\n<tr>\n<td class=\"spec-key\">Smak<\/td>\n<td class=\"spec -value text-right\">b\u00e4r<\/td>\n<\/tr>\n<tr>\n<td class=\"spec-key\">Inneh\u00e5ll\/f\u00f6rpackning<\/td>\n<td class=\"spec -value text-right\">14 g<\/td>\n<\/tr>\n<tr>\n<td class=\"spec-key\">Snustyp<\/td>\n<td class=\"spec -value text-right\">Slim All White Normal<\/td>\n<\/tr>\n<tr>\n<td class=\"spec-key\">Format<\/td>\n<td class=\"spec -value text-right\">Mini<\/td>\n<\/tr>\n<tr>\n<td class=\"spec-key\">Producent<\/td>\n<td class=\"spec-value text-right\">White Industries AB<\/td>\n<\/tr>\n<\/tbody>\n<\/table>\n<\/div>\n<\/div>\n<\/div>\n<\/div>\n<\/div>","protected":false},"excerpt":{"rendered":"<article class=\"product-text\">Portionerna i Kelly White Raspberry Lemon \u00e4r av typen all white. Den h\u00e4r varianten av Kelly White snus har smak av b\u00e4r och frukt samt en nikotinstyrka som \u00e4r normalstark.<\/article>\n<div class=\"buy-pane\">\n<div class=\"tab-content buy-tabs-content\">\n<div id=\"buy\" class=\"tab-pane active\">\n<div>\n<div class=\"variants list\">\n<h2>Om produkten Kelly White Raspberry Lemon Mini<\/h2>\n<p><strong>Om Kelly White Raspberry Lemon<\/strong><br \/>\nNikotinp\u00e5sen Kelly White Raspberry Lemon \u00e4r en prilla som \u00e4r helt fri fr\u00e5n tobak. Inneh\u00e5llet best\u00e5r ist\u00e4llet av v\u00e4xtfiber, smakaromer och tillsatt nikotin. Smaks\u00e4ttningen i portionen \u00e4r hallon med en antydan av citron. Prillan har ett miniformat och ett inneh\u00e5ll som \u00e4r fuktigt medan p\u00e5sens utsida \u00e4r torr, n\u00e5got som ger p\u00e5sen l\u00e5g rinnighet.<\/p>\n<\/div>\n<\/div>\n<\/div>\n<\/div>\n<\/div>","protected":false},"featured_media":18817,"comment_status":"open","ping_status":"closed","template":"","meta":[],"product_brand":[],"product_cat":[136,215,79],"product_tag":[],"class_list":{"0":"post-54041","1":"product","2":"type-product","3":"status-publish","4":"has-post-thumbnail","6":"product_cat-all-whites","7":"product_cat-kelly","8":"product_cat-mini-portion","10":"first","11":"instock","12":"taxable","13":"shipping-taxable","14":"purchasable","15":"product-type-variable"},"_links":{"self":[{"href":"https:\/\/snus-malmo.se\/sv\/wp-json\/wp\/v2\/product\/54041","targetHints":{"allow":["GET"]}}],"collection":[{"href":"https:\/\/snus-malmo.se\/sv\/wp-json\/wp\/v2\/product"}],"about":[{"href":"https:\/\/snus-malmo.se\/sv\/wp-json\/wp\/v2\/types\/product"}],"replies":[{"embeddable":true,"href":"https:\/\/snus-malmo.se\/sv\/wp-json\/wp\/v2\/comments?post=54041"}],"version-history":[{"count":0,"href":"https:\/\/snus-malmo.se\/sv\/wp-json\/wp\/v2\/product\/54041\/revisions"}],"wp:featuredmedia":[{"embeddable":true,"href":"https:\/\/snus-malmo.se\/sv\/wp-json\/wp\/v2\/media\/18817"}],"wp:attachment":[{"href":"https:\/\/snus-malmo.se\/sv\/wp-json\/wp\/v2\/media?parent=54041"}],"wp:term":[{"taxonomy":"product_brand","embeddable":true,"href":"https:\/\/snus-malmo.se\/sv\/wp-json\/wp\/v2\/product_brand?post=54041"},{"taxonomy":"product_cat","embeddable":true,"href":"https:\/\/snus-malmo.se\/sv\/wp-json\/wp\/v2\/product_cat?post=54041"},{"taxonomy":"product_tag","embeddable":true,"href":"https:\/\/snus-malmo.se\/sv\/wp-json\/wp\/v2\/product_tag?post=54041"}],"curies":[{"name":"wp","href":"https:\/\/api.w.org\/{rel}","templated":true}]}}