{"id":54046,"date":"2025-05-23T16:57:47","date_gmt":"2025-05-23T16:57:47","guid":{"rendered":"https:\/\/snus-malmo.se\/?post_type=product&#038;p=54046"},"modified":"2025-11-22T09:34:22","modified_gmt":"2025-11-22T09:34:22","slug":"fix-chai-latte-3","status":"publish","type":"product","link":"https:\/\/snus-malmo.se\/sv\/produkt\/fix-chai-latte-3\/","title":{"rendered":"FIX Chai Latte #3"},"content":{"rendered":"<article class=\"product-text\">All white-prillan FIX Chai Latte #3 \u00e4r en slimmad nikotinp\u00e5se som \u00e4r helt fri fr\u00e5n tobak. Den h\u00e4r prillan fr\u00e5n FIX: Flavour Index snus har en normal styrka nikotin.<\/article>\n<div class=\"buy-pane\">\n<div class=\"tab-content buy-tabs-content\">\n<div id=\"buy\" class=\"tab-pane active\">\n<div>\n<div class=\"variants list\">\n<h2>Om produkten FIX Chai Latte #3<\/h2>\n<p><strong>Om FIX Chai Latte #3<\/strong><br \/>\nNikotinp\u00e5sarna FIX Chai Latte #3 kommer i ett l\u00e5ngsmalt format och har en smakkombination av kaffeb\u00f6nor och chai-kryddor, bland annat kanel och nejlika. Det finns \u00e4ven en antydan av vanilj i smakbilden. Chai Latte #3 \u00e4r ett helvitt snus med ett fuktat inneh\u00e5ll och en torr utsida, vilket ger prillan en l\u00e5g rinnighet. Varje dosa inneh\u00e5ller 20 portioner.<\/p>\n<ul>\n<li>Varum\u00e4rke: FIX: Flavour Index<\/li>\n<li>Tillverkare: Habit Factory in Sweden AB<\/li>\n<li>Smak: Chai latte<\/li>\n<li>Format: Slim<\/li>\n<li>Produkttyp: All white<\/li>\n<li>Antal portioner per dosa: 20 stycken<\/li>\n<li>Nikotinhalt: 12 mg\/g<\/li>\n<li>Styrka: Normal<\/li>\n<\/ul>\n<p><strong>Nikotinstyrka hos FIX Chai Latte #3<\/strong><br \/>\nFIX Chai Latte #3 har en halt av nikotin som \u00e4r definierad som normal styrka. Nikotinp\u00e5sar Chai Latte #3 har ett nikotininneh\u00e5ll som ligger p\u00e5 12 milligram per gram.<\/p>\n<p><strong>FIX med normal styrka<\/strong><br \/>\nVarum\u00e4rket FIX \u00e4r ett nytt svensk varum\u00e4rke som s\u00e4ljer nikotinp\u00e5sar i olika smaker. De tillverkas av Habit Factory in Sweden AB. Produkten FIX Chai Latte #3 har nikotinstyrka s3.<\/p>\n<div class=\"row\">\n<div class=\"col-xs-12 content-section\"><\/div>\n<\/div>\n<table class=\"product-specs\">\n<thead>\n<tr>\n<th>Fakta om produkten<\/th>\n<th class=\"text-right\"><\/th>\n<\/tr>\n<\/thead>\n<tbody>\n<tr>\n<td class=\"spec-key\">Varum\u00e4rke<\/td>\n<td class=\"spec-value text-right\">FIX<\/td>\n<\/tr>\n<tr>\n<td class=\"spec-key\">Produkttyp<\/td>\n<td class=\"spec -value text-right\">all white portion<\/td>\n<\/tr>\n<tr>\n<td class=\"spec-key\">Nikotinstyrka<\/td>\n<td class=\"spec -value text-right\">stark<\/td>\n<\/tr>\n<tr>\n<td class=\"spec-key\">Nikotinhalt<\/td>\n<td class=\"spec -value text-right\">12 mg\/g<\/td>\n<\/tr>\n<tr>\n<td class=\"spec-key\">Smak<\/td>\n<td class=\"spec -value text-right\">\u00d6vriga smaker<\/td>\n<\/tr>\n<tr>\n<td class=\"spec-key\">Inneh\u00e5ll\/f\u00f6rpackning<\/td>\n<td class=\"spec -value text-right\">14 g<\/td>\n<\/tr>\n<tr>\n<td class=\"spec-key\">Snustyp<\/td>\n<td class=\"spec -value text-right\">Slim All White<\/td>\n<\/tr>\n<tr>\n<td class=\"spec-key\">Format<\/td>\n<td class=\"spec -value text-right\">Slim<\/td>\n<\/tr>\n<tr>\n<td class=\"spec-key\">Producent<\/td>\n<td class=\"spec-value text-right\">Habit Factory In Sweden AB<\/td>\n<\/tr>\n<\/tbody>\n<\/table>\n<\/div>\n<\/div>\n<\/div>\n<\/div>\n<\/div>","protected":false},"excerpt":{"rendered":"<article class=\"product-text\">All white-prillan FIX Chai Latte #3 \u00e4r en slimmad nikotinp\u00e5se som \u00e4r helt fri fr\u00e5n tobak. Den h\u00e4r prillan fr\u00e5n FIX: Flavour Index snus har en normal styrka nikotin.<\/article>\n<div class=\"buy-pane\">\n<div class=\"tab-content buy-tabs-content\">\n<div id=\"buy\" class=\"tab-pane active\">\n<div>\n<div class=\"variants list\">\n<h2>Om produkten FIX Chai Latte #3<\/h2>\n<p><strong>Om FIX Chai Latte #3<\/strong><br \/>\nNikotinp\u00e5sarna FIX Chai Latte #3 kommer i ett l\u00e5ngsmalt format och har en smakkombination av kaffeb\u00f6nor och chai-kryddor, bland annat kanel och nejlika. Det finns \u00e4ven en antydan av vanilj i smakbilden. Chai Latte #3 \u00e4r ett helvitt snus med ett fuktat inneh\u00e5ll och en torr utsida, vilket ger prillan en l\u00e5g rinnighet. Varje dosa inneh\u00e5ller 20 portioner.<\/p>\n<\/div>\n<\/div>\n<\/div>\n<\/div>\n<\/div>","protected":false},"featured_media":18824,"comment_status":"open","ping_status":"closed","template":"","meta":[],"product_brand":[419],"product_cat":[136,200,137],"product_tag":[],"class_list":{"0":"post-54046","1":"product","2":"type-product","3":"status-publish","4":"has-post-thumbnail","6":"product_brand-fix","7":"product_cat-all-whites","8":"product_cat-fix","9":"product_cat-slim","11":"first","12":"instock","13":"taxable","14":"shipping-taxable","15":"purchasable","16":"product-type-variable"},"_links":{"self":[{"href":"https:\/\/snus-malmo.se\/sv\/wp-json\/wp\/v2\/product\/54046","targetHints":{"allow":["GET"]}}],"collection":[{"href":"https:\/\/snus-malmo.se\/sv\/wp-json\/wp\/v2\/product"}],"about":[{"href":"https:\/\/snus-malmo.se\/sv\/wp-json\/wp\/v2\/types\/product"}],"replies":[{"embeddable":true,"href":"https:\/\/snus-malmo.se\/sv\/wp-json\/wp\/v2\/comments?post=54046"}],"version-history":[{"count":0,"href":"https:\/\/snus-malmo.se\/sv\/wp-json\/wp\/v2\/product\/54046\/revisions"}],"wp:featuredmedia":[{"embeddable":true,"href":"https:\/\/snus-malmo.se\/sv\/wp-json\/wp\/v2\/media\/18824"}],"wp:attachment":[{"href":"https:\/\/snus-malmo.se\/sv\/wp-json\/wp\/v2\/media?parent=54046"}],"wp:term":[{"taxonomy":"product_brand","embeddable":true,"href":"https:\/\/snus-malmo.se\/sv\/wp-json\/wp\/v2\/product_brand?post=54046"},{"taxonomy":"product_cat","embeddable":true,"href":"https:\/\/snus-malmo.se\/sv\/wp-json\/wp\/v2\/product_cat?post=54046"},{"taxonomy":"product_tag","embeddable":true,"href":"https:\/\/snus-malmo.se\/sv\/wp-json\/wp\/v2\/product_tag?post=54046"}],"curies":[{"name":"wp","href":"https:\/\/api.w.org\/{rel}","templated":true}]}}