{"id":54051,"date":"2025-05-23T16:57:47","date_gmt":"2025-05-23T16:57:47","guid":{"rendered":"https:\/\/snus-malmo.se\/?post_type=product&#038;p=54051"},"modified":"2025-11-29T10:38:50","modified_gmt":"2025-11-29T10:38:50","slug":"kelly-white-sweet-melon-mint-slim","status":"publish","type":"product","link":"https:\/\/snus-malmo.se\/sv\/produkt\/kelly-white-sweet-melon-mint-slim\/","title":{"rendered":"Kelly White Sweet Melon Mint Slim"},"content":{"rendered":"<p>Nikotinp\u00e5sen Kelly White Sweet Melon Mint Slim All White Portion har en smak av mint med toner av melon. Produkten \u00e4r helt fri fr\u00e5n tobak och kommer i en design dosa med en nikotinhalt p\u00e5 8 mg\/g.<\/p>\n<h2>Om produkten Kelly White Sweet Melon Mint Slim<\/h2>\n<p>Den h\u00e4r vita p\u00e5sen Kelly White Sweet Melon Mint Slim All White Portion \u00e4r tillverkad i ett slimmat format f\u00f6r diskret passform. Nikotinp\u00e5sen \u00e4r fuktig p\u00e5 ytan men torr inuti vilket g\u00f6r att b\u00e5de smak och nikotin frig\u00f6rs under en l\u00e4ngre period.<\/p>\n<ul>\n<li>Varum\u00e4rke: Kelly White<\/li>\n<li>Smak: Mint med toner av melon<\/li>\n<li>Format: Slim<\/li>\n<li>Nikotinhalt: 8 mg\/g<\/li>\n<li>Antal portioner: 20<\/li>\n<\/ul>\n<p><strong><big>Nikotinstyrka i Kelly White Sweet Mint<\/big><\/strong><\/p>\n<p>Det h\u00e4r \u00e4r normalstarka, vita nikotinp\u00e5sar. Produkten har en styrka p\u00e5 8 mg\/g nikotin, nikotinhalten \u00e4r i medianen av de fyra produkter Kelly White har i sitt sortiment.<\/p>\n<p><strong><big>Kelly White All White<\/big><\/strong><\/p>\n<p>Varum\u00e4rket\u00a0Kelly White\u00a0\u00e4r baserat p\u00e5 passionen f\u00f6r mode med sina helvita nikotinp\u00e5sar och varierande smaker och styrkor.<\/p>\n<div class=\"row\">\n<div class=\"col-xs-12 content-section\"><\/div>\n<\/div>\n<table class=\"product-specs\">\n<thead>\n<tr>\n<th>Fakta om produkten<\/th>\n<th class=\"text-right\"><\/th>\n<\/tr>\n<\/thead>\n<tbody>\n<tr>\n<td class=\"spec-key\">Varum\u00e4rke<\/td>\n<td class=\"spec-value text-right\">Kelly White<\/td>\n<\/tr>\n<tr>\n<td class=\"spec-key\">Produkttyp<\/td>\n<td class=\"spec -value text-right\">all white portion<\/td>\n<\/tr>\n<tr>\n<td class=\"spec-key\">Nikotinstyrka<\/td>\n<td class=\"spec -value text-right\">normal<\/td>\n<\/tr>\n<tr>\n<td class=\"spec-key\">Nikotinhalt<\/td>\n<td class=\"spec -value text-right\">8 mg\/g<\/td>\n<\/tr>\n<tr>\n<td class=\"spec-key\">Smak<\/td>\n<td class=\"spec -value text-right\">frukt<\/td>\n<\/tr>\n<tr>\n<td class=\"spec-key\">Inneh\u00e5ll\/f\u00f6rpackning<\/td>\n<td class=\"spec -value text-right\">12 g<\/td>\n<\/tr>\n<tr>\n<td class=\"spec-key\">Snustyp<\/td>\n<td class=\"spec -value text-right\">Slim All White Normal<\/td>\n<\/tr>\n<tr>\n<td class=\"spec-key\">Format<\/td>\n<td class=\"spec -value text-right\">Slim<\/td>\n<\/tr>\n<tr>\n<td class=\"spec-key\">Producent<\/td>\n<td class=\"spec-value text-right\">White Industries AB<\/td>\n<\/tr>\n<\/tbody>\n<\/table>","protected":false},"excerpt":{"rendered":"<p>Nikotinp\u00e5sen Kelly White Sweet Melon Mint Slim All White Portion har en smak av mint med toner av melon. Produkten \u00e4r helt fri fr\u00e5n tobak och kommer i en design dosa med en nikotinhalt p\u00e5 8 mg\/g.<\/p>\n<h2>Om produkten Kelly White Sweet Melon Mint Slim<\/h2>\n<p>Den h\u00e4r vita p\u00e5sen Kelly White Sweet Melon Mint Slim All White Portion \u00e4r tillverkad i ett slimmat format f\u00f6r diskret passform. Nikotinp\u00e5sen \u00e4r fuktig p\u00e5 ytan men torr inuti vilket g\u00f6r att b\u00e5de smak och nikotin frig\u00f6rs under en l\u00e4ngre period.<\/p>","protected":false},"featured_media":18844,"comment_status":"open","ping_status":"closed","template":"","meta":[],"product_brand":[],"product_cat":[136,215,137],"product_tag":[],"class_list":{"0":"post-54051","1":"product","2":"type-product","3":"status-publish","4":"has-post-thumbnail","6":"product_cat-all-whites","7":"product_cat-kelly","8":"product_cat-slim","10":"first","11":"instock","12":"taxable","13":"shipping-taxable","14":"purchasable","15":"product-type-variable"},"_links":{"self":[{"href":"https:\/\/snus-malmo.se\/sv\/wp-json\/wp\/v2\/product\/54051","targetHints":{"allow":["GET"]}}],"collection":[{"href":"https:\/\/snus-malmo.se\/sv\/wp-json\/wp\/v2\/product"}],"about":[{"href":"https:\/\/snus-malmo.se\/sv\/wp-json\/wp\/v2\/types\/product"}],"replies":[{"embeddable":true,"href":"https:\/\/snus-malmo.se\/sv\/wp-json\/wp\/v2\/comments?post=54051"}],"version-history":[{"count":0,"href":"https:\/\/snus-malmo.se\/sv\/wp-json\/wp\/v2\/product\/54051\/revisions"}],"wp:featuredmedia":[{"embeddable":true,"href":"https:\/\/snus-malmo.se\/sv\/wp-json\/wp\/v2\/media\/18844"}],"wp:attachment":[{"href":"https:\/\/snus-malmo.se\/sv\/wp-json\/wp\/v2\/media?parent=54051"}],"wp:term":[{"taxonomy":"product_brand","embeddable":true,"href":"https:\/\/snus-malmo.se\/sv\/wp-json\/wp\/v2\/product_brand?post=54051"},{"taxonomy":"product_cat","embeddable":true,"href":"https:\/\/snus-malmo.se\/sv\/wp-json\/wp\/v2\/product_cat?post=54051"},{"taxonomy":"product_tag","embeddable":true,"href":"https:\/\/snus-malmo.se\/sv\/wp-json\/wp\/v2\/product_tag?post=54051"}],"curies":[{"name":"wp","href":"https:\/\/api.w.org\/{rel}","templated":true}]}}