{"id":54056,"date":"2025-05-23T16:57:47","date_gmt":"2025-05-23T16:57:47","guid":{"rendered":"https:\/\/snus-malmo.se\/?post_type=product&#038;p=54056"},"modified":"2025-11-29T10:48:46","modified_gmt":"2025-11-29T10:48:46","slug":"on-lemon-berry-6mg-strong","status":"publish","type":"product","link":"https:\/\/snus-malmo.se\/sv\/produkt\/on-lemon-berry-6mg-strong\/","title":{"rendered":"On! Lemon Berry 6mg Strong"},"content":{"rendered":"<article class=\"product-text\">On! Lemon Berry 6mg Strong \u00e4r en diskret nikotinp\u00e5se med en uppfriskande citrussmak och en hint av m\u00f6rka skogsb\u00e4r.\u00a0<\/article>\n<div class=\"buy-pane\">\n<div class=\"tab-content buy-tabs-content\">\n<div id=\"buy\" class=\"tab-pane active\">\n<div>\n<div class=\"variants list\">\n<p>\u00a0Lemon Berry 6mg Strong \u00e4r\u00a0sm\u00e5 nikotinp\u00e5sar som\u00a0ha\u00a0en uppfriskande smak av citrus och med en antydan av m\u00f6rka skogsb\u00e4r f\u00f6r en extra smakf\u00f6rst\u00e4rkning.<\/p>\n<p>On! Lemon Berry kommer i tv\u00e5 olika styrkor &#8211; en som inneh\u00e5ller 3mg nikotin per portion (9,5 mg\/g) och en som inneh\u00e5ller 6 mg nikotin per portion (19 mg\/g)<\/p>\n<table class=\"product-specs\">\n<thead>\n<tr>\n<th>Fakta om produkten<\/th>\n<th class=\"text-right\"><\/th>\n<\/tr>\n<\/thead>\n<tbody>\n<tr>\n<td class=\"spec-key\">Varum\u00e4rke<\/td>\n<td class=\"spec-value text-right\">On!<\/td>\n<\/tr>\n<tr>\n<td class=\"spec-key\">Produkttyp<\/td>\n<td class=\"spec -value text-right\">all white portion<\/td>\n<\/tr>\n<tr>\n<td class=\"spec-key\">Nikotinstyrka<\/td>\n<td class=\"spec -value text-right\">stark<\/td>\n<\/tr>\n<tr>\n<td class=\"spec-key\">Nikotinhalt<\/td>\n<td class=\"spec -value text-right\">19 mg\/g<\/td>\n<\/tr>\n<tr>\n<td class=\"spec-key\">Smak<\/td>\n<td class=\"spec -value text-right\">b\u00e4r<\/td>\n<\/tr>\n<tr>\n<td class=\"spec-key\">Inneh\u00e5ll\/f\u00f6rpackning<\/td>\n<td class=\"spec -value text-right\">6,4 g<\/td>\n<\/tr>\n<tr>\n<td class=\"spec-key\">Snustyp<\/td>\n<td class=\"spec -value text-right\">Mini All White Strong<\/td>\n<\/tr>\n<tr>\n<td class=\"spec-key\">Format<\/td>\n<td class=\"spec -value text-right\">Mini<\/td>\n<\/tr>\n<tr>\n<td class=\"spec-key\">Producent<\/td>\n<td class=\"spec-value text-right\">R\u00e5\u00e5 S<\/td>\n<\/tr>\n<\/tbody>\n<\/table>\n<\/div>\n<\/div>\n<\/div>\n<\/div>\n<\/div>","protected":false},"excerpt":{"rendered":"<article class=\"product-text\">On! Lemon Berry 6mg Strong \u00e4r en diskret nikotinp\u00e5se med en uppfriskande citrussmak och en hint av m\u00f6rka skogsb\u00e4r.\u00a0<\/article>\n<div class=\"buy-pane\">\n<div class=\"tab-content buy-tabs-content\">\n<div id=\"buy\" class=\"tab-pane active\">\n<div>\n<div class=\"variants list\">\n<p>\u00a0Lemon Berry 6mg Strong \u00e4r\u00a0sm\u00e5 nikotinp\u00e5sar som\u00a0ha\u00a0en uppfriskande smak av citrus och med en antydan av m\u00f6rka skogsb\u00e4r f\u00f6r en extra smakf\u00f6rst\u00e4rkning.<\/p>\n<p>On! Lemon Berry kommer i tv\u00e5 olika styrkor &#8211; en som inneh\u00e5ller 3mg nikotin per portion (9,5 mg\/g) och en som inneh\u00e5ller 6 mg nikotin per portion (19 mg\/g)<\/p>\n<\/div>\n<\/div>\n<\/div>\n<\/div>\n<\/div>","protected":false},"featured_media":18887,"comment_status":"open","ping_status":"closed","template":"","meta":[],"product_brand":[],"product_cat":[136],"product_tag":[],"class_list":{"0":"post-54056","1":"product","2":"type-product","3":"status-publish","4":"has-post-thumbnail","6":"product_cat-all-whites","8":"first","9":"instock","10":"taxable","11":"shipping-taxable","12":"purchasable","13":"product-type-variable"},"_links":{"self":[{"href":"https:\/\/snus-malmo.se\/sv\/wp-json\/wp\/v2\/product\/54056","targetHints":{"allow":["GET"]}}],"collection":[{"href":"https:\/\/snus-malmo.se\/sv\/wp-json\/wp\/v2\/product"}],"about":[{"href":"https:\/\/snus-malmo.se\/sv\/wp-json\/wp\/v2\/types\/product"}],"replies":[{"embeddable":true,"href":"https:\/\/snus-malmo.se\/sv\/wp-json\/wp\/v2\/comments?post=54056"}],"version-history":[{"count":0,"href":"https:\/\/snus-malmo.se\/sv\/wp-json\/wp\/v2\/product\/54056\/revisions"}],"wp:featuredmedia":[{"embeddable":true,"href":"https:\/\/snus-malmo.se\/sv\/wp-json\/wp\/v2\/media\/18887"}],"wp:attachment":[{"href":"https:\/\/snus-malmo.se\/sv\/wp-json\/wp\/v2\/media?parent=54056"}],"wp:term":[{"taxonomy":"product_brand","embeddable":true,"href":"https:\/\/snus-malmo.se\/sv\/wp-json\/wp\/v2\/product_brand?post=54056"},{"taxonomy":"product_cat","embeddable":true,"href":"https:\/\/snus-malmo.se\/sv\/wp-json\/wp\/v2\/product_cat?post=54056"},{"taxonomy":"product_tag","embeddable":true,"href":"https:\/\/snus-malmo.se\/sv\/wp-json\/wp\/v2\/product_tag?post=54056"}],"curies":[{"name":"wp","href":"https:\/\/api.w.org\/{rel}","templated":true}]}}