{"id":54079,"date":"2025-05-23T16:57:49","date_gmt":"2025-05-23T16:57:49","guid":{"rendered":"https:\/\/snus-malmo.se\/?post_type=product&#038;p=54079"},"modified":"2025-08-05T00:05:32","modified_gmt":"2025-08-05T00:05:32","slug":"lundgrens-ang-all-white","status":"publish","type":"product","link":"https:\/\/snus-malmo.se\/sv\/produkt\/lundgrens-ang-all-white\/","title":{"rendered":"Lundgrens \u00c4ng All White"},"content":{"rendered":"<article class=\"product-text\">\n<h1 data-start=\"1125\" data-end=\"1180\"><strong data-start=\"1132\" data-end=\"1180\">Lundgrens \u00c4ng All White<\/strong><\/h1>\n<h2 data-start=\"178\" data-end=\"266\"><strong data-start=\"181\" data-end=\"266\">Lundgrens \u00c4ng All White \u2013 Tobaksfria nikotinp\u00e5sar med smak av svenska sommar\u00e4ngar<\/strong><\/h2>\n<p data-start=\"268\" data-end=\"535\"><strong data-start=\"268\" data-end=\"295\">Lundgrens \u00c4ng All White<\/strong> \u00e4r en tobaksfri nikotinp\u00e5se med en mild och naturlig smak inspirerad av svenska sommar\u00e4ngar. Med nyanser av blomster och \u00f6rter ger den en fr\u00e4sch och l\u00e4tt arom, perfekt f\u00f6r dig som f\u00f6redrar en mer subtil smakprofil i ett normalstort format.<\/p>\n<p data-start=\"537\" data-end=\"633\">Finns nu att k\u00f6pa online hos <strong data-start=\"566\" data-end=\"579\">Veloop.se<\/strong> \u2013 med snabb leverans och brett utbud av nikotinp\u00e5sar.<\/p>\n<hr data-start=\"635\" data-end=\"638\" \/>\n<h3 data-start=\"640\" data-end=\"701\">\ud83c\udf3c <strong data-start=\"647\" data-end=\"701\">Smak &amp; upplevelse \u2013 Friskt som en svensk sommar\u00e4ng<\/strong><\/h3>\n<p data-start=\"703\" data-end=\"965\">Lundgrens \u00c4ng bjuder p\u00e5 en <strong data-start=\"730\" data-end=\"772\">mild, \u00f6rtig och blommig smakupplevelse<\/strong>. Den passar perfekt f\u00f6r dig som vill ha ett tobaksfritt alternativ med en <strong data-start=\"847\" data-end=\"873\">diskret, naturlig arom<\/strong>, snarare \u00e4n starka smaks\u00e4ttningar. En fridfull nikotinp\u00e5se som passar b\u00e5de vardag och helg.<\/p>\n<p data-start=\"967\" data-end=\"1118\">Prillorna \u00e4r tillverkade av <strong data-start=\"995\" data-end=\"1027\">v\u00e4xtfiber och nikotinextrakt<\/strong>, vilket ger en mjuk k\u00e4nsla under l\u00e4ppen, l\u00e5g rinnighet och en j\u00e4mn fris\u00e4ttning av nikotin.<\/p>\n<hr data-start=\"1120\" data-end=\"1123\" \/>\n<h3 data-start=\"1125\" data-end=\"1180\">\ud83d\udce6 <strong data-start=\"1132\" data-end=\"1180\">Produktinformation \u2013 Lundgrens \u00c4ng All White<\/strong><\/h3>\n<ul data-start=\"1182\" data-end=\"1560\">\n<li data-start=\"1182\" data-end=\"1210\">\n<p data-start=\"1184\" data-end=\"1210\"><strong data-start=\"1184\" data-end=\"1198\">Varum\u00e4rke:<\/strong> Lundgrens<\/p>\n<\/li>\n<li data-start=\"1211\" data-end=\"1252\">\n<p data-start=\"1213\" data-end=\"1252\"><strong data-start=\"1213\" data-end=\"1228\">Produkttyp:<\/strong> All White (tobaksfri)<\/p>\n<\/li>\n<li data-start=\"1253\" data-end=\"1286\">\n<p data-start=\"1255\" data-end=\"1286\"><strong data-start=\"1255\" data-end=\"1266\">Format:<\/strong> Normal (original)<\/p>\n<\/li>\n<li data-start=\"1287\" data-end=\"1329\">\n<p data-start=\"1289\" data-end=\"1329\"><strong data-start=\"1289\" data-end=\"1304\">Smakprofil:<\/strong> Blommiga toner \/ \u00f6rter<\/p>\n<\/li>\n<li data-start=\"1330\" data-end=\"1376\">\n<p data-start=\"1332\" data-end=\"1376\"><strong data-start=\"1332\" data-end=\"1348\">Nikotinhalt:<\/strong> 10 mg\/g (ca 8 mg\/portion)<\/p>\n<\/li>\n<li data-start=\"1377\" data-end=\"1412\">\n<p data-start=\"1379\" data-end=\"1412\"><strong data-start=\"1379\" data-end=\"1397\">Nikotinstyrka:<\/strong> Normal (2\/4)<\/p>\n<\/li>\n<li data-start=\"1413\" data-end=\"1449\">\n<p data-start=\"1415\" data-end=\"1449\"><strong data-start=\"1415\" data-end=\"1444\">Antal portioner per dosa:<\/strong> 21<\/p>\n<\/li>\n<li data-start=\"1450\" data-end=\"1480\">\n<p data-start=\"1452\" data-end=\"1480\"><strong data-start=\"1452\" data-end=\"1471\">Total inneh\u00e5ll:<\/strong> 16,8 g<\/p>\n<\/li>\n<li data-start=\"1481\" data-end=\"1532\">\n<p data-start=\"1483\" data-end=\"1532\"><strong data-start=\"1483\" data-end=\"1499\">Tillverkare:<\/strong> BAT (British American Tobacco)<\/p>\n<\/li>\n<li data-start=\"1533\" data-end=\"1560\">\n<p data-start=\"1535\" data-end=\"1560\"><strong data-start=\"1535\" data-end=\"1555\">Lanseringsdatum:<\/strong> 2023<\/p>\n<\/li>\n<\/ul>\n<hr data-start=\"1562\" data-end=\"1565\" \/>\n<h3 data-start=\"1567\" data-end=\"1613\">\u2705 <strong data-start=\"1573\" data-end=\"1613\">F\u00f6rdelar med Lundgrens \u00c4ng All White<\/strong><\/h3>\n<ul data-start=\"1615\" data-end=\"1874\">\n<li data-start=\"1615\" data-end=\"1666\">\n<p data-start=\"1617\" data-end=\"1666\">Tobaksfritt snus med naturlig smak av sommar\u00e4ng<\/p>\n<\/li>\n<li data-start=\"1667\" data-end=\"1729\">\n<p data-start=\"1669\" data-end=\"1729\">Normalstora portioner \u2013 passar dig som vill ha mer \u00e4n slim<\/p>\n<\/li>\n<li data-start=\"1730\" data-end=\"1780\">\n<p data-start=\"1732\" data-end=\"1780\">V\u00e4xtbaserat portionsmaterial med l\u00e5g rinnighet<\/p>\n<\/li>\n<li data-start=\"1781\" data-end=\"1823\">\n<p data-start=\"1783\" data-end=\"1823\">Balanserad nikotinupplevelse \u2013 10 mg\/g<\/p>\n<\/li>\n<li data-start=\"1824\" data-end=\"1874\">\n<p data-start=\"1826\" data-end=\"1874\">En del av det v\u00e4lk\u00e4nda <strong data-start=\"1849\" data-end=\"1874\">Lundgrens-sortimentet<\/strong><\/p>\n<\/li>\n<\/ul>\n<hr data-start=\"1876\" data-end=\"1879\" \/>\n<h3 data-start=\"1881\" data-end=\"1940\">\ud83d\uded2 <strong data-start=\"1888\" data-end=\"1940\">K\u00f6p Lundgrens \u00c4ng All White online hos Veloop.se<\/strong><\/h3>\n<p data-start=\"1942\" data-end=\"2124\">Hos <strong data-start=\"1946\" data-end=\"1959\">Veloop.se<\/strong> best\u00e4ller du <strong data-start=\"1973\" data-end=\"2000\">Lundgrens \u00c4ng All White<\/strong> snabbt, tryggt och enkelt. Vi har alltid f\u00e4rskt lager, smidiga betalningsl\u00f6sningar och snabb leverans direkt till din d\u00f6rr.<\/p>\n<p data-start=\"2126\" data-end=\"2246\">\ud83c\udfaf Letar du efter ett tobaksfritt snus med mild smak och normalstora portioner? D\u00e5 \u00e4r <strong data-start=\"2212\" data-end=\"2229\">Lundgrens \u00c4ng<\/strong> ett perfekt val.<\/p>\n<p data-start=\"2248\" data-end=\"2344\">\ud83d\udc49 <a class=\"\" href=\"https:\/\/snus-malmo.se\/sv\/lundgrens\/\" target=\"_new\" rel=\"noopener\" data-start=\"2251\" data-end=\"2344\"><strong data-start=\"2252\" data-end=\"2313\">Utforska hela sortimentet av Lundgrens snus hos Veloop.se<\/strong><\/a><\/p>\n<\/article>\n<div class=\"buy-pane\">\n<div class=\"tab-content buy-tabs-content\">\n<div id=\"buy\" class=\"tab-pane active\">\n<div><\/div>\n<\/div>\n<\/div>\n<\/div>","protected":false},"excerpt":{"rendered":"<article>\n<h1 data-start=\"1125\" data-end=\"1180\"><strong data-start=\"1132\" data-end=\"1180\">Lundgrens \u00c4ng All White<\/strong><\/h1>\n<\/article>\n<article class=\"product-text\"><strong data-start=\"182\" data-end=\"209\">Lundgrens \u00c4ng All White<\/strong> \u00e4r tobaksfria nikotinp\u00e5sar med en mild smak av \u00f6rter och blomster, inspirerad av svenska sommar\u00e4ngar. Normalstora portioner och en balanserad nikotinhalt p\u00e5 10 mg\/g. Varje dosa inneh\u00e5ller 21 prillor.<\/article>\n<article><\/article>\n<article>\ud83d\udc49 <a class=\"\" href=\"https:\/\/snus-malmo.se\/sv\/lundgrens\/\" target=\"_new\" rel=\"noopener\" data-start=\"2251\" data-end=\"2344\"><strong data-start=\"2252\" data-end=\"2313\">Utforska hela sortimentet av Lundgrens snus hos Veloop.se<\/strong><\/a><\/article>","protected":false},"featured_media":60362,"comment_status":"open","ping_status":"closed","template":"","meta":[],"product_brand":[358],"product_cat":[136,104],"product_tag":[],"class_list":{"0":"post-54079","1":"product","2":"type-product","3":"status-publish","4":"has-post-thumbnail","6":"product_brand-lundgrens","7":"product_cat-all-whites","8":"product_cat-lundgrens","10":"first","11":"instock","12":"taxable","13":"shipping-taxable","14":"purchasable","15":"product-type-variable"},"_links":{"self":[{"href":"https:\/\/snus-malmo.se\/sv\/wp-json\/wp\/v2\/product\/54079","targetHints":{"allow":["GET"]}}],"collection":[{"href":"https:\/\/snus-malmo.se\/sv\/wp-json\/wp\/v2\/product"}],"about":[{"href":"https:\/\/snus-malmo.se\/sv\/wp-json\/wp\/v2\/types\/product"}],"replies":[{"embeddable":true,"href":"https:\/\/snus-malmo.se\/sv\/wp-json\/wp\/v2\/comments?post=54079"}],"version-history":[{"count":0,"href":"https:\/\/snus-malmo.se\/sv\/wp-json\/wp\/v2\/product\/54079\/revisions"}],"wp:featuredmedia":[{"embeddable":true,"href":"https:\/\/snus-malmo.se\/sv\/wp-json\/wp\/v2\/media\/60362"}],"wp:attachment":[{"href":"https:\/\/snus-malmo.se\/sv\/wp-json\/wp\/v2\/media?parent=54079"}],"wp:term":[{"taxonomy":"product_brand","embeddable":true,"href":"https:\/\/snus-malmo.se\/sv\/wp-json\/wp\/v2\/product_brand?post=54079"},{"taxonomy":"product_cat","embeddable":true,"href":"https:\/\/snus-malmo.se\/sv\/wp-json\/wp\/v2\/product_cat?post=54079"},{"taxonomy":"product_tag","embeddable":true,"href":"https:\/\/snus-malmo.se\/sv\/wp-json\/wp\/v2\/product_tag?post=54079"}],"curies":[{"name":"wp","href":"https:\/\/api.w.org\/{rel}","templated":true}]}}