{"id":54080,"date":"2025-05-23T16:57:49","date_gmt":"2025-05-23T16:57:49","guid":{"rendered":"https:\/\/snus-malmo.se\/?post_type=product&#038;p=54080"},"modified":"2025-07-16T23:12:46","modified_gmt":"2025-07-16T23:12:46","slug":"white-fox-double-mint-slim-all-white-portion","status":"publish","type":"product","link":"https:\/\/snus-malmo.se\/sv\/produkt\/white-fox-double-mint-slim-all-white-portion\/","title":{"rendered":"White Fox Double Mint Slim All White Portion"},"content":{"rendered":"<article class=\"product-text\">White Fox Double mint \u00e4r det senaste inom all white fr\u00e5n Gajane. White Fox Double mint en helt vit portion utan tobak och med en f\u00e4rsk smak av mint-menthol.<\/article>\n<article class=\"product-text\">White Fox Double mint \u00e4r en all white med h\u00f6g nikotinhalt med extra mycket mintsmak. Portionerna levereras i slim-portioner och\u00a0Portions-fleece-p\u00e5sarna m\u00f6jligg\u00f6r en b\u00e4ttre release av nikotin och smak, j\u00e4mf\u00f6rt med traditionella portionsmaterialet.<\/p>\n<table class=\"product-specs\">\n<thead>\n<tr>\n<th>Fakta om produkten<\/th>\n<th class=\"text-right\"><\/th>\n<\/tr>\n<\/thead>\n<tbody>\n<tr>\n<td class=\"spec-key\">Varum\u00e4rke<\/td>\n<td class=\"spec-value text-right\">White Fox<\/td>\n<\/tr>\n<tr>\n<td class=\"spec-key\">Produkttyp<\/td>\n<td class=\"spec -value text-right\">all white portion<\/td>\n<\/tr>\n<tr>\n<td class=\"spec-key\">Nikotinstyrka<\/td>\n<td class=\"spec -value text-right\">Extra Stark<\/td>\n<\/tr>\n<tr>\n<td class=\"spec-key\">Nikotinhalt<\/td>\n<td class=\"spec -value text-right\">16 mg\/g<\/td>\n<\/tr>\n<tr>\n<td class=\"spec-key\">Smak<\/td>\n<td class=\"spec -value text-right\">mint<\/td>\n<\/tr>\n<tr>\n<td class=\"spec-key\">Inneh\u00e5ll\/f\u00f6rpackning<\/td>\n<td class=\"spec -value text-right\">15 g<\/td>\n<\/tr>\n<tr>\n<td class=\"spec-key\">Snustyp<\/td>\n<td class=\"spec -value text-right\">All White Portion<\/td>\n<\/tr>\n<tr>\n<td class=\"spec-key\">Format<\/td>\n<td class=\"spec -value text-right\">Slim<\/td>\n<\/tr>\n<tr>\n<td class=\"spec-key\">Producent<\/td>\n<td class=\"spec-value text-right\">GN Tobacco<\/td>\n<\/tr>\n<\/tbody>\n<\/table>\n<\/article>","protected":false},"excerpt":{"rendered":"<article class=\"product-text\">White Fox Double mint \u00e4r det senaste inom all white fr\u00e5n Gajane. White Fox Double mint en helt vit portion utan tobak och med en f\u00e4rsk smak av mint-menthol.<\/article>\n<article class=\"product-text\">White Fox Double mint \u00e4r en all white med h\u00f6g nikotinhalt med extra mycket mintsmak. Portionerna levereras i slim-portioner och\u00a0Portions-fleece-p\u00e5sarna m\u00f6jligg\u00f6r en b\u00e4ttre release av nikotin och smak, j\u00e4mf\u00f6rt med traditionella portionsmaterialet.<\/p>\n<\/article>","protected":false},"featured_media":18903,"comment_status":"open","ping_status":"closed","template":"","meta":[],"product_brand":[],"product_cat":[136],"product_tag":[],"class_list":{"0":"post-54080","1":"product","2":"type-product","3":"status-publish","4":"has-post-thumbnail","6":"product_cat-all-whites","8":"first","9":"instock","10":"taxable","11":"shipping-taxable","12":"purchasable","13":"product-type-variable"},"_links":{"self":[{"href":"https:\/\/snus-malmo.se\/sv\/wp-json\/wp\/v2\/product\/54080","targetHints":{"allow":["GET"]}}],"collection":[{"href":"https:\/\/snus-malmo.se\/sv\/wp-json\/wp\/v2\/product"}],"about":[{"href":"https:\/\/snus-malmo.se\/sv\/wp-json\/wp\/v2\/types\/product"}],"replies":[{"embeddable":true,"href":"https:\/\/snus-malmo.se\/sv\/wp-json\/wp\/v2\/comments?post=54080"}],"version-history":[{"count":0,"href":"https:\/\/snus-malmo.se\/sv\/wp-json\/wp\/v2\/product\/54080\/revisions"}],"wp:featuredmedia":[{"embeddable":true,"href":"https:\/\/snus-malmo.se\/sv\/wp-json\/wp\/v2\/media\/18903"}],"wp:attachment":[{"href":"https:\/\/snus-malmo.se\/sv\/wp-json\/wp\/v2\/media?parent=54080"}],"wp:term":[{"taxonomy":"product_brand","embeddable":true,"href":"https:\/\/snus-malmo.se\/sv\/wp-json\/wp\/v2\/product_brand?post=54080"},{"taxonomy":"product_cat","embeddable":true,"href":"https:\/\/snus-malmo.se\/sv\/wp-json\/wp\/v2\/product_cat?post=54080"},{"taxonomy":"product_tag","embeddable":true,"href":"https:\/\/snus-malmo.se\/sv\/wp-json\/wp\/v2\/product_tag?post=54080"}],"curies":[{"name":"wp","href":"https:\/\/api.w.org\/{rel}","templated":true}]}}