{"id":54088,"date":"2025-05-23T16:57:50","date_gmt":"2025-05-23T16:57:50","guid":{"rendered":"https:\/\/snus-malmo.se\/?post_type=product&#038;p=54088"},"modified":"2025-11-24T20:33:09","modified_gmt":"2025-11-24T20:33:09","slug":"velo-crispy-peppermint-mini","status":"publish","type":"product","link":"https:\/\/snus-malmo.se\/sv\/produkt\/velo-crispy-peppermint-mini\/","title":{"rendered":"VELO Crispy Peppermint Mini"},"content":{"rendered":"<h1><strong data-start=\"1821\" data-end=\"1852\">VELO Crispy Peppermint Mini<\/strong><\/h1>\n<h2 data-start=\"241\" data-end=\"315\">VELO Crispy Peppermint Mini \u2013 Klassisk pepparmint i diskret mini-format<\/h2>\n<p data-start=\"317\" data-end=\"640\"><strong data-start=\"317\" data-end=\"348\">VELO Crispy Peppermint Mini<\/strong> \u00e4r ett <strong data-start=\"356\" data-end=\"381\">tobaksfritt vitt snus<\/strong> med en <strong data-start=\"389\" data-end=\"428\">klar och krispig smak av pepparmint<\/strong>, perfekt f\u00f6r dig som s\u00f6ker en uppfriskande men diskret nikotinupplevelse. Med sitt <strong data-start=\"512\" data-end=\"527\">mini-format<\/strong> \u00e4r portionerna sm\u00e5, smidiga och n\u00e4stintill osynliga under l\u00e4ppen \u2013 idealiska f\u00f6r diskret anv\u00e4ndning under dagen.<\/p>\n<p data-start=\"642\" data-end=\"824\">Smaken \u00e4r <strong data-start=\"652\" data-end=\"677\">ren, kylig och fr\u00e4sch<\/strong>, med exakt r\u00e4tt m\u00e4ngd sting fr\u00e5n pepparminten. Produkten passar b\u00e5de nya och erfarna anv\u00e4ndare som vill ha n\u00e5got <strong data-start=\"791\" data-end=\"823\">mintigt, fr\u00e4scht och kompakt<\/strong>.<\/p>\n<hr data-start=\"826\" data-end=\"829\" \/>\n<h3 data-start=\"831\" data-end=\"878\">\u2714\ufe0f F\u00f6rdelar med VELO Crispy Peppermint Mini<\/h3>\n<ul data-start=\"880\" data-end=\"1113\">\n<li data-start=\"880\" data-end=\"923\">\n<p data-start=\"882\" data-end=\"923\"><strong data-start=\"882\" data-end=\"921\">Klassisk och krispig pepparmintsmak<\/strong><\/p>\n<\/li>\n<li data-start=\"924\" data-end=\"971\">\n<p data-start=\"926\" data-end=\"971\"><strong data-start=\"926\" data-end=\"969\">Mini-format \u2013 liten, smidig och diskret<\/strong><\/p>\n<\/li>\n<li data-start=\"972\" data-end=\"1013\">\n<p data-start=\"974\" data-end=\"1013\"><strong data-start=\"974\" data-end=\"1011\">Tobaksfritt vitt snus med nikotin<\/strong><\/p>\n<\/li>\n<li data-start=\"1014\" data-end=\"1066\">\n<p data-start=\"1016\" data-end=\"1066\"><strong data-start=\"1016\" data-end=\"1064\">Tillverkad av British American Tobacco (BAT)<\/strong><\/p>\n<\/li>\n<li data-start=\"1067\" data-end=\"1113\">\n<p data-start=\"1069\" data-end=\"1113\"><strong data-start=\"1069\" data-end=\"1113\">Passar b\u00e5de nyb\u00f6rjare och vana anv\u00e4ndare<\/strong><\/p>\n<\/li>\n<\/ul>\n<hr data-start=\"1115\" data-end=\"1118\" \/>\n<h3 data-start=\"1120\" data-end=\"1150\">\u2744\ufe0f Produktspecifikationer:<\/h3>\n<ul data-start=\"1152\" data-end=\"1388\">\n<li data-start=\"1152\" data-end=\"1196\">\n<p data-start=\"1154\" data-end=\"1196\"><strong data-start=\"1154\" data-end=\"1166\">Produkt:<\/strong> VELO Crispy Peppermint Mini<\/p>\n<\/li>\n<li data-start=\"1197\" data-end=\"1221\">\n<p data-start=\"1199\" data-end=\"1221\"><strong data-start=\"1199\" data-end=\"1208\">Smak:<\/strong> Pepparmint<\/p>\n<\/li>\n<li data-start=\"1222\" data-end=\"1258\">\n<p data-start=\"1224\" data-end=\"1258\"><strong data-start=\"1224\" data-end=\"1232\">Typ:<\/strong> Vitt snus (tobaksfritt)<\/p>\n<\/li>\n<li data-start=\"1259\" data-end=\"1279\">\n<p data-start=\"1261\" data-end=\"1279\"><strong data-start=\"1261\" data-end=\"1272\">Format:<\/strong> Mini<\/p>\n<\/li>\n<li data-start=\"1280\" data-end=\"1301\">\n<p data-start=\"1282\" data-end=\"1301\"><strong data-start=\"1282\" data-end=\"1293\">Styrka:<\/strong> Medel<\/p>\n<\/li>\n<li data-start=\"1302\" data-end=\"1338\">\n<p data-start=\"1304\" data-end=\"1338\"><strong data-start=\"1304\" data-end=\"1333\">Antal portioner per dosa:<\/strong> 20<\/p>\n<\/li>\n<li data-start=\"1339\" data-end=\"1388\">\n<p data-start=\"1341\" data-end=\"1388\"><strong data-start=\"1341\" data-end=\"1357\">Tillverkare:<\/strong> British American Tobacco (BAT)<\/p>\n<\/li>\n<\/ul>\n<hr data-start=\"1390\" data-end=\"1393\" \/>\n<h2 data-start=\"1395\" data-end=\"1445\">\ud83c\udf08 Utforska hela VELO-sortimentet hos Veloop.se<\/h2>\n<p data-start=\"1447\" data-end=\"1551\">Vi erbjuder hela VELO-familjen \u2013 fr\u00e5n svalkande mint till fruktiga favoriter och nikotinfria alternativ:<\/p>\n<ul data-start=\"1553\" data-end=\"3482\">\n<li data-start=\"1553\" data-end=\"1616\">\n<p data-start=\"1555\" data-end=\"1616\"><strong data-start=\"1555\" data-end=\"1581\">VELO Arctic Grapefruit<\/strong> \u2013 Frisk grapefrukt med kylig ton<\/p>\n<\/li>\n<li data-start=\"1617\" data-end=\"1672\">\n<p data-start=\"1619\" data-end=\"1672\"><strong data-start=\"1619\" data-end=\"1642\">VELO Blue Raspberry<\/strong> \u2013 S\u00f6t och syrlig bl\u00e5 hallon<\/p>\n<\/li>\n<li data-start=\"1673\" data-end=\"1723\">\n<p data-start=\"1675\" data-end=\"1723\"><strong data-start=\"1675\" data-end=\"1696\">VELO Blushy Berry<\/strong> \u2013 Mjuk smak av ljusa b\u00e4r<\/p>\n<\/li>\n<li data-start=\"1724\" data-end=\"1777\">\n<p data-start=\"1726\" data-end=\"1777\"><strong data-start=\"1726\" data-end=\"1747\">VELO Breezy Mango<\/strong> \u2013 L\u00e4tt och tropisk mangoton<\/p>\n<\/li>\n<li data-start=\"1778\" data-end=\"1837\">\n<p data-start=\"1780\" data-end=\"1837\"><strong data-start=\"1780\" data-end=\"1810\">VELO Bright Spearmint Mini<\/strong> \u2013 Mild och s\u00f6t spearmint<\/p>\n<\/li>\n<li data-start=\"1838\" data-end=\"1906\">\n<p data-start=\"1840\" data-end=\"1906\"><strong data-start=\"1840\" data-end=\"1871\">VELO Crispy Peppermint Mini<\/strong> \u2013 Stark pepparmint i mini-format<\/p>\n<\/li>\n<li data-start=\"1907\" data-end=\"1983\">\n<p data-start=\"1909\" data-end=\"1983\"><strong data-start=\"1909\" data-end=\"1940\">VELO Crispy Peppermint Slim<\/strong> \u2013 Klassisk pepparmint med kylande effekt<\/p>\n<\/li>\n<li data-start=\"1984\" data-end=\"2057\">\n<p data-start=\"1986\" data-end=\"2057\"><strong data-start=\"1986\" data-end=\"2017\">VELO Crispy Peppermint Zero<\/strong> \u2013 Tobaksfri och nikotinfri pepparmint<\/p>\n<\/li>\n<li data-start=\"2058\" data-end=\"2141\">\n<p data-start=\"2060\" data-end=\"2141\"><strong data-start=\"2060\" data-end=\"2096\">VELO Freezing Peppermint 10,9 MG<\/strong> \u2013 Isig och frisk pepparmint, medium styrka<\/p>\n<\/li>\n<li data-start=\"2142\" data-end=\"2214\">\n<p data-start=\"2144\" data-end=\"2214\"><strong data-start=\"2144\" data-end=\"2178\">VELO Freezing Peppermint 14 MG<\/strong> \u2013 Iskall pepparmint, stark styrka<\/p>\n<\/li>\n<li data-start=\"2215\" data-end=\"2284\">\n<p data-start=\"2217\" data-end=\"2284\"><strong data-start=\"2217\" data-end=\"2251\">VELO Freezing Peppermint 17 MG<\/strong> \u2013 Maxad kyla och nikotinstyrka<\/p>\n<\/li>\n<li data-start=\"2285\" data-end=\"2350\">\n<p data-start=\"2287\" data-end=\"2350\"><strong data-start=\"2287\" data-end=\"2311\">VELO Green Spearmint<\/strong> \u2013 Fr\u00e4sch spearmint med mjuk karakt\u00e4r<\/p>\n<\/li>\n<li data-start=\"2351\" data-end=\"2419\">\n<p data-start=\"2353\" data-end=\"2419\"><strong data-start=\"2353\" data-end=\"2379\">VELO Groovy Grape Mini<\/strong> \u2013 L\u00e4tt och s\u00f6t druvsmak i mini-format<\/p>\n<\/li>\n<li data-start=\"2420\" data-end=\"2472\">\n<p data-start=\"2422\" data-end=\"2472\"><strong data-start=\"2422\" data-end=\"2442\">VELO Icy Berries<\/strong> \u2013 B\u00e4rmix med kylande k\u00e4nsla<\/p>\n<\/li>\n<li data-start=\"2473\" data-end=\"2529\">\n<p data-start=\"2475\" data-end=\"2529\"><strong data-start=\"2475\" data-end=\"2494\">VELO Icy Cherry<\/strong> \u2013 S\u00f6t k\u00f6rsb\u00e4rssmak med sval mint<\/p>\n<\/li>\n<li data-start=\"2530\" data-end=\"2583\">\n<p data-start=\"2532\" data-end=\"2583\"><strong data-start=\"2532\" data-end=\"2551\">VELO Lime Flame<\/strong> \u2013 Syrlig lime med citrussting<\/p>\n<\/li>\n<li data-start=\"2584\" data-end=\"2642\">\n<p data-start=\"2586\" data-end=\"2642\"><strong data-start=\"2586\" data-end=\"2606\">VELO Mango Flame<\/strong> \u2013 Fruktig mango med kryddig hetta<\/p>\n<\/li>\n<li data-start=\"2643\" data-end=\"2701\">\n<p data-start=\"2645\" data-end=\"2701\"><strong data-start=\"2645\" data-end=\"2674\">VELO McLaren Sweet Papaya<\/strong> \u2013 Exotisk och s\u00f6t papaya<\/p>\n<\/li>\n<li data-start=\"2702\" data-end=\"2758\">\n<p data-start=\"2704\" data-end=\"2758\"><strong data-start=\"2704\" data-end=\"2725\">VELO Orange Spark<\/strong> \u2013 Frisk apelsin med citruskick<\/p>\n<\/li>\n<li data-start=\"2759\" data-end=\"2831\">\n<p data-start=\"2761\" data-end=\"2831\"><strong data-start=\"2761\" data-end=\"2786\">VELO Peppermint Storm<\/strong> \u2013 Intensiv pepparmint med kraftfull effekt<\/p>\n<\/li>\n<li data-start=\"2832\" data-end=\"2891\">\n<p data-start=\"2834\" data-end=\"2891\"><strong data-start=\"2834\" data-end=\"2859\">VELO Punchy Lime Mini<\/strong> \u2013 Skarp lime i kompakt format<\/p>\n<\/li>\n<li data-start=\"2892\" data-end=\"2959\">\n<p data-start=\"2894\" data-end=\"2959\"><strong data-start=\"2894\" data-end=\"2920\">VELO Purple Grape Mini<\/strong> \u2013 S\u00f6t och saftig druva i mini-format<\/p>\n<\/li>\n<li data-start=\"2960\" data-end=\"3030\">\n<p data-start=\"2962\" data-end=\"3030\"><strong data-start=\"2962\" data-end=\"2990\">VELO Purple Grape Strong<\/strong> \u2013 Djup druvsmak med stark nikotinkick<\/p>\n<\/li>\n<li data-start=\"3031\" data-end=\"3094\">\n<p data-start=\"3033\" data-end=\"3094\"><strong data-start=\"3033\" data-end=\"3057\">VELO Salty Liquorice<\/strong> \u2013 Saltlakrits med kraftig karakt\u00e4r<\/p>\n<\/li>\n<li data-start=\"3095\" data-end=\"3158\">\n<p data-start=\"3097\" data-end=\"3158\"><strong data-start=\"3097\" data-end=\"3127\">VELO Simply Spearmint Mini<\/strong> \u2013 Enkel och fr\u00e4sch spearmint<\/p>\n<\/li>\n<li data-start=\"3159\" data-end=\"3224\">\n<p data-start=\"3161\" data-end=\"3224\"><strong data-start=\"3161\" data-end=\"3184\">VELO Sour Lime Mini<\/strong> \u2013 Syrlig lime med tydlig citrusprofil<\/p>\n<\/li>\n<li data-start=\"3225\" data-end=\"3292\">\n<p data-start=\"3227\" data-end=\"3292\"><strong data-start=\"3227\" data-end=\"3256\">VELO Tropical Mango 14 MG<\/strong> \u2013 S\u00f6t mango med tropisk fyllighet<\/p>\n<\/li>\n<li data-start=\"3293\" data-end=\"3346\">\n<p data-start=\"3295\" data-end=\"3346\"><strong data-start=\"3295\" data-end=\"3323\">VELO Tropical Mango Zero<\/strong> \u2013 Mango utan nikotin<\/p>\n<\/li>\n<li data-start=\"3347\" data-end=\"3412\">\n<p data-start=\"3349\" data-end=\"3412\"><strong data-start=\"3349\" data-end=\"3380\">VELO Wintry Watermelon Mini<\/strong> \u2013 Vattenmelon med mintig kyla<\/p>\n<\/li>\n<li data-start=\"3413\" data-end=\"3482\">\n<p data-start=\"3415\" data-end=\"3482\"><strong data-start=\"3415\" data-end=\"3441\">VELO Zesty Elderflower<\/strong> \u2013 Blommig fl\u00e4der med frisk citrusnyans<\/p>\n<\/li>\n<\/ul>\n<hr data-start=\"3484\" data-end=\"3487\" \/>\n<h2 data-start=\"3489\" data-end=\"3544\">\ud83d\ude80 Best\u00e4ll VELO Crispy Peppermint Mini hos Veloop.se<\/h2>\n<p data-start=\"3546\" data-end=\"3691\">Letar du efter en <strong data-start=\"3564\" data-end=\"3602\">krispig mintsmak i ett mini-format<\/strong>? VELO Crispy Peppermint Mini \u00e4r ett perfekt val \u2013 liten men kraftfull och alltid fr\u00e4sch.<\/p>\n<p data-start=\"3693\" data-end=\"3803\">\ud83d\uded2 <strong data-start=\"3696\" data-end=\"3803\"><a class=\"\" href=\"https:\/\/snus-malmo.se\/sv\/produkt-kategori\/velo\/\" target=\"_new\" rel=\"noopener\" data-start=\"3698\" data-end=\"3801\">Klicka hem din favorit fr\u00e5n VELO idag \u2013 bara hos Veloop.se!<\/a><\/strong><\/p>\n<p>&nbsp;<\/p>","protected":false},"excerpt":{"rendered":"<h1><strong data-start=\"1821\" data-end=\"1852\">VELO Crispy Peppermint Mini<\/strong><\/h1>\n<h2>VELO Crispy Peppermint Mini \u2013 Pepparmint i mini-format | Veloop.se<\/h2>\n<p>VELO Crispy Peppermint Mini \u2013 tobaksfritt snus med krispig pepparmintsmak. Mini-format f\u00f6r diskret anv\u00e4ndning. K\u00f6p online hos Veloop.se!<\/p>\n<p>\ud83d\uded2 <strong data-start=\"3696\" data-end=\"3803\"><a class=\"\" href=\"https:\/\/snus-malmo.se\/sv\/produkt-kategori\/velo\/\" target=\"_new\" rel=\"noopener\" data-start=\"3698\" data-end=\"3801\">Klicka hem din favorit fr\u00e5n VELO idag \u2013 bara hos Veloop.se!<\/a><\/strong><\/p>","protected":false},"featured_media":60539,"comment_status":"open","ping_status":"closed","template":"","meta":[],"product_brand":[326],"product_cat":[136,137,255],"product_tag":[],"class_list":{"0":"post-54088","1":"product","2":"type-product","3":"status-publish","4":"has-post-thumbnail","6":"product_brand-velo","7":"product_cat-all-whites","8":"product_cat-slim","9":"product_cat-velo","11":"first","12":"instock","13":"taxable","14":"shipping-taxable","15":"purchasable","16":"product-type-variable"},"_links":{"self":[{"href":"https:\/\/snus-malmo.se\/sv\/wp-json\/wp\/v2\/product\/54088","targetHints":{"allow":["GET"]}}],"collection":[{"href":"https:\/\/snus-malmo.se\/sv\/wp-json\/wp\/v2\/product"}],"about":[{"href":"https:\/\/snus-malmo.se\/sv\/wp-json\/wp\/v2\/types\/product"}],"replies":[{"embeddable":true,"href":"https:\/\/snus-malmo.se\/sv\/wp-json\/wp\/v2\/comments?post=54088"}],"version-history":[{"count":0,"href":"https:\/\/snus-malmo.se\/sv\/wp-json\/wp\/v2\/product\/54088\/revisions"}],"wp:featuredmedia":[{"embeddable":true,"href":"https:\/\/snus-malmo.se\/sv\/wp-json\/wp\/v2\/media\/60539"}],"wp:attachment":[{"href":"https:\/\/snus-malmo.se\/sv\/wp-json\/wp\/v2\/media?parent=54088"}],"wp:term":[{"taxonomy":"product_brand","embeddable":true,"href":"https:\/\/snus-malmo.se\/sv\/wp-json\/wp\/v2\/product_brand?post=54088"},{"taxonomy":"product_cat","embeddable":true,"href":"https:\/\/snus-malmo.se\/sv\/wp-json\/wp\/v2\/product_cat?post=54088"},{"taxonomy":"product_tag","embeddable":true,"href":"https:\/\/snus-malmo.se\/sv\/wp-json\/wp\/v2\/product_tag?post=54088"}],"curies":[{"name":"wp","href":"https:\/\/api.w.org\/{rel}","templated":true}]}}